{"id":2673,"date":"2021-10-23T12:28:55","date_gmt":"2021-10-23T04:28:55","guid":{"rendered":"http:\/\/wingomarine.com\/?page_id=2673"},"modified":"2022-06-08T14:09:20","modified_gmt":"2022-06-08T06:09:20","slug":"privacy-notice","status":"publish","type":"page","link":"https:\/\/wingomarine.com\/de\/privacy-notice\/","title":{"rendered":"Hinweis zum Datenschutz"},"content":{"rendered":"<div data-elementor-type=\"wp-page\" data-elementor-id=\"2673\" class=\"elementor elementor-2673\">\n\t\t\t\t\t\t<section class=\"elementor-section elementor-top-section elementor-element elementor-element-5b64c5e0 elementor-section-boxed elementor-section-height-default elementor-section-height-default\" data-id=\"5b64c5e0\" data-element_type=\"section\">\n\t\t\t\t\t\t<div class=\"elementor-container elementor-column-gap-default\">\n\t\t\t\t\t<div class=\"elementor-column elementor-col-100 elementor-top-column elementor-element elementor-element-7f8bdb62\" data-id=\"7f8bdb62\" data-element_type=\"column\">\n\t\t\t<div class=\"elementor-widget-wrap elementor-element-populated\">\n\t\t\t\t\t\t<div class=\"elementor-element elementor-element-41e793f uael-dual-heading-align-left elementor-widget elementor-widget-uael-dual-color-heading\" data-id=\"41e793f\" data-element_type=\"widget\" data-widget_type=\"uael-dual-color-heading.default\">\n\t\t\t\t<div class=\"elementor-widget-container\">\n\t\t\t\t\t\t\t\t\t<div class=\"uael-module-content uael-dual-color-heading uael-heading-stack-none\">\n\t\t\t<h1>\n\t\t\t\t\t\t\t\t\t\t\t\t\t\t\t\t<span class=\"uael-before-heading\"><span class=\"elementor-inline-editing uael-dual-heading-text uael-first-text\" data-elementor-setting-key=\"before_heading_text\" data-elementor-inline-editing-toolbar=\"basic\">WINGO MARINE <\/span><\/span><span class=\"uael-adv-heading-stack\"><span class=\"elementor-inline-editing uael-dual-heading-text uael-highlight-text\" data-elementor-setting-key=\"second_heading_text\" data-elementor-inline-editing-toolbar=\"basic\">Hinweis zum Datenschutz<\/span><\/span>\t\t\t\t\t\t\t\t\t\t\t\t\t<\/h1>\n\t\t<\/div>\n\t\t\t\t\t\t<\/div>\n\t\t\t\t<\/div>\n\t\t\t\t<div class=\"elementor-element elementor-element-25c9f1ae elementor-widget elementor-widget-text-editor\" data-id=\"25c9f1ae\" data-element_type=\"widget\" data-widget_type=\"text-editor.default\">\n\t\t\t\t<div class=\"elementor-widget-container\">\n\t\t\t\t\t\t\t\t\t<p>Ihre Privatsph\u00e4re ist uns wichtig. WINGO MARINE respektiert Ihre Privatsph\u00e4re in Bezug auf alle Informationen, die wir \u00fcber unsere Website, http:\/\/wingomarine.com, und andere Websites, die wir besitzen und betreiben, von Ihnen sammeln.<\/p><p>Wir fragen nur dann nach pers\u00f6nlichen Daten, wenn wir sie wirklich ben\u00f6tigen, um Ihnen eine Dienstleistung zu erbringen. Wir sammeln sie auf faire und rechtm\u00e4\u00dfige Weise, mit Ihrem Wissen und Ihrer Zustimmung. Wir informieren Sie auch dar\u00fcber, warum wir sie sammeln und wie sie verwendet werden.<\/p><p>Wir speichern die gesammelten Daten nur so lange, wie es notwendig ist, um Ihnen den von Ihnen gew\u00fcnschten Service zu bieten. Die Daten, die wir speichern, sch\u00fctzen wir mit wirtschaftlich vertretbaren Mitteln, um Verlust und Diebstahl sowie unbefugten Zugriff, Offenlegung, Kopieren, Verwendung oder \u00c4nderung zu verhindern.<\/p><p>Wir geben keine pers\u00f6nlichen Daten an die \u00d6ffentlichkeit oder an Dritte weiter, es sei denn, wir sind gesetzlich dazu verpflichtet.<br \/>Unsere Website kann Links zu externen Websites enthalten, die nicht von uns betrieben werden. Bitte beachten Sie, dass wir keine Kontrolle \u00fcber den Inhalt und die Praktiken dieser Websites haben und keine Verantwortung oder Haftung f\u00fcr die jeweiligen Datenschutzrichtlinien \u00fcbernehmen k\u00f6nnen.<br \/>Es steht Ihnen frei, unsere Anfrage nach Ihren pers\u00f6nlichen Daten abzulehnen, mit dem Verst\u00e4ndnis, dass wir Ihnen einige der von Ihnen gew\u00fcnschten Dienstleistungen m\u00f6glicherweise nicht anbieten k\u00f6nnen.<\/p><p>Durch die weitere Nutzung unserer Website erkl\u00e4ren Sie sich mit unseren Praktiken zum Schutz der Privatsph\u00e4re und pers\u00f6nlicher Daten einverstanden. Wenn Sie Fragen dazu haben, wie wir mit Nutzerdaten und pers\u00f6nlichen Informationen umgehen, k\u00f6nnen Sie uns gerne kontaktieren.<\/p><p><span style=\"color: var( --e-global-color-5152d9f );\">Diese Politik ist ab dem 23. Oktober 2021 g\u00fcltig.<\/span><\/p>\t\t\t\t\t\t\t\t<\/div>\n\t\t\t\t<\/div>\n\t\t\t\t\t<\/div>\n\t\t<\/div>\n\t\t\t\t\t<\/div>\n\t\t<\/section>\n\t\t\t\t<\/div>","protected":false},"excerpt":{"rendered":"<p>WINGO MARINE Privacy Notice Your privacy is important to us. It is WINGO MARINE&#8217;s policy to respect your privacy regarding any information we may collect from you across our website, http:\/\/wingomarine.com, and other sites we own and operate. We only ask for personal information when we truly need it to provide a service to you. [&hellip;]<\/p>","protected":false},"author":1,"featured_media":0,"parent":0,"menu_order":0,"comment_status":"closed","ping_status":"closed","template":"","meta":{"footnotes":""},"yoast_head":"<!-- This site is optimized with the Yoast SEO plugin v23.5 - https:\/\/yoast.com\/wordpress\/plugins\/seo\/ -->\n<title>Any Problems Please Send US An Email - Wingo Marine<\/title>\n<meta name=\"description\" content=\"Any questions or needs for cooperation, please send us an email to qdsales@wingomarine.com directly. We will reply and solve it as soon as possible.\" \/>\n<meta name=\"robots\" content=\"index, follow, max-snippet:-1, max-image-preview:large, max-video-preview:-1\" \/>\n<link rel=\"canonical\" href=\"https:\/\/wingomarine.com\/de\/privacy-notice\/\" \/>\n<meta property=\"og:locale\" content=\"de_DE\" \/>\n<meta property=\"og:type\" content=\"article\" \/>\n<meta property=\"og:title\" content=\"Any Problems Please Send US An Email - Wingo Marine\" \/>\n<meta property=\"og:description\" content=\"Any questions or needs for cooperation, please send us an email to qdsales@wingomarine.com directly. We will reply and solve it as soon as possible.\" \/>\n<meta property=\"og:url\" content=\"https:\/\/wingomarine.com\/de\/privacy-notice\/\" \/>\n<meta property=\"og:site_name\" content=\"Wingo Marine\" \/>\n<meta property=\"article:modified_time\" content=\"2022-06-08T06:09:20+00:00\" \/>\n<meta name=\"twitter:card\" content=\"summary_large_image\" \/>\n<meta name=\"twitter:label1\" content=\"Gesch\u00e4tzte Lesezeit\" \/>\n\t<meta name=\"twitter:data1\" content=\"2\u00a0Minuten\" \/>\n<script type=\"application\/ld+json\" class=\"yoast-schema-graph\">{\"@context\":\"https:\/\/schema.org\",\"@graph\":[{\"@type\":\"WebPage\",\"@id\":\"https:\/\/wingomarine.com\/privacy-notice\/\",\"url\":\"https:\/\/wingomarine.com\/privacy-notice\/\",\"name\":\"Any Problems Please Send US An Email - Wingo Marine\",\"isPartOf\":{\"@id\":\"https:\/\/wingomarine.com\/#website\"},\"datePublished\":\"2021-10-23T04:28:55+00:00\",\"dateModified\":\"2022-06-08T06:09:20+00:00\",\"description\":\"Any questions or needs for cooperation, please send us an email to qdsales@wingomarine.com directly. We will reply and solve it as soon as possible.\",\"breadcrumb\":{\"@id\":\"https:\/\/wingomarine.com\/privacy-notice\/#breadcrumb\"},\"inLanguage\":\"de\",\"potentialAction\":[{\"@type\":\"ReadAction\",\"target\":[\"https:\/\/wingomarine.com\/privacy-notice\/\"]}]},{\"@type\":\"BreadcrumbList\",\"@id\":\"https:\/\/wingomarine.com\/privacy-notice\/#breadcrumb\",\"itemListElement\":[{\"@type\":\"ListItem\",\"position\":1,\"name\":\"Home\",\"item\":\"https:\/\/wingomarine.com\/\"},{\"@type\":\"ListItem\",\"position\":2,\"name\":\"Privacy Notice\"}]},{\"@type\":\"WebSite\",\"@id\":\"https:\/\/wingomarine.com\/#website\",\"url\":\"https:\/\/wingomarine.com\/\",\"name\":\"Wingo Marine\",\"description\":\"Chinese top manufacturer for marine fenders, since 1988. | Wingo Marine\",\"publisher\":{\"@id\":\"https:\/\/wingomarine.com\/#organization\"},\"potentialAction\":[{\"@type\":\"SearchAction\",\"target\":{\"@type\":\"EntryPoint\",\"urlTemplate\":\"https:\/\/wingomarine.com\/?s={search_term_string}\"},\"query-input\":{\"@type\":\"PropertyValueSpecification\",\"valueRequired\":true,\"valueName\":\"search_term_string\"}}],\"inLanguage\":\"de\"},{\"@type\":\"Organization\",\"@id\":\"https:\/\/wingomarine.com\/#organization\",\"name\":\"Qingdao Wingo Marine Co., Ltd\",\"url\":\"https:\/\/wingomarine.com\/\",\"logo\":{\"@type\":\"ImageObject\",\"inLanguage\":\"de\",\"@id\":\"https:\/\/wingomarine.com\/#\/schema\/logo\/image\/\",\"url\":\"http:\/\/wingomarine.com\/wp-content\/uploads\/2021\/10\/WINGO-MARINE-floating-yokohama-pneumatic-rubber-fenders-manufacturer.png\",\"contentUrl\":\"http:\/\/wingomarine.com\/wp-content\/uploads\/2021\/10\/WINGO-MARINE-floating-yokohama-pneumatic-rubber-fenders-manufacturer.png\",\"width\":336,\"height\":118,\"caption\":\"Qingdao Wingo Marine Co., Ltd\"},\"image\":{\"@id\":\"https:\/\/wingomarine.com\/#\/schema\/logo\/image\/\"}}]}<\/script>\n<!-- \/ Yoast SEO plugin. -->","yoast_head_json":{"title":"Any Problems Please Send US An Email - Wingo Marine","description":"Any questions or needs for cooperation, please send us an email to qdsales@wingomarine.com directly. We will reply and solve it as soon as possible.","robots":{"index":"index","follow":"follow","max-snippet":"max-snippet:-1","max-image-preview":"max-image-preview:large","max-video-preview":"max-video-preview:-1"},"canonical":"https:\/\/wingomarine.com\/de\/privacy-notice\/","og_locale":"de_DE","og_type":"article","og_title":"Any Problems Please Send US An Email - Wingo Marine","og_description":"Any questions or needs for cooperation, please send us an email to qdsales@wingomarine.com directly. We will reply and solve it as soon as possible.","og_url":"https:\/\/wingomarine.com\/de\/privacy-notice\/","og_site_name":"Wingo Marine","article_modified_time":"2022-06-08T06:09:20+00:00","twitter_card":"summary_large_image","twitter_misc":{"Gesch\u00e4tzte Lesezeit":"2\u00a0Minuten"},"schema":{"@context":"https:\/\/schema.org","@graph":[{"@type":"WebPage","@id":"https:\/\/wingomarine.com\/privacy-notice\/","url":"https:\/\/wingomarine.com\/privacy-notice\/","name":"Any Problems Please Send US An Email - Wingo Marine","isPartOf":{"@id":"https:\/\/wingomarine.com\/#website"},"datePublished":"2021-10-23T04:28:55+00:00","dateModified":"2022-06-08T06:09:20+00:00","description":"Any questions or needs for cooperation, please send us an email to qdsales@wingomarine.com directly. We will reply and solve it as soon as possible.","breadcrumb":{"@id":"https:\/\/wingomarine.com\/privacy-notice\/#breadcrumb"},"inLanguage":"de","potentialAction":[{"@type":"ReadAction","target":["https:\/\/wingomarine.com\/privacy-notice\/"]}]},{"@type":"BreadcrumbList","@id":"https:\/\/wingomarine.com\/privacy-notice\/#breadcrumb","itemListElement":[{"@type":"ListItem","position":1,"name":"Home","item":"https:\/\/wingomarine.com\/"},{"@type":"ListItem","position":2,"name":"Privacy Notice"}]},{"@type":"WebSite","@id":"https:\/\/wingomarine.com\/#website","url":"https:\/\/wingomarine.com\/","name":"Wingo Marine","description":"Chinese top manufacturer for marine fenders, since 1988. | Wingo Marine","publisher":{"@id":"https:\/\/wingomarine.com\/#organization"},"potentialAction":[{"@type":"SearchAction","target":{"@type":"EntryPoint","urlTemplate":"https:\/\/wingomarine.com\/?s={search_term_string}"},"query-input":{"@type":"PropertyValueSpecification","valueRequired":true,"valueName":"search_term_string"}}],"inLanguage":"de"},{"@type":"Organization","@id":"https:\/\/wingomarine.com\/#organization","name":"Qingdao Wingo Marine Co., Ltd","url":"https:\/\/wingomarine.com\/","logo":{"@type":"ImageObject","inLanguage":"de","@id":"https:\/\/wingomarine.com\/#\/schema\/logo\/image\/","url":"http:\/\/wingomarine.com\/wp-content\/uploads\/2021\/10\/WINGO-MARINE-floating-yokohama-pneumatic-rubber-fenders-manufacturer.png","contentUrl":"http:\/\/wingomarine.com\/wp-content\/uploads\/2021\/10\/WINGO-MARINE-floating-yokohama-pneumatic-rubber-fenders-manufacturer.png","width":336,"height":118,"caption":"Qingdao Wingo Marine Co., Ltd"},"image":{"@id":"https:\/\/wingomarine.com\/#\/schema\/logo\/image\/"}}]}},"_links":{"self":[{"href":"https:\/\/wingomarine.com\/de\/wp-json\/wp\/v2\/pages\/2673"}],"collection":[{"href":"https:\/\/wingomarine.com\/de\/wp-json\/wp\/v2\/pages"}],"about":[{"href":"https:\/\/wingomarine.com\/de\/wp-json\/wp\/v2\/types\/page"}],"author":[{"embeddable":true,"href":"https:\/\/wingomarine.com\/de\/wp-json\/wp\/v2\/users\/1"}],"replies":[{"embeddable":true,"href":"https:\/\/wingomarine.com\/de\/wp-json\/wp\/v2\/comments?post=2673"}],"version-history":[{"count":0,"href":"https:\/\/wingomarine.com\/de\/wp-json\/wp\/v2\/pages\/2673\/revisions"}],"wp:attachment":[{"href":"https:\/\/wingomarine.com\/de\/wp-json\/wp\/v2\/media?parent=2673"}],"curies":[{"name":"wp","href":"https:\/\/api.w.org\/{rel}","templated":true}]}}