{"id":2297,"date":"2021-10-08T14:27:30","date_gmt":"2021-10-08T06:27:30","guid":{"rendered":"http:\/\/wingomarine.com\/?post_type=product&#038;p=2297"},"modified":"2021-12-13T15:55:31","modified_gmt":"2021-12-13T07:55:31","slug":"subsea-buoyancy-modules","status":"publish","type":"product","link":"https:\/\/wingomarine.com\/de\/produkt\/subsea-buoyancy-modules\/","title":{"rendered":"Unterwasser-Auftriebsmodule"},"content":{"rendered":"<p><span class=\"src\" data-group=\"0-0\">Tiefsee Auftrieb Material s Glasperlen ist eine Art von festen Auftrieb Material, das verarbeitet werden kann, im Vergleich zu gew\u00f6hnlichen Produkten, das Material kann tief das ganze Meer (10000 Meter), durch Schneiden, Schleifen, Klebstoff Verarbeitungsmethoden, wie Form, um die verschiedenen Bed\u00fcrfnisse der Kunden zu erf\u00fcllen, <\/span><span class=\"src\" data-group=\"0-1\"> dieses Material kann im Meer von idealer Tiefe schwimmen, je nach Bedarf zu schwimmen Sensor Die Produkte mit Polyharnstoff gespr\u00fcht.<\/span><span class=\"src\" data-group=\"0-2\"> die die Verschlei\u00dffestigkeit, die Korrosionsbest\u00e4ndigkeit gegen\u00fcber Meerwasser und die biologische Haftung des Produkts wirksam erh\u00f6hen k\u00f6nnen.<\/span><\/p>\n<p>&nbsp;<\/p>\n<figure id=\"attachment_3652\" aria-describedby=\"caption-attachment-3652\" style=\"width: 350px\" class=\"wp-caption aligncenter\"><img fetchpriority=\"high\" decoding=\"async\" class=\"wp-image-3652 size-full\" src=\"http:\/\/wingomarine.com\/wp-content\/uploads\/2021\/10\/semi-sebmersible-drilling-system.jpg\" alt=\"Semi-Submersible Drilling System\" width=\"350\" height=\"263\" srcset=\"https:\/\/wingomarine.com\/wp-content\/uploads\/2021\/10\/semi-sebmersible-drilling-system.jpg 350w, https:\/\/wingomarine.com\/wp-content\/uploads\/2021\/10\/semi-sebmersible-drilling-system-300x225.jpg 300w\" sizes=\"(max-width: 350px) 100vw, 350px\" \/><figcaption id=\"caption-attachment-3652\" class=\"wp-caption-text\">Halbtaucher-Bohrsystem<\/figcaption><\/figure>\n<figure id=\"attachment_3650\" aria-describedby=\"caption-attachment-3650\" style=\"width: 350px\" class=\"wp-caption aligncenter\"><img decoding=\"async\" class=\"wp-image-3650 size-full\" src=\"http:\/\/wingomarine.com\/wp-content\/uploads\/2021\/10\/Marine-Survey-Monitoring-System.jpg\" alt=\"Marine Survey Monitoring System\" width=\"350\" height=\"250\" srcset=\"https:\/\/wingomarine.com\/wp-content\/uploads\/2021\/10\/Marine-Survey-Monitoring-System.jpg 350w, https:\/\/wingomarine.com\/wp-content\/uploads\/2021\/10\/Marine-Survey-Monitoring-System-300x214.jpg 300w\" sizes=\"(max-width: 350px) 100vw, 350px\" \/><figcaption id=\"caption-attachment-3650\" class=\"wp-caption-text\">\u00dcberwachungssystem f\u00fcr die Meeres\u00fcberwachung<\/figcaption><\/figure>\n<figure id=\"attachment_3651\" aria-describedby=\"caption-attachment-3651\" style=\"width: 350px\" class=\"wp-caption aligncenter\"><img decoding=\"async\" class=\"wp-image-3651 size-full\" src=\"http:\/\/wingomarine.com\/wp-content\/uploads\/2021\/10\/offshore-oil-system.jpg\" alt=\"Offshore Oil System\" width=\"350\" height=\"250\" srcset=\"https:\/\/wingomarine.com\/wp-content\/uploads\/2021\/10\/offshore-oil-system.jpg 350w, https:\/\/wingomarine.com\/wp-content\/uploads\/2021\/10\/offshore-oil-system-300x214.jpg 300w\" sizes=\"(max-width: 350px) 100vw, 350px\" \/><figcaption id=\"caption-attachment-3651\" class=\"wp-caption-text\">Offshore-\u00d6l-System<\/figcaption><\/figure>\n<figure id=\"attachment_3649\" aria-describedby=\"caption-attachment-3649\" style=\"width: 500px\" class=\"wp-caption aligncenter\"><img loading=\"lazy\" decoding=\"async\" class=\"wp-image-3649\" src=\"http:\/\/wingomarine.com\/wp-content\/uploads\/2021\/10\/underwater-robots-300x120.jpg\" alt=\"Underwater Robots\" width=\"500\" height=\"200\" srcset=\"https:\/\/wingomarine.com\/wp-content\/uploads\/2021\/10\/underwater-robots-300x120.jpg 300w, https:\/\/wingomarine.com\/wp-content\/uploads\/2021\/10\/underwater-robots-768x308.jpg 768w, https:\/\/wingomarine.com\/wp-content\/uploads\/2021\/10\/underwater-robots-600x240.jpg 600w, https:\/\/wingomarine.com\/wp-content\/uploads\/2021\/10\/underwater-robots.jpg 1019w\" sizes=\"(max-width: 500px) 100vw, 500px\" \/><figcaption id=\"caption-attachment-3649\" class=\"wp-caption-text\">Unterwasser-Roboter<\/figcaption><\/figure>\n<p><strong>Vorteile:<\/strong><\/p>\n<ul>\n<li>Es besteht aus einem leichten Verbundwerkstoff mit geringer Dichte und hoher Festigkeit. Es zeichnet sich durch eine geringe Dichte, hervorragende mechanische Eigenschaften, geringe Wasseraufnahme und Stabilit\u00e4t aus usw.<\/li>\n<li>Dichtebereich 0,35 ~ 0,70g\/cm\u00b3.<\/li>\n<li>Gute Witterungs- und Seewasserbest\u00e4ndigkeit.<\/li>\n<\/ul>\n<p>Seit seiner Entwicklung wurde das Produkt in folgenden Bereichen eingesetzt <strong>Unterwasserroboter, Tiefsee-Tauchboote, Unterwasser-Bergbaumaschinen, Rettungskapseln, (schwimmende) Markierungssysteme f\u00fcr den Ozean, schwimmende U-Boot-Ausl\u00f6sekugeln,<\/strong>\u00a0und so weiter.<\/p>\n<p>&nbsp;<\/p>\n<h2 id=\"tablepress-8-name\" class=\"tablepress-table-name tablepress-table-name-id-8\">Parameter der Tiefseeboje<\/h2>\n\n<table id=\"tablepress-8\" class=\"tablepress tablepress-id-8\" aria-labelledby=\"tablepress-8-name\">\n<thead>\n<tr class=\"row-1 odd\">\n\t<th class=\"column-1\">Artikel<\/th><th class=\"column-2\">Modell<\/th><th class=\"column-3\">Dichte (g\/cm3)<\/th><th class=\"column-4\">Einachsige Druckfestigkeit (MPa)<\/th><th class=\"column-5\">Wasserabsorption (in 24 Stunden)<\/th><th class=\"column-6\">Tiefe (m)<\/th>\n<\/tr>\n<\/thead>\n<tbody class=\"row-hover\">\n<tr class=\"row-2 even\">\n\t<td rowspan=\"5\" class=\"column-1\">Standardleistung<\/td><td class=\"column-2\">LHDS-035<\/td><td class=\"column-3\">0.35 \u00b1 0.02<\/td><td class=\"column-4\">\u2265 8<\/td><td class=\"column-5\">\u2264 3%<\/td><td class=\"column-6\">100<\/td>\n<\/tr>\n<tr class=\"row-3 odd\">\n\t<td class=\"column-2\">LHDS-042<\/td><td class=\"column-3\">0.42 \u00b1 0.02<\/td><td class=\"column-4\">\u2265 15<\/td><td class=\"column-5\">\u2264 3%<\/td><td class=\"column-6\">600<\/td>\n<\/tr>\n<tr class=\"row-4 even\">\n\t<td class=\"column-2\">LHDS-045<\/td><td class=\"column-3\">0.45 \u00b1 0.02<\/td><td class=\"column-4\">\u2265 20<\/td><td class=\"column-5\">\u2264 3%<\/td><td class=\"column-6\">1000<\/td>\n<\/tr>\n<tr class=\"row-5 odd\">\n\t<td class=\"column-2\">LHDS-048<\/td><td class=\"column-3\">0.48 \u00b1 0.02<\/td><td class=\"column-4\">\u2265 25<\/td><td class=\"column-5\">\u2264 3%<\/td><td class=\"column-6\">2000<\/td>\n<\/tr>\n<tr class=\"row-6 even\">\n\t<td class=\"column-2\">LHDS-053<\/td><td class=\"column-3\">0.53 \u00b1 0.02<\/td><td class=\"column-4\">\u2265 45<\/td><td class=\"column-5\">\u2264 3%<\/td><td class=\"column-6\">4500<\/td>\n<\/tr>\n<tr class=\"row-7 odd\">\n\t<td rowspan=\"7\" class=\"column-1\">Hohe Leistung<\/td><td class=\"column-2\">LHDS-H038<\/td><td class=\"column-3\">0.38 \u00b1 0.02<\/td><td class=\"column-4\">\u2265 15<\/td><td class=\"column-5\">\u2264 3%<\/td><td class=\"column-6\">1000<\/td>\n<\/tr>\n<tr class=\"row-8 even\">\n\t<td class=\"column-2\">LHDS-H042<\/td><td class=\"column-3\">0.42 \u00b1 0.02<\/td><td class=\"column-4\">\u2265 20<\/td><td class=\"column-5\">\u2264 3%<\/td><td class=\"column-6\">2000<\/td>\n<\/tr>\n<tr class=\"row-9 odd\">\n\t<td class=\"column-2\">LHDS-H046<\/td><td class=\"column-3\">0.46 \u00b1 0.02<\/td><td class=\"column-4\">\u2265 33<\/td><td class=\"column-5\">\u2264 3%<\/td><td class=\"column-6\">3500<\/td>\n<\/tr>\n<tr class=\"row-10 even\">\n\t<td class=\"column-2\">LHDS-H050<\/td><td class=\"column-3\">0.50 \u00b1 0.02<\/td><td class=\"column-4\">\u2265 45<\/td><td class=\"column-5\">\u2264 3%<\/td><td class=\"column-6\">4500<\/td>\n<\/tr>\n<tr class=\"row-11 odd\">\n\t<td class=\"column-2\">LHDS-H055<\/td><td class=\"column-3\">0.55 \u00b1 0.02<\/td><td class=\"column-4\">\u2265 55<\/td><td class=\"column-5\">\u2264 3%<\/td><td class=\"column-6\">6000<\/td>\n<\/tr>\n<tr class=\"row-12 even\">\n\t<td class=\"column-2\">LHDS-H056<\/td><td class=\"column-3\">0.56 \u00b1 0.02<\/td><td class=\"column-4\">\u2265 65<\/td><td class=\"column-5\">\u2264 3%<\/td><td class=\"column-6\">7000<\/td>\n<\/tr>\n<tr class=\"row-13 odd\">\n\t<td class=\"column-2\">LHDS-H070<\/td><td class=\"column-3\">0.70 \u00b1 0.02<\/td><td class=\"column-4\">\u2265 90<\/td><td class=\"column-5\">\u2264 3%<\/td><td class=\"column-6\">VOLLST\u00c4NDIGE TIEFE<\/td>\n<\/tr>\n<\/tbody>\n<\/table>\n\n<p><strong>Bitte z\u00f6gern Sie nicht, uns eine Nachricht zukommen zu lassen, wenn Sie Fragen oder W\u00fcnsche haben.<\/strong><\/p>","protected":false},"excerpt":{"rendered":"<p>Tiefsee-Auftriebsmaterial s Glasperlen, ist eine Art von festen Auftrieb Material, das verarbeitet werden kann, im Vergleich zu gew\u00f6hnlichen Produkten, das Material kann tief das ganze Meer (10000 Meter), durch Schneiden, Schleifen, Klebstoff Verarbeitungsmethoden, wie Form, um die verschiedenen Bed\u00fcrfnisse der Kunden zu erf\u00fcllen, kann dieses Material im Meer von idealer Tiefe schwimmen, nach Bedarf zu schwimmen Sensor Das Produkt ist mit Polyharnstoff gespr\u00fcht. die effektiv erh\u00f6hen die starke Verschlei\u00dffestigkeit, Meerwasser Korrosionsbest\u00e4ndigkeit und biologische Haftung des Produkts kann.<\/p>","protected":false},"featured_media":2306,"comment_status":"open","ping_status":"closed","template":"","meta":[],"product_cat":[20],"product_tag":[],"yoast_head":"<!-- This site is optimized with the Yoast SEO plugin v23.5 - https:\/\/yoast.com\/wordpress\/plugins\/seo\/ -->\n<title>Subsea Buoyancy Modules | Deep Sea Buoy Supplier &amp; Manufacturer - Wingo Marine<\/title>\n<meta name=\"description\" content=\"Wingo Marine is a subsea buoyancy modules supplier and manufacturer in China. The modules are widely used in deep-sea scientific investigation, marine equipment manufacturing. Can be customized in a variety of colors and shapes. Fell free to contact us for a quick quote or more information.\" \/>\n<meta name=\"robots\" content=\"index, follow, max-snippet:-1, max-image-preview:large, max-video-preview:-1\" \/>\n<link rel=\"canonical\" href=\"https:\/\/wingomarine.com\/de\/produkt\/subsea-buoyancy-modules\/\" \/>\n<meta property=\"og:locale\" content=\"de_DE\" \/>\n<meta property=\"og:type\" content=\"article\" \/>\n<meta property=\"og:title\" content=\"Subsea Buoyancy Modules | Deep Sea Buoy Supplier &amp; Manufacturer - Wingo Marine\" \/>\n<meta property=\"og:description\" content=\"Wingo Marine is a subsea buoyancy modules supplier and manufacturer in China. The modules are widely used in deep-sea scientific investigation, marine equipment manufacturing. Can be customized in a variety of colors and shapes. Fell free to contact us for a quick quote or more information.\" \/>\n<meta property=\"og:url\" content=\"https:\/\/wingomarine.com\/de\/produkt\/subsea-buoyancy-modules\/\" \/>\n<meta property=\"og:site_name\" content=\"Wingo Marine\" \/>\n<meta property=\"article:modified_time\" content=\"2021-12-13T07:55:31+00:00\" \/>\n<meta property=\"og:image\" content=\"https:\/\/wingomarine.com\/wp-content\/uploads\/2021\/10\/Deep-sea-buoy-seep-water-buoy-supplier-1.png\" \/>\n\t<meta property=\"og:image:width\" content=\"600\" \/>\n\t<meta property=\"og:image:height\" content=\"600\" \/>\n\t<meta property=\"og:image:type\" content=\"image\/png\" \/>\n<meta name=\"twitter:card\" content=\"summary_large_image\" \/>\n<meta name=\"twitter:label1\" content=\"Gesch\u00e4tzte Lesezeit\" \/>\n\t<meta name=\"twitter:data1\" content=\"2\u00a0Minuten\" \/>\n<script type=\"application\/ld+json\" class=\"yoast-schema-graph\">{\"@context\":\"https:\/\/schema.org\",\"@graph\":[{\"@type\":\"WebPage\",\"@id\":\"https:\/\/wingomarine.com\/product\/subsea-buoyancy-modules\/\",\"url\":\"https:\/\/wingomarine.com\/product\/subsea-buoyancy-modules\/\",\"name\":\"Subsea Buoyancy Modules | Deep Sea Buoy Supplier & Manufacturer - Wingo Marine\",\"isPartOf\":{\"@id\":\"https:\/\/wingomarine.com\/#website\"},\"primaryImageOfPage\":{\"@id\":\"https:\/\/wingomarine.com\/product\/subsea-buoyancy-modules\/#primaryimage\"},\"image\":{\"@id\":\"https:\/\/wingomarine.com\/product\/subsea-buoyancy-modules\/#primaryimage\"},\"thumbnailUrl\":\"https:\/\/wingomarine.com\/wp-content\/uploads\/2021\/10\/Deep-sea-buoy-seep-water-buoy-supplier-1.png\",\"datePublished\":\"2021-10-08T06:27:30+00:00\",\"dateModified\":\"2021-12-13T07:55:31+00:00\",\"description\":\"Wingo Marine is a subsea buoyancy modules supplier and manufacturer in China. The modules are widely used in deep-sea scientific investigation, marine equipment manufacturing. Can be customized in a variety of colors and shapes. Fell free to contact us for a quick quote or more information.\",\"breadcrumb\":{\"@id\":\"https:\/\/wingomarine.com\/product\/subsea-buoyancy-modules\/#breadcrumb\"},\"inLanguage\":\"de\",\"potentialAction\":[{\"@type\":\"ReadAction\",\"target\":[\"https:\/\/wingomarine.com\/product\/subsea-buoyancy-modules\/\"]}]},{\"@type\":\"ImageObject\",\"inLanguage\":\"de\",\"@id\":\"https:\/\/wingomarine.com\/product\/subsea-buoyancy-modules\/#primaryimage\",\"url\":\"https:\/\/wingomarine.com\/wp-content\/uploads\/2021\/10\/Deep-sea-buoy-seep-water-buoy-supplier-1.png\",\"contentUrl\":\"https:\/\/wingomarine.com\/wp-content\/uploads\/2021\/10\/Deep-sea-buoy-seep-water-buoy-supplier-1.png\",\"width\":600,\"height\":600,\"caption\":\"Deep Sea Buoy\"},{\"@type\":\"BreadcrumbList\",\"@id\":\"https:\/\/wingomarine.com\/product\/subsea-buoyancy-modules\/#breadcrumb\",\"itemListElement\":[{\"@type\":\"ListItem\",\"position\":1,\"name\":\"Home\",\"item\":\"https:\/\/wingomarine.com\/\"},{\"@type\":\"ListItem\",\"position\":2,\"name\":\"Products\",\"item\":\"https:\/\/wingomarine.com\/products\/\"},{\"@type\":\"ListItem\",\"position\":3,\"name\":\"Subsea Buoyancy Modules\"}]},{\"@type\":\"WebSite\",\"@id\":\"https:\/\/wingomarine.com\/#website\",\"url\":\"https:\/\/wingomarine.com\/\",\"name\":\"Wingo Marine\",\"description\":\"Chinese top manufacturer for marine fenders, since 1988. | Wingo Marine\",\"publisher\":{\"@id\":\"https:\/\/wingomarine.com\/#organization\"},\"potentialAction\":[{\"@type\":\"SearchAction\",\"target\":{\"@type\":\"EntryPoint\",\"urlTemplate\":\"https:\/\/wingomarine.com\/?s={search_term_string}\"},\"query-input\":{\"@type\":\"PropertyValueSpecification\",\"valueRequired\":true,\"valueName\":\"search_term_string\"}}],\"inLanguage\":\"de\"},{\"@type\":\"Organization\",\"@id\":\"https:\/\/wingomarine.com\/#organization\",\"name\":\"Qingdao Wingo Marine Co., Ltd\",\"url\":\"https:\/\/wingomarine.com\/\",\"logo\":{\"@type\":\"ImageObject\",\"inLanguage\":\"de\",\"@id\":\"https:\/\/wingomarine.com\/#\/schema\/logo\/image\/\",\"url\":\"http:\/\/wingomarine.com\/wp-content\/uploads\/2021\/10\/WINGO-MARINE-floating-yokohama-pneumatic-rubber-fenders-manufacturer.png\",\"contentUrl\":\"http:\/\/wingomarine.com\/wp-content\/uploads\/2021\/10\/WINGO-MARINE-floating-yokohama-pneumatic-rubber-fenders-manufacturer.png\",\"width\":336,\"height\":118,\"caption\":\"Qingdao Wingo Marine Co., Ltd\"},\"image\":{\"@id\":\"https:\/\/wingomarine.com\/#\/schema\/logo\/image\/\"}}]}<\/script>\n<!-- \/ Yoast SEO plugin. -->","yoast_head_json":{"title":"Subsea Buoyancy Modules | Deep Sea Buoy Supplier & Manufacturer - Wingo Marine","description":"Wingo Marine is a subsea buoyancy modules supplier and manufacturer in China. The modules are widely used in deep-sea scientific investigation, marine equipment manufacturing. Can be customized in a variety of colors and shapes. Fell free to contact us for a quick quote or more information.","robots":{"index":"index","follow":"follow","max-snippet":"max-snippet:-1","max-image-preview":"max-image-preview:large","max-video-preview":"max-video-preview:-1"},"canonical":"https:\/\/wingomarine.com\/de\/produkt\/subsea-buoyancy-modules\/","og_locale":"de_DE","og_type":"article","og_title":"Subsea Buoyancy Modules | Deep Sea Buoy Supplier & Manufacturer - Wingo Marine","og_description":"Wingo Marine is a subsea buoyancy modules supplier and manufacturer in China. The modules are widely used in deep-sea scientific investigation, marine equipment manufacturing. Can be customized in a variety of colors and shapes. Fell free to contact us for a quick quote or more information.","og_url":"https:\/\/wingomarine.com\/de\/produkt\/subsea-buoyancy-modules\/","og_site_name":"Wingo Marine","article_modified_time":"2021-12-13T07:55:31+00:00","og_image":[{"width":600,"height":600,"url":"https:\/\/wingomarine.com\/wp-content\/uploads\/2021\/10\/Deep-sea-buoy-seep-water-buoy-supplier-1.png","type":"image\/png"}],"twitter_card":"summary_large_image","twitter_misc":{"Gesch\u00e4tzte Lesezeit":"2\u00a0Minuten"},"schema":{"@context":"https:\/\/schema.org","@graph":[{"@type":"WebPage","@id":"https:\/\/wingomarine.com\/product\/subsea-buoyancy-modules\/","url":"https:\/\/wingomarine.com\/product\/subsea-buoyancy-modules\/","name":"Subsea Buoyancy Modules | Deep Sea Buoy Supplier & Manufacturer - Wingo Marine","isPartOf":{"@id":"https:\/\/wingomarine.com\/#website"},"primaryImageOfPage":{"@id":"https:\/\/wingomarine.com\/product\/subsea-buoyancy-modules\/#primaryimage"},"image":{"@id":"https:\/\/wingomarine.com\/product\/subsea-buoyancy-modules\/#primaryimage"},"thumbnailUrl":"https:\/\/wingomarine.com\/wp-content\/uploads\/2021\/10\/Deep-sea-buoy-seep-water-buoy-supplier-1.png","datePublished":"2021-10-08T06:27:30+00:00","dateModified":"2021-12-13T07:55:31+00:00","description":"Wingo Marine is a subsea buoyancy modules supplier and manufacturer in China. The modules are widely used in deep-sea scientific investigation, marine equipment manufacturing. Can be customized in a variety of colors and shapes. Fell free to contact us for a quick quote or more information.","breadcrumb":{"@id":"https:\/\/wingomarine.com\/product\/subsea-buoyancy-modules\/#breadcrumb"},"inLanguage":"de","potentialAction":[{"@type":"ReadAction","target":["https:\/\/wingomarine.com\/product\/subsea-buoyancy-modules\/"]}]},{"@type":"ImageObject","inLanguage":"de","@id":"https:\/\/wingomarine.com\/product\/subsea-buoyancy-modules\/#primaryimage","url":"https:\/\/wingomarine.com\/wp-content\/uploads\/2021\/10\/Deep-sea-buoy-seep-water-buoy-supplier-1.png","contentUrl":"https:\/\/wingomarine.com\/wp-content\/uploads\/2021\/10\/Deep-sea-buoy-seep-water-buoy-supplier-1.png","width":600,"height":600,"caption":"Deep Sea Buoy"},{"@type":"BreadcrumbList","@id":"https:\/\/wingomarine.com\/product\/subsea-buoyancy-modules\/#breadcrumb","itemListElement":[{"@type":"ListItem","position":1,"name":"Home","item":"https:\/\/wingomarine.com\/"},{"@type":"ListItem","position":2,"name":"Products","item":"https:\/\/wingomarine.com\/products\/"},{"@type":"ListItem","position":3,"name":"Subsea Buoyancy Modules"}]},{"@type":"WebSite","@id":"https:\/\/wingomarine.com\/#website","url":"https:\/\/wingomarine.com\/","name":"Wingo Marine","description":"Chinese top manufacturer for marine fenders, since 1988. | Wingo Marine","publisher":{"@id":"https:\/\/wingomarine.com\/#organization"},"potentialAction":[{"@type":"SearchAction","target":{"@type":"EntryPoint","urlTemplate":"https:\/\/wingomarine.com\/?s={search_term_string}"},"query-input":{"@type":"PropertyValueSpecification","valueRequired":true,"valueName":"search_term_string"}}],"inLanguage":"de"},{"@type":"Organization","@id":"https:\/\/wingomarine.com\/#organization","name":"Qingdao Wingo Marine Co., Ltd","url":"https:\/\/wingomarine.com\/","logo":{"@type":"ImageObject","inLanguage":"de","@id":"https:\/\/wingomarine.com\/#\/schema\/logo\/image\/","url":"http:\/\/wingomarine.com\/wp-content\/uploads\/2021\/10\/WINGO-MARINE-floating-yokohama-pneumatic-rubber-fenders-manufacturer.png","contentUrl":"http:\/\/wingomarine.com\/wp-content\/uploads\/2021\/10\/WINGO-MARINE-floating-yokohama-pneumatic-rubber-fenders-manufacturer.png","width":336,"height":118,"caption":"Qingdao Wingo Marine Co., Ltd"},"image":{"@id":"https:\/\/wingomarine.com\/#\/schema\/logo\/image\/"}}]}},"_links":{"self":[{"href":"https:\/\/wingomarine.com\/de\/wp-json\/wp\/v2\/product\/2297"}],"collection":[{"href":"https:\/\/wingomarine.com\/de\/wp-json\/wp\/v2\/product"}],"about":[{"href":"https:\/\/wingomarine.com\/de\/wp-json\/wp\/v2\/types\/product"}],"replies":[{"embeddable":true,"href":"https:\/\/wingomarine.com\/de\/wp-json\/wp\/v2\/comments?post=2297"}],"wp:featuredmedia":[{"embeddable":true,"href":"https:\/\/wingomarine.com\/de\/wp-json\/wp\/v2\/media\/2306"}],"wp:attachment":[{"href":"https:\/\/wingomarine.com\/de\/wp-json\/wp\/v2\/media?parent=2297"}],"wp:term":[{"taxonomy":"product_cat","embeddable":true,"href":"https:\/\/wingomarine.com\/de\/wp-json\/wp\/v2\/product_cat?post=2297"},{"taxonomy":"product_tag","embeddable":true,"href":"https:\/\/wingomarine.com\/de\/wp-json\/wp\/v2\/product_tag?post=2297"}],"curies":[{"name":"wp","href":"https:\/\/api.w.org\/{rel}","templated":true}]}}