{"id":2341,"date":"2021-10-11T12:34:54","date_gmt":"2021-10-11T04:34:54","guid":{"rendered":"http:\/\/wingomarine.com\/?post_type=product&#038;p=2341"},"modified":"2022-03-27T19:23:04","modified_gmt":"2022-03-27T11:23:04","slug":"rubber-fenders","status":"publish","type":"product","link":"https:\/\/wingomarine.com\/de\/produkt\/rubber-fenders\/","title":{"rendered":"Gummifender"},"content":{"rendered":"<h3>Beschreibung:<\/h3>\n<p>Gummifender sind besonders n\u00fctzlich f\u00fcr Schiffe mit hohem zul\u00e4ssigem Rumpfdruck und f\u00fcr Orte, an denen der Einbauraum begrenzt ist. Es wird eine Vielzahl von Gr\u00f6\u00dfen und L\u00e4ngen angeboten.<\/p>\n<p>Unsere Produkte umfassen <strong>Zylindrische Fender, Super-Bogen-Fender, Super-Kegel-Fender, Super-Zellen-Fender, Eck-Fender, D-Fender, GD-Fender, Leiter-Fender, ME-Fender, Rollen-Fender, Vierkant-Fender, \u03a0-Fender, Schlepper-Fender, W-Fender, etc.<\/strong><\/p>\n<h2><img fetchpriority=\"high\" decoding=\"async\" class=\"aligncenter wp-image-4714 size-full\" src=\"http:\/\/wingomarine.com\/wp-content\/uploads\/2021\/10\/Ladder-ME-Roller-Square-Type-Rubber-Fenders-System.jpg\" alt=\"\" width=\"1356\" height=\"400\" srcset=\"https:\/\/wingomarine.com\/wp-content\/uploads\/2021\/10\/Ladder-ME-Roller-Square-Type-Rubber-Fenders-System.jpg 1356w, https:\/\/wingomarine.com\/wp-content\/uploads\/2021\/10\/Ladder-ME-Roller-Square-Type-Rubber-Fenders-System-300x88.jpg 300w, https:\/\/wingomarine.com\/wp-content\/uploads\/2021\/10\/Ladder-ME-Roller-Square-Type-Rubber-Fenders-System-1024x302.jpg 1024w, https:\/\/wingomarine.com\/wp-content\/uploads\/2021\/10\/Ladder-ME-Roller-Square-Type-Rubber-Fenders-System-768x227.jpg 768w, https:\/\/wingomarine.com\/wp-content\/uploads\/2021\/10\/Ladder-ME-Roller-Square-Type-Rubber-Fenders-System-600x177.jpg 600w\" sizes=\"(max-width: 1356px) 100vw, 1356px\" \/> <img decoding=\"async\" class=\"aligncenter wp-image-4715 size-full\" src=\"http:\/\/wingomarine.com\/wp-content\/uploads\/2021\/10\/Super-Arch-Cell-Cone-Type-Rubber-Fenders-System.jpg\" alt=\"\" width=\"1356\" height=\"400\" srcset=\"https:\/\/wingomarine.com\/wp-content\/uploads\/2021\/10\/Super-Arch-Cell-Cone-Type-Rubber-Fenders-System.jpg 1356w, https:\/\/wingomarine.com\/wp-content\/uploads\/2021\/10\/Super-Arch-Cell-Cone-Type-Rubber-Fenders-System-300x88.jpg 300w, https:\/\/wingomarine.com\/wp-content\/uploads\/2021\/10\/Super-Arch-Cell-Cone-Type-Rubber-Fenders-System-1024x302.jpg 1024w, https:\/\/wingomarine.com\/wp-content\/uploads\/2021\/10\/Super-Arch-Cell-Cone-Type-Rubber-Fenders-System-768x227.jpg 768w, https:\/\/wingomarine.com\/wp-content\/uploads\/2021\/10\/Super-Arch-Cell-Cone-Type-Rubber-Fenders-System-600x177.jpg 600w\" sizes=\"(max-width: 1356px) 100vw, 1356px\" \/> <img decoding=\"async\" class=\"aligncenter wp-image-4716 size-full\" src=\"http:\/\/wingomarine.com\/wp-content\/uploads\/2021\/10\/Tugboat-W-Pi-\u03c0-Type-Rubber-Fenders-System.jpg\" alt=\"\" width=\"1356\" height=\"400\" srcset=\"https:\/\/wingomarine.com\/wp-content\/uploads\/2021\/10\/Tugboat-W-Pi-\u03c0-Type-Rubber-Fenders-System.jpg 1356w, https:\/\/wingomarine.com\/wp-content\/uploads\/2021\/10\/Tugboat-W-Pi-\u03c0-Type-Rubber-Fenders-System-300x88.jpg 300w, https:\/\/wingomarine.com\/wp-content\/uploads\/2021\/10\/Tugboat-W-Pi-\u03c0-Type-Rubber-Fenders-System-1024x302.jpg 1024w, https:\/\/wingomarine.com\/wp-content\/uploads\/2021\/10\/Tugboat-W-Pi-\u03c0-Type-Rubber-Fenders-System-768x227.jpg 768w, https:\/\/wingomarine.com\/wp-content\/uploads\/2021\/10\/Tugboat-W-Pi-\u03c0-Type-Rubber-Fenders-System-600x177.jpg 600w\" sizes=\"(max-width: 1356px) 100vw, 1356px\" \/> <img loading=\"lazy\" decoding=\"async\" class=\"aligncenter wp-image-4717 size-full\" src=\"http:\/\/wingomarine.com\/wp-content\/uploads\/2021\/10\/Corner-Cylindrical-D-GD-Type-Rubber-Fenders-System.jpg\" alt=\"\" width=\"1356\" height=\"400\" srcset=\"https:\/\/wingomarine.com\/wp-content\/uploads\/2021\/10\/Corner-Cylindrical-D-GD-Type-Rubber-Fenders-System.jpg 1356w, https:\/\/wingomarine.com\/wp-content\/uploads\/2021\/10\/Corner-Cylindrical-D-GD-Type-Rubber-Fenders-System-300x88.jpg 300w, https:\/\/wingomarine.com\/wp-content\/uploads\/2021\/10\/Corner-Cylindrical-D-GD-Type-Rubber-Fenders-System-1024x302.jpg 1024w, https:\/\/wingomarine.com\/wp-content\/uploads\/2021\/10\/Corner-Cylindrical-D-GD-Type-Rubber-Fenders-System-768x227.jpg 768w, https:\/\/wingomarine.com\/wp-content\/uploads\/2021\/10\/Corner-Cylindrical-D-GD-Type-Rubber-Fenders-System-600x177.jpg 600w\" sizes=\"(max-width: 1356px) 100vw, 1356px\" \/><\/h2>\n<h3>Vorteile:<\/h3>\n<ul>\n<li>\u00a0Hohe Energieaufnahme und geringe Reaktionskraft.<\/li>\n<li>\u00a0Hervorragende Best\u00e4ndigkeit gegen atmosph\u00e4rische Alterung, daher sehr gute Festigkeit und Stabilit\u00e4t.<\/li>\n<li>\u00a0Die Bogenform reduziert Spannungskonzentrationen.<\/li>\n<li>\u00a0Mit sto\u00dffesten Platten an der Vorderseite, die die Fl\u00e4chenpressung verringern k\u00f6nnen.<\/li>\n<\/ul>\n<p>&nbsp;<\/p>\n<figure id=\"attachment_4719\" aria-describedby=\"caption-attachment-4719\" style=\"width: 1335px\" class=\"wp-caption aligncenter\"><img loading=\"lazy\" decoding=\"async\" class=\"wp-image-4719 size-full\" src=\"http:\/\/wingomarine.com\/wp-content\/uploads\/2021\/10\/Marine-rubber-fenders-in-workshop.jpg\" alt=\"\" width=\"1335\" height=\"600\" srcset=\"https:\/\/wingomarine.com\/wp-content\/uploads\/2021\/10\/Marine-rubber-fenders-in-workshop.jpg 1335w, https:\/\/wingomarine.com\/wp-content\/uploads\/2021\/10\/Marine-rubber-fenders-in-workshop-300x135.jpg 300w, https:\/\/wingomarine.com\/wp-content\/uploads\/2021\/10\/Marine-rubber-fenders-in-workshop-1024x460.jpg 1024w, https:\/\/wingomarine.com\/wp-content\/uploads\/2021\/10\/Marine-rubber-fenders-in-workshop-768x345.jpg 768w, https:\/\/wingomarine.com\/wp-content\/uploads\/2021\/10\/Marine-rubber-fenders-in-workshop-600x270.jpg 600w\" sizes=\"(max-width: 1335px) 100vw, 1335px\" \/><figcaption id=\"caption-attachment-4719\" class=\"wp-caption-text\">Gummifender f\u00fcr Schiffe in der Werkstatt.<\/figcaption><\/figure>\n<figure id=\"attachment_4718\" aria-describedby=\"caption-attachment-4718\" style=\"width: 1355px\" class=\"wp-caption aligncenter\"><img loading=\"lazy\" decoding=\"async\" class=\"wp-image-4718 size-full\" src=\"http:\/\/wingomarine.com\/wp-content\/uploads\/2021\/10\/Rubber-fenders-are-loadded-into-the-container.jpg\" alt=\"\" width=\"1355\" height=\"361\" srcset=\"https:\/\/wingomarine.com\/wp-content\/uploads\/2021\/10\/Rubber-fenders-are-loadded-into-the-container.jpg 1355w, https:\/\/wingomarine.com\/wp-content\/uploads\/2021\/10\/Rubber-fenders-are-loadded-into-the-container-300x80.jpg 300w, https:\/\/wingomarine.com\/wp-content\/uploads\/2021\/10\/Rubber-fenders-are-loadded-into-the-container-1024x273.jpg 1024w, https:\/\/wingomarine.com\/wp-content\/uploads\/2021\/10\/Rubber-fenders-are-loadded-into-the-container-768x205.jpg 768w, https:\/\/wingomarine.com\/wp-content\/uploads\/2021\/10\/Rubber-fenders-are-loadded-into-the-container-600x160.jpg 600w\" sizes=\"(max-width: 1355px) 100vw, 1355px\" \/><figcaption id=\"caption-attachment-4718\" class=\"wp-caption-text\">Gummifender werden zum Versand in den Container geladen.<\/figcaption><\/figure>\n<p>&nbsp;<\/p>\n<h3>Herunterladen:<\/h3>\n<p><span style=\"color: #ff0000;\"><strong><span style=\"color: #000000;\">Der Katalog der Gummischutzbleche:\u00a0<span style=\"color: #ff0000;\"><a style=\"color: #ff0000;\" href=\"http:\/\/wingomarine.com\/de\/rubber-fenders-catalog\/\">http:\/\/wingomarine.com\/rubber-fenders-catalog\/<\/a><\/span><\/span><\/strong><\/span><\/p>\n<p><strong>PIANC-Norm 2002:<span style=\"color: #ff0000;\">\u00a0<a style=\"color: #ff0000;\" href=\"http:\/\/wingomarine.com\/de\/pianc-2002-standard-for-rubber-fenders\/\">http:\/\/wingomarine.com\/pianc-2002-standard-for-rubber-fenders\/<\/a><\/span><\/strong><\/p>\n<p>&nbsp;<\/p>\n<p><strong>Bitte z\u00f6gern Sie nicht, uns zu kontaktieren, wenn Sie Fragen oder W\u00fcnsche haben.<\/strong><\/p>\n<p>&nbsp;<\/p>","protected":false},"excerpt":{"rendered":"<p>Gummifender sind besonders n\u00fctzlich f\u00fcr Schiffe mit hohem zul\u00e4ssigem Rumpfdruck und f\u00fcr Orte, an denen der Einbauraum begrenzt ist. Es wird eine Vielzahl von Gr\u00f6\u00dfen und L\u00e4ngen angeboten.<\/p>","protected":false},"featured_media":2499,"comment_status":"open","ping_status":"closed","template":"","meta":[],"product_cat":[23],"product_tag":[],"yoast_head":"<!-- This site is optimized with the Yoast SEO plugin v23.5 - https:\/\/yoast.com\/wordpress\/plugins\/seo\/ -->\n<title>Rubber Fenders | Supplier &amp; Manufacturer<\/title>\n<meta name=\"description\" content=\"Full-range custom rubber fenders supplier &amp; manufacturer. Including cylindrical fenders, super arch fenders, cone fenders, cell fenders, etc.\" \/>\n<meta name=\"robots\" content=\"index, follow, max-snippet:-1, max-image-preview:large, max-video-preview:-1\" \/>\n<link rel=\"canonical\" href=\"https:\/\/wingomarine.com\/de\/produkt\/rubber-fenders\/\" \/>\n<meta property=\"og:locale\" content=\"de_DE\" \/>\n<meta property=\"og:type\" content=\"article\" \/>\n<meta property=\"og:title\" content=\"Rubber Fenders | Supplier &amp; Manufacturer\" \/>\n<meta property=\"og:description\" content=\"Full-range custom rubber fenders supplier &amp; manufacturer. Including cylindrical fenders, super arch fenders, cone fenders, cell fenders, etc.\" \/>\n<meta property=\"og:url\" content=\"https:\/\/wingomarine.com\/de\/produkt\/rubber-fenders\/\" \/>\n<meta property=\"og:site_name\" content=\"Wingo Marine\" \/>\n<meta property=\"article:modified_time\" content=\"2022-03-27T11:23:04+00:00\" \/>\n<meta property=\"og:image\" content=\"https:\/\/wingomarine.com\/wp-content\/uploads\/2021\/10\/Super-Arch-Fender-Cone-Fender-rubber-fender-marine-fender-supplier.png\" \/>\n\t<meta property=\"og:image:width\" content=\"600\" \/>\n\t<meta property=\"og:image:height\" content=\"600\" \/>\n\t<meta property=\"og:image:type\" content=\"image\/png\" \/>\n<meta name=\"twitter:card\" content=\"summary_large_image\" \/>\n<meta name=\"twitter:label1\" content=\"Gesch\u00e4tzte Lesezeit\" \/>\n\t<meta name=\"twitter:data1\" content=\"3\u00a0Minuten\" \/>\n<script type=\"application\/ld+json\" class=\"yoast-schema-graph\">{\"@context\":\"https:\/\/schema.org\",\"@graph\":[{\"@type\":\"WebPage\",\"@id\":\"https:\/\/wingomarine.com\/product\/rubber-fenders\/\",\"url\":\"https:\/\/wingomarine.com\/product\/rubber-fenders\/\",\"name\":\"Rubber Fenders | Supplier & Manufacturer\",\"isPartOf\":{\"@id\":\"https:\/\/wingomarine.com\/#website\"},\"primaryImageOfPage\":{\"@id\":\"https:\/\/wingomarine.com\/product\/rubber-fenders\/#primaryimage\"},\"image\":{\"@id\":\"https:\/\/wingomarine.com\/product\/rubber-fenders\/#primaryimage\"},\"thumbnailUrl\":\"https:\/\/wingomarine.com\/wp-content\/uploads\/2021\/10\/Super-Arch-Fender-Cone-Fender-rubber-fender-marine-fender-supplier.png\",\"datePublished\":\"2021-10-11T04:34:54+00:00\",\"dateModified\":\"2022-03-27T11:23:04+00:00\",\"description\":\"Full-range custom rubber fenders supplier & manufacturer. Including cylindrical fenders, super arch fenders, cone fenders, cell fenders, etc.\",\"breadcrumb\":{\"@id\":\"https:\/\/wingomarine.com\/product\/rubber-fenders\/#breadcrumb\"},\"inLanguage\":\"de\",\"potentialAction\":[{\"@type\":\"ReadAction\",\"target\":[\"https:\/\/wingomarine.com\/product\/rubber-fenders\/\"]}]},{\"@type\":\"ImageObject\",\"inLanguage\":\"de\",\"@id\":\"https:\/\/wingomarine.com\/product\/rubber-fenders\/#primaryimage\",\"url\":\"https:\/\/wingomarine.com\/wp-content\/uploads\/2021\/10\/Super-Arch-Fender-Cone-Fender-rubber-fender-marine-fender-supplier.png\",\"contentUrl\":\"https:\/\/wingomarine.com\/wp-content\/uploads\/2021\/10\/Super-Arch-Fender-Cone-Fender-rubber-fender-marine-fender-supplier.png\",\"width\":600,\"height\":600,\"caption\":\"Rubber Fender\"},{\"@type\":\"BreadcrumbList\",\"@id\":\"https:\/\/wingomarine.com\/product\/rubber-fenders\/#breadcrumb\",\"itemListElement\":[{\"@type\":\"ListItem\",\"position\":1,\"name\":\"Home\",\"item\":\"https:\/\/wingomarine.com\/\"},{\"@type\":\"ListItem\",\"position\":2,\"name\":\"Products\",\"item\":\"https:\/\/wingomarine.com\/products\/\"},{\"@type\":\"ListItem\",\"position\":3,\"name\":\"Rubber Fenders\"}]},{\"@type\":\"WebSite\",\"@id\":\"https:\/\/wingomarine.com\/#website\",\"url\":\"https:\/\/wingomarine.com\/\",\"name\":\"Wingo Marine\",\"description\":\"Chinese top manufacturer for marine fenders, since 1988. | Wingo Marine\",\"publisher\":{\"@id\":\"https:\/\/wingomarine.com\/#organization\"},\"potentialAction\":[{\"@type\":\"SearchAction\",\"target\":{\"@type\":\"EntryPoint\",\"urlTemplate\":\"https:\/\/wingomarine.com\/?s={search_term_string}\"},\"query-input\":{\"@type\":\"PropertyValueSpecification\",\"valueRequired\":true,\"valueName\":\"search_term_string\"}}],\"inLanguage\":\"de\"},{\"@type\":\"Organization\",\"@id\":\"https:\/\/wingomarine.com\/#organization\",\"name\":\"Qingdao Wingo Marine Co., Ltd\",\"url\":\"https:\/\/wingomarine.com\/\",\"logo\":{\"@type\":\"ImageObject\",\"inLanguage\":\"de\",\"@id\":\"https:\/\/wingomarine.com\/#\/schema\/logo\/image\/\",\"url\":\"http:\/\/wingomarine.com\/wp-content\/uploads\/2021\/10\/WINGO-MARINE-floating-yokohama-pneumatic-rubber-fenders-manufacturer.png\",\"contentUrl\":\"http:\/\/wingomarine.com\/wp-content\/uploads\/2021\/10\/WINGO-MARINE-floating-yokohama-pneumatic-rubber-fenders-manufacturer.png\",\"width\":336,\"height\":118,\"caption\":\"Qingdao Wingo Marine Co., Ltd\"},\"image\":{\"@id\":\"https:\/\/wingomarine.com\/#\/schema\/logo\/image\/\"}}]}<\/script>\n<!-- \/ Yoast SEO plugin. -->","yoast_head_json":{"title":"Rubber Fenders | Supplier & Manufacturer","description":"Full-range custom rubber fenders supplier & manufacturer. Including cylindrical fenders, super arch fenders, cone fenders, cell fenders, etc.","robots":{"index":"index","follow":"follow","max-snippet":"max-snippet:-1","max-image-preview":"max-image-preview:large","max-video-preview":"max-video-preview:-1"},"canonical":"https:\/\/wingomarine.com\/de\/produkt\/rubber-fenders\/","og_locale":"de_DE","og_type":"article","og_title":"Rubber Fenders | Supplier & Manufacturer","og_description":"Full-range custom rubber fenders supplier & manufacturer. Including cylindrical fenders, super arch fenders, cone fenders, cell fenders, etc.","og_url":"https:\/\/wingomarine.com\/de\/produkt\/rubber-fenders\/","og_site_name":"Wingo Marine","article_modified_time":"2022-03-27T11:23:04+00:00","og_image":[{"width":600,"height":600,"url":"https:\/\/wingomarine.com\/wp-content\/uploads\/2021\/10\/Super-Arch-Fender-Cone-Fender-rubber-fender-marine-fender-supplier.png","type":"image\/png"}],"twitter_card":"summary_large_image","twitter_misc":{"Gesch\u00e4tzte Lesezeit":"3\u00a0Minuten"},"schema":{"@context":"https:\/\/schema.org","@graph":[{"@type":"WebPage","@id":"https:\/\/wingomarine.com\/product\/rubber-fenders\/","url":"https:\/\/wingomarine.com\/product\/rubber-fenders\/","name":"Rubber Fenders | Supplier & Manufacturer","isPartOf":{"@id":"https:\/\/wingomarine.com\/#website"},"primaryImageOfPage":{"@id":"https:\/\/wingomarine.com\/product\/rubber-fenders\/#primaryimage"},"image":{"@id":"https:\/\/wingomarine.com\/product\/rubber-fenders\/#primaryimage"},"thumbnailUrl":"https:\/\/wingomarine.com\/wp-content\/uploads\/2021\/10\/Super-Arch-Fender-Cone-Fender-rubber-fender-marine-fender-supplier.png","datePublished":"2021-10-11T04:34:54+00:00","dateModified":"2022-03-27T11:23:04+00:00","description":"Full-range custom rubber fenders supplier & manufacturer. Including cylindrical fenders, super arch fenders, cone fenders, cell fenders, etc.","breadcrumb":{"@id":"https:\/\/wingomarine.com\/product\/rubber-fenders\/#breadcrumb"},"inLanguage":"de","potentialAction":[{"@type":"ReadAction","target":["https:\/\/wingomarine.com\/product\/rubber-fenders\/"]}]},{"@type":"ImageObject","inLanguage":"de","@id":"https:\/\/wingomarine.com\/product\/rubber-fenders\/#primaryimage","url":"https:\/\/wingomarine.com\/wp-content\/uploads\/2021\/10\/Super-Arch-Fender-Cone-Fender-rubber-fender-marine-fender-supplier.png","contentUrl":"https:\/\/wingomarine.com\/wp-content\/uploads\/2021\/10\/Super-Arch-Fender-Cone-Fender-rubber-fender-marine-fender-supplier.png","width":600,"height":600,"caption":"Rubber Fender"},{"@type":"BreadcrumbList","@id":"https:\/\/wingomarine.com\/product\/rubber-fenders\/#breadcrumb","itemListElement":[{"@type":"ListItem","position":1,"name":"Home","item":"https:\/\/wingomarine.com\/"},{"@type":"ListItem","position":2,"name":"Products","item":"https:\/\/wingomarine.com\/products\/"},{"@type":"ListItem","position":3,"name":"Rubber Fenders"}]},{"@type":"WebSite","@id":"https:\/\/wingomarine.com\/#website","url":"https:\/\/wingomarine.com\/","name":"Wingo Marine","description":"Chinese top manufacturer for marine fenders, since 1988. | Wingo Marine","publisher":{"@id":"https:\/\/wingomarine.com\/#organization"},"potentialAction":[{"@type":"SearchAction","target":{"@type":"EntryPoint","urlTemplate":"https:\/\/wingomarine.com\/?s={search_term_string}"},"query-input":{"@type":"PropertyValueSpecification","valueRequired":true,"valueName":"search_term_string"}}],"inLanguage":"de"},{"@type":"Organization","@id":"https:\/\/wingomarine.com\/#organization","name":"Qingdao Wingo Marine Co., Ltd","url":"https:\/\/wingomarine.com\/","logo":{"@type":"ImageObject","inLanguage":"de","@id":"https:\/\/wingomarine.com\/#\/schema\/logo\/image\/","url":"http:\/\/wingomarine.com\/wp-content\/uploads\/2021\/10\/WINGO-MARINE-floating-yokohama-pneumatic-rubber-fenders-manufacturer.png","contentUrl":"http:\/\/wingomarine.com\/wp-content\/uploads\/2021\/10\/WINGO-MARINE-floating-yokohama-pneumatic-rubber-fenders-manufacturer.png","width":336,"height":118,"caption":"Qingdao Wingo Marine Co., Ltd"},"image":{"@id":"https:\/\/wingomarine.com\/#\/schema\/logo\/image\/"}}]}},"_links":{"self":[{"href":"https:\/\/wingomarine.com\/de\/wp-json\/wp\/v2\/product\/2341"}],"collection":[{"href":"https:\/\/wingomarine.com\/de\/wp-json\/wp\/v2\/product"}],"about":[{"href":"https:\/\/wingomarine.com\/de\/wp-json\/wp\/v2\/types\/product"}],"replies":[{"embeddable":true,"href":"https:\/\/wingomarine.com\/de\/wp-json\/wp\/v2\/comments?post=2341"}],"wp:featuredmedia":[{"embeddable":true,"href":"https:\/\/wingomarine.com\/de\/wp-json\/wp\/v2\/media\/2499"}],"wp:attachment":[{"href":"https:\/\/wingomarine.com\/de\/wp-json\/wp\/v2\/media?parent=2341"}],"wp:term":[{"taxonomy":"product_cat","embeddable":true,"href":"https:\/\/wingomarine.com\/de\/wp-json\/wp\/v2\/product_cat?post=2341"},{"taxonomy":"product_tag","embeddable":true,"href":"https:\/\/wingomarine.com\/de\/wp-json\/wp\/v2\/product_tag?post=2341"}],"curies":[{"name":"wp","href":"https:\/\/api.w.org\/{rel}","templated":true}]}}