{"id":67,"date":"2021-07-02T01:33:32","date_gmt":"2021-07-01T17:33:32","guid":{"rendered":"http:\/\/wingomarine.com\/?post_type=product&#038;p=67"},"modified":"2026-03-24T10:38:53","modified_gmt":"2026-03-24T02:38:53","slug":"portable-foam-fender","status":"publish","type":"product","link":"https:\/\/wingomarine.com\/de\/produkt\/portable-foam-fender\/","title":{"rendered":"Tragbarer Schaumstofffender"},"content":{"rendered":"<p><strong>Kleiner tragbarer Fender aus EVA-Schaumstoff, auch bekannt als Mini-Fender. Es ist eine Art von Schiff Versorgung f\u00fcr kleine Schiffe, die die Rolle der Verankerung Puffer und Schutz zu spielen.<\/strong><\/p>\n<p>In den letzten Jahren, mit der kontinuierlichen Entwicklung der kleinen Schiffe und Yachten, diese Art von tragbaren Schaum Fender ist weit verbreitet in Yachten, Schnellboote, Yacht Kai, schwimmende Plattformen verwendet.<\/p>\n<p>Es ist ein fester Ball aus hochwertigem EVA hochelastischen Rohstoff, gef\u00fcllt mit EVA elastischen Schaum im Inneren des Produkts kann auf der Wasseroberfl\u00e4che schwimmen, und hydrophobe Sch\u00e4den nicht absorbieren Wasser zu sinken, so dass als ein wichtiger Puffer Medium f\u00fcr Schiff und Schiff Anlegen und Dock Anlegen dienen.<\/p>\n<p>Im Vergleich zu allgemeinen PVC aufblasbare Fender, EVA-Schaum-gef\u00fcllte Fender ist haltbarer, lange Lebensdauer und Verschlei\u00dffestigkeit sind gew\u00f6hnliche Gummi-und PVC-Fender viele Male.  EVA kleine Fender Wetter ist besser als andere Materialien Fender. Die Antifouling-Wirkung ist gut, sogar zwei Boote, die aneinander reiben, hinterlassen keine Spuren. Der sichere Umweltschutz frei von Verschmutzung ist bunt, glattes Aussehen, sch\u00f6n und sch\u00f6n.<\/p>\n<p><strong>Die Spezifikationen, die Form, der Stil und die Farben k\u00f6nnen alle angepasst werden.<\/strong><\/p>\n<figure id=\"attachment_3678\" aria-describedby=\"caption-attachment-3678\" style=\"width: 600px\" class=\"wp-caption aligncenter\"><img fetchpriority=\"high\" decoding=\"async\" class=\"wp-image-3678 size-full\" src=\"http:\/\/wingomarine.com\/wp-content\/uploads\/2021\/07\/Portable-foam-fenders-with-rope-nets-were-ready.jpg\" alt=\"\" width=\"600\" height=\"450\" srcset=\"https:\/\/wingomarine.com\/wp-content\/uploads\/2021\/07\/Portable-foam-fenders-with-rope-nets-were-ready.jpg 600w, https:\/\/wingomarine.com\/wp-content\/uploads\/2021\/07\/Portable-foam-fenders-with-rope-nets-were-ready-300x225.jpg 300w\" sizes=\"(max-width: 600px) 100vw, 600px\" \/><figcaption id=\"caption-attachment-3678\" class=\"wp-caption-text\">Tragbare Schaumstofffender mit Seilnetzen waren bereit<\/figcaption><\/figure>\n<p><strong>\u00dcber EVA-Schaum und Polyharnstoff<\/strong><\/p>\n<ul>\n<li>Vorteile des geschlossenen EVA-Schaums: gute Pufferung, Erdbebensicherheit, W\u00e4rmed\u00e4mmung, Feuchtigkeitsbest\u00e4ndigkeit, chemische Korrosionsbest\u00e4ndigkeit, ungiftig, keine Wasseraufnahme, stark und haltbar, geringe Wartungskosten.<\/li>\n<li>Spray Polyurea Elastic (SPUA) Oberfl\u00e4che Vorteile: verhindern ultraviolettes Licht, wasserdicht und korrosionsbest\u00e4ndig, Verschlei\u00dffestigkeit zu Dornen, und widerstehen parasit\u00e4ren Meeresorganismen. Die Farbe kann nach der Pantone-Farbkarte angepasst werden.<\/li>\n<\/ul>\n<p>&nbsp;<\/p>\n<p><strong>Bitte z\u00f6gern Sie nicht, uns eine Nachricht zukommen zu lassen, wenn Sie Fragen oder W\u00fcnsche haben.<\/strong><\/p>","protected":false},"excerpt":{"rendered":"<p>Kleiner tragbarer Fender aus EVA-Schaumstoff, auch bekannt als Mini-Fender. Es ist eine Art von Schiff Versorgung f\u00fcr kleine Schiffe, die die Rolle der Verankerung Puffer und Schutz zu spielen.<\/p>","protected":false},"featured_media":2339,"comment_status":"open","ping_status":"closed","template":"","meta":[],"product_cat":[18],"product_tag":[],"yoast_head":"<!-- This site is optimized with the Yoast SEO plugin v23.5 - https:\/\/yoast.com\/wordpress\/plugins\/seo\/ -->\n<title>Portable EVA Foam Fender | Small Standard Duty Foam Filled Fenders Supplier &amp; Manufacturer - Wingo Marine<\/title>\n<meta name=\"description\" content=\"Wingo is protable foam fenders supplier &amp; manufacturer since 1988 in China. Instead of PVC balls, now they are widly used for yachts. Colors and sizes can be customized. Fell free to contact us for your needs.\" \/>\n<meta name=\"robots\" content=\"index, follow, max-snippet:-1, max-image-preview:large, max-video-preview:-1\" \/>\n<link rel=\"canonical\" href=\"https:\/\/wingomarine.com\/de\/produkt\/portable-foam-fender\/\" \/>\n<meta property=\"og:locale\" content=\"de_DE\" \/>\n<meta property=\"og:type\" content=\"article\" \/>\n<meta property=\"og:title\" content=\"Portable EVA Foam Fender | Small Standard Duty Foam Filled Fenders Supplier &amp; Manufacturer - Wingo Marine\" \/>\n<meta property=\"og:description\" content=\"Wingo is protable foam fenders supplier &amp; manufacturer since 1988 in China. Instead of PVC balls, now they are widly used for yachts. Colors and sizes can be customized. Fell free to contact us for your needs.\" \/>\n<meta property=\"og:url\" content=\"https:\/\/wingomarine.com\/de\/produkt\/portable-foam-fender\/\" \/>\n<meta property=\"og:site_name\" content=\"Wingo Marine\" \/>\n<meta property=\"article:modified_time\" content=\"2026-03-24T02:38:53+00:00\" \/>\n<meta property=\"og:image\" content=\"http:\/\/wingomarine.com\/wp-content\/uploads\/2021\/07\/portable-EVA-foam-fender-spua-polyurea-foam-floating-fenders-supplier.png\" \/>\n\t<meta property=\"og:image:width\" content=\"600\" \/>\n\t<meta property=\"og:image:height\" content=\"600\" \/>\n\t<meta property=\"og:image:type\" content=\"image\/png\" \/>\n<meta name=\"twitter:card\" content=\"summary_large_image\" \/>\n<meta name=\"twitter:label1\" content=\"Gesch\u00e4tzte Lesezeit\" \/>\n\t<meta name=\"twitter:data1\" content=\"2\u00a0Minuten\" \/>\n<script type=\"application\/ld+json\" class=\"yoast-schema-graph\">{\"@context\":\"https:\/\/schema.org\",\"@graph\":[{\"@type\":\"WebPage\",\"@id\":\"https:\/\/wingomarine.com\/product\/portable-foam-fender\/\",\"url\":\"https:\/\/wingomarine.com\/product\/portable-foam-fender\/\",\"name\":\"Portable EVA Foam Fender | Small Standard Duty Foam Filled Fenders Supplier & Manufacturer - Wingo Marine\",\"isPartOf\":{\"@id\":\"https:\/\/wingomarine.com\/#website\"},\"primaryImageOfPage\":{\"@id\":\"https:\/\/wingomarine.com\/product\/portable-foam-fender\/#primaryimage\"},\"image\":{\"@id\":\"https:\/\/wingomarine.com\/product\/portable-foam-fender\/#primaryimage\"},\"thumbnailUrl\":\"https:\/\/wingomarine.com\/wp-content\/uploads\/2021\/07\/portable-EVA-foam-fender-spua-polyurea-foam-floating-fenders-supplier.png\",\"datePublished\":\"2021-07-01T17:33:32+00:00\",\"dateModified\":\"2026-03-24T02:38:53+00:00\",\"description\":\"Wingo is protable foam fenders supplier & manufacturer since 1988 in China. Instead of PVC balls, now they are widly used for yachts. Colors and sizes can be customized. Fell free to contact us for your needs.\",\"breadcrumb\":{\"@id\":\"https:\/\/wingomarine.com\/product\/portable-foam-fender\/#breadcrumb\"},\"inLanguage\":\"de\",\"potentialAction\":[{\"@type\":\"ReadAction\",\"target\":[\"https:\/\/wingomarine.com\/product\/portable-foam-fender\/\"]}]},{\"@type\":\"ImageObject\",\"inLanguage\":\"de\",\"@id\":\"https:\/\/wingomarine.com\/product\/portable-foam-fender\/#primaryimage\",\"url\":\"https:\/\/wingomarine.com\/wp-content\/uploads\/2021\/07\/portable-EVA-foam-fender-spua-polyurea-foam-floating-fenders-supplier.png\",\"contentUrl\":\"https:\/\/wingomarine.com\/wp-content\/uploads\/2021\/07\/portable-EVA-foam-fender-spua-polyurea-foam-floating-fenders-supplier.png\",\"width\":600,\"height\":600,\"caption\":\"Protable Foam Fender\"},{\"@type\":\"BreadcrumbList\",\"@id\":\"https:\/\/wingomarine.com\/product\/portable-foam-fender\/#breadcrumb\",\"itemListElement\":[{\"@type\":\"ListItem\",\"position\":1,\"name\":\"Home\",\"item\":\"https:\/\/wingomarine.com\/\"},{\"@type\":\"ListItem\",\"position\":2,\"name\":\"Products\",\"item\":\"https:\/\/wingomarine.com\/products\/\"},{\"@type\":\"ListItem\",\"position\":3,\"name\":\"Portable Foam Fender\"}]},{\"@type\":\"WebSite\",\"@id\":\"https:\/\/wingomarine.com\/#website\",\"url\":\"https:\/\/wingomarine.com\/\",\"name\":\"Wingo Marine\",\"description\":\"Chinese top manufacturer for marine fenders, since 1988. | Wingo Marine\",\"publisher\":{\"@id\":\"https:\/\/wingomarine.com\/#organization\"},\"potentialAction\":[{\"@type\":\"SearchAction\",\"target\":{\"@type\":\"EntryPoint\",\"urlTemplate\":\"https:\/\/wingomarine.com\/?s={search_term_string}\"},\"query-input\":{\"@type\":\"PropertyValueSpecification\",\"valueRequired\":true,\"valueName\":\"search_term_string\"}}],\"inLanguage\":\"de\"},{\"@type\":\"Organization\",\"@id\":\"https:\/\/wingomarine.com\/#organization\",\"name\":\"Qingdao Wingo Marine Co., Ltd\",\"url\":\"https:\/\/wingomarine.com\/\",\"logo\":{\"@type\":\"ImageObject\",\"inLanguage\":\"de\",\"@id\":\"https:\/\/wingomarine.com\/#\/schema\/logo\/image\/\",\"url\":\"http:\/\/wingomarine.com\/wp-content\/uploads\/2021\/10\/WINGO-MARINE-floating-yokohama-pneumatic-rubber-fenders-manufacturer.png\",\"contentUrl\":\"http:\/\/wingomarine.com\/wp-content\/uploads\/2021\/10\/WINGO-MARINE-floating-yokohama-pneumatic-rubber-fenders-manufacturer.png\",\"width\":336,\"height\":118,\"caption\":\"Qingdao Wingo Marine Co., Ltd\"},\"image\":{\"@id\":\"https:\/\/wingomarine.com\/#\/schema\/logo\/image\/\"}}]}<\/script>\n<!-- \/ Yoast SEO plugin. -->","yoast_head_json":{"title":"Portable EVA Foam Fender | Small Standard Duty Foam Filled Fenders Supplier & Manufacturer - Wingo Marine","description":"Wingo is protable foam fenders supplier & manufacturer since 1988 in China. Instead of PVC balls, now they are widly used for yachts. Colors and sizes can be customized. Fell free to contact us for your needs.","robots":{"index":"index","follow":"follow","max-snippet":"max-snippet:-1","max-image-preview":"max-image-preview:large","max-video-preview":"max-video-preview:-1"},"canonical":"https:\/\/wingomarine.com\/de\/produkt\/portable-foam-fender\/","og_locale":"de_DE","og_type":"article","og_title":"Portable EVA Foam Fender | Small Standard Duty Foam Filled Fenders Supplier & Manufacturer - Wingo Marine","og_description":"Wingo is protable foam fenders supplier & manufacturer since 1988 in China. Instead of PVC balls, now they are widly used for yachts. Colors and sizes can be customized. Fell free to contact us for your needs.","og_url":"https:\/\/wingomarine.com\/de\/produkt\/portable-foam-fender\/","og_site_name":"Wingo Marine","article_modified_time":"2026-03-24T02:38:53+00:00","og_image":[{"width":600,"height":600,"url":"http:\/\/wingomarine.com\/wp-content\/uploads\/2021\/07\/portable-EVA-foam-fender-spua-polyurea-foam-floating-fenders-supplier.png","type":"image\/png"}],"twitter_card":"summary_large_image","twitter_misc":{"Gesch\u00e4tzte Lesezeit":"2\u00a0Minuten"},"schema":{"@context":"https:\/\/schema.org","@graph":[{"@type":"WebPage","@id":"https:\/\/wingomarine.com\/product\/portable-foam-fender\/","url":"https:\/\/wingomarine.com\/product\/portable-foam-fender\/","name":"Portable EVA Foam Fender | Small Standard Duty Foam Filled Fenders Supplier & Manufacturer - Wingo Marine","isPartOf":{"@id":"https:\/\/wingomarine.com\/#website"},"primaryImageOfPage":{"@id":"https:\/\/wingomarine.com\/product\/portable-foam-fender\/#primaryimage"},"image":{"@id":"https:\/\/wingomarine.com\/product\/portable-foam-fender\/#primaryimage"},"thumbnailUrl":"https:\/\/wingomarine.com\/wp-content\/uploads\/2021\/07\/portable-EVA-foam-fender-spua-polyurea-foam-floating-fenders-supplier.png","datePublished":"2021-07-01T17:33:32+00:00","dateModified":"2026-03-24T02:38:53+00:00","description":"Wingo is protable foam fenders supplier & manufacturer since 1988 in China. Instead of PVC balls, now they are widly used for yachts. Colors and sizes can be customized. Fell free to contact us for your needs.","breadcrumb":{"@id":"https:\/\/wingomarine.com\/product\/portable-foam-fender\/#breadcrumb"},"inLanguage":"de","potentialAction":[{"@type":"ReadAction","target":["https:\/\/wingomarine.com\/product\/portable-foam-fender\/"]}]},{"@type":"ImageObject","inLanguage":"de","@id":"https:\/\/wingomarine.com\/product\/portable-foam-fender\/#primaryimage","url":"https:\/\/wingomarine.com\/wp-content\/uploads\/2021\/07\/portable-EVA-foam-fender-spua-polyurea-foam-floating-fenders-supplier.png","contentUrl":"https:\/\/wingomarine.com\/wp-content\/uploads\/2021\/07\/portable-EVA-foam-fender-spua-polyurea-foam-floating-fenders-supplier.png","width":600,"height":600,"caption":"Protable Foam Fender"},{"@type":"BreadcrumbList","@id":"https:\/\/wingomarine.com\/product\/portable-foam-fender\/#breadcrumb","itemListElement":[{"@type":"ListItem","position":1,"name":"Home","item":"https:\/\/wingomarine.com\/"},{"@type":"ListItem","position":2,"name":"Products","item":"https:\/\/wingomarine.com\/products\/"},{"@type":"ListItem","position":3,"name":"Portable Foam Fender"}]},{"@type":"WebSite","@id":"https:\/\/wingomarine.com\/#website","url":"https:\/\/wingomarine.com\/","name":"Wingo Marine","description":"Chinese top manufacturer for marine fenders, since 1988. | Wingo Marine","publisher":{"@id":"https:\/\/wingomarine.com\/#organization"},"potentialAction":[{"@type":"SearchAction","target":{"@type":"EntryPoint","urlTemplate":"https:\/\/wingomarine.com\/?s={search_term_string}"},"query-input":{"@type":"PropertyValueSpecification","valueRequired":true,"valueName":"search_term_string"}}],"inLanguage":"de"},{"@type":"Organization","@id":"https:\/\/wingomarine.com\/#organization","name":"Qingdao Wingo Marine Co., Ltd","url":"https:\/\/wingomarine.com\/","logo":{"@type":"ImageObject","inLanguage":"de","@id":"https:\/\/wingomarine.com\/#\/schema\/logo\/image\/","url":"http:\/\/wingomarine.com\/wp-content\/uploads\/2021\/10\/WINGO-MARINE-floating-yokohama-pneumatic-rubber-fenders-manufacturer.png","contentUrl":"http:\/\/wingomarine.com\/wp-content\/uploads\/2021\/10\/WINGO-MARINE-floating-yokohama-pneumatic-rubber-fenders-manufacturer.png","width":336,"height":118,"caption":"Qingdao Wingo Marine Co., Ltd"},"image":{"@id":"https:\/\/wingomarine.com\/#\/schema\/logo\/image\/"}}]}},"_links":{"self":[{"href":"https:\/\/wingomarine.com\/de\/wp-json\/wp\/v2\/product\/67"}],"collection":[{"href":"https:\/\/wingomarine.com\/de\/wp-json\/wp\/v2\/product"}],"about":[{"href":"https:\/\/wingomarine.com\/de\/wp-json\/wp\/v2\/types\/product"}],"replies":[{"embeddable":true,"href":"https:\/\/wingomarine.com\/de\/wp-json\/wp\/v2\/comments?post=67"}],"wp:featuredmedia":[{"embeddable":true,"href":"https:\/\/wingomarine.com\/de\/wp-json\/wp\/v2\/media\/2339"}],"wp:attachment":[{"href":"https:\/\/wingomarine.com\/de\/wp-json\/wp\/v2\/media?parent=67"}],"wp:term":[{"taxonomy":"product_cat","embeddable":true,"href":"https:\/\/wingomarine.com\/de\/wp-json\/wp\/v2\/product_cat?post=67"},{"taxonomy":"product_tag","embeddable":true,"href":"https:\/\/wingomarine.com\/de\/wp-json\/wp\/v2\/product_tag?post=67"}],"curies":[{"name":"wp","href":"https:\/\/api.w.org\/{rel}","templated":true}]}}