{"id":68,"date":"2021-07-02T01:34:13","date_gmt":"2021-07-01T17:34:13","guid":{"rendered":"http:\/\/wingomarine.com\/?post_type=product&#038;p=68"},"modified":"2026-03-24T10:36:39","modified_gmt":"2026-03-24T02:36:39","slug":"eva-foam-filled-fender","status":"publish","type":"product","link":"https:\/\/wingomarine.com\/de\/produkt\/eva-foam-filled-fender\/","title":{"rendered":"EVA-Schaum-gef\u00fclltes Schutzblech"},"content":{"rendered":"<h3><span style=\"color: #000000;\"><strong>Beschreiben Sie:<\/strong><\/span><\/h3>\n<p>EVA foam-filled fender (IMPA CODE 232416), made from EVA cell-closed foam and elastic polyurea skin. Please note that the outer protective layer is polyurea, not polyurethane.<br \/>\nThis makes the fender have better elasticity and longer life, and is less likely to sink. EVA foam-filled fender will be the best choice of marine fenders.<\/p>\n<h3><span style=\"color: #000000;\"><strong>Verwendung:<\/strong><\/span><\/h3>\n<p>EVA foam-filled fenders can completely replace the pneumatic rubber fenders. Because they do not need an air inflatable, they can be made to a small size, and replace a PVC boat\/yacht fender.<\/p>\n<h3><span style=\"color: #000000;\"><strong>Vorteil:<\/strong><\/span><\/h3>\n<ul>\n<li>Internally, EVA-filled foam has high energy absorption and low reaction force.<\/li>\n<li>Passt sich leicht an Rumpfvorspr\u00fcnge an.<\/li>\n<li>Bleibt voll funktionsf\u00e4hig, auch wenn die Polyharnstoffhaut durchstochen wird.<\/li>\n<li>Great for ship-to-ship lightening and dock fendering.<\/li>\n<li>No need for an air inflatable, easy Installation.<\/li>\n<li>Spray Polyurea Elastic(SPUA) for surface protection, and any color can be customized.<\/li>\n<li>Ersetzen Sie die Fender f\u00fcr Boote und Yachten aus Polyschaum.<\/li>\n<li>Also can add tire-chain nets or rope nets to get a longer service life.<\/li>\n<li>12 Monate Garantiezeit, 10 Jahre Lebensdauer der Konstruktion.<\/li>\n<\/ul>\n<figure id=\"attachment_3262\" aria-describedby=\"caption-attachment-3262\" style=\"width: 800px\" class=\"wp-caption aligncenter\"><img fetchpriority=\"high\" decoding=\"async\" class=\"wp-image-3262\" src=\"http:\/\/wingomarine.com\/wp-content\/uploads\/2021\/07\/EVA-Foam-Filled-Fender-Marine-Fenders-supplier-2.jpg\" alt=\"\" width=\"800\" height=\"572\" srcset=\"https:\/\/wingomarine.com\/wp-content\/uploads\/2021\/07\/EVA-Foam-Filled-Fender-Marine-Fenders-supplier-2.jpg 859w, https:\/\/wingomarine.com\/wp-content\/uploads\/2021\/07\/EVA-Foam-Filled-Fender-Marine-Fenders-supplier-2-300x214.jpg 300w, https:\/\/wingomarine.com\/wp-content\/uploads\/2021\/07\/EVA-Foam-Filled-Fender-Marine-Fenders-supplier-2-768x549.jpg 768w, https:\/\/wingomarine.com\/wp-content\/uploads\/2021\/07\/EVA-Foam-Filled-Fender-Marine-Fenders-supplier-2-600x429.jpg 600w\" sizes=\"(max-width: 800px) 100vw, 800px\" \/><figcaption id=\"caption-attachment-3262\" class=\"wp-caption-text\">Aufbau von mit EVA-Schaum gef\u00fcllten Kotfl\u00fcgeln (Zeichnung)<\/figcaption><\/figure>\n<p>&nbsp;<\/p>\n<h3><span style=\"color: #000000;\"><strong>\u00dcber EVA-Schaum und Polyharnstoff:<\/strong><\/span><\/h3>\n<ul>\n<li>EVA cell-closed Foam advantages: good buffering, earthquake resistance, heat insulation, moisture resistance, chemical corrosion resistance, non-toxic, non-water absorption, strong and durable, and low maintenance cost.<\/li>\n<\/ul>\n<figure id=\"attachment_4688\" aria-describedby=\"caption-attachment-4688\" style=\"width: 800px\" class=\"wp-caption aligncenter\"><img decoding=\"async\" class=\"wp-image-4688\" src=\"http:\/\/wingomarine.com\/wp-content\/uploads\/2021\/07\/EVA-FOAM.png\" alt=\"\" width=\"800\" height=\"800\" srcset=\"https:\/\/wingomarine.com\/wp-content\/uploads\/2021\/07\/EVA-FOAM.png 600w, https:\/\/wingomarine.com\/wp-content\/uploads\/2021\/07\/EVA-FOAM-300x300.png 300w, https:\/\/wingomarine.com\/wp-content\/uploads\/2021\/07\/EVA-FOAM-150x150.png 150w, https:\/\/wingomarine.com\/wp-content\/uploads\/2021\/07\/EVA-FOAM-100x100.png 100w\" sizes=\"(max-width: 800px) 100vw, 800px\" \/><figcaption id=\"caption-attachment-4688\" class=\"wp-caption-text\">Herstellung des K\u00f6rpers von mit EVA-Schaum gef\u00fcllten Kotfl\u00fcgeln<\/figcaption><\/figure>\n<p>&nbsp;<\/p>\n<ul>\n<li>Spray Polyurea Elastic(SPUA) surface advantages: high elastic polymer material, prevents ultraviolet light, waterproof and anticorrosive, wear-resistant to thorns, and resists parasitic marine organisms. Colors can be customized according to the Pantone color card.<\/li>\n<\/ul>\n<figure id=\"attachment_4689\" aria-describedby=\"caption-attachment-4689\" style=\"width: 800px\" class=\"wp-caption aligncenter\"><img decoding=\"async\" class=\"wp-image-4689\" src=\"http:\/\/wingomarine.com\/wp-content\/uploads\/2021\/07\/Polyurea-foam-fenders-spraying.png\" alt=\"\" width=\"800\" height=\"457\" srcset=\"https:\/\/wingomarine.com\/wp-content\/uploads\/2021\/07\/Polyurea-foam-fenders-spraying.png 600w, https:\/\/wingomarine.com\/wp-content\/uploads\/2021\/07\/Polyurea-foam-fenders-spraying-300x172.png 300w\" sizes=\"(max-width: 800px) 100vw, 800px\" \/><figcaption id=\"caption-attachment-4689\" class=\"wp-caption-text\">Spr\u00fchen der Polyharnstoff-Schutzschicht der mit Eva-Schaum gef\u00fcllten Kotfl\u00fcgel<\/figcaption><\/figure>\n<p>&nbsp;<\/p>\n<p><span style=\"color: #000000;\">\u00a0<\/span><h2 id=\"tablepress-6-name\" class=\"tablepress-table-name tablepress-table-name-id-6\">Garantierte Energieabsorption und Kraftreaktion der mit EVA-Schaum gef\u00fcllten Fender<\/h2>\n\n<table id=\"tablepress-6\" class=\"tablepress tablepress-id-6\" aria-labelledby=\"tablepress-6-name\">\n<thead>\n<tr class=\"row-1 odd\">\n\t<th class=\"column-1\">Durchmesser * L\u00e4nge (m)<\/th><th colspan=\"2\" class=\"column-2\">Geringe Reaktion<\/th><th colspan=\"2\" class=\"column-4\">Standard<\/th><th colspan=\"2\" class=\"column-6\">Hohe Kapazit\u00e4t<\/th>\n<\/tr>\n<\/thead>\n<tbody class=\"row-hover\">\n<tr class=\"row-2 even\">\n\t<td class=\"column-1\"><\/td><td class=\"column-2\">GEA KJ<\/td><td class=\"column-3\">RF KN<\/td><td class=\"column-4\">GEA KJ<\/td><td class=\"column-5\">RF KN<\/td><td class=\"column-6\">GEA KJ<\/td><td class=\"column-7\">RF KN<\/td>\n<\/tr>\n<tr class=\"row-3 odd\">\n\t<td class=\"column-1\">0,6m * 1,2m<\/td><td class=\"column-2\">9<\/td><td class=\"column-3\">53<\/td><td class=\"column-4\">15<\/td><td class=\"column-5\">89<\/td><td class=\"column-6\">19<\/td><td class=\"column-7\">116<\/td>\n<\/tr>\n<tr class=\"row-4 even\">\n\t<td class=\"column-1\">0,6m * 2m<\/td><td class=\"column-2\">15<\/td><td class=\"column-3\">86<\/td><td class=\"column-4\">23<\/td><td class=\"column-5\">142<\/td><td class=\"column-6\">30<\/td><td class=\"column-7\">188<\/td>\n<\/tr>\n<tr class=\"row-5 odd\">\n\t<td class=\"column-1\">0,7m * 1,5m<\/td><td class=\"column-2\">16<\/td><td class=\"column-3\">80<\/td><td class=\"column-4\">26<\/td><td class=\"column-5\">133<\/td><td class=\"column-6\">34<\/td><td class=\"column-7\">173<\/td>\n<\/tr>\n<tr class=\"row-6 even\">\n\t<td class=\"column-1\">0,9m * 1,5m<\/td><td class=\"column-2\">25<\/td><td class=\"column-3\">120<\/td><td class=\"column-4\">42<\/td><td class=\"column-5\">200<\/td><td class=\"column-6\">54<\/td><td class=\"column-7\">262<\/td>\n<\/tr>\n<tr class=\"row-7 odd\">\n\t<td class=\"column-1\">0,9m * 1,8m<\/td><td class=\"column-2\">32<\/td><td class=\"column-3\">128<\/td><td class=\"column-4\">53<\/td><td class=\"column-5\">214<\/td><td class=\"column-6\">69<\/td><td class=\"column-7\">276<\/td>\n<\/tr>\n<tr class=\"row-8 even\">\n\t<td class=\"column-1\">0,9m * 2,5m<\/td><td class=\"column-2\">45<\/td><td class=\"column-3\">182<\/td><td class=\"column-4\">75<\/td><td class=\"column-5\">302<\/td><td class=\"column-6\">98<\/td><td class=\"column-7\">391<\/td>\n<\/tr>\n<tr class=\"row-9 odd\">\n\t<td class=\"column-1\">1m * 1,5m<\/td><td class=\"column-2\">28<\/td><td class=\"column-3\">104<\/td><td class=\"column-4\">47<\/td><td class=\"column-5\">173<\/td><td class=\"column-6\">61<\/td><td class=\"column-7\">225<\/td>\n<\/tr>\n<tr class=\"row-10 even\">\n\t<td class=\"column-1\">1m * 2m<\/td><td class=\"column-2\">41<\/td><td class=\"column-3\">152<\/td><td class=\"column-4\">68<\/td><td class=\"column-5\">254<\/td><td class=\"column-6\">88<\/td><td class=\"column-7\">330<\/td>\n<\/tr>\n<tr class=\"row-11 odd\">\n\t<td class=\"column-1\">1,2m * 2m<\/td><td class=\"column-2\">55<\/td><td class=\"column-3\">168<\/td><td class=\"column-4\">91<\/td><td class=\"column-5\">280<\/td><td class=\"column-6\">118<\/td><td class=\"column-7\">364<\/td>\n<\/tr>\n<tr class=\"row-12 even\">\n\t<td class=\"column-1\">1,2m * 3m<\/td><td class=\"column-2\">96<\/td><td class=\"column-3\">297<\/td><td class=\"column-4\">160<\/td><td class=\"column-5\">494<\/td><td class=\"column-6\">207<\/td><td class=\"column-7\">641<\/td>\n<\/tr>\n<tr class=\"row-13 odd\">\n\t<td class=\"column-1\">1,35m * 2,5m<\/td><td class=\"column-2\">91<\/td><td class=\"column-3\">251<\/td><td class=\"column-4\">152<\/td><td class=\"column-5\">418<\/td><td class=\"column-6\">198<\/td><td class=\"column-7\">543<\/td>\n<\/tr>\n<tr class=\"row-14 even\">\n\t<td class=\"column-1\">1,5m * 3m<\/td><td class=\"column-2\">147<\/td><td class=\"column-3\">357<\/td><td class=\"column-4\">244<\/td><td class=\"column-5\">596<\/td><td class=\"column-6\">317<\/td><td class=\"column-7\">774<\/td>\n<\/tr>\n<tr class=\"row-15 odd\">\n\t<td class=\"column-1\">1.5m * 5m<\/td><td class=\"column-2\">290<\/td><td class=\"column-3\">710<\/td><td class=\"column-4\">484<\/td><td class=\"column-5\">1183<\/td><td class=\"column-6\">629<\/td><td class=\"column-7\">1539<\/td>\n<\/tr>\n<tr class=\"row-16 even\">\n\t<td class=\"column-1\">1,8m * 5m<\/td><td class=\"column-2\">347<\/td><td class=\"column-3\">707<\/td><td class=\"column-4\">579<\/td><td class=\"column-5\">1179<\/td><td class=\"column-6\">752<\/td><td class=\"column-7\">1535<\/td>\n<\/tr>\n<tr class=\"row-17 odd\">\n\t<td class=\"column-1\">1,8m * 6m<\/td><td class=\"column-2\">430<\/td><td class=\"column-3\">875<\/td><td class=\"column-4\">695<\/td><td class=\"column-5\">1395<\/td><td class=\"column-6\">896<\/td><td class=\"column-7\">1806<\/td>\n<\/tr>\n<tr class=\"row-18 even\">\n\t<td class=\"column-1\">2m * 3,5m<\/td><td class=\"column-2\">272<\/td><td class=\"column-3\">507<\/td><td class=\"column-4\">454<\/td><td class=\"column-5\">845<\/td><td class=\"column-6\">590<\/td><td class=\"column-7\">1099<\/td>\n<\/tr>\n<tr class=\"row-19 odd\">\n\t<td class=\"column-1\">2m * 4,5m<\/td><td class=\"column-2\">374<\/td><td class=\"column-3\">697<\/td><td class=\"column-4\">624<\/td><td class=\"column-5\">1161<\/td><td class=\"column-6\">811<\/td><td class=\"column-7\">1509<\/td>\n<\/tr>\n<tr class=\"row-20 even\">\n\t<td class=\"column-1\">2,1m * 5m<\/td><td class=\"column-2\">467<\/td><td class=\"column-3\">814<\/td><td class=\"column-4\">778<\/td><td class=\"column-5\">1357<\/td><td class=\"column-6\">1011<\/td><td class=\"column-7\">1760<\/td>\n<\/tr>\n<tr class=\"row-21 odd\">\n\t<td class=\"column-1\">2.1m * 5.5m<\/td><td class=\"column-2\">537<\/td><td class=\"column-3\">937<\/td><td class=\"column-4\">895<\/td><td class=\"column-5\">1561<\/td><td class=\"column-6\">1163<\/td><td class=\"column-7\">2028<\/td>\n<\/tr>\n<tr class=\"row-22 even\">\n\t<td class=\"column-1\">2,1m * 6m<\/td><td class=\"column-2\">602<\/td><td class=\"column-3\">1015<\/td><td class=\"column-4\">985<\/td><td class=\"column-5\">1689<\/td><td class=\"column-6\">1298<\/td><td class=\"column-7\">2195<\/td>\n<\/tr>\n<tr class=\"row-23 odd\">\n\t<td class=\"column-1\">2.5m * 4m<\/td><td class=\"column-2\">481<\/td><td class=\"column-3\">718<\/td><td class=\"column-4\">801<\/td><td class=\"column-5\">1797<\/td><td class=\"column-6\">1041<\/td><td class=\"column-7\">1556<\/td>\n<\/tr>\n<tr class=\"row-24 even\">\n\t<td class=\"column-1\">2.5m * 5.5m<\/td><td class=\"column-2\">720<\/td><td class=\"column-3\">1073<\/td><td class=\"column-4\">1200<\/td><td class=\"column-5\">1788<\/td><td class=\"column-6\">1560<\/td><td class=\"column-7\">2324<\/td>\n<\/tr>\n<tr class=\"row-25 odd\">\n\t<td class=\"column-1\">2,7m * 4,5m<\/td><td class=\"column-2\">634<\/td><td class=\"column-3\">859<\/td><td class=\"column-4\">56<\/td><td class=\"column-5\">1432<\/td><td class=\"column-6\">1372<\/td><td class=\"column-7\">1859<\/td>\n<\/tr>\n<tr class=\"row-26 even\">\n\t<td class=\"column-1\">2.7m * 5.5m<\/td><td class=\"column-2\">840<\/td><td class=\"column-3\">1140<\/td><td class=\"column-4\">1399<\/td><td class=\"column-5\">1899<\/td><td class=\"column-6\">1820<\/td><td class=\"column-7\">2469<\/td>\n<\/tr>\n<tr class=\"row-27 odd\">\n\t<td class=\"column-1\">2,7m * 6,5m<\/td><td class=\"column-2\">1072<\/td><td class=\"column-3\">1455<\/td><td class=\"column-4\">1787<\/td><td class=\"column-5\">2424<\/td><td class=\"column-6\">2323<\/td><td class=\"column-7\">3154<\/td>\n<\/tr>\n<tr class=\"row-28 even\">\n\t<td class=\"column-1\">3m * 5,5m<\/td><td class=\"column-2\">1023<\/td><td class=\"column-3\">1249<\/td><td class=\"column-4\">1706<\/td><td class=\"column-5\">2082<\/td><td class=\"column-6\">2217<\/td><td class=\"column-7\">2705<\/td>\n<\/tr>\n<tr class=\"row-29 odd\">\n\t<td class=\"column-1\">3m * 6m<\/td><td class=\"column-2\">1111<\/td><td class=\"column-3\">1377<\/td><td class=\"column-4\">1851<\/td><td class=\"column-5\">2295<\/td><td class=\"column-6\">2406<\/td><td class=\"column-7\">2984<\/td>\n<\/tr>\n<tr class=\"row-30 even\">\n\t<td class=\"column-1\">3m * 7m<\/td><td class=\"column-2\">1335<\/td><td class=\"column-3\">1689<\/td><td class=\"column-4\">2215<\/td><td class=\"column-5\">2721<\/td><td class=\"column-6\">2889<\/td><td class=\"column-7\">2532<\/td>\n<\/tr>\n<tr class=\"row-31 odd\">\n\t<td class=\"column-1\">3,3m * 4,5m<\/td><td class=\"column-2\">899<\/td><td class=\"column-3\">1014<\/td><td class=\"column-4\">1498<\/td><td class=\"column-5\">1690<\/td><td class=\"column-6\">1974<\/td><td class=\"column-7\">2197<\/td>\n<\/tr>\n<tr class=\"row-32 even\">\n\t<td class=\"column-1\">3,3m * 6,5m<\/td><td class=\"column-2\">1453<\/td><td class=\"column-3\">1639<\/td><td class=\"column-4\">2421<\/td><td class=\"column-5\">2731<\/td><td class=\"column-6\">3147<\/td><td class=\"column-7\">3550<\/td>\n<\/tr>\n<tr class=\"row-33 odd\">\n\t<td class=\"column-1\">3.4m * 6.5m<\/td><td class=\"column-2\">1554<\/td><td class=\"column-3\">1725<\/td><td class=\"column-4\">2590<\/td><td class=\"column-5\">2874<\/td><td class=\"column-6\">3366<\/td><td class=\"column-7\">3737<\/td>\n<\/tr>\n<tr class=\"row-34 even\">\n\t<td class=\"column-1\">4m * 8m<\/td><td class=\"column-2\">2636<\/td><td class=\"column-3\">2629<\/td><td class=\"column-4\">4393<\/td><td class=\"column-5\">4381<\/td><td class=\"column-6\">\/<\/td><td class=\"column-7\">\/<\/td>\n<\/tr>\n<\/tbody>\n<\/table>\n<!-- #tablepress-6 from cache --><\/p>\n<p>&nbsp;<\/p>\n<figure id=\"attachment_4690\" aria-describedby=\"caption-attachment-4690\" style=\"width: 800px\" class=\"wp-caption aligncenter\"><img loading=\"lazy\" decoding=\"async\" class=\"wp-image-4690\" src=\"http:\/\/wingomarine.com\/wp-content\/uploads\/2021\/07\/Eva-Foam-filled-fenders-with-tire-chain-nets.jpg\" alt=\"\" width=\"800\" height=\"600\" srcset=\"https:\/\/wingomarine.com\/wp-content\/uploads\/2021\/07\/Eva-Foam-filled-fenders-with-tire-chain-nets.jpg 600w, https:\/\/wingomarine.com\/wp-content\/uploads\/2021\/07\/Eva-Foam-filled-fenders-with-tire-chain-nets-300x225.jpg 300w\" sizes=\"(max-width: 800px) 100vw, 800px\" \/><figcaption id=\"caption-attachment-4690\" class=\"wp-caption-text\">Eva Foam filled fenders with tire-chain nets to get a longer service life.<\/figcaption><\/figure>\n<p>&nbsp;<\/p>\n<p><strong>Bitte z\u00f6gern Sie nicht, uns eine Nachricht zukommen zu lassen, wenn Sie Fragen oder W\u00fcnsche haben.<\/strong><\/p>","protected":false},"excerpt":{"rendered":"<p>EVA-Schaum-gef\u00fclltes Schutzblech <strong>(IMPA-CODE 232416) <\/strong>ist eine weitere gute Option f\u00fcr Schiffsfender. Es ist der ultimative, perfekte Schutz f\u00fcr Schiffe, Hafenboote, Docks. Konstruiert mit dem neuesten Design und Spray Polyurea Elastic (SPUA) Technologie, EVA-Schaum-gef\u00fcllte Marine Fender bieten wird eine bew\u00e4hrte und qualitativ hochwertige L\u00f6sung sein.<\/p>","protected":false},"featured_media":2259,"comment_status":"open","ping_status":"closed","template":"","meta":[],"product_cat":[18],"product_tag":[],"yoast_head":"<!-- This site is optimized with the Yoast SEO plugin v23.5 - https:\/\/yoast.com\/wordpress\/plugins\/seo\/ -->\n<title>EVA Foam Fenders Supplier &amp; Manufacturer<\/title>\n<meta name=\"description\" content=\"EVA foam-filled fenders are replacing the traditional rubber fender. They have a lot of advantages, wonderful marine fenders! Contact us now.\" \/>\n<meta name=\"robots\" content=\"index, follow, max-snippet:-1, max-image-preview:large, max-video-preview:-1\" \/>\n<link rel=\"canonical\" href=\"https:\/\/wingomarine.com\/de\/produkt\/eva-foam-filled-fender\/\" \/>\n<meta property=\"og:locale\" content=\"de_DE\" \/>\n<meta property=\"og:type\" content=\"article\" \/>\n<meta property=\"og:title\" content=\"EVA Foam Fenders Supplier &amp; Manufacturer\" \/>\n<meta property=\"og:description\" content=\"EVA foam-filled fenders are replacing the traditional rubber fender. They have a lot of advantages, wonderful marine fenders! Contact us now.\" \/>\n<meta property=\"og:url\" content=\"https:\/\/wingomarine.com\/de\/produkt\/eva-foam-filled-fender\/\" \/>\n<meta property=\"og:site_name\" content=\"Wingo Marine\" \/>\n<meta property=\"article:modified_time\" content=\"2026-03-24T02:36:39+00:00\" \/>\n<meta property=\"og:image\" content=\"http:\/\/wingomarine.com\/wp-content\/uploads\/2021\/07\/SPUA-EVA-foam-filled-fenders-manufactoryer.png\" \/>\n\t<meta property=\"og:image:width\" content=\"600\" \/>\n\t<meta property=\"og:image:height\" content=\"600\" \/>\n\t<meta property=\"og:image:type\" content=\"image\/png\" \/>\n<meta name=\"twitter:card\" content=\"summary_large_image\" \/>\n<meta name=\"twitter:label1\" content=\"Gesch\u00e4tzte Lesezeit\" \/>\n\t<meta name=\"twitter:data1\" content=\"3\u00a0Minuten\" \/>\n<script type=\"application\/ld+json\" class=\"yoast-schema-graph\">{\"@context\":\"https:\/\/schema.org\",\"@graph\":[{\"@type\":\"WebPage\",\"@id\":\"https:\/\/wingomarine.com\/product\/eva-foam-filled-fender\/\",\"url\":\"https:\/\/wingomarine.com\/product\/eva-foam-filled-fender\/\",\"name\":\"EVA Foam Fenders Supplier & Manufacturer\",\"isPartOf\":{\"@id\":\"https:\/\/wingomarine.com\/#website\"},\"primaryImageOfPage\":{\"@id\":\"https:\/\/wingomarine.com\/product\/eva-foam-filled-fender\/#primaryimage\"},\"image\":{\"@id\":\"https:\/\/wingomarine.com\/product\/eva-foam-filled-fender\/#primaryimage\"},\"thumbnailUrl\":\"https:\/\/wingomarine.com\/wp-content\/uploads\/2021\/07\/SPUA-EVA-foam-filled-fenders-manufactoryer.png\",\"datePublished\":\"2021-07-01T17:34:13+00:00\",\"dateModified\":\"2026-03-24T02:36:39+00:00\",\"description\":\"EVA foam-filled fenders are replacing the traditional rubber fender. They have a lot of advantages, wonderful marine fenders! Contact us now.\",\"breadcrumb\":{\"@id\":\"https:\/\/wingomarine.com\/product\/eva-foam-filled-fender\/#breadcrumb\"},\"inLanguage\":\"de\",\"potentialAction\":[{\"@type\":\"ReadAction\",\"target\":[\"https:\/\/wingomarine.com\/product\/eva-foam-filled-fender\/\"]}]},{\"@type\":\"ImageObject\",\"inLanguage\":\"de\",\"@id\":\"https:\/\/wingomarine.com\/product\/eva-foam-filled-fender\/#primaryimage\",\"url\":\"https:\/\/wingomarine.com\/wp-content\/uploads\/2021\/07\/SPUA-EVA-foam-filled-fenders-manufactoryer.png\",\"contentUrl\":\"https:\/\/wingomarine.com\/wp-content\/uploads\/2021\/07\/SPUA-EVA-foam-filled-fenders-manufactoryer.png\",\"width\":600,\"height\":600,\"caption\":\"EVA Foam Filled Fender\"},{\"@type\":\"BreadcrumbList\",\"@id\":\"https:\/\/wingomarine.com\/product\/eva-foam-filled-fender\/#breadcrumb\",\"itemListElement\":[{\"@type\":\"ListItem\",\"position\":1,\"name\":\"Home\",\"item\":\"https:\/\/wingomarine.com\/\"},{\"@type\":\"ListItem\",\"position\":2,\"name\":\"Products\",\"item\":\"https:\/\/wingomarine.com\/products\/\"},{\"@type\":\"ListItem\",\"position\":3,\"name\":\"EVA Foam Filled Fender\"}]},{\"@type\":\"WebSite\",\"@id\":\"https:\/\/wingomarine.com\/#website\",\"url\":\"https:\/\/wingomarine.com\/\",\"name\":\"Wingo Marine\",\"description\":\"Chinese top manufacturer for marine fenders, since 1988. | Wingo Marine\",\"publisher\":{\"@id\":\"https:\/\/wingomarine.com\/#organization\"},\"potentialAction\":[{\"@type\":\"SearchAction\",\"target\":{\"@type\":\"EntryPoint\",\"urlTemplate\":\"https:\/\/wingomarine.com\/?s={search_term_string}\"},\"query-input\":{\"@type\":\"PropertyValueSpecification\",\"valueRequired\":true,\"valueName\":\"search_term_string\"}}],\"inLanguage\":\"de\"},{\"@type\":\"Organization\",\"@id\":\"https:\/\/wingomarine.com\/#organization\",\"name\":\"Qingdao Wingo Marine Co., Ltd\",\"url\":\"https:\/\/wingomarine.com\/\",\"logo\":{\"@type\":\"ImageObject\",\"inLanguage\":\"de\",\"@id\":\"https:\/\/wingomarine.com\/#\/schema\/logo\/image\/\",\"url\":\"http:\/\/wingomarine.com\/wp-content\/uploads\/2021\/10\/WINGO-MARINE-floating-yokohama-pneumatic-rubber-fenders-manufacturer.png\",\"contentUrl\":\"http:\/\/wingomarine.com\/wp-content\/uploads\/2021\/10\/WINGO-MARINE-floating-yokohama-pneumatic-rubber-fenders-manufacturer.png\",\"width\":336,\"height\":118,\"caption\":\"Qingdao Wingo Marine Co., Ltd\"},\"image\":{\"@id\":\"https:\/\/wingomarine.com\/#\/schema\/logo\/image\/\"}}]}<\/script>\n<!-- \/ Yoast SEO plugin. -->","yoast_head_json":{"title":"EVA Foam Fenders Supplier & Manufacturer","description":"EVA foam-filled fenders are replacing the traditional rubber fender. They have a lot of advantages, wonderful marine fenders! Contact us now.","robots":{"index":"index","follow":"follow","max-snippet":"max-snippet:-1","max-image-preview":"max-image-preview:large","max-video-preview":"max-video-preview:-1"},"canonical":"https:\/\/wingomarine.com\/de\/produkt\/eva-foam-filled-fender\/","og_locale":"de_DE","og_type":"article","og_title":"EVA Foam Fenders Supplier & Manufacturer","og_description":"EVA foam-filled fenders are replacing the traditional rubber fender. They have a lot of advantages, wonderful marine fenders! Contact us now.","og_url":"https:\/\/wingomarine.com\/de\/produkt\/eva-foam-filled-fender\/","og_site_name":"Wingo Marine","article_modified_time":"2026-03-24T02:36:39+00:00","og_image":[{"width":600,"height":600,"url":"http:\/\/wingomarine.com\/wp-content\/uploads\/2021\/07\/SPUA-EVA-foam-filled-fenders-manufactoryer.png","type":"image\/png"}],"twitter_card":"summary_large_image","twitter_misc":{"Gesch\u00e4tzte Lesezeit":"3\u00a0Minuten"},"schema":{"@context":"https:\/\/schema.org","@graph":[{"@type":"WebPage","@id":"https:\/\/wingomarine.com\/product\/eva-foam-filled-fender\/","url":"https:\/\/wingomarine.com\/product\/eva-foam-filled-fender\/","name":"EVA Foam Fenders Supplier & Manufacturer","isPartOf":{"@id":"https:\/\/wingomarine.com\/#website"},"primaryImageOfPage":{"@id":"https:\/\/wingomarine.com\/product\/eva-foam-filled-fender\/#primaryimage"},"image":{"@id":"https:\/\/wingomarine.com\/product\/eva-foam-filled-fender\/#primaryimage"},"thumbnailUrl":"https:\/\/wingomarine.com\/wp-content\/uploads\/2021\/07\/SPUA-EVA-foam-filled-fenders-manufactoryer.png","datePublished":"2021-07-01T17:34:13+00:00","dateModified":"2026-03-24T02:36:39+00:00","description":"EVA foam-filled fenders are replacing the traditional rubber fender. They have a lot of advantages, wonderful marine fenders! Contact us now.","breadcrumb":{"@id":"https:\/\/wingomarine.com\/product\/eva-foam-filled-fender\/#breadcrumb"},"inLanguage":"de","potentialAction":[{"@type":"ReadAction","target":["https:\/\/wingomarine.com\/product\/eva-foam-filled-fender\/"]}]},{"@type":"ImageObject","inLanguage":"de","@id":"https:\/\/wingomarine.com\/product\/eva-foam-filled-fender\/#primaryimage","url":"https:\/\/wingomarine.com\/wp-content\/uploads\/2021\/07\/SPUA-EVA-foam-filled-fenders-manufactoryer.png","contentUrl":"https:\/\/wingomarine.com\/wp-content\/uploads\/2021\/07\/SPUA-EVA-foam-filled-fenders-manufactoryer.png","width":600,"height":600,"caption":"EVA Foam Filled Fender"},{"@type":"BreadcrumbList","@id":"https:\/\/wingomarine.com\/product\/eva-foam-filled-fender\/#breadcrumb","itemListElement":[{"@type":"ListItem","position":1,"name":"Home","item":"https:\/\/wingomarine.com\/"},{"@type":"ListItem","position":2,"name":"Products","item":"https:\/\/wingomarine.com\/products\/"},{"@type":"ListItem","position":3,"name":"EVA Foam Filled Fender"}]},{"@type":"WebSite","@id":"https:\/\/wingomarine.com\/#website","url":"https:\/\/wingomarine.com\/","name":"Wingo Marine","description":"Chinese top manufacturer for marine fenders, since 1988. | Wingo Marine","publisher":{"@id":"https:\/\/wingomarine.com\/#organization"},"potentialAction":[{"@type":"SearchAction","target":{"@type":"EntryPoint","urlTemplate":"https:\/\/wingomarine.com\/?s={search_term_string}"},"query-input":{"@type":"PropertyValueSpecification","valueRequired":true,"valueName":"search_term_string"}}],"inLanguage":"de"},{"@type":"Organization","@id":"https:\/\/wingomarine.com\/#organization","name":"Qingdao Wingo Marine Co., Ltd","url":"https:\/\/wingomarine.com\/","logo":{"@type":"ImageObject","inLanguage":"de","@id":"https:\/\/wingomarine.com\/#\/schema\/logo\/image\/","url":"http:\/\/wingomarine.com\/wp-content\/uploads\/2021\/10\/WINGO-MARINE-floating-yokohama-pneumatic-rubber-fenders-manufacturer.png","contentUrl":"http:\/\/wingomarine.com\/wp-content\/uploads\/2021\/10\/WINGO-MARINE-floating-yokohama-pneumatic-rubber-fenders-manufacturer.png","width":336,"height":118,"caption":"Qingdao Wingo Marine Co., Ltd"},"image":{"@id":"https:\/\/wingomarine.com\/#\/schema\/logo\/image\/"}}]}},"_links":{"self":[{"href":"https:\/\/wingomarine.com\/de\/wp-json\/wp\/v2\/product\/68"}],"collection":[{"href":"https:\/\/wingomarine.com\/de\/wp-json\/wp\/v2\/product"}],"about":[{"href":"https:\/\/wingomarine.com\/de\/wp-json\/wp\/v2\/types\/product"}],"replies":[{"embeddable":true,"href":"https:\/\/wingomarine.com\/de\/wp-json\/wp\/v2\/comments?post=68"}],"wp:featuredmedia":[{"embeddable":true,"href":"https:\/\/wingomarine.com\/de\/wp-json\/wp\/v2\/media\/2259"}],"wp:attachment":[{"href":"https:\/\/wingomarine.com\/de\/wp-json\/wp\/v2\/media?parent=68"}],"wp:term":[{"taxonomy":"product_cat","embeddable":true,"href":"https:\/\/wingomarine.com\/de\/wp-json\/wp\/v2\/product_cat?post=68"},{"taxonomy":"product_tag","embeddable":true,"href":"https:\/\/wingomarine.com\/de\/wp-json\/wp\/v2\/product_tag?post=68"}],"curies":[{"name":"wp","href":"https:\/\/api.w.org\/{rel}","templated":true}]}}