{"id":67,"date":"2021-07-02T01:33:32","date_gmt":"2021-07-01T17:33:32","guid":{"rendered":"http:\/\/wingomarine.com\/?post_type=product&#038;p=67"},"modified":"2026-03-24T10:38:53","modified_gmt":"2026-03-24T02:38:53","slug":"portable-foam-fender","status":"publish","type":"product","link":"https:\/\/wingomarine.com\/es\/producto\/portable-foam-fender\/","title":{"rendered":"Defensa port\u00e1til de espuma"},"content":{"rendered":"<p><strong>Peque\u00f1a defensa port\u00e1til rellena de espuma EVA tambi\u00e9n conocida como Mini Fender. Es un tipo de suministro de buques para los buques peque\u00f1os para desempe\u00f1ar el papel de amortiguaci\u00f3n de anclaje y protecci\u00f3n.<\/strong><\/p>\n<p>En los \u00faltimos a\u00f1os, con el continuo desarrollo de la industria de barcos peque\u00f1os y yates, este tipo de defensa de espuma port\u00e1til se utiliza ampliamente en yates, lanchas r\u00e1pidas, embarcaderos de yates y plataformas flotantes.<\/p>\n<p>Es una bola s\u00f3lida hecha de alta calidad EVA materia prima de alta elasticidad, lleno de espuma el\u00e1stica EVA en el interior del producto puede flotar en la superficie del agua, y el da\u00f1o hidrof\u00f3bico no absorbe el agua a hundirse, a fin de servir como un importante medio de amortiguaci\u00f3n para el atraque de buques y embarcaciones y el atraque del muelle.<\/p>\n<p>En comparaci\u00f3n con las defensas inflables de PVC en general, la defensa rellena de espuma EVA es m\u00e1s duradera, larga vida \u00fatil y resistencia al desgaste son de caucho ordinario y defensas de PVC muchas veces.  EVA tiempo peque\u00f1o guardabarros es mejor que otros materiales guardabarros. El efecto antifouling es bueno, incluso dos barcos frotando uno contra el otro no dejar\u00e1 ning\u00fan rastro. La protecci\u00f3n del medio ambiente seguro libre de contaminaci\u00f3n es colorido, aspecto liso, hermoso y bello.<\/p>\n<p><strong>Las especificaciones, la forma, el estilo y los colores pueden personalizarse.<\/strong><\/p>\n<figure id=\"attachment_3678\" aria-describedby=\"caption-attachment-3678\" style=\"width: 600px\" class=\"wp-caption aligncenter\"><img fetchpriority=\"high\" decoding=\"async\" class=\"wp-image-3678 size-full\" src=\"http:\/\/wingomarine.com\/wp-content\/uploads\/2021\/07\/Portable-foam-fenders-with-rope-nets-were-ready.jpg\" alt=\"\" width=\"600\" height=\"450\" srcset=\"https:\/\/wingomarine.com\/wp-content\/uploads\/2021\/07\/Portable-foam-fenders-with-rope-nets-were-ready.jpg 600w, https:\/\/wingomarine.com\/wp-content\/uploads\/2021\/07\/Portable-foam-fenders-with-rope-nets-were-ready-300x225.jpg 300w\" sizes=\"(max-width: 600px) 100vw, 600px\" \/><figcaption id=\"caption-attachment-3678\" class=\"wp-caption-text\">Las defensas port\u00e1tiles de espuma con redes de cuerda estaban listas<\/figcaption><\/figure>\n<p><strong>Acerca de la espuma EVA y la poliurea<\/strong><\/p>\n<ul>\n<li>Ventajas de la espuma cerrada de c\u00e9lula EVA: buena amortiguaci\u00f3n, resistencia a terremotos, aislamiento t\u00e9rmico, resistencia a la humedad, resistencia a la corrosi\u00f3n qu\u00edmica, no t\u00f3xica, no absorbe agua, fuerte y duradera, bajo coste de mantenimiento.<\/li>\n<li>Spray Polyurea Elastic(SPUA) ventajas de la superficie: evitar la luz ultravioleta, impermeable y anticorrosivo, resistencia al desgaste de las espinas, y resistir a los organismos marinos par\u00e1sitos. El color se puede personalizar seg\u00fan la carta de colores Pantone.<\/li>\n<\/ul>\n<p>&nbsp;<\/p>\n<p><strong>No dude en enviarnos un mensaje si tiene alguna pregunta o petici\u00f3n.<\/strong><\/p>","protected":false},"excerpt":{"rendered":"<p>Peque\u00f1a defensa port\u00e1til rellena de espuma EVA tambi\u00e9n conocida como Mini Fender. Es un tipo de suministro de buques para los buques peque\u00f1os para desempe\u00f1ar el papel de amortiguaci\u00f3n de anclaje y protecci\u00f3n.<\/p>","protected":false},"featured_media":2339,"comment_status":"open","ping_status":"closed","template":"","meta":[],"product_cat":[18],"product_tag":[],"yoast_head":"<!-- This site is optimized with the Yoast SEO plugin v23.5 - https:\/\/yoast.com\/wordpress\/plugins\/seo\/ -->\n<title>Portable EVA Foam Fender | Small Standard Duty Foam Filled Fenders Supplier &amp; Manufacturer - Wingo Marine<\/title>\n<meta name=\"description\" content=\"Wingo is protable foam fenders supplier &amp; manufacturer since 1988 in China. Instead of PVC balls, now they are widly used for yachts. Colors and sizes can be customized. Fell free to contact us for your needs.\" \/>\n<meta name=\"robots\" content=\"index, follow, max-snippet:-1, max-image-preview:large, max-video-preview:-1\" \/>\n<link rel=\"canonical\" href=\"https:\/\/wingomarine.com\/es\/producto\/portable-foam-fender\/\" \/>\n<meta property=\"og:locale\" content=\"es_ES\" \/>\n<meta property=\"og:type\" content=\"article\" \/>\n<meta property=\"og:title\" content=\"Portable EVA Foam Fender | Small Standard Duty Foam Filled Fenders Supplier &amp; Manufacturer - Wingo Marine\" \/>\n<meta property=\"og:description\" content=\"Wingo is protable foam fenders supplier &amp; manufacturer since 1988 in China. Instead of PVC balls, now they are widly used for yachts. Colors and sizes can be customized. Fell free to contact us for your needs.\" \/>\n<meta property=\"og:url\" content=\"https:\/\/wingomarine.com\/es\/producto\/portable-foam-fender\/\" \/>\n<meta property=\"og:site_name\" content=\"Wingo Marine\" \/>\n<meta property=\"article:modified_time\" content=\"2026-03-24T02:38:53+00:00\" \/>\n<meta property=\"og:image\" content=\"http:\/\/wingomarine.com\/wp-content\/uploads\/2021\/07\/portable-EVA-foam-fender-spua-polyurea-foam-floating-fenders-supplier.png\" \/>\n\t<meta property=\"og:image:width\" content=\"600\" \/>\n\t<meta property=\"og:image:height\" content=\"600\" \/>\n\t<meta property=\"og:image:type\" content=\"image\/png\" \/>\n<meta name=\"twitter:card\" content=\"summary_large_image\" \/>\n<meta name=\"twitter:label1\" content=\"Tiempo de lectura\" \/>\n\t<meta name=\"twitter:data1\" content=\"2 minutos\" \/>\n<script type=\"application\/ld+json\" class=\"yoast-schema-graph\">{\"@context\":\"https:\/\/schema.org\",\"@graph\":[{\"@type\":\"WebPage\",\"@id\":\"https:\/\/wingomarine.com\/product\/portable-foam-fender\/\",\"url\":\"https:\/\/wingomarine.com\/product\/portable-foam-fender\/\",\"name\":\"Portable EVA Foam Fender | Small Standard Duty Foam Filled Fenders Supplier & Manufacturer - Wingo Marine\",\"isPartOf\":{\"@id\":\"https:\/\/wingomarine.com\/#website\"},\"primaryImageOfPage\":{\"@id\":\"https:\/\/wingomarine.com\/product\/portable-foam-fender\/#primaryimage\"},\"image\":{\"@id\":\"https:\/\/wingomarine.com\/product\/portable-foam-fender\/#primaryimage\"},\"thumbnailUrl\":\"https:\/\/wingomarine.com\/wp-content\/uploads\/2021\/07\/portable-EVA-foam-fender-spua-polyurea-foam-floating-fenders-supplier.png\",\"datePublished\":\"2021-07-01T17:33:32+00:00\",\"dateModified\":\"2026-03-24T02:38:53+00:00\",\"description\":\"Wingo is protable foam fenders supplier & manufacturer since 1988 in China. Instead of PVC balls, now they are widly used for yachts. Colors and sizes can be customized. Fell free to contact us for your needs.\",\"breadcrumb\":{\"@id\":\"https:\/\/wingomarine.com\/product\/portable-foam-fender\/#breadcrumb\"},\"inLanguage\":\"es\",\"potentialAction\":[{\"@type\":\"ReadAction\",\"target\":[\"https:\/\/wingomarine.com\/product\/portable-foam-fender\/\"]}]},{\"@type\":\"ImageObject\",\"inLanguage\":\"es\",\"@id\":\"https:\/\/wingomarine.com\/product\/portable-foam-fender\/#primaryimage\",\"url\":\"https:\/\/wingomarine.com\/wp-content\/uploads\/2021\/07\/portable-EVA-foam-fender-spua-polyurea-foam-floating-fenders-supplier.png\",\"contentUrl\":\"https:\/\/wingomarine.com\/wp-content\/uploads\/2021\/07\/portable-EVA-foam-fender-spua-polyurea-foam-floating-fenders-supplier.png\",\"width\":600,\"height\":600,\"caption\":\"Protable Foam Fender\"},{\"@type\":\"BreadcrumbList\",\"@id\":\"https:\/\/wingomarine.com\/product\/portable-foam-fender\/#breadcrumb\",\"itemListElement\":[{\"@type\":\"ListItem\",\"position\":1,\"name\":\"Home\",\"item\":\"https:\/\/wingomarine.com\/\"},{\"@type\":\"ListItem\",\"position\":2,\"name\":\"Products\",\"item\":\"https:\/\/wingomarine.com\/products\/\"},{\"@type\":\"ListItem\",\"position\":3,\"name\":\"Portable Foam Fender\"}]},{\"@type\":\"WebSite\",\"@id\":\"https:\/\/wingomarine.com\/#website\",\"url\":\"https:\/\/wingomarine.com\/\",\"name\":\"Wingo Marine\",\"description\":\"Chinese top manufacturer for marine fenders, since 1988. | Wingo Marine\",\"publisher\":{\"@id\":\"https:\/\/wingomarine.com\/#organization\"},\"potentialAction\":[{\"@type\":\"SearchAction\",\"target\":{\"@type\":\"EntryPoint\",\"urlTemplate\":\"https:\/\/wingomarine.com\/?s={search_term_string}\"},\"query-input\":{\"@type\":\"PropertyValueSpecification\",\"valueRequired\":true,\"valueName\":\"search_term_string\"}}],\"inLanguage\":\"es\"},{\"@type\":\"Organization\",\"@id\":\"https:\/\/wingomarine.com\/#organization\",\"name\":\"Qingdao Wingo Marine Co., Ltd\",\"url\":\"https:\/\/wingomarine.com\/\",\"logo\":{\"@type\":\"ImageObject\",\"inLanguage\":\"es\",\"@id\":\"https:\/\/wingomarine.com\/#\/schema\/logo\/image\/\",\"url\":\"http:\/\/wingomarine.com\/wp-content\/uploads\/2021\/10\/WINGO-MARINE-floating-yokohama-pneumatic-rubber-fenders-manufacturer.png\",\"contentUrl\":\"http:\/\/wingomarine.com\/wp-content\/uploads\/2021\/10\/WINGO-MARINE-floating-yokohama-pneumatic-rubber-fenders-manufacturer.png\",\"width\":336,\"height\":118,\"caption\":\"Qingdao Wingo Marine Co., Ltd\"},\"image\":{\"@id\":\"https:\/\/wingomarine.com\/#\/schema\/logo\/image\/\"}}]}<\/script>\n<!-- \/ Yoast SEO plugin. -->","yoast_head_json":{"title":"Portable EVA Foam Fender | Small Standard Duty Foam Filled Fenders Supplier & Manufacturer - Wingo Marine","description":"Wingo is protable foam fenders supplier & manufacturer since 1988 in China. Instead of PVC balls, now they are widly used for yachts. Colors and sizes can be customized. Fell free to contact us for your needs.","robots":{"index":"index","follow":"follow","max-snippet":"max-snippet:-1","max-image-preview":"max-image-preview:large","max-video-preview":"max-video-preview:-1"},"canonical":"https:\/\/wingomarine.com\/es\/producto\/portable-foam-fender\/","og_locale":"es_ES","og_type":"article","og_title":"Portable EVA Foam Fender | Small Standard Duty Foam Filled Fenders Supplier & Manufacturer - Wingo Marine","og_description":"Wingo is protable foam fenders supplier & manufacturer since 1988 in China. Instead of PVC balls, now they are widly used for yachts. Colors and sizes can be customized. Fell free to contact us for your needs.","og_url":"https:\/\/wingomarine.com\/es\/producto\/portable-foam-fender\/","og_site_name":"Wingo Marine","article_modified_time":"2026-03-24T02:38:53+00:00","og_image":[{"width":600,"height":600,"url":"http:\/\/wingomarine.com\/wp-content\/uploads\/2021\/07\/portable-EVA-foam-fender-spua-polyurea-foam-floating-fenders-supplier.png","type":"image\/png"}],"twitter_card":"summary_large_image","twitter_misc":{"Tiempo de lectura":"2 minutos"},"schema":{"@context":"https:\/\/schema.org","@graph":[{"@type":"WebPage","@id":"https:\/\/wingomarine.com\/product\/portable-foam-fender\/","url":"https:\/\/wingomarine.com\/product\/portable-foam-fender\/","name":"Portable EVA Foam Fender | Small Standard Duty Foam Filled Fenders Supplier & Manufacturer - Wingo Marine","isPartOf":{"@id":"https:\/\/wingomarine.com\/#website"},"primaryImageOfPage":{"@id":"https:\/\/wingomarine.com\/product\/portable-foam-fender\/#primaryimage"},"image":{"@id":"https:\/\/wingomarine.com\/product\/portable-foam-fender\/#primaryimage"},"thumbnailUrl":"https:\/\/wingomarine.com\/wp-content\/uploads\/2021\/07\/portable-EVA-foam-fender-spua-polyurea-foam-floating-fenders-supplier.png","datePublished":"2021-07-01T17:33:32+00:00","dateModified":"2026-03-24T02:38:53+00:00","description":"Wingo is protable foam fenders supplier & manufacturer since 1988 in China. Instead of PVC balls, now they are widly used for yachts. Colors and sizes can be customized. Fell free to contact us for your needs.","breadcrumb":{"@id":"https:\/\/wingomarine.com\/product\/portable-foam-fender\/#breadcrumb"},"inLanguage":"es","potentialAction":[{"@type":"ReadAction","target":["https:\/\/wingomarine.com\/product\/portable-foam-fender\/"]}]},{"@type":"ImageObject","inLanguage":"es","@id":"https:\/\/wingomarine.com\/product\/portable-foam-fender\/#primaryimage","url":"https:\/\/wingomarine.com\/wp-content\/uploads\/2021\/07\/portable-EVA-foam-fender-spua-polyurea-foam-floating-fenders-supplier.png","contentUrl":"https:\/\/wingomarine.com\/wp-content\/uploads\/2021\/07\/portable-EVA-foam-fender-spua-polyurea-foam-floating-fenders-supplier.png","width":600,"height":600,"caption":"Protable Foam Fender"},{"@type":"BreadcrumbList","@id":"https:\/\/wingomarine.com\/product\/portable-foam-fender\/#breadcrumb","itemListElement":[{"@type":"ListItem","position":1,"name":"Home","item":"https:\/\/wingomarine.com\/"},{"@type":"ListItem","position":2,"name":"Products","item":"https:\/\/wingomarine.com\/products\/"},{"@type":"ListItem","position":3,"name":"Portable Foam Fender"}]},{"@type":"WebSite","@id":"https:\/\/wingomarine.com\/#website","url":"https:\/\/wingomarine.com\/","name":"Wingo Marine","description":"Chinese top manufacturer for marine fenders, since 1988. | Wingo Marine","publisher":{"@id":"https:\/\/wingomarine.com\/#organization"},"potentialAction":[{"@type":"SearchAction","target":{"@type":"EntryPoint","urlTemplate":"https:\/\/wingomarine.com\/?s={search_term_string}"},"query-input":{"@type":"PropertyValueSpecification","valueRequired":true,"valueName":"search_term_string"}}],"inLanguage":"es"},{"@type":"Organization","@id":"https:\/\/wingomarine.com\/#organization","name":"Qingdao Wingo Marine Co., Ltd","url":"https:\/\/wingomarine.com\/","logo":{"@type":"ImageObject","inLanguage":"es","@id":"https:\/\/wingomarine.com\/#\/schema\/logo\/image\/","url":"http:\/\/wingomarine.com\/wp-content\/uploads\/2021\/10\/WINGO-MARINE-floating-yokohama-pneumatic-rubber-fenders-manufacturer.png","contentUrl":"http:\/\/wingomarine.com\/wp-content\/uploads\/2021\/10\/WINGO-MARINE-floating-yokohama-pneumatic-rubber-fenders-manufacturer.png","width":336,"height":118,"caption":"Qingdao Wingo Marine Co., Ltd"},"image":{"@id":"https:\/\/wingomarine.com\/#\/schema\/logo\/image\/"}}]}},"_links":{"self":[{"href":"https:\/\/wingomarine.com\/es\/wp-json\/wp\/v2\/product\/67"}],"collection":[{"href":"https:\/\/wingomarine.com\/es\/wp-json\/wp\/v2\/product"}],"about":[{"href":"https:\/\/wingomarine.com\/es\/wp-json\/wp\/v2\/types\/product"}],"replies":[{"embeddable":true,"href":"https:\/\/wingomarine.com\/es\/wp-json\/wp\/v2\/comments?post=67"}],"wp:featuredmedia":[{"embeddable":true,"href":"https:\/\/wingomarine.com\/es\/wp-json\/wp\/v2\/media\/2339"}],"wp:attachment":[{"href":"https:\/\/wingomarine.com\/es\/wp-json\/wp\/v2\/media?parent=67"}],"wp:term":[{"taxonomy":"product_cat","embeddable":true,"href":"https:\/\/wingomarine.com\/es\/wp-json\/wp\/v2\/product_cat?post=67"},{"taxonomy":"product_tag","embeddable":true,"href":"https:\/\/wingomarine.com\/es\/wp-json\/wp\/v2\/product_tag?post=67"}],"curies":[{"name":"wp","href":"https:\/\/api.w.org\/{rel}","templated":true}]}}