{"id":71,"date":"2021-07-02T01:36:25","date_gmt":"2021-07-01T17:36:25","guid":{"rendered":"http:\/\/wingomarine.com\/?post_type=product&#038;p=71"},"modified":"2026-03-23T11:39:39","modified_gmt":"2026-03-23T03:39:39","slug":"boat-side-foam-fender","status":"publish","type":"product","link":"https:\/\/wingomarine.com\/es\/producto\/boat-side-foam-fender\/","title":{"rendered":"Defensa lateral de espuma"},"content":{"rendered":"<p><strong>EVA Foam Boat Side Fender is made from a core of closed-cell EVA (Ethylene Vinyl Acetate), which is covered with a tough, abrasive-resistant, flexible polyurea elastomer skin. Foam Fender is more and more used on the boat side, tow, and hull.<\/strong><\/p>\n<p><strong>Ventajas de las defensas laterales de espuma EVA para barcos<\/strong><\/p>\n<ul>\n<li><strong>Peso ligero:<\/strong> La espuma y la poliurea son materiales ligeros. Las defensas de espuma pueden reducir el peso de la embarcaci\u00f3n y aumentar la capacidad de carga.<\/li>\n<li><strong>Durabilidad:<\/strong> La vida \u00fatil de las defensas de espuma puede ser de 10-15 a\u00f1os.<\/li>\n<li><strong>Personalizaci\u00f3n:<\/strong> Foam fenders can be manufactured in different shapes, sizes, and lengths according to the boat\u2019s shape and installation.<\/li>\n<li><strong>Versatilidad:<\/strong> Foam fenders can be used for various kinds of boats.<\/li>\n<\/ul>\n<p>&nbsp;<\/p>\n<p><img fetchpriority=\"high\" decoding=\"async\" class=\"wp-image-4923 size-full aligncenter\" src=\"http:\/\/wingomarine.com\/wp-content\/uploads\/2026\/03\/EVA-Foam-boat-side-fenders.jpg\" alt=\"\" width=\"600\" height=\"500\" srcset=\"https:\/\/wingomarine.com\/wp-content\/uploads\/2026\/03\/EVA-Foam-boat-side-fenders.jpg 600w, https:\/\/wingomarine.com\/wp-content\/uploads\/2026\/03\/EVA-Foam-boat-side-fenders-300x250.jpg 300w, https:\/\/wingomarine.com\/wp-content\/uploads\/2026\/03\/EVA-Foam-boat-side-fenders-14x12.jpg 14w\" sizes=\"(max-width: 600px) 100vw, 600px\" \/><\/p>\n<p><img decoding=\"async\" class=\"wp-image-4922 size-full aligncenter\" src=\"http:\/\/wingomarine.com\/wp-content\/uploads\/2026\/03\/EVA-Foam-boat-side-fenders-1.jpg\" alt=\"\" width=\"600\" height=\"500\" srcset=\"https:\/\/wingomarine.com\/wp-content\/uploads\/2026\/03\/EVA-Foam-boat-side-fenders-1.jpg 600w, https:\/\/wingomarine.com\/wp-content\/uploads\/2026\/03\/EVA-Foam-boat-side-fenders-1-300x250.jpg 300w, https:\/\/wingomarine.com\/wp-content\/uploads\/2026\/03\/EVA-Foam-boat-side-fenders-1-14x12.jpg 14w\" sizes=\"(max-width: 600px) 100vw, 600px\" \/><\/p>\n<p>&nbsp;<\/p>\n<ul>\n<li><strong>Ventajas de la espuma cerrada de c\u00e9lula EVA:<\/strong>\u00a0Buena amortiguaci\u00f3n, resistencia a terremotos, aislamiento t\u00e9rmico, resistencia a la humedad, resistencia a la corrosi\u00f3n qu\u00edmica, no t\u00f3xico, no absorbe agua, fuerte y duradero, bajo coste de mantenimiento.<\/li>\n<li><strong>Ventajas de la superficie de poliurea el\u00e1stica en spray (SPUA):<\/strong> prevents ultraviolet light, waterproof and anticorrosive, wear resistance to thorns, and resists parasitic Marine organisms. Color can be customized according to the Pantone color card.<\/li>\n<\/ul>\n<p><strong>Aplicaciones de las defensas de espuma para barcos<\/strong><\/p>\n<ul>\n<li>Las defensas de espuma laterales\/casco se utilizan principalmente en yates, barcos de negocios, barcos de trabajo, barcos de asalto, remolcadores, barcos de navegaci\u00f3n, etc.<\/li>\n<\/ul>\n<p>&nbsp;<\/p>\n<p><strong>No dude en enviarnos un mensaje si tiene alguna pregunta o petici\u00f3n.<\/strong><\/p>","protected":false},"excerpt":{"rendered":"<p>Las defensas de espuma de EVA est\u00e1n fabricadas con un n\u00facleo de EVA (etilvinilacetato) de c\u00e9lula cerrada recubierto de una piel de elast\u00f3mero de poliurea flexible resistente a la abrasi\u00f3n. Las defensas de espuma se utilizan cada vez m\u00e1s en los laterales, el remolque y el casco de las embarcaciones.<\/p>","protected":false},"featured_media":3195,"comment_status":"open","ping_status":"closed","template":"","meta":[],"product_cat":[18],"product_tag":[],"yoast_head":"<!-- This site is optimized with the Yoast SEO plugin v23.5 - https:\/\/yoast.com\/wordpress\/plugins\/seo\/ -->\n<title>Boat Side Foam Fenders | Tug Fenders Supplier &amp; Manufacturer - Wingo Marine<\/title>\n<meta name=\"description\" content=\"Wingo Marine is a boat-side foam fenders supplier and manufacturer since 1988. The fenders are widely used for tug boats. Fell free to contact us for your needs.\" \/>\n<meta name=\"robots\" content=\"index, follow, max-snippet:-1, max-image-preview:large, max-video-preview:-1\" \/>\n<link rel=\"canonical\" href=\"https:\/\/wingomarine.com\/es\/producto\/boat-side-foam-fender\/\" \/>\n<meta property=\"og:locale\" content=\"es_ES\" \/>\n<meta property=\"og:type\" content=\"article\" \/>\n<meta property=\"og:title\" content=\"Boat Side Foam Fenders | Tug Fenders Supplier &amp; Manufacturer - Wingo Marine\" \/>\n<meta property=\"og:description\" content=\"Wingo Marine is a boat-side foam fenders supplier and manufacturer since 1988. The fenders are widely used for tug boats. Fell free to contact us for your needs.\" \/>\n<meta property=\"og:url\" content=\"https:\/\/wingomarine.com\/es\/producto\/boat-side-foam-fender\/\" \/>\n<meta property=\"og:site_name\" content=\"Wingo Marine\" \/>\n<meta property=\"article:modified_time\" content=\"2026-03-23T03:39:39+00:00\" \/>\n<meta property=\"og:image\" content=\"http:\/\/wingomarine.com\/wp-content\/uploads\/2021\/07\/boat-side-fenders-Eva-foam-fenders-marine-foam-fenders.png\" \/>\n\t<meta property=\"og:image:width\" content=\"600\" \/>\n\t<meta property=\"og:image:height\" content=\"600\" \/>\n\t<meta property=\"og:image:type\" content=\"image\/png\" \/>\n<meta name=\"twitter:card\" content=\"summary_large_image\" \/>\n<meta name=\"twitter:label1\" content=\"Tiempo de lectura\" \/>\n\t<meta name=\"twitter:data1\" content=\"2 minutos\" \/>\n<script type=\"application\/ld+json\" class=\"yoast-schema-graph\">{\"@context\":\"https:\/\/schema.org\",\"@graph\":[{\"@type\":\"WebPage\",\"@id\":\"https:\/\/wingomarine.com\/product\/boat-side-foam-fender\/\",\"url\":\"https:\/\/wingomarine.com\/product\/boat-side-foam-fender\/\",\"name\":\"Boat Side Foam Fenders | Tug Fenders Supplier & Manufacturer - Wingo Marine\",\"isPartOf\":{\"@id\":\"https:\/\/wingomarine.com\/#website\"},\"primaryImageOfPage\":{\"@id\":\"https:\/\/wingomarine.com\/product\/boat-side-foam-fender\/#primaryimage\"},\"image\":{\"@id\":\"https:\/\/wingomarine.com\/product\/boat-side-foam-fender\/#primaryimage\"},\"thumbnailUrl\":\"https:\/\/wingomarine.com\/wp-content\/uploads\/2021\/07\/boat-side-fenders-Eva-foam-fenders-marine-foam-fenders.png\",\"datePublished\":\"2021-07-01T17:36:25+00:00\",\"dateModified\":\"2026-03-23T03:39:39+00:00\",\"description\":\"Wingo Marine is a boat-side foam fenders supplier and manufacturer since 1988. The fenders are widely used for tug boats. Fell free to contact us for your needs.\",\"breadcrumb\":{\"@id\":\"https:\/\/wingomarine.com\/product\/boat-side-foam-fender\/#breadcrumb\"},\"inLanguage\":\"es\",\"potentialAction\":[{\"@type\":\"ReadAction\",\"target\":[\"https:\/\/wingomarine.com\/product\/boat-side-foam-fender\/\"]}]},{\"@type\":\"ImageObject\",\"inLanguage\":\"es\",\"@id\":\"https:\/\/wingomarine.com\/product\/boat-side-foam-fender\/#primaryimage\",\"url\":\"https:\/\/wingomarine.com\/wp-content\/uploads\/2021\/07\/boat-side-fenders-Eva-foam-fenders-marine-foam-fenders.png\",\"contentUrl\":\"https:\/\/wingomarine.com\/wp-content\/uploads\/2021\/07\/boat-side-fenders-Eva-foam-fenders-marine-foam-fenders.png\",\"width\":600,\"height\":600,\"caption\":\"boat side fenders Eva foam fenders marine foam fenders\"},{\"@type\":\"BreadcrumbList\",\"@id\":\"https:\/\/wingomarine.com\/product\/boat-side-foam-fender\/#breadcrumb\",\"itemListElement\":[{\"@type\":\"ListItem\",\"position\":1,\"name\":\"Home\",\"item\":\"https:\/\/wingomarine.com\/\"},{\"@type\":\"ListItem\",\"position\":2,\"name\":\"Products\",\"item\":\"https:\/\/wingomarine.com\/products\/\"},{\"@type\":\"ListItem\",\"position\":3,\"name\":\"Boat Side Foam Fender\"}]},{\"@type\":\"WebSite\",\"@id\":\"https:\/\/wingomarine.com\/#website\",\"url\":\"https:\/\/wingomarine.com\/\",\"name\":\"Wingo Marine\",\"description\":\"Chinese top manufacturer for marine fenders, since 1988. | Wingo Marine\",\"publisher\":{\"@id\":\"https:\/\/wingomarine.com\/#organization\"},\"potentialAction\":[{\"@type\":\"SearchAction\",\"target\":{\"@type\":\"EntryPoint\",\"urlTemplate\":\"https:\/\/wingomarine.com\/?s={search_term_string}\"},\"query-input\":{\"@type\":\"PropertyValueSpecification\",\"valueRequired\":true,\"valueName\":\"search_term_string\"}}],\"inLanguage\":\"es\"},{\"@type\":\"Organization\",\"@id\":\"https:\/\/wingomarine.com\/#organization\",\"name\":\"Qingdao Wingo Marine Co., Ltd\",\"url\":\"https:\/\/wingomarine.com\/\",\"logo\":{\"@type\":\"ImageObject\",\"inLanguage\":\"es\",\"@id\":\"https:\/\/wingomarine.com\/#\/schema\/logo\/image\/\",\"url\":\"http:\/\/wingomarine.com\/wp-content\/uploads\/2021\/10\/WINGO-MARINE-floating-yokohama-pneumatic-rubber-fenders-manufacturer.png\",\"contentUrl\":\"http:\/\/wingomarine.com\/wp-content\/uploads\/2021\/10\/WINGO-MARINE-floating-yokohama-pneumatic-rubber-fenders-manufacturer.png\",\"width\":336,\"height\":118,\"caption\":\"Qingdao Wingo Marine Co., Ltd\"},\"image\":{\"@id\":\"https:\/\/wingomarine.com\/#\/schema\/logo\/image\/\"}}]}<\/script>\n<!-- \/ Yoast SEO plugin. -->","yoast_head_json":{"title":"Boat Side Foam Fenders | Tug Fenders Supplier & Manufacturer - Wingo Marine","description":"Wingo Marine is a boat-side foam fenders supplier and manufacturer since 1988. The fenders are widely used for tug boats. Fell free to contact us for your needs.","robots":{"index":"index","follow":"follow","max-snippet":"max-snippet:-1","max-image-preview":"max-image-preview:large","max-video-preview":"max-video-preview:-1"},"canonical":"https:\/\/wingomarine.com\/es\/producto\/boat-side-foam-fender\/","og_locale":"es_ES","og_type":"article","og_title":"Boat Side Foam Fenders | Tug Fenders Supplier & Manufacturer - Wingo Marine","og_description":"Wingo Marine is a boat-side foam fenders supplier and manufacturer since 1988. The fenders are widely used for tug boats. Fell free to contact us for your needs.","og_url":"https:\/\/wingomarine.com\/es\/producto\/boat-side-foam-fender\/","og_site_name":"Wingo Marine","article_modified_time":"2026-03-23T03:39:39+00:00","og_image":[{"width":600,"height":600,"url":"http:\/\/wingomarine.com\/wp-content\/uploads\/2021\/07\/boat-side-fenders-Eva-foam-fenders-marine-foam-fenders.png","type":"image\/png"}],"twitter_card":"summary_large_image","twitter_misc":{"Tiempo de lectura":"2 minutos"},"schema":{"@context":"https:\/\/schema.org","@graph":[{"@type":"WebPage","@id":"https:\/\/wingomarine.com\/product\/boat-side-foam-fender\/","url":"https:\/\/wingomarine.com\/product\/boat-side-foam-fender\/","name":"Boat Side Foam Fenders | Tug Fenders Supplier & Manufacturer - Wingo Marine","isPartOf":{"@id":"https:\/\/wingomarine.com\/#website"},"primaryImageOfPage":{"@id":"https:\/\/wingomarine.com\/product\/boat-side-foam-fender\/#primaryimage"},"image":{"@id":"https:\/\/wingomarine.com\/product\/boat-side-foam-fender\/#primaryimage"},"thumbnailUrl":"https:\/\/wingomarine.com\/wp-content\/uploads\/2021\/07\/boat-side-fenders-Eva-foam-fenders-marine-foam-fenders.png","datePublished":"2021-07-01T17:36:25+00:00","dateModified":"2026-03-23T03:39:39+00:00","description":"Wingo Marine is a boat-side foam fenders supplier and manufacturer since 1988. The fenders are widely used for tug boats. Fell free to contact us for your needs.","breadcrumb":{"@id":"https:\/\/wingomarine.com\/product\/boat-side-foam-fender\/#breadcrumb"},"inLanguage":"es","potentialAction":[{"@type":"ReadAction","target":["https:\/\/wingomarine.com\/product\/boat-side-foam-fender\/"]}]},{"@type":"ImageObject","inLanguage":"es","@id":"https:\/\/wingomarine.com\/product\/boat-side-foam-fender\/#primaryimage","url":"https:\/\/wingomarine.com\/wp-content\/uploads\/2021\/07\/boat-side-fenders-Eva-foam-fenders-marine-foam-fenders.png","contentUrl":"https:\/\/wingomarine.com\/wp-content\/uploads\/2021\/07\/boat-side-fenders-Eva-foam-fenders-marine-foam-fenders.png","width":600,"height":600,"caption":"boat side fenders Eva foam fenders marine foam fenders"},{"@type":"BreadcrumbList","@id":"https:\/\/wingomarine.com\/product\/boat-side-foam-fender\/#breadcrumb","itemListElement":[{"@type":"ListItem","position":1,"name":"Home","item":"https:\/\/wingomarine.com\/"},{"@type":"ListItem","position":2,"name":"Products","item":"https:\/\/wingomarine.com\/products\/"},{"@type":"ListItem","position":3,"name":"Boat Side Foam Fender"}]},{"@type":"WebSite","@id":"https:\/\/wingomarine.com\/#website","url":"https:\/\/wingomarine.com\/","name":"Wingo Marine","description":"Chinese top manufacturer for marine fenders, since 1988. | Wingo Marine","publisher":{"@id":"https:\/\/wingomarine.com\/#organization"},"potentialAction":[{"@type":"SearchAction","target":{"@type":"EntryPoint","urlTemplate":"https:\/\/wingomarine.com\/?s={search_term_string}"},"query-input":{"@type":"PropertyValueSpecification","valueRequired":true,"valueName":"search_term_string"}}],"inLanguage":"es"},{"@type":"Organization","@id":"https:\/\/wingomarine.com\/#organization","name":"Qingdao Wingo Marine Co., Ltd","url":"https:\/\/wingomarine.com\/","logo":{"@type":"ImageObject","inLanguage":"es","@id":"https:\/\/wingomarine.com\/#\/schema\/logo\/image\/","url":"http:\/\/wingomarine.com\/wp-content\/uploads\/2021\/10\/WINGO-MARINE-floating-yokohama-pneumatic-rubber-fenders-manufacturer.png","contentUrl":"http:\/\/wingomarine.com\/wp-content\/uploads\/2021\/10\/WINGO-MARINE-floating-yokohama-pneumatic-rubber-fenders-manufacturer.png","width":336,"height":118,"caption":"Qingdao Wingo Marine Co., Ltd"},"image":{"@id":"https:\/\/wingomarine.com\/#\/schema\/logo\/image\/"}}]}},"_links":{"self":[{"href":"https:\/\/wingomarine.com\/es\/wp-json\/wp\/v2\/product\/71"}],"collection":[{"href":"https:\/\/wingomarine.com\/es\/wp-json\/wp\/v2\/product"}],"about":[{"href":"https:\/\/wingomarine.com\/es\/wp-json\/wp\/v2\/types\/product"}],"replies":[{"embeddable":true,"href":"https:\/\/wingomarine.com\/es\/wp-json\/wp\/v2\/comments?post=71"}],"wp:featuredmedia":[{"embeddable":true,"href":"https:\/\/wingomarine.com\/es\/wp-json\/wp\/v2\/media\/3195"}],"wp:attachment":[{"href":"https:\/\/wingomarine.com\/es\/wp-json\/wp\/v2\/media?parent=71"}],"wp:term":[{"taxonomy":"product_cat","embeddable":true,"href":"https:\/\/wingomarine.com\/es\/wp-json\/wp\/v2\/product_cat?post=71"},{"taxonomy":"product_tag","embeddable":true,"href":"https:\/\/wingomarine.com\/es\/wp-json\/wp\/v2\/product_tag?post=71"}],"curies":[{"name":"wp","href":"https:\/\/api.w.org\/{rel}","templated":true}]}}