{"id":2673,"date":"2021-10-23T12:28:55","date_gmt":"2021-10-23T04:28:55","guid":{"rendered":"http:\/\/wingomarine.com\/?page_id=2673"},"modified":"2022-06-08T14:09:20","modified_gmt":"2022-06-08T06:09:20","slug":"privacy-notice","status":"publish","type":"page","link":"https:\/\/wingomarine.com\/fr\/privacy-notice\/","title":{"rendered":"Avis de confidentialit\u00e9"},"content":{"rendered":"<div data-elementor-type=\"wp-page\" data-elementor-id=\"2673\" class=\"elementor elementor-2673\">\n\t\t\t\t\t\t<section class=\"elementor-section elementor-top-section elementor-element elementor-element-5b64c5e0 elementor-section-boxed elementor-section-height-default elementor-section-height-default\" data-id=\"5b64c5e0\" data-element_type=\"section\">\n\t\t\t\t\t\t<div class=\"elementor-container elementor-column-gap-default\">\n\t\t\t\t\t<div class=\"elementor-column elementor-col-100 elementor-top-column elementor-element elementor-element-7f8bdb62\" data-id=\"7f8bdb62\" data-element_type=\"column\">\n\t\t\t<div class=\"elementor-widget-wrap elementor-element-populated\">\n\t\t\t\t\t\t<div class=\"elementor-element elementor-element-41e793f uael-dual-heading-align-left elementor-widget elementor-widget-uael-dual-color-heading\" data-id=\"41e793f\" data-element_type=\"widget\" data-widget_type=\"uael-dual-color-heading.default\">\n\t\t\t\t<div class=\"elementor-widget-container\">\n\t\t\t\t\t\t\t\t\t<div class=\"uael-module-content uael-dual-color-heading uael-heading-stack-none\">\n\t\t\t<h1>\n\t\t\t\t\t\t\t\t\t\t\t\t\t\t\t\t<span class=\"uael-before-heading\"><span class=\"elementor-inline-editing uael-dual-heading-text uael-first-text\" data-elementor-setting-key=\"before_heading_text\" data-elementor-inline-editing-toolbar=\"basic\">WINGO MARINE <\/span><\/span><span class=\"uael-adv-heading-stack\"><span class=\"elementor-inline-editing uael-dual-heading-text uael-highlight-text\" data-elementor-setting-key=\"second_heading_text\" data-elementor-inline-editing-toolbar=\"basic\">Avis de confidentialit\u00e9<\/span><\/span>\t\t\t\t\t\t\t\t\t\t\t\t\t<\/h1>\n\t\t<\/div>\n\t\t\t\t\t\t<\/div>\n\t\t\t\t<\/div>\n\t\t\t\t<div class=\"elementor-element elementor-element-25c9f1ae elementor-widget elementor-widget-text-editor\" data-id=\"25c9f1ae\" data-element_type=\"widget\" data-widget_type=\"text-editor.default\">\n\t\t\t\t<div class=\"elementor-widget-container\">\n\t\t\t\t\t\t\t\t\t<p>Votre vie priv\u00e9e est importante pour nous. La politique de WINGO MARINE est de respecter votre vie priv\u00e9e en ce qui concerne les informations que nous pouvons recueillir sur notre site Web, http:\/\/wingomarine.com, et sur d'autres sites que nous poss\u00e9dons et exploitons.<\/p><p>Nous ne demandons des informations personnelles que lorsque nous en avons r\u00e9ellement besoin pour vous fournir un service. Nous les recueillons par des moyens justes et l\u00e9gaux, en toute connaissance de cause et avec votre consentement. Nous vous informons \u00e9galement des raisons pour lesquelles nous les recueillons et de l'usage qui en sera fait.<\/p><p>Nous ne conservons les informations collect\u00e9es que le temps n\u00e9cessaire pour vous fournir le service demand\u00e9. Les donn\u00e9es que nous stockons sont prot\u00e9g\u00e9es par des moyens commercialement acceptables afin d'\u00e9viter la perte et le vol, ainsi que l'acc\u00e8s, la divulgation, la copie, l'utilisation ou la modification non autoris\u00e9s.<\/p><p>Nous ne partageons aucune information d'identification personnelle avec le public ou des tiers, sauf si la loi l'exige.<br \/>Notre site web peut renvoyer \u00e0 des sites externes que nous n'exploitons pas. Veuillez noter que nous n'avons aucun contr\u00f4le sur le contenu et les pratiques de ces sites et que nous ne pouvons \u00eatre tenus responsables de leurs politiques respectives en mati\u00e8re de protection de la vie priv\u00e9e.<br \/>Vous \u00eates libre de refuser que nous vous demandions vos informations personnelles, \u00e9tant entendu que nous pourrions ne pas \u00eatre en mesure de vous fournir certains des services que vous souhaitez.<\/p><p>En continuant \u00e0 utiliser notre site web, vous acceptez nos pratiques en mati\u00e8re de protection de la vie priv\u00e9e et des informations personnelles. Si vous avez des questions sur la mani\u00e8re dont nous traitons les donn\u00e9es des utilisateurs et les informations personnelles, n'h\u00e9sitez pas \u00e0 nous contacter.<\/p><p><span style=\"color: var( --e-global-color-5152d9f );\">Cette politique entre en vigueur le 23 octobre 2021.<\/span><\/p>\t\t\t\t\t\t\t\t<\/div>\n\t\t\t\t<\/div>\n\t\t\t\t\t<\/div>\n\t\t<\/div>\n\t\t\t\t\t<\/div>\n\t\t<\/section>\n\t\t\t\t<\/div>","protected":false},"excerpt":{"rendered":"<p>WINGO MARINE Privacy Notice Your privacy is important to us. It is WINGO MARINE&#8217;s policy to respect your privacy regarding any information we may collect from you across our website, http:\/\/wingomarine.com, and other sites we own and operate. We only ask for personal information when we truly need it to provide a service to you. [&hellip;]<\/p>","protected":false},"author":1,"featured_media":0,"parent":0,"menu_order":0,"comment_status":"closed","ping_status":"closed","template":"","meta":{"footnotes":""},"yoast_head":"<!-- This site is optimized with the Yoast SEO plugin v23.5 - https:\/\/yoast.com\/wordpress\/plugins\/seo\/ -->\n<title>Any Problems Please Send US An Email - Wingo Marine<\/title>\n<meta name=\"description\" content=\"Any questions or needs for cooperation, please send us an email to qdsales@wingomarine.com directly. We will reply and solve it as soon as possible.\" \/>\n<meta name=\"robots\" content=\"index, follow, max-snippet:-1, max-image-preview:large, max-video-preview:-1\" \/>\n<link rel=\"canonical\" href=\"https:\/\/wingomarine.com\/fr\/privacy-notice\/\" \/>\n<meta property=\"og:locale\" content=\"fr_FR\" \/>\n<meta property=\"og:type\" content=\"article\" \/>\n<meta property=\"og:title\" content=\"Any Problems Please Send US An Email - Wingo Marine\" \/>\n<meta property=\"og:description\" content=\"Any questions or needs for cooperation, please send us an email to qdsales@wingomarine.com directly. We will reply and solve it as soon as possible.\" \/>\n<meta property=\"og:url\" content=\"https:\/\/wingomarine.com\/fr\/privacy-notice\/\" \/>\n<meta property=\"og:site_name\" content=\"Wingo Marine\" \/>\n<meta property=\"article:modified_time\" content=\"2022-06-08T06:09:20+00:00\" \/>\n<meta name=\"twitter:card\" content=\"summary_large_image\" \/>\n<meta name=\"twitter:label1\" content=\"Dur\u00e9e de lecture estim\u00e9e\" \/>\n\t<meta name=\"twitter:data1\" content=\"2 minutes\" \/>\n<script type=\"application\/ld+json\" class=\"yoast-schema-graph\">{\"@context\":\"https:\/\/schema.org\",\"@graph\":[{\"@type\":\"WebPage\",\"@id\":\"https:\/\/wingomarine.com\/privacy-notice\/\",\"url\":\"https:\/\/wingomarine.com\/privacy-notice\/\",\"name\":\"Any Problems Please Send US An Email - Wingo Marine\",\"isPartOf\":{\"@id\":\"https:\/\/wingomarine.com\/#website\"},\"datePublished\":\"2021-10-23T04:28:55+00:00\",\"dateModified\":\"2022-06-08T06:09:20+00:00\",\"description\":\"Any questions or needs for cooperation, please send us an email to qdsales@wingomarine.com directly. We will reply and solve it as soon as possible.\",\"breadcrumb\":{\"@id\":\"https:\/\/wingomarine.com\/privacy-notice\/#breadcrumb\"},\"inLanguage\":\"fr-FR\",\"potentialAction\":[{\"@type\":\"ReadAction\",\"target\":[\"https:\/\/wingomarine.com\/privacy-notice\/\"]}]},{\"@type\":\"BreadcrumbList\",\"@id\":\"https:\/\/wingomarine.com\/privacy-notice\/#breadcrumb\",\"itemListElement\":[{\"@type\":\"ListItem\",\"position\":1,\"name\":\"Home\",\"item\":\"https:\/\/wingomarine.com\/\"},{\"@type\":\"ListItem\",\"position\":2,\"name\":\"Privacy Notice\"}]},{\"@type\":\"WebSite\",\"@id\":\"https:\/\/wingomarine.com\/#website\",\"url\":\"https:\/\/wingomarine.com\/\",\"name\":\"Wingo Marine\",\"description\":\"Chinese top manufacturer for marine fenders, since 1988. | Wingo Marine\",\"publisher\":{\"@id\":\"https:\/\/wingomarine.com\/#organization\"},\"potentialAction\":[{\"@type\":\"SearchAction\",\"target\":{\"@type\":\"EntryPoint\",\"urlTemplate\":\"https:\/\/wingomarine.com\/?s={search_term_string}\"},\"query-input\":{\"@type\":\"PropertyValueSpecification\",\"valueRequired\":true,\"valueName\":\"search_term_string\"}}],\"inLanguage\":\"fr-FR\"},{\"@type\":\"Organization\",\"@id\":\"https:\/\/wingomarine.com\/#organization\",\"name\":\"Qingdao Wingo Marine Co., Ltd\",\"url\":\"https:\/\/wingomarine.com\/\",\"logo\":{\"@type\":\"ImageObject\",\"inLanguage\":\"fr-FR\",\"@id\":\"https:\/\/wingomarine.com\/#\/schema\/logo\/image\/\",\"url\":\"http:\/\/wingomarine.com\/wp-content\/uploads\/2021\/10\/WINGO-MARINE-floating-yokohama-pneumatic-rubber-fenders-manufacturer.png\",\"contentUrl\":\"http:\/\/wingomarine.com\/wp-content\/uploads\/2021\/10\/WINGO-MARINE-floating-yokohama-pneumatic-rubber-fenders-manufacturer.png\",\"width\":336,\"height\":118,\"caption\":\"Qingdao Wingo Marine Co., Ltd\"},\"image\":{\"@id\":\"https:\/\/wingomarine.com\/#\/schema\/logo\/image\/\"}}]}<\/script>\n<!-- \/ Yoast SEO plugin. -->","yoast_head_json":{"title":"Any Problems Please Send US An Email - Wingo Marine","description":"Any questions or needs for cooperation, please send us an email to qdsales@wingomarine.com directly. We will reply and solve it as soon as possible.","robots":{"index":"index","follow":"follow","max-snippet":"max-snippet:-1","max-image-preview":"max-image-preview:large","max-video-preview":"max-video-preview:-1"},"canonical":"https:\/\/wingomarine.com\/fr\/privacy-notice\/","og_locale":"fr_FR","og_type":"article","og_title":"Any Problems Please Send US An Email - Wingo Marine","og_description":"Any questions or needs for cooperation, please send us an email to qdsales@wingomarine.com directly. We will reply and solve it as soon as possible.","og_url":"https:\/\/wingomarine.com\/fr\/privacy-notice\/","og_site_name":"Wingo Marine","article_modified_time":"2022-06-08T06:09:20+00:00","twitter_card":"summary_large_image","twitter_misc":{"Dur\u00e9e de lecture estim\u00e9e":"2 minutes"},"schema":{"@context":"https:\/\/schema.org","@graph":[{"@type":"WebPage","@id":"https:\/\/wingomarine.com\/privacy-notice\/","url":"https:\/\/wingomarine.com\/privacy-notice\/","name":"Any Problems Please Send US An Email - Wingo Marine","isPartOf":{"@id":"https:\/\/wingomarine.com\/#website"},"datePublished":"2021-10-23T04:28:55+00:00","dateModified":"2022-06-08T06:09:20+00:00","description":"Any questions or needs for cooperation, please send us an email to qdsales@wingomarine.com directly. We will reply and solve it as soon as possible.","breadcrumb":{"@id":"https:\/\/wingomarine.com\/privacy-notice\/#breadcrumb"},"inLanguage":"fr-FR","potentialAction":[{"@type":"ReadAction","target":["https:\/\/wingomarine.com\/privacy-notice\/"]}]},{"@type":"BreadcrumbList","@id":"https:\/\/wingomarine.com\/privacy-notice\/#breadcrumb","itemListElement":[{"@type":"ListItem","position":1,"name":"Home","item":"https:\/\/wingomarine.com\/"},{"@type":"ListItem","position":2,"name":"Privacy Notice"}]},{"@type":"WebSite","@id":"https:\/\/wingomarine.com\/#website","url":"https:\/\/wingomarine.com\/","name":"Wingo Marine","description":"Chinese top manufacturer for marine fenders, since 1988. | Wingo Marine","publisher":{"@id":"https:\/\/wingomarine.com\/#organization"},"potentialAction":[{"@type":"SearchAction","target":{"@type":"EntryPoint","urlTemplate":"https:\/\/wingomarine.com\/?s={search_term_string}"},"query-input":{"@type":"PropertyValueSpecification","valueRequired":true,"valueName":"search_term_string"}}],"inLanguage":"fr-FR"},{"@type":"Organization","@id":"https:\/\/wingomarine.com\/#organization","name":"Qingdao Wingo Marine Co., Ltd","url":"https:\/\/wingomarine.com\/","logo":{"@type":"ImageObject","inLanguage":"fr-FR","@id":"https:\/\/wingomarine.com\/#\/schema\/logo\/image\/","url":"http:\/\/wingomarine.com\/wp-content\/uploads\/2021\/10\/WINGO-MARINE-floating-yokohama-pneumatic-rubber-fenders-manufacturer.png","contentUrl":"http:\/\/wingomarine.com\/wp-content\/uploads\/2021\/10\/WINGO-MARINE-floating-yokohama-pneumatic-rubber-fenders-manufacturer.png","width":336,"height":118,"caption":"Qingdao Wingo Marine Co., Ltd"},"image":{"@id":"https:\/\/wingomarine.com\/#\/schema\/logo\/image\/"}}]}},"_links":{"self":[{"href":"https:\/\/wingomarine.com\/fr\/wp-json\/wp\/v2\/pages\/2673"}],"collection":[{"href":"https:\/\/wingomarine.com\/fr\/wp-json\/wp\/v2\/pages"}],"about":[{"href":"https:\/\/wingomarine.com\/fr\/wp-json\/wp\/v2\/types\/page"}],"author":[{"embeddable":true,"href":"https:\/\/wingomarine.com\/fr\/wp-json\/wp\/v2\/users\/1"}],"replies":[{"embeddable":true,"href":"https:\/\/wingomarine.com\/fr\/wp-json\/wp\/v2\/comments?post=2673"}],"version-history":[{"count":0,"href":"https:\/\/wingomarine.com\/fr\/wp-json\/wp\/v2\/pages\/2673\/revisions"}],"wp:attachment":[{"href":"https:\/\/wingomarine.com\/fr\/wp-json\/wp\/v2\/media?parent=2673"}],"curies":[{"name":"wp","href":"https:\/\/api.w.org\/{rel}","templated":true}]}}