{"id":2681,"date":"2021-10-23T12:55:58","date_gmt":"2021-10-23T04:55:58","guid":{"rendered":"http:\/\/wingomarine.com\/?page_id=2681"},"modified":"2022-06-08T14:07:35","modified_gmt":"2022-06-08T06:07:35","slug":"terms-of-service","status":"publish","type":"page","link":"https:\/\/wingomarine.com\/fr\/terms-of-service\/","title":{"rendered":"Conditions d'utilisation"},"content":{"rendered":"<div data-elementor-type=\"wp-page\" data-elementor-id=\"2681\" class=\"elementor elementor-2681\">\n\t\t\t\t\t\t<section class=\"elementor-section elementor-top-section elementor-element elementor-element-5a5f3bd elementor-section-boxed elementor-section-height-default elementor-section-height-default\" data-id=\"5a5f3bd\" data-element_type=\"section\">\n\t\t\t\t\t\t<div class=\"elementor-container elementor-column-gap-default\">\n\t\t\t\t\t<div class=\"elementor-column elementor-col-100 elementor-top-column elementor-element elementor-element-61aea00\" data-id=\"61aea00\" data-element_type=\"column\">\n\t\t\t<div class=\"elementor-widget-wrap elementor-element-populated\">\n\t\t\t\t\t\t<div class=\"elementor-element elementor-element-aa986cc uael-dual-heading-align-left elementor-widget elementor-widget-uael-dual-color-heading\" data-id=\"aa986cc\" data-element_type=\"widget\" data-widget_type=\"uael-dual-color-heading.default\">\n\t\t\t\t<div class=\"elementor-widget-container\">\n\t\t\t\t\t\t\t\t\t<div class=\"uael-module-content uael-dual-color-heading uael-heading-stack-none\">\n\t\t\t<h1>\n\t\t\t\t\t\t\t\t\t\t\t\t\t\t\t\t<span class=\"uael-before-heading\"><span class=\"elementor-inline-editing uael-dual-heading-text uael-first-text\" data-elementor-setting-key=\"before_heading_text\" data-elementor-inline-editing-toolbar=\"basic\">WINGO MARINE <\/span><\/span><span class=\"uael-adv-heading-stack\"><span class=\"elementor-inline-editing uael-dual-heading-text uael-highlight-text\" data-elementor-setting-key=\"second_heading_text\" data-elementor-inline-editing-toolbar=\"basic\">Conditions d'utilisation<\/span><\/span>\t\t\t\t\t\t\t\t\t\t\t\t\t<\/h1>\n\t\t<\/div>\n\t\t\t\t\t\t<\/div>\n\t\t\t\t<\/div>\n\t\t\t\t<div class=\"elementor-element elementor-element-6b72d01 elementor-widget elementor-widget-text-editor\" data-id=\"6b72d01\" data-element_type=\"widget\" data-widget_type=\"text-editor.default\">\n\t\t\t\t<div class=\"elementor-widget-container\">\n\t\t\t\t\t\t\t\t\t<p><b>1. Conditions d'utilisation<\/b><\/p><p>En acc\u00e9dant au site web \u00e0 l'adresse suivante\u00a0<a href=\"http:\/\/wingomarine.com\/fr\/\">http:\/\/wingomarine.com<\/a>En acc\u00e9dant \u00e0 ce site, vous acceptez d'\u00eatre li\u00e9 par les pr\u00e9sentes conditions de service, par toutes les lois et r\u00e9glementations applicables et vous acceptez d'\u00eatre responsable du respect de toutes les lois locales applicables. Si vous n'acceptez pas l'une de ces conditions, il vous est interdit d'utiliser ce site ou d'y acc\u00e9der. Le mat\u00e9riel contenu dans ce site est prot\u00e9g\u00e9 par la l\u00e9gislation applicable en mati\u00e8re de droits d'auteur et de marques d\u00e9pos\u00e9es.<\/p><p><b>2. Utiliser la licence<\/b><\/p><ol type=\"a\"><li>Il est permis de t\u00e9l\u00e9charger temporairement une copie du mat\u00e9riel (information ou logiciel) sur le site Web de WINGO MARINE pour une visualisation transitoire personnelle et non commerciale seulement. Il s'agit d'une licence et non d'un transfert de titre, et dans le cadre de cette licence, vous ne pouvez pas :<br \/><ol type=\"i\"><li>modifier ou copier le mat\u00e9riel ;<\/li><li>utiliser le mat\u00e9riel \u00e0 des fins commerciales ou pour une pr\u00e9sentation publique (commerciale ou non) ;<\/li><li>tenter de d\u00e9compiler ou d'inverser l'ing\u00e9nierie de tout logiciel contenu dans le site Web de WINGO MARINE ;<\/li><li>supprimer toute mention de droit d'auteur ou autre mention de propri\u00e9t\u00e9 du mat\u00e9riel ; ou<\/li><li>de transf\u00e9rer le mat\u00e9riel \u00e0 une autre personne ou de cr\u00e9er un \"miroir\" du mat\u00e9riel sur un autre serveur.<\/li><\/ol><\/li><li>Cette licence sera automatiquement r\u00e9sili\u00e9e si vous violez l'une de ces restrictions et pourra \u00eatre r\u00e9sili\u00e9e par WINGO MARINE \u00e0 tout moment. Lorsque vous cessez de consulter ces documents ou lorsque la pr\u00e9sente licence prend fin, vous devez d\u00e9truire tous les documents t\u00e9l\u00e9charg\u00e9s en votre possession, qu'ils soient sous forme \u00e9lectronique ou imprim\u00e9e.<\/li><\/ol><div>\u00a0<\/div><p><b style=\"color: var( --e-global-color-5152d9f );\">3. Clause de non-responsabilit\u00e9<\/b><\/p><ol type=\"a\"><li>Le mat\u00e9riel sur le site web de WINGO MARINE est fourni en l'\u00e9tat. WINGO MARINE ne donne aucune garantie, expresse ou implicite, et rejette par la pr\u00e9sente toutes les autres garanties, y compris, sans limitation, les garanties ou conditions implicites de qualit\u00e9 marchande, d'ad\u00e9quation \u00e0 un usage particulier, ou de non-violation de la propri\u00e9t\u00e9 intellectuelle ou d'autres violations des droits.<\/li><li>En outre, WINGO MARINE ne garantit pas et ne fait aucune d\u00e9claration concernant l'exactitude, les r\u00e9sultats probables ou la fiabilit\u00e9 de l'utilisation des documents sur son site Web ou concernant ces documents ou tout autre site li\u00e9 \u00e0 ce site.<\/li><\/ol><div>\u00a0<\/div><div><b style=\"color: var( --e-global-color-5152d9f );\">4. Limites<\/b><b><br \/><\/b><br \/><span style=\"color: #404040;\">En aucun cas WINGO MARINE ou ses fournisseurs ne pourront \u00eatre tenus responsables de tout dommage (y compris, mais sans s'y limiter, les dommages li\u00e9s \u00e0 la perte de donn\u00e9es ou de b\u00e9n\u00e9fices, ou \u00e0 l'interruption d'activit\u00e9) r\u00e9sultant de l'utilisation ou de l'impossibilit\u00e9 d'utiliser le mat\u00e9riel sur les sites suivants\u00a0<\/span><span style=\"color: #404040;\">WINGO MARINE<\/span><span style=\"color: #404040;\">Le site web de l'entreprise, m\u00eame si\u00a0<\/span><span style=\"color: #404040;\">WINGO MARINE<\/span><span style=\"color: #404040;\">\u00a0ou un\u00a0<\/span><span style=\"color: #404040;\">WINGO MARINE<\/span><span style=\"color: #404040;\">\u00a0a \u00e9t\u00e9 inform\u00e9 oralement ou par \u00e9crit de la possibilit\u00e9 de tels dommages. Comme certaines juridictions n'autorisent pas les limitations sur les garanties implicites, ou les limitations de responsabilit\u00e9 pour les dommages cons\u00e9cutifs ou accidentels, ces limitations peuvent ne pas s'appliquer \u00e0 vous.<\/span><br \/><span style=\"color: #404040;\"><br \/><\/span><\/div><p><b>5. Pr\u00e9cision des mat\u00e9riaux<\/b><\/p><p>Les documents figurant sur le site web de WINGO MARINE peuvent contenir des erreurs techniques, typographiques ou photographiques. WINGOMARINE ne garantit pas que les documents figurant sur son site web sont exacts, complets ou \u00e0 jour. WINGO MARINE peut apporter des modifications au mat\u00e9riel contenu sur son site web \u00e0 tout moment et sans pr\u00e9avis. Toutefois, WINGO MARINE ne s'engage pas \u00e0 mettre \u00e0 jour le mat\u00e9riel.<\/p><p><b>6. Liens<\/b><\/p><p><span style=\"color: var( --e-global-color-5152d9f );\">WINGO MARINE<\/span>\u00a0WINGO MARINE n'a pas examin\u00e9 tous les sites li\u00e9s \u00e0 son site Web et n'est pas responsable du contenu de ces sites. L'inclusion d'un lien n'implique pas l'approbation du site par WINGO MARINE. L'utilisation d'un tel site est aux risques et p\u00e9rils de l'utilisateur.<\/p><p><b>7. Modifications<\/b><\/p><p><span style=\"color: var( --e-global-color-5152d9f );\">WINGO MARINE<\/span>\u00a0peut r\u00e9viser les pr\u00e9sentes conditions d'utilisation de son site web \u00e0 tout moment et sans pr\u00e9avis. En utilisant ce site web, vous acceptez d'\u00eatre li\u00e9 par la version la plus r\u00e9cente de ces conditions de service.<\/p><p><b>8. Droit applicable<\/b><\/p><p>Les pr\u00e9sentes conditions g\u00e9n\u00e9rales sont r\u00e9gies et interpr\u00e9t\u00e9es conform\u00e9ment aux lois de la Chine et vous vous soumettez irr\u00e9vocablement \u00e0 la comp\u00e9tence exclusive des tribunaux de cet \u00c9tat ou de ce lieu.<\/p>\t\t\t\t\t\t\t\t<\/div>\n\t\t\t\t<\/div>\n\t\t\t\t\t<\/div>\n\t\t<\/div>\n\t\t\t\t\t<\/div>\n\t\t<\/section>\n\t\t\t\t<\/div>","protected":false},"excerpt":{"rendered":"<p>WINGO MARINE Terms of Service 1. Terms By accessing the website at\u00a0http:\/\/wingomarine.com, you are agreeing to be bound by these terms of service, all applicable laws, and regulations, and agree that you are responsible for compliance with any applicable local laws. If you do not agree with any of these terms, you are prohibited from [&hellip;]<\/p>","protected":false},"author":1,"featured_media":0,"parent":0,"menu_order":0,"comment_status":"closed","ping_status":"closed","template":"","meta":{"footnotes":""},"yoast_head":"<!-- This site is optimized with the Yoast SEO plugin v23.5 - https:\/\/yoast.com\/wordpress\/plugins\/seo\/ -->\n<title>Any Problems Please Send US An Email. - Wingo Marine<\/title>\n<meta name=\"description\" content=\"Any questions or needs for cooperation, please send us an email to qdsales@wingomarine.com directly. We will reply and solve it as soon as possible.\" \/>\n<meta name=\"robots\" content=\"index, follow, max-snippet:-1, max-image-preview:large, max-video-preview:-1\" \/>\n<link rel=\"canonical\" href=\"https:\/\/wingomarine.com\/fr\/terms-of-service\/\" \/>\n<meta property=\"og:locale\" content=\"fr_FR\" \/>\n<meta property=\"og:type\" content=\"article\" \/>\n<meta property=\"og:title\" content=\"Any Problems Please Send US An Email. - Wingo Marine\" \/>\n<meta property=\"og:description\" content=\"Any questions or needs for cooperation, please send us an email to qdsales@wingomarine.com directly. We will reply and solve it as soon as possible.\" \/>\n<meta property=\"og:url\" content=\"https:\/\/wingomarine.com\/fr\/terms-of-service\/\" \/>\n<meta property=\"og:site_name\" content=\"Wingo Marine\" \/>\n<meta property=\"article:modified_time\" content=\"2022-06-08T06:07:35+00:00\" \/>\n<meta name=\"twitter:card\" content=\"summary_large_image\" \/>\n<meta name=\"twitter:label1\" content=\"Dur\u00e9e de lecture estim\u00e9e\" \/>\n\t<meta name=\"twitter:data1\" content=\"4 minutes\" \/>\n<script type=\"application\/ld+json\" class=\"yoast-schema-graph\">{\"@context\":\"https:\/\/schema.org\",\"@graph\":[{\"@type\":\"WebPage\",\"@id\":\"https:\/\/wingomarine.com\/terms-of-service\/\",\"url\":\"https:\/\/wingomarine.com\/terms-of-service\/\",\"name\":\"Any Problems Please Send US An Email. - Wingo Marine\",\"isPartOf\":{\"@id\":\"https:\/\/wingomarine.com\/#website\"},\"datePublished\":\"2021-10-23T04:55:58+00:00\",\"dateModified\":\"2022-06-08T06:07:35+00:00\",\"description\":\"Any questions or needs for cooperation, please send us an email to qdsales@wingomarine.com directly. We will reply and solve it as soon as possible.\",\"breadcrumb\":{\"@id\":\"https:\/\/wingomarine.com\/terms-of-service\/#breadcrumb\"},\"inLanguage\":\"fr-FR\",\"potentialAction\":[{\"@type\":\"ReadAction\",\"target\":[\"https:\/\/wingomarine.com\/terms-of-service\/\"]}]},{\"@type\":\"BreadcrumbList\",\"@id\":\"https:\/\/wingomarine.com\/terms-of-service\/#breadcrumb\",\"itemListElement\":[{\"@type\":\"ListItem\",\"position\":1,\"name\":\"Home\",\"item\":\"https:\/\/wingomarine.com\/\"},{\"@type\":\"ListItem\",\"position\":2,\"name\":\"Terms of Service\"}]},{\"@type\":\"WebSite\",\"@id\":\"https:\/\/wingomarine.com\/#website\",\"url\":\"https:\/\/wingomarine.com\/\",\"name\":\"Wingo Marine\",\"description\":\"Chinese top manufacturer for marine fenders, since 1988. | Wingo Marine\",\"publisher\":{\"@id\":\"https:\/\/wingomarine.com\/#organization\"},\"potentialAction\":[{\"@type\":\"SearchAction\",\"target\":{\"@type\":\"EntryPoint\",\"urlTemplate\":\"https:\/\/wingomarine.com\/?s={search_term_string}\"},\"query-input\":{\"@type\":\"PropertyValueSpecification\",\"valueRequired\":true,\"valueName\":\"search_term_string\"}}],\"inLanguage\":\"fr-FR\"},{\"@type\":\"Organization\",\"@id\":\"https:\/\/wingomarine.com\/#organization\",\"name\":\"Qingdao Wingo Marine Co., Ltd\",\"url\":\"https:\/\/wingomarine.com\/\",\"logo\":{\"@type\":\"ImageObject\",\"inLanguage\":\"fr-FR\",\"@id\":\"https:\/\/wingomarine.com\/#\/schema\/logo\/image\/\",\"url\":\"http:\/\/wingomarine.com\/wp-content\/uploads\/2021\/10\/WINGO-MARINE-floating-yokohama-pneumatic-rubber-fenders-manufacturer.png\",\"contentUrl\":\"http:\/\/wingomarine.com\/wp-content\/uploads\/2021\/10\/WINGO-MARINE-floating-yokohama-pneumatic-rubber-fenders-manufacturer.png\",\"width\":336,\"height\":118,\"caption\":\"Qingdao Wingo Marine Co., Ltd\"},\"image\":{\"@id\":\"https:\/\/wingomarine.com\/#\/schema\/logo\/image\/\"}}]}<\/script>\n<!-- \/ Yoast SEO plugin. -->","yoast_head_json":{"title":"Any Problems Please Send US An Email. - Wingo Marine","description":"Any questions or needs for cooperation, please send us an email to qdsales@wingomarine.com directly. We will reply and solve it as soon as possible.","robots":{"index":"index","follow":"follow","max-snippet":"max-snippet:-1","max-image-preview":"max-image-preview:large","max-video-preview":"max-video-preview:-1"},"canonical":"https:\/\/wingomarine.com\/fr\/terms-of-service\/","og_locale":"fr_FR","og_type":"article","og_title":"Any Problems Please Send US An Email. - Wingo Marine","og_description":"Any questions or needs for cooperation, please send us an email to qdsales@wingomarine.com directly. We will reply and solve it as soon as possible.","og_url":"https:\/\/wingomarine.com\/fr\/terms-of-service\/","og_site_name":"Wingo Marine","article_modified_time":"2022-06-08T06:07:35+00:00","twitter_card":"summary_large_image","twitter_misc":{"Dur\u00e9e de lecture estim\u00e9e":"4 minutes"},"schema":{"@context":"https:\/\/schema.org","@graph":[{"@type":"WebPage","@id":"https:\/\/wingomarine.com\/terms-of-service\/","url":"https:\/\/wingomarine.com\/terms-of-service\/","name":"Any Problems Please Send US An Email. - Wingo Marine","isPartOf":{"@id":"https:\/\/wingomarine.com\/#website"},"datePublished":"2021-10-23T04:55:58+00:00","dateModified":"2022-06-08T06:07:35+00:00","description":"Any questions or needs for cooperation, please send us an email to qdsales@wingomarine.com directly. We will reply and solve it as soon as possible.","breadcrumb":{"@id":"https:\/\/wingomarine.com\/terms-of-service\/#breadcrumb"},"inLanguage":"fr-FR","potentialAction":[{"@type":"ReadAction","target":["https:\/\/wingomarine.com\/terms-of-service\/"]}]},{"@type":"BreadcrumbList","@id":"https:\/\/wingomarine.com\/terms-of-service\/#breadcrumb","itemListElement":[{"@type":"ListItem","position":1,"name":"Home","item":"https:\/\/wingomarine.com\/"},{"@type":"ListItem","position":2,"name":"Terms of Service"}]},{"@type":"WebSite","@id":"https:\/\/wingomarine.com\/#website","url":"https:\/\/wingomarine.com\/","name":"Wingo Marine","description":"Chinese top manufacturer for marine fenders, since 1988. | Wingo Marine","publisher":{"@id":"https:\/\/wingomarine.com\/#organization"},"potentialAction":[{"@type":"SearchAction","target":{"@type":"EntryPoint","urlTemplate":"https:\/\/wingomarine.com\/?s={search_term_string}"},"query-input":{"@type":"PropertyValueSpecification","valueRequired":true,"valueName":"search_term_string"}}],"inLanguage":"fr-FR"},{"@type":"Organization","@id":"https:\/\/wingomarine.com\/#organization","name":"Qingdao Wingo Marine Co., Ltd","url":"https:\/\/wingomarine.com\/","logo":{"@type":"ImageObject","inLanguage":"fr-FR","@id":"https:\/\/wingomarine.com\/#\/schema\/logo\/image\/","url":"http:\/\/wingomarine.com\/wp-content\/uploads\/2021\/10\/WINGO-MARINE-floating-yokohama-pneumatic-rubber-fenders-manufacturer.png","contentUrl":"http:\/\/wingomarine.com\/wp-content\/uploads\/2021\/10\/WINGO-MARINE-floating-yokohama-pneumatic-rubber-fenders-manufacturer.png","width":336,"height":118,"caption":"Qingdao Wingo Marine Co., Ltd"},"image":{"@id":"https:\/\/wingomarine.com\/#\/schema\/logo\/image\/"}}]}},"_links":{"self":[{"href":"https:\/\/wingomarine.com\/fr\/wp-json\/wp\/v2\/pages\/2681"}],"collection":[{"href":"https:\/\/wingomarine.com\/fr\/wp-json\/wp\/v2\/pages"}],"about":[{"href":"https:\/\/wingomarine.com\/fr\/wp-json\/wp\/v2\/types\/page"}],"author":[{"embeddable":true,"href":"https:\/\/wingomarine.com\/fr\/wp-json\/wp\/v2\/users\/1"}],"replies":[{"embeddable":true,"href":"https:\/\/wingomarine.com\/fr\/wp-json\/wp\/v2\/comments?post=2681"}],"version-history":[{"count":0,"href":"https:\/\/wingomarine.com\/fr\/wp-json\/wp\/v2\/pages\/2681\/revisions"}],"wp:attachment":[{"href":"https:\/\/wingomarine.com\/fr\/wp-json\/wp\/v2\/media?parent=2681"}],"curies":[{"name":"wp","href":"https:\/\/api.w.org\/{rel}","templated":true}]}}