{"id":2317,"date":"2021-10-10T11:54:29","date_gmt":"2021-10-10T03:54:29","guid":{"rendered":"http:\/\/wingomarine.com\/?post_type=product&#038;p=2317"},"modified":"2026-03-24T10:41:01","modified_gmt":"2026-03-24T02:41:01","slug":"hydro-pneumatic-fenders","status":"publish","type":"product","link":"https:\/\/wingomarine.com\/fr\/produit\/hydro-pneumatic-fenders\/","title":{"rendered":"D\u00e9fenses hydropneumatiques"},"content":{"rendered":"<p class=\"tgt\" data-section=\"0\"><span class=\"tgt\" data-section=\"0\" data-sentence=\"0\" data-group=\"0-0\">L'aile hydropneumatique est une version sp\u00e9ciale d\u00e9velopp\u00e9e pour les sous-marins.<\/span><span class=\"tgt\" data-section=\"0\" data-sentence=\"1\" data-group=\"0-1\"> Comme ils peuvent \u00eatre remplis d'eau ou d'air, ils sont dot\u00e9s de contrepoids qui leur permettent de se tenir debout contre des coques immerg\u00e9es.<\/span><span class=\"tgt\" data-section=\"0\" data-sentence=\"2\" data-group=\"0-2\"><br \/>\n<\/span><\/p>\n<p class=\"tgt\" data-section=\"0\"><span class=\"tgt\" data-section=\"0\" data-sentence=\"2\" data-group=\"0-2\">Con\u00e7ues pour \u00eatre mont\u00e9es verticalement, les d\u00e9fenses hydropneumatiques sont id\u00e9ales pour les sous-marins ou les navires dont le point d'impact est susceptible de se trouver sous la ligne de flottaison, tels que les catamarans, les plates-formes semi-submersibles et les RIG de forage. Elles prot\u00e8gent les sous-marins et les autres navires en contact sous la ligne de flottaison.<\/span><\/p>\n<p class=\"tgt\" data-section=\"2\"><span class=\"tgt\" data-section=\"2\" data-sentence=\"0\" data-group=\"2-0\">In service, Wingo marine hydro-pneumatic fender performance can be &#8220;adjusted&#8221; by changing the initial pressure, water-to-air ratio, and ballast weight to match the hull curvature and sensitivity of the latest submarines.<\/span><\/p>\n<p class=\"tgt\" data-section=\"4\"><span class=\"tgt\" data-section=\"4\" data-sentence=\"0\" data-group=\"4-0\">A hydro-pneumatic fender can be installed on most wharf structures and comes in a variety of sizes to suit a variety of applications and a variety of vessels.<\/span><\/p>\n<p><img fetchpriority=\"high\" decoding=\"async\" class=\"alignnone size-medium wp-image-2412\" src=\"http:\/\/wingomarine.com\/wp-content\/uploads\/2021\/10\/Hydro-pennumatic-fender-marine-fenders-submarine-fenders-supplier-300x300.png\" alt=\"\" width=\"300\" height=\"300\" srcset=\"https:\/\/wingomarine.com\/wp-content\/uploads\/2021\/10\/Hydro-pennumatic-fender-marine-fenders-submarine-fenders-supplier-300x300.png 300w, https:\/\/wingomarine.com\/wp-content\/uploads\/2021\/10\/Hydro-pennumatic-fender-marine-fenders-submarine-fenders-supplier-150x150.png 150w, https:\/\/wingomarine.com\/wp-content\/uploads\/2021\/10\/Hydro-pennumatic-fender-marine-fenders-submarine-fenders-supplier-12x12.png 12w, https:\/\/wingomarine.com\/wp-content\/uploads\/2021\/10\/Hydro-pennumatic-fender-marine-fenders-submarine-fenders-supplier-100x100.png 100w, https:\/\/wingomarine.com\/wp-content\/uploads\/2021\/10\/Hydro-pennumatic-fender-marine-fenders-submarine-fenders-supplier.png 600w\" sizes=\"(max-width: 300px) 100vw, 300px\" \/>\u00a0<img decoding=\"async\" class=\"alignnone size-medium wp-image-3222\" src=\"http:\/\/wingomarine.com\/wp-content\/uploads\/2021\/10\/hydro-pennumatic-fender-submarine-fenders-300x300.jpg\" alt=\"\" width=\"300\" height=\"300\" srcset=\"https:\/\/wingomarine.com\/wp-content\/uploads\/2021\/10\/hydro-pennumatic-fender-submarine-fenders-300x300.jpg 300w, https:\/\/wingomarine.com\/wp-content\/uploads\/2021\/10\/hydro-pennumatic-fender-submarine-fenders-150x150.jpg 150w, https:\/\/wingomarine.com\/wp-content\/uploads\/2021\/10\/hydro-pennumatic-fender-submarine-fenders-100x100.jpg 100w, https:\/\/wingomarine.com\/wp-content\/uploads\/2021\/10\/hydro-pennumatic-fender-submarine-fenders.jpg 600w\" sizes=\"(max-width: 300px) 100vw, 300px\" \/> <span class=\"tgt\" data-section=\"0\" data-sentence=\"0\" data-group=\"0-0\"><img decoding=\"async\" class=\"alignnone size-medium wp-image-3223\" src=\"http:\/\/wingomarine.com\/wp-content\/uploads\/2021\/10\/hydro-pennumatic-fender-submarine-fender-300x300.jpg\" alt=\"\" width=\"300\" height=\"300\" srcset=\"https:\/\/wingomarine.com\/wp-content\/uploads\/2021\/10\/hydro-pennumatic-fender-submarine-fender-300x300.jpg 300w, https:\/\/wingomarine.com\/wp-content\/uploads\/2021\/10\/hydro-pennumatic-fender-submarine-fender-150x150.jpg 150w, https:\/\/wingomarine.com\/wp-content\/uploads\/2021\/10\/hydro-pennumatic-fender-submarine-fender-100x100.jpg 100w, https:\/\/wingomarine.com\/wp-content\/uploads\/2021\/10\/hydro-pennumatic-fender-submarine-fender.jpg 600w\" sizes=\"(max-width: 300px) 100vw, 300px\" \/><\/span><\/p>\n<p><strong>CARACT\u00c9RISTIQUES<\/strong><\/p>\n<ul>\n<li>Les performances peuvent \u00eatre ajust\u00e9es en modifiant le rapport air-eau.<\/li>\n<li>La profondeur de tirage requise peut \u00eatre ajust\u00e9e.<\/li>\n<li>Low hull pressure is friendly for the submarine.<\/li>\n<li>Auto-r\u00e9gulation lors des changements de mar\u00e9e.<\/li>\n<li>Faible co\u00fbt d'installation et d'entretien.<\/li>\n<\/ul>\n<div class=\"J_module\">\n<div id=\"ali-anchor-AliMagic-tfvk52\" class=\"magic-0\" data-section=\"AliMagic-tfvk52\" data-section-title=\"Applications\" data-spm-anchor-id=\"a2700.details.0.i40.62bd1aa08sjgp7\"><strong>Applications<\/strong><\/div>\n<\/div>\n<div class=\"J_module\">\n<div class=\"detail-decorate-json-renderer-container\">\n<div class=\"magic-1\">\n<div class=\"magic-3\" data-spm-anchor-id=\"a2700.details.0.i39.62bd1aa08sjgp7\">\n<div class=\"magic-4\">\n<ul>\n<li class=\"magic-5\"><span data-spm-anchor-id=\"a2700.details.0.i41.62bd1aa08sjgp7\">\u00a0Marine. | Sous-marins. | Certains ferries rapides. | Plateformes p\u00e9troli\u00e8res semi-submersibles.<\/span><\/li>\n<\/ul>\n<\/div>\n<\/div>\n<\/div>\n<\/div>\n<\/div>\n<p><img loading=\"lazy\" decoding=\"async\" class=\"aligncenter wp-image-2411 size-full\" src=\"http:\/\/wingomarine.com\/wp-content\/uploads\/2021\/10\/Hydro-pennumatic-fender-marine-fenders-submarine-fenders.png\" alt=\"\" width=\"1109\" height=\"487\" srcset=\"https:\/\/wingomarine.com\/wp-content\/uploads\/2021\/10\/Hydro-pennumatic-fender-marine-fenders-submarine-fenders.png 1109w, https:\/\/wingomarine.com\/wp-content\/uploads\/2021\/10\/Hydro-pennumatic-fender-marine-fenders-submarine-fenders-300x132.png 300w, https:\/\/wingomarine.com\/wp-content\/uploads\/2021\/10\/Hydro-pennumatic-fender-marine-fenders-submarine-fenders-1024x450.png 1024w, https:\/\/wingomarine.com\/wp-content\/uploads\/2021\/10\/Hydro-pennumatic-fender-marine-fenders-submarine-fenders-768x337.png 768w, https:\/\/wingomarine.com\/wp-content\/uploads\/2021\/10\/Hydro-pennumatic-fender-marine-fenders-submarine-fenders-18x8.png 18w, https:\/\/wingomarine.com\/wp-content\/uploads\/2021\/10\/Hydro-pennumatic-fender-marine-fenders-submarine-fenders-600x263.png 600w\" sizes=\"(max-width: 1109px) 100vw, 1109px\" \/><\/p>\n<p>&nbsp;<\/p>\n<p><strong>N'h\u00e9sitez pas \u00e0 nous envoyer un message si vous avez des questions ou des demandes.<\/strong><\/p>","protected":false},"excerpt":{"rendered":"<p>Les d\u00e9fenses hydropneumatiques sont con\u00e7ues pour les navires, tels que les sous-marins, qui entrent en contact avec les d\u00e9fenses sous la ligne de flottaison. Les d\u00e9fenses sont partiellement remplies d'eau et lest\u00e9es pour flotter verticalement.<br \/>\nLes performances peuvent \u00eatre ajust\u00e9es en modifiant le rapport eau\/air et la pression initiale.<\/p>","protected":false},"featured_media":2496,"comment_status":"open","ping_status":"closed","template":"","meta":[],"product_cat":[23],"product_tag":[],"yoast_head":"<!-- This site is optimized with the Yoast SEO plugin v23.5 - https:\/\/yoast.com\/wordpress\/plugins\/seo\/ -->\n<title>Hydro-Pneumatic Fenders | Submarine Fenders Supplier &amp; Manufacturer Since 1988 - Wingo Marine<\/title>\n<meta name=\"description\" content=\"Wingo Marine is a hydro-pneumatic fenders supplier and manufacture. This fenders are also called submarine fenders, which are specially designed for submarines. As well as we provide custom engineered submarine fendering systems.\" \/>\n<meta name=\"robots\" content=\"index, follow, max-snippet:-1, max-image-preview:large, max-video-preview:-1\" \/>\n<link rel=\"canonical\" href=\"https:\/\/wingomarine.com\/fr\/produit\/hydro-pneumatic-fenders\/\" \/>\n<meta property=\"og:locale\" content=\"fr_FR\" \/>\n<meta property=\"og:type\" content=\"article\" \/>\n<meta property=\"og:title\" content=\"Hydro-Pneumatic Fenders | Submarine Fenders Supplier &amp; Manufacturer Since 1988 - Wingo Marine\" \/>\n<meta property=\"og:description\" content=\"Wingo Marine is a hydro-pneumatic fenders supplier and manufacture. This fenders are also called submarine fenders, which are specially designed for submarines. As well as we provide custom engineered submarine fendering systems.\" \/>\n<meta property=\"og:url\" content=\"https:\/\/wingomarine.com\/fr\/produit\/hydro-pneumatic-fenders\/\" \/>\n<meta property=\"og:site_name\" content=\"Wingo Marine\" \/>\n<meta property=\"article:modified_time\" content=\"2026-03-24T02:41:01+00:00\" \/>\n<meta property=\"og:image\" content=\"http:\/\/wingomarine.com\/wp-content\/uploads\/2021\/10\/submarine-fender-hydro-pneumatic-fender-1.png\" \/>\n\t<meta property=\"og:image:width\" content=\"600\" \/>\n\t<meta property=\"og:image:height\" content=\"600\" \/>\n\t<meta property=\"og:image:type\" content=\"image\/png\" \/>\n<meta name=\"twitter:card\" content=\"summary_large_image\" \/>\n<meta name=\"twitter:label1\" content=\"Dur\u00e9e de lecture estim\u00e9e\" \/>\n\t<meta name=\"twitter:data1\" content=\"2 minutes\" \/>\n<script type=\"application\/ld+json\" class=\"yoast-schema-graph\">{\"@context\":\"https:\/\/schema.org\",\"@graph\":[{\"@type\":\"WebPage\",\"@id\":\"https:\/\/wingomarine.com\/product\/hydro-pneumatic-fenders\/\",\"url\":\"https:\/\/wingomarine.com\/product\/hydro-pneumatic-fenders\/\",\"name\":\"Hydro-Pneumatic Fenders | Submarine Fenders Supplier & Manufacturer Since 1988 - Wingo Marine\",\"isPartOf\":{\"@id\":\"https:\/\/wingomarine.com\/#website\"},\"primaryImageOfPage\":{\"@id\":\"https:\/\/wingomarine.com\/product\/hydro-pneumatic-fenders\/#primaryimage\"},\"image\":{\"@id\":\"https:\/\/wingomarine.com\/product\/hydro-pneumatic-fenders\/#primaryimage\"},\"thumbnailUrl\":\"https:\/\/wingomarine.com\/wp-content\/uploads\/2021\/10\/submarine-fender-hydro-pneumatic-fender-1.png\",\"datePublished\":\"2021-10-10T03:54:29+00:00\",\"dateModified\":\"2026-03-24T02:41:01+00:00\",\"description\":\"Wingo Marine is a hydro-pneumatic fenders supplier and manufacture. This fenders are also called submarine fenders, which are specially designed for submarines. As well as we provide custom engineered submarine fendering systems.\",\"breadcrumb\":{\"@id\":\"https:\/\/wingomarine.com\/product\/hydro-pneumatic-fenders\/#breadcrumb\"},\"inLanguage\":\"fr-FR\",\"potentialAction\":[{\"@type\":\"ReadAction\",\"target\":[\"https:\/\/wingomarine.com\/product\/hydro-pneumatic-fenders\/\"]}]},{\"@type\":\"ImageObject\",\"inLanguage\":\"fr-FR\",\"@id\":\"https:\/\/wingomarine.com\/product\/hydro-pneumatic-fenders\/#primaryimage\",\"url\":\"https:\/\/wingomarine.com\/wp-content\/uploads\/2021\/10\/submarine-fender-hydro-pneumatic-fender-1.png\",\"contentUrl\":\"https:\/\/wingomarine.com\/wp-content\/uploads\/2021\/10\/submarine-fender-hydro-pneumatic-fender-1.png\",\"width\":600,\"height\":600,\"caption\":\"Hydro-Pneumatic Fender\"},{\"@type\":\"BreadcrumbList\",\"@id\":\"https:\/\/wingomarine.com\/product\/hydro-pneumatic-fenders\/#breadcrumb\",\"itemListElement\":[{\"@type\":\"ListItem\",\"position\":1,\"name\":\"Home\",\"item\":\"https:\/\/wingomarine.com\/\"},{\"@type\":\"ListItem\",\"position\":2,\"name\":\"Products\",\"item\":\"https:\/\/wingomarine.com\/products\/\"},{\"@type\":\"ListItem\",\"position\":3,\"name\":\"Hydro-Pneumatic Fenders\"}]},{\"@type\":\"WebSite\",\"@id\":\"https:\/\/wingomarine.com\/#website\",\"url\":\"https:\/\/wingomarine.com\/\",\"name\":\"Wingo Marine\",\"description\":\"Chinese top manufacturer for marine fenders, since 1988. | Wingo Marine\",\"publisher\":{\"@id\":\"https:\/\/wingomarine.com\/#organization\"},\"potentialAction\":[{\"@type\":\"SearchAction\",\"target\":{\"@type\":\"EntryPoint\",\"urlTemplate\":\"https:\/\/wingomarine.com\/?s={search_term_string}\"},\"query-input\":{\"@type\":\"PropertyValueSpecification\",\"valueRequired\":true,\"valueName\":\"search_term_string\"}}],\"inLanguage\":\"fr-FR\"},{\"@type\":\"Organization\",\"@id\":\"https:\/\/wingomarine.com\/#organization\",\"name\":\"Qingdao Wingo Marine Co., Ltd\",\"url\":\"https:\/\/wingomarine.com\/\",\"logo\":{\"@type\":\"ImageObject\",\"inLanguage\":\"fr-FR\",\"@id\":\"https:\/\/wingomarine.com\/#\/schema\/logo\/image\/\",\"url\":\"http:\/\/wingomarine.com\/wp-content\/uploads\/2021\/10\/WINGO-MARINE-floating-yokohama-pneumatic-rubber-fenders-manufacturer.png\",\"contentUrl\":\"http:\/\/wingomarine.com\/wp-content\/uploads\/2021\/10\/WINGO-MARINE-floating-yokohama-pneumatic-rubber-fenders-manufacturer.png\",\"width\":336,\"height\":118,\"caption\":\"Qingdao Wingo Marine Co., Ltd\"},\"image\":{\"@id\":\"https:\/\/wingomarine.com\/#\/schema\/logo\/image\/\"}}]}<\/script>\n<!-- \/ Yoast SEO plugin. -->","yoast_head_json":{"title":"Hydro-Pneumatic Fenders | Submarine Fenders Supplier & Manufacturer Since 1988 - Wingo Marine","description":"Wingo Marine is a hydro-pneumatic fenders supplier and manufacture. This fenders are also called submarine fenders, which are specially designed for submarines. As well as we provide custom engineered submarine fendering systems.","robots":{"index":"index","follow":"follow","max-snippet":"max-snippet:-1","max-image-preview":"max-image-preview:large","max-video-preview":"max-video-preview:-1"},"canonical":"https:\/\/wingomarine.com\/fr\/produit\/hydro-pneumatic-fenders\/","og_locale":"fr_FR","og_type":"article","og_title":"Hydro-Pneumatic Fenders | Submarine Fenders Supplier & Manufacturer Since 1988 - Wingo Marine","og_description":"Wingo Marine is a hydro-pneumatic fenders supplier and manufacture. This fenders are also called submarine fenders, which are specially designed for submarines. As well as we provide custom engineered submarine fendering systems.","og_url":"https:\/\/wingomarine.com\/fr\/produit\/hydro-pneumatic-fenders\/","og_site_name":"Wingo Marine","article_modified_time":"2026-03-24T02:41:01+00:00","og_image":[{"width":600,"height":600,"url":"http:\/\/wingomarine.com\/wp-content\/uploads\/2021\/10\/submarine-fender-hydro-pneumatic-fender-1.png","type":"image\/png"}],"twitter_card":"summary_large_image","twitter_misc":{"Dur\u00e9e de lecture estim\u00e9e":"2 minutes"},"schema":{"@context":"https:\/\/schema.org","@graph":[{"@type":"WebPage","@id":"https:\/\/wingomarine.com\/product\/hydro-pneumatic-fenders\/","url":"https:\/\/wingomarine.com\/product\/hydro-pneumatic-fenders\/","name":"Hydro-Pneumatic Fenders | Submarine Fenders Supplier & Manufacturer Since 1988 - Wingo Marine","isPartOf":{"@id":"https:\/\/wingomarine.com\/#website"},"primaryImageOfPage":{"@id":"https:\/\/wingomarine.com\/product\/hydro-pneumatic-fenders\/#primaryimage"},"image":{"@id":"https:\/\/wingomarine.com\/product\/hydro-pneumatic-fenders\/#primaryimage"},"thumbnailUrl":"https:\/\/wingomarine.com\/wp-content\/uploads\/2021\/10\/submarine-fender-hydro-pneumatic-fender-1.png","datePublished":"2021-10-10T03:54:29+00:00","dateModified":"2026-03-24T02:41:01+00:00","description":"Wingo Marine is a hydro-pneumatic fenders supplier and manufacture. This fenders are also called submarine fenders, which are specially designed for submarines. As well as we provide custom engineered submarine fendering systems.","breadcrumb":{"@id":"https:\/\/wingomarine.com\/product\/hydro-pneumatic-fenders\/#breadcrumb"},"inLanguage":"fr-FR","potentialAction":[{"@type":"ReadAction","target":["https:\/\/wingomarine.com\/product\/hydro-pneumatic-fenders\/"]}]},{"@type":"ImageObject","inLanguage":"fr-FR","@id":"https:\/\/wingomarine.com\/product\/hydro-pneumatic-fenders\/#primaryimage","url":"https:\/\/wingomarine.com\/wp-content\/uploads\/2021\/10\/submarine-fender-hydro-pneumatic-fender-1.png","contentUrl":"https:\/\/wingomarine.com\/wp-content\/uploads\/2021\/10\/submarine-fender-hydro-pneumatic-fender-1.png","width":600,"height":600,"caption":"Hydro-Pneumatic Fender"},{"@type":"BreadcrumbList","@id":"https:\/\/wingomarine.com\/product\/hydro-pneumatic-fenders\/#breadcrumb","itemListElement":[{"@type":"ListItem","position":1,"name":"Home","item":"https:\/\/wingomarine.com\/"},{"@type":"ListItem","position":2,"name":"Products","item":"https:\/\/wingomarine.com\/products\/"},{"@type":"ListItem","position":3,"name":"Hydro-Pneumatic Fenders"}]},{"@type":"WebSite","@id":"https:\/\/wingomarine.com\/#website","url":"https:\/\/wingomarine.com\/","name":"Wingo Marine","description":"Chinese top manufacturer for marine fenders, since 1988. | Wingo Marine","publisher":{"@id":"https:\/\/wingomarine.com\/#organization"},"potentialAction":[{"@type":"SearchAction","target":{"@type":"EntryPoint","urlTemplate":"https:\/\/wingomarine.com\/?s={search_term_string}"},"query-input":{"@type":"PropertyValueSpecification","valueRequired":true,"valueName":"search_term_string"}}],"inLanguage":"fr-FR"},{"@type":"Organization","@id":"https:\/\/wingomarine.com\/#organization","name":"Qingdao Wingo Marine Co., Ltd","url":"https:\/\/wingomarine.com\/","logo":{"@type":"ImageObject","inLanguage":"fr-FR","@id":"https:\/\/wingomarine.com\/#\/schema\/logo\/image\/","url":"http:\/\/wingomarine.com\/wp-content\/uploads\/2021\/10\/WINGO-MARINE-floating-yokohama-pneumatic-rubber-fenders-manufacturer.png","contentUrl":"http:\/\/wingomarine.com\/wp-content\/uploads\/2021\/10\/WINGO-MARINE-floating-yokohama-pneumatic-rubber-fenders-manufacturer.png","width":336,"height":118,"caption":"Qingdao Wingo Marine Co., Ltd"},"image":{"@id":"https:\/\/wingomarine.com\/#\/schema\/logo\/image\/"}}]}},"_links":{"self":[{"href":"https:\/\/wingomarine.com\/fr\/wp-json\/wp\/v2\/product\/2317"}],"collection":[{"href":"https:\/\/wingomarine.com\/fr\/wp-json\/wp\/v2\/product"}],"about":[{"href":"https:\/\/wingomarine.com\/fr\/wp-json\/wp\/v2\/types\/product"}],"replies":[{"embeddable":true,"href":"https:\/\/wingomarine.com\/fr\/wp-json\/wp\/v2\/comments?post=2317"}],"wp:featuredmedia":[{"embeddable":true,"href":"https:\/\/wingomarine.com\/fr\/wp-json\/wp\/v2\/media\/2496"}],"wp:attachment":[{"href":"https:\/\/wingomarine.com\/fr\/wp-json\/wp\/v2\/media?parent=2317"}],"wp:term":[{"taxonomy":"product_cat","embeddable":true,"href":"https:\/\/wingomarine.com\/fr\/wp-json\/wp\/v2\/product_cat?post=2317"},{"taxonomy":"product_tag","embeddable":true,"href":"https:\/\/wingomarine.com\/fr\/wp-json\/wp\/v2\/product_tag?post=2317"}],"curies":[{"name":"wp","href":"https:\/\/api.w.org\/{rel}","templated":true}]}}