{"id":4691,"date":"2022-03-14T16:33:57","date_gmt":"2022-03-14T08:33:57","guid":{"rendered":"http:\/\/wingomarine.com\/?post_type=product&#038;p=4691"},"modified":"2026-03-24T14:56:47","modified_gmt":"2026-03-24T06:56:47","slug":"pvc-boat-fenders","status":"publish","type":"product","link":"https:\/\/wingomarine.com\/fr\/produit\/pvc-boat-fenders\/","title":{"rendered":"D\u00e9fenses de bateau en PVC"},"content":{"rendered":"<h3><strong>D\u00e9crire :<\/strong><\/h3>\n<p>PVC boat fenders, polyfoam boat\/yacht fenders, made of plastisol PVC using rotation molding, are widely used for small boats, yachts, fishing boats, and boat docks. They come in a variety of colors, are compact, and are easy to store. And let the boats be more beautiful.<\/p>\n<p><strong>G, F, A, D, S, and HTM series can be customized. Supports many colors &amp; sizes, and OEM service.<\/strong><\/p>\n<h3><strong>Avantages :<\/strong><\/h3>\n<ul>\n<li>The uniform thickness of boat fenders ensures their maximum strength and durability.<\/li>\n<li>High-quality non-toxic PVC raw materials and production equipment make the boat fenders comfortable to touch.<\/li>\n<li>De nombreuses couleurs peuvent \u00eatre personnalis\u00e9es, ce qui rend les d\u00e9fenses magnifiques. De plus, elles ne laissent aucune trace sur la coque ;<\/li>\n<li>Waterproof, UV protected, and mildew proof, which keeps your boat safe from rain and sun.<\/li>\n<li>Une valve est situ\u00e9e sur le c\u00f4t\u00e9 de l'aile pour faciliter le gonflage.<\/li>\n<\/ul>\n<p>&nbsp;<\/p>\n<figure id=\"attachment_4708\" aria-describedby=\"caption-attachment-4708\" style=\"width: 724px\" class=\"wp-caption aligncenter\"><img fetchpriority=\"high\" decoding=\"async\" class=\"wp-image-4708 size-full\" src=\"http:\/\/wingomarine.com\/wp-content\/uploads\/2022\/03\/PVC-boat-fenders-cover.png\" alt=\"\" width=\"724\" height=\"408\" srcset=\"https:\/\/wingomarine.com\/wp-content\/uploads\/2022\/03\/PVC-boat-fenders-cover.png 724w, https:\/\/wingomarine.com\/wp-content\/uploads\/2022\/03\/PVC-boat-fenders-cover-300x169.png 300w, https:\/\/wingomarine.com\/wp-content\/uploads\/2022\/03\/PVC-boat-fenders-cover-600x338.png 600w\" sizes=\"(max-width: 724px) 100vw, 724px\" \/><figcaption id=\"caption-attachment-4708\" class=\"wp-caption-text\">Covers can be chosen for the boat fenders to increase the service life and make them more beautiful.<\/figcaption><\/figure>\n<p>&nbsp;<\/p>\n<h2 id=\"tablepress-12-name\" class=\"tablepress-table-name tablepress-table-name-id-12\">Dimensions et sp\u00e9cifications des d\u00e9fenses de bateau en PVC<\/h2>\n\n<table id=\"tablepress-12\" class=\"tablepress tablepress-id-12\" aria-labelledby=\"tablepress-12-name\">\n<thead>\n<tr class=\"row-1 odd\">\n\t<th class=\"column-1\">S\u00e9rie<\/th><th class=\"column-2\">Type<\/th><th class=\"column-3\">Taille (cm\/pouce)<\/th><th class=\"column-4\">Poids (g)<\/th><th class=\"column-5\">Taille du carton (cm)<\/th><th class=\"column-6\">Quantit\u00e9 par carton<\/th>\n<\/tr>\n<\/thead>\n<tbody class=\"row-hover\">\n<tr class=\"row-2 even\">\n\t<td class=\"column-1\">G<\/td><td class=\"column-2\">G0<\/td><td class=\"column-3\">9*33cm<\/td><td class=\"column-4\">350<\/td><td class=\"column-5\">35*25*41<\/td><td class=\"column-6\">24<\/td>\n<\/tr>\n<tr class=\"row-3 odd\">\n\t<td class=\"column-1\"><\/td><td class=\"column-2\">G1<\/td><td class=\"column-3\">11*40cm<\/td><td class=\"column-4\">500<\/td><td class=\"column-5\">42*30*48<\/td><td class=\"column-6\">20<\/td>\n<\/tr>\n<tr class=\"row-4 even\">\n\t<td class=\"column-1\"><\/td><td class=\"column-2\">G2<\/td><td class=\"column-3\">14*50cm<\/td><td class=\"column-4\">850<\/td><td class=\"column-5\">50*40*30<\/td><td class=\"column-6\">10<\/td>\n<\/tr>\n<tr class=\"row-5 odd\">\n\t<td class=\"column-1\"><\/td><td class=\"column-2\">G3<\/td><td class=\"column-3\">16*58cm<\/td><td class=\"column-4\">1000<\/td><td class=\"column-5\">58*45*30<\/td><td class=\"column-6\">10<\/td>\n<\/tr>\n<tr class=\"row-6 even\">\n\t<td class=\"column-1\"><\/td><td class=\"column-2\">G4<\/td><td class=\"column-3\">21*68cm<\/td><td class=\"column-4\">1800<\/td><td class=\"column-5\">70*33*38<\/td><td class=\"column-6\">5<\/td>\n<\/tr>\n<tr class=\"row-7 odd\">\n\t<td class=\"column-1\"><\/td><td class=\"column-2\">G5<\/td><td class=\"column-3\">26*78cm<\/td><td class=\"column-4\">3000<\/td><td class=\"column-5\">78*35*40<\/td><td class=\"column-6\">5<\/td>\n<\/tr>\n<tr class=\"row-8 even\">\n\t<td class=\"column-1\">D<\/td><td class=\"column-2\">D0<\/td><td class=\"column-3\">11*40cm<\/td><td class=\"column-4\">500<\/td><td class=\"column-5\">42*30*48<\/td><td class=\"column-6\">20<\/td>\n<\/tr>\n<tr class=\"row-9 odd\">\n\t<td class=\"column-1\"><\/td><td class=\"column-2\">D1<\/td><td class=\"column-3\">14*50cm<\/td><td class=\"column-4\">850<\/td><td class=\"column-5\">50*40*30<\/td><td class=\"column-6\">10<\/td>\n<\/tr>\n<tr class=\"row-10 even\">\n\t<td class=\"column-1\"><\/td><td class=\"column-2\">D2<\/td><td class=\"column-3\">16*58cm<\/td><td class=\"column-4\">1000<\/td><td class=\"column-5\">58*45*30<\/td><td class=\"column-6\">10<\/td>\n<\/tr>\n<tr class=\"row-11 odd\">\n\t<td class=\"column-1\"><\/td><td class=\"column-2\">D3<\/td><td class=\"column-3\">21*68cm<\/td><td class=\"column-4\">1800<\/td><td class=\"column-5\">70*33*38<\/td><td class=\"column-6\">5<\/td>\n<\/tr>\n<tr class=\"row-12 even\">\n\t<td class=\"column-1\">S<\/td><td class=\"column-2\">S01<\/td><td class=\"column-3\">11*40cm<\/td><td class=\"column-4\">550<\/td><td class=\"column-5\">45*30*50<\/td><td class=\"column-6\">25<\/td>\n<\/tr>\n<tr class=\"row-13 odd\">\n\t<td class=\"column-1\">HTM<\/td><td class=\"column-2\">HTM2<\/td><td class=\"column-3\">15.5*38cm<\/td><td class=\"column-4\">1200<\/td><td class=\"column-5\">30*25*45<\/td><td class=\"column-6\">6<\/td>\n<\/tr>\n<tr class=\"row-14 even\">\n\t<td class=\"column-1\"><\/td><td class=\"column-2\">HTM3<\/td><td class=\"column-3\">21*50cm<\/td><td class=\"column-4\">2200<\/td><td class=\"column-5\">45*35*40<\/td><td class=\"column-6\">6<\/td>\n<\/tr>\n<tr class=\"row-15 odd\">\n\t<td class=\"column-1\"><\/td><td class=\"column-2\">HTM4<\/td><td class=\"column-3\">26*64cm<\/td><td class=\"column-4\">3400<\/td><td class=\"column-5\">64*38*50<\/td><td class=\"column-6\">6<\/td>\n<\/tr>\n<tr class=\"row-16 even\">\n\t<td class=\"column-1\">Coin<\/td><td class=\"column-2\">BL<\/td><td class=\"column-3\">22*22*10cm<\/td><td class=\"column-4\">600<\/td><td class=\"column-5\">\/<\/td><td class=\"column-6\">\/<\/td>\n<\/tr>\n<tr class=\"row-17 odd\">\n\t<td class=\"column-1\"><\/td><td class=\"column-2\">BS<\/td><td class=\"column-3\">45*10cm<\/td><td class=\"column-4\">560<\/td><td class=\"column-5\">\/<\/td><td class=\"column-6\">\/<\/td>\n<\/tr>\n<tr class=\"row-18 even\">\n\t<td class=\"column-1\">WS<\/td><td class=\"column-2\">WS-3<\/td><td class=\"column-3\">Diam\u00e8tre : 21,5 cm<\/td><td class=\"column-4\">250<\/td><td class=\"column-5\">55*30*45<\/td><td class=\"column-6\">60<\/td>\n<\/tr>\n<tr class=\"row-19 odd\">\n\t<td class=\"column-1\">F<\/td><td class=\"column-2\">F0<\/td><td class=\"column-3\">11.5*45cm<\/td><td class=\"column-4\">750<\/td><td class=\"column-5\">45*30*48<\/td><td class=\"column-6\">10<\/td>\n<\/tr>\n<tr class=\"row-20 even\">\n\t<td class=\"column-1\"><\/td><td class=\"column-2\">F1<\/td><td class=\"column-3\">15*61cm<\/td><td class=\"column-4\">1000<\/td><td class=\"column-5\">49*38*38<\/td><td class=\"column-6\">6<\/td>\n<\/tr>\n<tr class=\"row-21 odd\">\n\t<td class=\"column-1\"><\/td><td class=\"column-2\">F2<\/td><td class=\"column-3\">22*61cm<\/td><td class=\"column-4\">1750<\/td><td class=\"column-5\">49*38*55<\/td><td class=\"column-6\">6<\/td>\n<\/tr>\n<tr class=\"row-22 even\">\n\t<td class=\"column-1\"><\/td><td class=\"column-2\">F3<\/td><td class=\"column-3\">22*75cm<\/td><td class=\"column-4\">2100<\/td><td class=\"column-5\">64*38*50<\/td><td class=\"column-6\">6<\/td>\n<\/tr>\n<tr class=\"row-23 odd\">\n\t<td class=\"column-1\"><\/td><td class=\"column-2\">F4<\/td><td class=\"column-3\">22*104cm<\/td><td class=\"column-4\">2900<\/td><td class=\"column-5\">99*53*39<\/td><td class=\"column-6\">6<\/td>\n<\/tr>\n<tr class=\"row-24 even\">\n\t<td class=\"column-1\"><\/td><td class=\"column-2\">F5<\/td><td class=\"column-3\">29*78cm<\/td><td class=\"column-4\">3000<\/td><td class=\"column-5\">64*54*55<\/td><td class=\"column-6\">6<\/td>\n<\/tr>\n<tr class=\"row-25 odd\">\n\t<td class=\"column-1\"><\/td><td class=\"column-2\">F6<\/td><td class=\"column-3\">29*109cm<\/td><td class=\"column-4\">4200<\/td><td class=\"column-5\">97*56*54<\/td><td class=\"column-6\">6<\/td>\n<\/tr>\n<tr class=\"row-26 even\">\n\t<td class=\"column-1\">A<\/td><td class=\"column-2\">A0<\/td><td class=\"column-3\">21*28cm<\/td><td class=\"column-4\">600<\/td><td class=\"column-5\">24*24*45<\/td><td class=\"column-6\">6<\/td>\n<\/tr>\n<tr class=\"row-27 odd\">\n\t<td class=\"column-1\"><\/td><td class=\"column-2\">A1<\/td><td class=\"column-3\">30*38cm<\/td><td class=\"column-4\">1150<\/td><td class=\"column-5\">40*32*40<\/td><td class=\"column-6\">6<\/td>\n<\/tr>\n<tr class=\"row-28 even\">\n\t<td class=\"column-1\"><\/td><td class=\"column-2\">A2<\/td><td class=\"column-3\">39*50cm<\/td><td class=\"column-4\">2100<\/td><td class=\"column-5\">49*39*56<\/td><td class=\"column-6\">6<\/td>\n<\/tr>\n<tr class=\"row-29 odd\">\n\t<td class=\"column-1\"><\/td><td class=\"column-2\">A3<\/td><td class=\"column-3\">46*58cm<\/td><td class=\"column-4\">3100<\/td><td class=\"column-5\">59*41*60<\/td><td class=\"column-6\">6<\/td>\n<\/tr>\n<tr class=\"row-30 even\">\n\t<td class=\"column-1\"><\/td><td class=\"column-2\">A4<\/td><td class=\"column-3\">48*63cm<\/td><td class=\"column-4\">4000<\/td><td class=\"column-5\">64*46*54<\/td><td class=\"column-6\">4<\/td>\n<\/tr>\n<tr class=\"row-31 odd\">\n\t<td class=\"column-1\">DKD<\/td><td class=\"column-2\">DKD1<\/td><td class=\"column-3\">90*18cm<\/td><td class=\"column-4\">4200<\/td><td class=\"column-5\">\/<\/td><td class=\"column-6\">\/<\/td>\n<\/tr>\n<tr class=\"row-32 even\">\n\t<td class=\"column-1\"><\/td><td class=\"column-2\">DKD2<\/td><td class=\"column-3\">100*15*12cm<\/td><td class=\"column-4\">2600<\/td><td class=\"column-5\">\/<\/td><td class=\"column-6\">\/<\/td>\n<\/tr>\n<\/tbody>\n<\/table>\n<!-- #tablepress-12 from cache -->\n<p>&nbsp;<\/p>\n<h3>T\u00c9L\u00c9CHARGER :<\/h3>\n<p><strong><span style=\"color: #ff0000;\">Please download this table from this webpage:<\/span>\u00a0<a href=\"http:\/\/wingomarine.com\/fr\/sizes-and-specifications-of-pvc-boat-fenders\/\">http:\/\/wingomarine.com\/sizes-and-specifications-of-pvc-boat-fenders\/<\/a><\/strong><\/p>\n<h3><strong>Contr\u00f4le de qualit\u00e9 et emballage :<\/strong><\/h3>\n<figure id=\"attachment_4709\" aria-describedby=\"caption-attachment-4709\" style=\"width: 722px\" class=\"wp-caption aligncenter\"><img decoding=\"async\" class=\"wp-image-4709 size-full\" src=\"http:\/\/wingomarine.com\/wp-content\/uploads\/2022\/03\/pvc-boat-fenders-OEM.png\" alt=\"\" width=\"722\" height=\"408\" srcset=\"https:\/\/wingomarine.com\/wp-content\/uploads\/2022\/03\/pvc-boat-fenders-OEM.png 722w, https:\/\/wingomarine.com\/wp-content\/uploads\/2022\/03\/pvc-boat-fenders-OEM-300x170.png 300w, https:\/\/wingomarine.com\/wp-content\/uploads\/2022\/03\/pvc-boat-fenders-OEM-600x339.png 600w\" sizes=\"(max-width: 722px) 100vw, 722px\" \/><figcaption id=\"caption-attachment-4709\" class=\"wp-caption-text\">Stick the OEM order logo and check the quality in the workshop.<\/figcaption><\/figure>\n<p>&nbsp;<\/p>\n<figure id=\"attachment_4704\" aria-describedby=\"caption-attachment-4704\" style=\"width: 718px\" class=\"wp-caption aligncenter\"><img decoding=\"async\" class=\"wp-image-4704 size-full\" src=\"http:\/\/wingomarine.com\/wp-content\/uploads\/2022\/03\/pvc-boat-fenders-pressure-show-and-vacuum-package.jpg\" alt=\"\" width=\"718\" height=\"422\" srcset=\"https:\/\/wingomarine.com\/wp-content\/uploads\/2022\/03\/pvc-boat-fenders-pressure-show-and-vacuum-package.jpg 718w, https:\/\/wingomarine.com\/wp-content\/uploads\/2022\/03\/pvc-boat-fenders-pressure-show-and-vacuum-package-300x176.jpg 300w, https:\/\/wingomarine.com\/wp-content\/uploads\/2022\/03\/pvc-boat-fenders-pressure-show-and-vacuum-package-600x353.jpg 600w\" sizes=\"(max-width: 718px) 100vw, 718px\" \/><figcaption id=\"caption-attachment-4704\" class=\"wp-caption-text\">Parfois, nous effectuons les tests de violence sous des pneus de camion. Faire le vide dans les ailes et les pr\u00e9parer pour l'emballage.<\/figcaption><\/figure>\n<p>&nbsp;<\/p>\n<figure id=\"attachment_4707\" aria-describedby=\"caption-attachment-4707\" style=\"width: 723px\" class=\"wp-caption aligncenter\"><img loading=\"lazy\" decoding=\"async\" class=\"wp-image-4707 size-full\" src=\"http:\/\/wingomarine.com\/wp-content\/uploads\/2022\/03\/pvc-boat-fenders-shipment.png\" alt=\"\" width=\"723\" height=\"412\" srcset=\"https:\/\/wingomarine.com\/wp-content\/uploads\/2022\/03\/pvc-boat-fenders-shipment.png 723w, https:\/\/wingomarine.com\/wp-content\/uploads\/2022\/03\/pvc-boat-fenders-shipment-300x171.png 300w, https:\/\/wingomarine.com\/wp-content\/uploads\/2022\/03\/pvc-boat-fenders-shipment-600x342.png 600w\" sizes=\"(max-width: 723px) 100vw, 723px\" \/><figcaption id=\"caption-attachment-4707\" class=\"wp-caption-text\">Chargez les d\u00e9fenses de bateau dans le conteneur pour l'exp\u00e9dition.<\/figcaption><\/figure>\n<p>&nbsp;<\/p>\n<h3>Pour toute autre question, n'h\u00e9sitez pas \u00e0 nous contacter ou \u00e0 nous envoyer une demande de renseignements d\u00e8s maintenant !<\/h3>","protected":false},"excerpt":{"rendered":"<p>Les d\u00e9fenses de bateau en PVC, les d\u00e9fenses de bateau\/yacht en polyfoam, fabriqu\u00e9es en PVC plastisol avec une proc\u00e9dure de moulage par rotation, sont largement utilis\u00e9es pour les petits bateaux, les yachts, les bateaux de p\u00eache et les quais. Elles sont disponibles dans une grande vari\u00e9t\u00e9 de couleurs, sont compactes et faciles \u00e0 ranger. Elles permettent d'embellir les bateaux.<\/p>","protected":false},"featured_media":4702,"comment_status":"open","ping_status":"closed","template":"","meta":[],"product_cat":[185],"product_tag":[],"yoast_head":"<!-- This site is optimized with the Yoast SEO plugin v23.5 - https:\/\/yoast.com\/wordpress\/plugins\/seo\/ -->\n<title>PVC Boat Fenders - Wingo Marine<\/title>\n<meta name=\"description\" content=\"PVC boat fenders, polyfoam boat\/yacht fenders. G, F, A, D, S, and HTM series can be costomized. Support many colors &amp; sizes, and OEM service.\" \/>\n<meta name=\"robots\" content=\"index, follow, max-snippet:-1, max-image-preview:large, max-video-preview:-1\" \/>\n<link rel=\"canonical\" href=\"https:\/\/wingomarine.com\/fr\/produit\/pvc-boat-fenders\/\" \/>\n<meta property=\"og:locale\" content=\"fr_FR\" \/>\n<meta property=\"og:type\" content=\"article\" \/>\n<meta property=\"og:title\" content=\"PVC Boat Fenders - Wingo Marine\" \/>\n<meta property=\"og:description\" content=\"PVC boat fenders, polyfoam boat\/yacht fenders. G, F, A, D, S, and HTM series can be costomized. Support many colors &amp; sizes, and OEM service.\" \/>\n<meta property=\"og:url\" content=\"https:\/\/wingomarine.com\/fr\/produit\/pvc-boat-fenders\/\" \/>\n<meta property=\"og:site_name\" content=\"Wingo Marine\" \/>\n<meta property=\"article:modified_time\" content=\"2026-03-24T06:56:47+00:00\" \/>\n<meta property=\"og:image\" content=\"http:\/\/wingomarine.com\/wp-content\/uploads\/2022\/03\/G-series-pvc-boat-fender.png\" \/>\n\t<meta property=\"og:image:width\" content=\"600\" \/>\n\t<meta property=\"og:image:height\" content=\"600\" \/>\n\t<meta property=\"og:image:type\" content=\"image\/png\" \/>\n<meta name=\"twitter:card\" content=\"summary_large_image\" \/>\n<meta name=\"twitter:label1\" content=\"Dur\u00e9e de lecture estim\u00e9e\" \/>\n\t<meta name=\"twitter:data1\" content=\"3 minutes\" \/>\n<script type=\"application\/ld+json\" class=\"yoast-schema-graph\">{\"@context\":\"https:\/\/schema.org\",\"@graph\":[{\"@type\":\"WebPage\",\"@id\":\"https:\/\/wingomarine.com\/product\/pvc-boat-fenders\/\",\"url\":\"https:\/\/wingomarine.com\/product\/pvc-boat-fenders\/\",\"name\":\"PVC Boat Fenders - Wingo Marine\",\"isPartOf\":{\"@id\":\"https:\/\/wingomarine.com\/#website\"},\"primaryImageOfPage\":{\"@id\":\"https:\/\/wingomarine.com\/product\/pvc-boat-fenders\/#primaryimage\"},\"image\":{\"@id\":\"https:\/\/wingomarine.com\/product\/pvc-boat-fenders\/#primaryimage\"},\"thumbnailUrl\":\"https:\/\/wingomarine.com\/wp-content\/uploads\/2022\/03\/G-series-pvc-boat-fender.png\",\"datePublished\":\"2022-03-14T08:33:57+00:00\",\"dateModified\":\"2026-03-24T06:56:47+00:00\",\"description\":\"PVC boat fenders, polyfoam boat\/yacht fenders. G, F, A, D, S, and HTM series can be costomized. Support many colors & sizes, and OEM service.\",\"breadcrumb\":{\"@id\":\"https:\/\/wingomarine.com\/product\/pvc-boat-fenders\/#breadcrumb\"},\"inLanguage\":\"fr-FR\",\"potentialAction\":[{\"@type\":\"ReadAction\",\"target\":[\"https:\/\/wingomarine.com\/product\/pvc-boat-fenders\/\"]}]},{\"@type\":\"ImageObject\",\"inLanguage\":\"fr-FR\",\"@id\":\"https:\/\/wingomarine.com\/product\/pvc-boat-fenders\/#primaryimage\",\"url\":\"https:\/\/wingomarine.com\/wp-content\/uploads\/2022\/03\/G-series-pvc-boat-fender.png\",\"contentUrl\":\"https:\/\/wingomarine.com\/wp-content\/uploads\/2022\/03\/G-series-pvc-boat-fender.png\",\"width\":600,\"height\":600},{\"@type\":\"BreadcrumbList\",\"@id\":\"https:\/\/wingomarine.com\/product\/pvc-boat-fenders\/#breadcrumb\",\"itemListElement\":[{\"@type\":\"ListItem\",\"position\":1,\"name\":\"Home\",\"item\":\"https:\/\/wingomarine.com\/\"},{\"@type\":\"ListItem\",\"position\":2,\"name\":\"Products\",\"item\":\"https:\/\/wingomarine.com\/products\/\"},{\"@type\":\"ListItem\",\"position\":3,\"name\":\"PVC Boat Fenders\"}]},{\"@type\":\"WebSite\",\"@id\":\"https:\/\/wingomarine.com\/#website\",\"url\":\"https:\/\/wingomarine.com\/\",\"name\":\"Wingo Marine\",\"description\":\"Chinese top manufacturer for marine fenders, since 1988. | Wingo Marine\",\"publisher\":{\"@id\":\"https:\/\/wingomarine.com\/#organization\"},\"potentialAction\":[{\"@type\":\"SearchAction\",\"target\":{\"@type\":\"EntryPoint\",\"urlTemplate\":\"https:\/\/wingomarine.com\/?s={search_term_string}\"},\"query-input\":{\"@type\":\"PropertyValueSpecification\",\"valueRequired\":true,\"valueName\":\"search_term_string\"}}],\"inLanguage\":\"fr-FR\"},{\"@type\":\"Organization\",\"@id\":\"https:\/\/wingomarine.com\/#organization\",\"name\":\"Qingdao Wingo Marine Co., Ltd\",\"url\":\"https:\/\/wingomarine.com\/\",\"logo\":{\"@type\":\"ImageObject\",\"inLanguage\":\"fr-FR\",\"@id\":\"https:\/\/wingomarine.com\/#\/schema\/logo\/image\/\",\"url\":\"http:\/\/wingomarine.com\/wp-content\/uploads\/2021\/10\/WINGO-MARINE-floating-yokohama-pneumatic-rubber-fenders-manufacturer.png\",\"contentUrl\":\"http:\/\/wingomarine.com\/wp-content\/uploads\/2021\/10\/WINGO-MARINE-floating-yokohama-pneumatic-rubber-fenders-manufacturer.png\",\"width\":336,\"height\":118,\"caption\":\"Qingdao Wingo Marine Co., Ltd\"},\"image\":{\"@id\":\"https:\/\/wingomarine.com\/#\/schema\/logo\/image\/\"}}]}<\/script>\n<!-- \/ Yoast SEO plugin. -->","yoast_head_json":{"title":"PVC Boat Fenders - Wingo Marine","description":"PVC boat fenders, polyfoam boat\/yacht fenders. G, F, A, D, S, and HTM series can be costomized. Support many colors & sizes, and OEM service.","robots":{"index":"index","follow":"follow","max-snippet":"max-snippet:-1","max-image-preview":"max-image-preview:large","max-video-preview":"max-video-preview:-1"},"canonical":"https:\/\/wingomarine.com\/fr\/produit\/pvc-boat-fenders\/","og_locale":"fr_FR","og_type":"article","og_title":"PVC Boat Fenders - Wingo Marine","og_description":"PVC boat fenders, polyfoam boat\/yacht fenders. G, F, A, D, S, and HTM series can be costomized. Support many colors & sizes, and OEM service.","og_url":"https:\/\/wingomarine.com\/fr\/produit\/pvc-boat-fenders\/","og_site_name":"Wingo Marine","article_modified_time":"2026-03-24T06:56:47+00:00","og_image":[{"width":600,"height":600,"url":"http:\/\/wingomarine.com\/wp-content\/uploads\/2022\/03\/G-series-pvc-boat-fender.png","type":"image\/png"}],"twitter_card":"summary_large_image","twitter_misc":{"Dur\u00e9e de lecture estim\u00e9e":"3 minutes"},"schema":{"@context":"https:\/\/schema.org","@graph":[{"@type":"WebPage","@id":"https:\/\/wingomarine.com\/product\/pvc-boat-fenders\/","url":"https:\/\/wingomarine.com\/product\/pvc-boat-fenders\/","name":"PVC Boat Fenders - Wingo Marine","isPartOf":{"@id":"https:\/\/wingomarine.com\/#website"},"primaryImageOfPage":{"@id":"https:\/\/wingomarine.com\/product\/pvc-boat-fenders\/#primaryimage"},"image":{"@id":"https:\/\/wingomarine.com\/product\/pvc-boat-fenders\/#primaryimage"},"thumbnailUrl":"https:\/\/wingomarine.com\/wp-content\/uploads\/2022\/03\/G-series-pvc-boat-fender.png","datePublished":"2022-03-14T08:33:57+00:00","dateModified":"2026-03-24T06:56:47+00:00","description":"PVC boat fenders, polyfoam boat\/yacht fenders. G, F, A, D, S, and HTM series can be costomized. Support many colors & sizes, and OEM service.","breadcrumb":{"@id":"https:\/\/wingomarine.com\/product\/pvc-boat-fenders\/#breadcrumb"},"inLanguage":"fr-FR","potentialAction":[{"@type":"ReadAction","target":["https:\/\/wingomarine.com\/product\/pvc-boat-fenders\/"]}]},{"@type":"ImageObject","inLanguage":"fr-FR","@id":"https:\/\/wingomarine.com\/product\/pvc-boat-fenders\/#primaryimage","url":"https:\/\/wingomarine.com\/wp-content\/uploads\/2022\/03\/G-series-pvc-boat-fender.png","contentUrl":"https:\/\/wingomarine.com\/wp-content\/uploads\/2022\/03\/G-series-pvc-boat-fender.png","width":600,"height":600},{"@type":"BreadcrumbList","@id":"https:\/\/wingomarine.com\/product\/pvc-boat-fenders\/#breadcrumb","itemListElement":[{"@type":"ListItem","position":1,"name":"Home","item":"https:\/\/wingomarine.com\/"},{"@type":"ListItem","position":2,"name":"Products","item":"https:\/\/wingomarine.com\/products\/"},{"@type":"ListItem","position":3,"name":"PVC Boat Fenders"}]},{"@type":"WebSite","@id":"https:\/\/wingomarine.com\/#website","url":"https:\/\/wingomarine.com\/","name":"Wingo Marine","description":"Chinese top manufacturer for marine fenders, since 1988. | Wingo Marine","publisher":{"@id":"https:\/\/wingomarine.com\/#organization"},"potentialAction":[{"@type":"SearchAction","target":{"@type":"EntryPoint","urlTemplate":"https:\/\/wingomarine.com\/?s={search_term_string}"},"query-input":{"@type":"PropertyValueSpecification","valueRequired":true,"valueName":"search_term_string"}}],"inLanguage":"fr-FR"},{"@type":"Organization","@id":"https:\/\/wingomarine.com\/#organization","name":"Qingdao Wingo Marine Co., Ltd","url":"https:\/\/wingomarine.com\/","logo":{"@type":"ImageObject","inLanguage":"fr-FR","@id":"https:\/\/wingomarine.com\/#\/schema\/logo\/image\/","url":"http:\/\/wingomarine.com\/wp-content\/uploads\/2021\/10\/WINGO-MARINE-floating-yokohama-pneumatic-rubber-fenders-manufacturer.png","contentUrl":"http:\/\/wingomarine.com\/wp-content\/uploads\/2021\/10\/WINGO-MARINE-floating-yokohama-pneumatic-rubber-fenders-manufacturer.png","width":336,"height":118,"caption":"Qingdao Wingo Marine Co., Ltd"},"image":{"@id":"https:\/\/wingomarine.com\/#\/schema\/logo\/image\/"}}]}},"_links":{"self":[{"href":"https:\/\/wingomarine.com\/fr\/wp-json\/wp\/v2\/product\/4691"}],"collection":[{"href":"https:\/\/wingomarine.com\/fr\/wp-json\/wp\/v2\/product"}],"about":[{"href":"https:\/\/wingomarine.com\/fr\/wp-json\/wp\/v2\/types\/product"}],"replies":[{"embeddable":true,"href":"https:\/\/wingomarine.com\/fr\/wp-json\/wp\/v2\/comments?post=4691"}],"wp:featuredmedia":[{"embeddable":true,"href":"https:\/\/wingomarine.com\/fr\/wp-json\/wp\/v2\/media\/4702"}],"wp:attachment":[{"href":"https:\/\/wingomarine.com\/fr\/wp-json\/wp\/v2\/media?parent=4691"}],"wp:term":[{"taxonomy":"product_cat","embeddable":true,"href":"https:\/\/wingomarine.com\/fr\/wp-json\/wp\/v2\/product_cat?post=4691"},{"taxonomy":"product_tag","embeddable":true,"href":"https:\/\/wingomarine.com\/fr\/wp-json\/wp\/v2\/product_tag?post=4691"}],"curies":[{"name":"wp","href":"https:\/\/api.w.org\/{rel}","templated":true}]}}