{"id":65,"date":"2021-07-02T01:31:32","date_gmt":"2021-07-01T17:31:32","guid":{"rendered":"http:\/\/wingomarine.com\/?post_type=product&#038;p=65"},"modified":"2026-03-24T10:42:03","modified_gmt":"2026-03-24T02:42:03","slug":"pneumatic-rubber-fender","status":"publish","type":"product","link":"https:\/\/wingomarine.com\/fr\/produit\/pneumatic-rubber-fender\/","title":{"rendered":"D\u00e9fenses pneumatiques en caoutchouc"},"content":{"rendered":"<h3><strong>D\u00e9crire :<\/strong><\/h3>\n<p><strong>Garde-boue en caoutchouc pneumatique (garde-boue Yokohama)<\/strong>,\u00a0 <strong>CODE IMPA 232411, <\/strong>a \u00e9t\u00e9 largement utilis\u00e9 dans les p\u00e9troliers, les porte-conteneurs, les yachts, les plates-formes offshore, les chantiers navals, les quais militaires, etc. Utilis\u00e9 pour absorber l'\u00e9nergie cin\u00e9tique des navires \u00e0 proximit\u00e9 des quais ou d'autres navires.<\/p>\n<h3><strong>Avantage :<\/strong><\/h3>\n<ul>\n<li>Haute r\u00e9sistance, haute r\u00e9sistance \u00e0 l'usure ;<\/li>\n<li>Large energy absorption and small reaction force.<\/li>\n<li>Facile et rapide \u00e0 d\u00e9ployer et \u00e0 stocker sur le pont des navires.<\/li>\n<li>Convient aux petites et grandes amplitudes de mar\u00e9e.<\/li>\n<li>Maintains a large clearance between the hull and the structure.<\/li>\n<li>Des solutions \u00e9conomiques.<\/li>\n<li>Facilement d\u00e9formable pour \u00eatre utilis\u00e9 \u00e0 diff\u00e9rents endroits.<\/li>\n<li>Fabriqu\u00e9 selon la norme ISO 17357-1:2014.<\/li>\n<li>Des tailles et des couleurs sp\u00e9ciales peuvent \u00eatre personnalis\u00e9es.<\/li>\n<li>12 mois de garantie, 10 ans de dur\u00e9e de vie.<\/li>\n<\/ul>\n<p>&nbsp;<\/p>\n<figure id=\"attachment_4128\" aria-describedby=\"caption-attachment-4128\" style=\"width: 800px\" class=\"wp-caption aligncenter\"><img fetchpriority=\"high\" decoding=\"async\" class=\"wp-image-4128\" src=\"http:\/\/wingomarine.com\/wp-content\/uploads\/2022\/01\/Pneumatic-Fender-Drawing.jpg\" alt=\"\" width=\"800\" height=\"565\" srcset=\"https:\/\/wingomarine.com\/wp-content\/uploads\/2022\/01\/Pneumatic-Fender-Drawing.jpg 1200w, https:\/\/wingomarine.com\/wp-content\/uploads\/2022\/01\/Pneumatic-Fender-Drawing-300x212.jpg 300w, https:\/\/wingomarine.com\/wp-content\/uploads\/2022\/01\/Pneumatic-Fender-Drawing-1024x724.jpg 1024w, https:\/\/wingomarine.com\/wp-content\/uploads\/2022\/01\/Pneumatic-Fender-Drawing-768x543.jpg 768w, https:\/\/wingomarine.com\/wp-content\/uploads\/2022\/01\/Pneumatic-Fender-Drawing-600x424.jpg 600w\" sizes=\"(max-width: 800px) 100vw, 800px\" \/><figcaption id=\"caption-attachment-4128\" class=\"wp-caption-text\">Structure des d\u00e9fenses pneumatiques en caoutchouc (dessin)<\/figcaption><\/figure>\n<h4><\/h4>\n\n<table id=\"tablepress-5\" class=\"tablepress tablepress-id-5\">\n<thead>\n<tr class=\"row-1 odd\">\n\t<th class=\"column-1\">Taille<\/th><th colspan=\"2\" class=\"column-2\">50 KPa \u00e0 la compression 60%<\/th><th colspan=\"2\" class=\"column-4\">80 KPa \u00e0 la compression 60%<\/th>\n<\/tr>\n<\/thead>\n<tbody class=\"row-hover\">\n<tr class=\"row-2 even\">\n\t<td class=\"column-1\"><\/td><td class=\"column-2\">GEA KJ<\/td><td class=\"column-3\">RF KN<\/td><td class=\"column-4\">GEA KJ<\/td><td class=\"column-5\">RF KN<\/td>\n<\/tr>\n<tr class=\"row-3 odd\">\n\t<td class=\"column-1\">0,5m * 1m<\/td><td class=\"column-2\">6<\/td><td class=\"column-3\">64<\/td><td class=\"column-4\">8<\/td><td class=\"column-5\">80<\/td>\n<\/tr>\n<tr class=\"row-4 even\">\n\t<td class=\"column-1\">0,6m * 1,2m<\/td><td class=\"column-2\">10<\/td><td class=\"column-3\">86<\/td><td class=\"column-4\">13<\/td><td class=\"column-5\">108<\/td>\n<\/tr>\n<tr class=\"row-5 odd\">\n\t<td class=\"column-1\">0,7m * 1,5m<\/td><td class=\"column-2\">17<\/td><td class=\"column-3\">137<\/td><td class=\"column-4\">21<\/td><td class=\"column-5\">171<\/td>\n<\/tr>\n<tr class=\"row-6 even\">\n\t<td class=\"column-1\">1.0m * 1.5m<\/td><td class=\"column-2\">32<\/td><td class=\"column-3\">181<\/td><td class=\"column-4\">40<\/td><td class=\"column-5\">266<\/td>\n<\/tr>\n<tr class=\"row-7 odd\">\n\t<td class=\"column-1\">1,35m * 2,5m<\/td><td class=\"column-2\">100<\/td><td class=\"column-3\">426<\/td><td class=\"column-4\">125<\/td><td class=\"column-5\">533<\/td>\n<\/tr>\n<tr class=\"row-8 even\">\n\t<td class=\"column-1\">1.5m * 3.0m<\/td><td class=\"column-2\">153<\/td><td class=\"column-3\">579<\/td><td class=\"column-4\">191<\/td><td class=\"column-5\">724<\/td>\n<\/tr>\n<tr class=\"row-9 odd\">\n\t<td class=\"column-1\">1,7m * 3,0m<\/td><td class=\"column-2\">190<\/td><td class=\"column-3\">637<\/td><td class=\"column-4\">238<\/td><td class=\"column-5\">796<\/td>\n<\/tr>\n<tr class=\"row-10 even\">\n\t<td class=\"column-1\">2.0m * 3.5m<\/td><td class=\"column-2\">308<\/td><td class=\"column-3\">875<\/td><td class=\"column-4\">385<\/td><td class=\"column-5\">1094<\/td>\n<\/tr>\n<tr class=\"row-11 odd\">\n\t<td class=\"column-1\">2.5m * 4.0m<\/td><td class=\"column-2\">663<\/td><td class=\"column-3\">1380<\/td><td class=\"column-4\">829<\/td><td class=\"column-5\">1725<\/td>\n<\/tr>\n<tr class=\"row-12 even\">\n\t<td class=\"column-1\">2.5m * 5.5m <\/td><td class=\"column-2\">932<\/td><td class=\"column-3\">2010<\/td><td class=\"column-4\">1658<\/td><td class=\"column-5\">2513<\/td>\n<\/tr>\n<tr class=\"row-13 odd\">\n\t<td class=\"column-1\">3.0m * 5.0m<\/td><td class=\"column-2\">1050<\/td><td class=\"column-3\">2030<\/td><td class=\"column-4\">1313<\/td><td class=\"column-5\">2538<\/td>\n<\/tr>\n<tr class=\"row-14 even\">\n\t<td class=\"column-1\">3.3m * 6.5m<\/td><td class=\"column-2\">1814<\/td><td class=\"column-3\">3015<\/td><td class=\"column-4\">2534<\/td><td class=\"column-5\">3961<\/td>\n<\/tr>\n<tr class=\"row-15 odd\">\n\t<td class=\"column-1\">3.5m * 6.0m<\/td><td class=\"column-2\">2018<\/td><td class=\"column-3\">3286<\/td><td class=\"column-4\">2523<\/td><td class=\"column-5\">4018<\/td>\n<\/tr>\n<tr class=\"row-16 even\">\n\t<td class=\"column-1\">4.5m * 9.0m<\/td><td class=\"column-2\">4752<\/td><td class=\"column-3\">5747<\/td><td class=\"column-4\">6633<\/td><td class=\"column-5\">7551<\/td>\n<\/tr>\n<\/tbody>\n<\/table>\n<!-- #tablepress-5 from cache -->\n<figure id=\"attachment_4336\" aria-describedby=\"caption-attachment-4336\" style=\"width: 800px\" class=\"wp-caption aligncenter\"><img decoding=\"async\" class=\"wp-image-4336\" src=\"http:\/\/wingomarine.com\/wp-content\/uploads\/2022\/02\/Details-of.png\" alt=\"\" width=\"800\" height=\"600\" srcset=\"https:\/\/wingomarine.com\/wp-content\/uploads\/2022\/02\/Details-of.png 743w, https:\/\/wingomarine.com\/wp-content\/uploads\/2022\/02\/Details-of-300x225.png 300w, https:\/\/wingomarine.com\/wp-content\/uploads\/2022\/02\/Details-of-600x450.png 600w\" sizes=\"(max-width: 800px) 100vw, 800px\" \/><figcaption id=\"caption-attachment-4336\" class=\"wp-caption-text\">Structure des d\u00e9fenses pneumatiques en caoutchouc<\/figcaption><\/figure>\n<h3><\/h3>\n<h3>Attention :<\/h3>\n<ul>\n<li>\u00a0Contr\u00f4le de la pression pneumatique \u00e0 \u00b15% de la pression nominale.<\/li>\n<li data-spm-anchor-id=\"a2700.details.0.i44.328c1ca6EZM5r3\">\u00a0Tester la pression normalement, ajouter la pression rapidement.<\/li>\n<li>\u00a0\u00c9viter tout contact avec des objets tranchants.<\/li>\n<li data-spm-anchor-id=\"a2700.details.0.i46.328c1ca6EZM5r3\"><span data-spm-anchor-id=\"a2700.details.0.i47.328c1ca6EZM5r3\">When not needed for a long time, they should be washed to dry, filled with the right amount of compressed air, and placed in a cool, dry, ventilated place.<\/span><\/li>\n<li>\u00a0Store away from heat, acid and alkali, oil, and grease.<\/li>\n<li>\u00a0When stored, they shall not be folded and piled up.<\/li>\n<\/ul>\n<p>&nbsp;<\/p>\n<figure id=\"attachment_4687\" aria-describedby=\"caption-attachment-4687\" style=\"width: 800px\" class=\"wp-caption aligncenter\"><img decoding=\"async\" class=\"wp-image-4687\" src=\"http:\/\/wingomarine.com\/wp-content\/uploads\/2021\/07\/Inflatable-Steps-of-Pneumatic-Rubber-Fenders.png\" alt=\"\" width=\"800\" height=\"456\" srcset=\"https:\/\/wingomarine.com\/wp-content\/uploads\/2021\/07\/Inflatable-Steps-of-Pneumatic-Rubber-Fenders.png 1055w, https:\/\/wingomarine.com\/wp-content\/uploads\/2021\/07\/Inflatable-Steps-of-Pneumatic-Rubber-Fenders-300x171.png 300w, https:\/\/wingomarine.com\/wp-content\/uploads\/2021\/07\/Inflatable-Steps-of-Pneumatic-Rubber-Fenders-1024x584.png 1024w, https:\/\/wingomarine.com\/wp-content\/uploads\/2021\/07\/Inflatable-Steps-of-Pneumatic-Rubber-Fenders-768x438.png 768w, https:\/\/wingomarine.com\/wp-content\/uploads\/2021\/07\/Inflatable-Steps-of-Pneumatic-Rubber-Fenders-600x342.png 600w\" sizes=\"(max-width: 800px) 100vw, 800px\" \/><figcaption id=\"caption-attachment-4687\" class=\"wp-caption-text\">Marches gonflables des d\u00e9fenses pneumatiques en caoutchouc<\/figcaption><\/figure>\n<p>&nbsp;<\/p>\n<figure id=\"attachment_4031\" aria-describedby=\"caption-attachment-4031\" style=\"width: 800px\" class=\"wp-caption aligncenter\"><img loading=\"lazy\" decoding=\"async\" class=\"wp-image-4031 size-large\" src=\"http:\/\/wingomarine.com\/wp-content\/uploads\/2021\/07\/Red-Pneumatic-Rubber-Fenders-1024x954.jpg\" alt=\"\" width=\"800\" height=\"745\" srcset=\"https:\/\/wingomarine.com\/wp-content\/uploads\/2021\/07\/Red-Pneumatic-Rubber-Fenders-1024x954.jpg 1024w, https:\/\/wingomarine.com\/wp-content\/uploads\/2021\/07\/Red-Pneumatic-Rubber-Fenders-300x280.jpg 300w, https:\/\/wingomarine.com\/wp-content\/uploads\/2021\/07\/Red-Pneumatic-Rubber-Fenders-768x716.jpg 768w, https:\/\/wingomarine.com\/wp-content\/uploads\/2021\/07\/Red-Pneumatic-Rubber-Fenders-600x559.jpg 600w, https:\/\/wingomarine.com\/wp-content\/uploads\/2021\/07\/Red-Pneumatic-Rubber-Fenders.jpg 1158w\" sizes=\"(max-width: 800px) 100vw, 800px\" \/><figcaption id=\"caption-attachment-4031\" class=\"wp-caption-text\">Special colors and sizes can be customized. Red and navy-gray are often chosen.<\/figcaption><\/figure>\n<p>&nbsp;<\/p>\n<h3>T\u00e9l\u00e9charger :<\/h3>\n<p><strong>ISO17357-1:2014\u00a0<span style=\"color: #ff0000;\"><a style=\"color: #ff0000;\" href=\"http:\/\/wingomarine.com\/fr\/what-is-iso-17357-12014\/\">http:\/\/wingomarine.com\/what-is-iso-17357-12014\/<\/a><\/span><\/strong><\/p>\n<p><span style=\"color: #000000;\"><strong>N'h\u00e9sitez pas \u00e0 nous contacter si vous avez des questions ou des demandes.<\/strong><\/span><\/p>","protected":false},"excerpt":{"rendered":"<p><strong>Garde-boue en caoutchouc pneumatique (garde-boue Yokohama)<\/strong>, <strong>CODE IMPA 232411, <\/strong>Les cha\u00eenes sont fabriqu\u00e9es en caoutchouc m\u00e9lang\u00e9, c'est-\u00e0-dire en caoutchouc naturel et en caoutchouc synth\u00e9tique, et sont renforc\u00e9es par un filet en nylon pour pneu. Les cha\u00eenes, les brides et les manilles sont toutes en m\u00e9tal HDG.  Enti\u00e8rement conforme \u00e0 la norme ISO 17357-1:2014.<\/p>","protected":false},"featured_media":4682,"comment_status":"open","ping_status":"closed","template":"","meta":[],"product_cat":[23],"product_tag":[],"yoast_head":"<!-- This site is optimized with the Yoast SEO plugin v23.5 - https:\/\/yoast.com\/wordpress\/plugins\/seo\/ -->\n<title>Pneumatic Rubber Fenders | Yokohama Fenders Supplier &amp; Manufacturer - Wingo Marine<\/title>\n<meta name=\"description\" content=\"Wingo Marine is a pneumatic rubber fenders supplier and manufacturer since 1988. This fenders are also called Yokohama fenders. They are wildly used. Custom services are provided for different project. Fell free to contact us to discuss your project.\" \/>\n<meta name=\"robots\" content=\"index, follow, max-snippet:-1, max-image-preview:large, max-video-preview:-1\" \/>\n<link rel=\"canonical\" href=\"https:\/\/wingomarine.com\/fr\/produit\/pneumatic-rubber-fender\/\" \/>\n<meta property=\"og:locale\" content=\"fr_FR\" \/>\n<meta property=\"og:type\" content=\"article\" \/>\n<meta property=\"og:title\" content=\"Pneumatic Rubber Fenders | Yokohama Fenders Supplier &amp; Manufacturer - Wingo Marine\" \/>\n<meta property=\"og:description\" content=\"Wingo Marine is a pneumatic rubber fenders supplier and manufacturer since 1988. This fenders are also called Yokohama fenders. They are wildly used. Custom services are provided for different project. Fell free to contact us to discuss your project.\" \/>\n<meta property=\"og:url\" content=\"https:\/\/wingomarine.com\/fr\/produit\/pneumatic-rubber-fender\/\" \/>\n<meta property=\"og:site_name\" content=\"Wingo Marine\" \/>\n<meta property=\"article:modified_time\" content=\"2026-03-24T02:42:03+00:00\" \/>\n<meta property=\"og:image\" content=\"http:\/\/wingomarine.com\/wp-content\/uploads\/2022\/03\/Yokohama-pneumatic-rubber-fenders.png\" \/>\n\t<meta property=\"og:image:width\" content=\"600\" \/>\n\t<meta property=\"og:image:height\" content=\"600\" \/>\n\t<meta property=\"og:image:type\" content=\"image\/png\" \/>\n<meta name=\"twitter:card\" content=\"summary_large_image\" \/>\n<meta name=\"twitter:label1\" content=\"Dur\u00e9e de lecture estim\u00e9e\" \/>\n\t<meta name=\"twitter:data1\" content=\"3 minutes\" \/>\n<script type=\"application\/ld+json\" class=\"yoast-schema-graph\">{\"@context\":\"https:\/\/schema.org\",\"@graph\":[{\"@type\":\"WebPage\",\"@id\":\"https:\/\/wingomarine.com\/product\/pneumatic-rubber-fender\/\",\"url\":\"https:\/\/wingomarine.com\/product\/pneumatic-rubber-fender\/\",\"name\":\"Pneumatic Rubber Fenders | Yokohama Fenders Supplier & Manufacturer - Wingo Marine\",\"isPartOf\":{\"@id\":\"https:\/\/wingomarine.com\/#website\"},\"primaryImageOfPage\":{\"@id\":\"https:\/\/wingomarine.com\/product\/pneumatic-rubber-fender\/#primaryimage\"},\"image\":{\"@id\":\"https:\/\/wingomarine.com\/product\/pneumatic-rubber-fender\/#primaryimage\"},\"thumbnailUrl\":\"https:\/\/wingomarine.com\/wp-content\/uploads\/2022\/03\/Yokohama-pneumatic-rubber-fenders.png\",\"datePublished\":\"2021-07-01T17:31:32+00:00\",\"dateModified\":\"2026-03-24T02:42:03+00:00\",\"description\":\"Wingo Marine is a pneumatic rubber fenders supplier and manufacturer since 1988. This fenders are also called Yokohama fenders. They are wildly used. Custom services are provided for different project. Fell free to contact us to discuss your project.\",\"breadcrumb\":{\"@id\":\"https:\/\/wingomarine.com\/product\/pneumatic-rubber-fender\/#breadcrumb\"},\"inLanguage\":\"fr-FR\",\"potentialAction\":[{\"@type\":\"ReadAction\",\"target\":[\"https:\/\/wingomarine.com\/product\/pneumatic-rubber-fender\/\"]}]},{\"@type\":\"ImageObject\",\"inLanguage\":\"fr-FR\",\"@id\":\"https:\/\/wingomarine.com\/product\/pneumatic-rubber-fender\/#primaryimage\",\"url\":\"https:\/\/wingomarine.com\/wp-content\/uploads\/2022\/03\/Yokohama-pneumatic-rubber-fenders.png\",\"contentUrl\":\"https:\/\/wingomarine.com\/wp-content\/uploads\/2022\/03\/Yokohama-pneumatic-rubber-fenders.png\",\"width\":600,\"height\":600},{\"@type\":\"BreadcrumbList\",\"@id\":\"https:\/\/wingomarine.com\/product\/pneumatic-rubber-fender\/#breadcrumb\",\"itemListElement\":[{\"@type\":\"ListItem\",\"position\":1,\"name\":\"Home\",\"item\":\"https:\/\/wingomarine.com\/\"},{\"@type\":\"ListItem\",\"position\":2,\"name\":\"Products\",\"item\":\"https:\/\/wingomarine.com\/products\/\"},{\"@type\":\"ListItem\",\"position\":3,\"name\":\"Pneumatic Rubber Fender\"}]},{\"@type\":\"WebSite\",\"@id\":\"https:\/\/wingomarine.com\/#website\",\"url\":\"https:\/\/wingomarine.com\/\",\"name\":\"Wingo Marine\",\"description\":\"Chinese top manufacturer for marine fenders, since 1988. | Wingo Marine\",\"publisher\":{\"@id\":\"https:\/\/wingomarine.com\/#organization\"},\"potentialAction\":[{\"@type\":\"SearchAction\",\"target\":{\"@type\":\"EntryPoint\",\"urlTemplate\":\"https:\/\/wingomarine.com\/?s={search_term_string}\"},\"query-input\":{\"@type\":\"PropertyValueSpecification\",\"valueRequired\":true,\"valueName\":\"search_term_string\"}}],\"inLanguage\":\"fr-FR\"},{\"@type\":\"Organization\",\"@id\":\"https:\/\/wingomarine.com\/#organization\",\"name\":\"Qingdao Wingo Marine Co., Ltd\",\"url\":\"https:\/\/wingomarine.com\/\",\"logo\":{\"@type\":\"ImageObject\",\"inLanguage\":\"fr-FR\",\"@id\":\"https:\/\/wingomarine.com\/#\/schema\/logo\/image\/\",\"url\":\"http:\/\/wingomarine.com\/wp-content\/uploads\/2021\/10\/WINGO-MARINE-floating-yokohama-pneumatic-rubber-fenders-manufacturer.png\",\"contentUrl\":\"http:\/\/wingomarine.com\/wp-content\/uploads\/2021\/10\/WINGO-MARINE-floating-yokohama-pneumatic-rubber-fenders-manufacturer.png\",\"width\":336,\"height\":118,\"caption\":\"Qingdao Wingo Marine Co., Ltd\"},\"image\":{\"@id\":\"https:\/\/wingomarine.com\/#\/schema\/logo\/image\/\"}}]}<\/script>\n<!-- \/ Yoast SEO plugin. -->","yoast_head_json":{"title":"Pneumatic Rubber Fenders | Yokohama Fenders Supplier & Manufacturer - Wingo Marine","description":"Wingo Marine is a pneumatic rubber fenders supplier and manufacturer since 1988. This fenders are also called Yokohama fenders. They are wildly used. Custom services are provided for different project. Fell free to contact us to discuss your project.","robots":{"index":"index","follow":"follow","max-snippet":"max-snippet:-1","max-image-preview":"max-image-preview:large","max-video-preview":"max-video-preview:-1"},"canonical":"https:\/\/wingomarine.com\/fr\/produit\/pneumatic-rubber-fender\/","og_locale":"fr_FR","og_type":"article","og_title":"Pneumatic Rubber Fenders | Yokohama Fenders Supplier & Manufacturer - Wingo Marine","og_description":"Wingo Marine is a pneumatic rubber fenders supplier and manufacturer since 1988. This fenders are also called Yokohama fenders. They are wildly used. Custom services are provided for different project. Fell free to contact us to discuss your project.","og_url":"https:\/\/wingomarine.com\/fr\/produit\/pneumatic-rubber-fender\/","og_site_name":"Wingo Marine","article_modified_time":"2026-03-24T02:42:03+00:00","og_image":[{"width":600,"height":600,"url":"http:\/\/wingomarine.com\/wp-content\/uploads\/2022\/03\/Yokohama-pneumatic-rubber-fenders.png","type":"image\/png"}],"twitter_card":"summary_large_image","twitter_misc":{"Dur\u00e9e de lecture estim\u00e9e":"3 minutes"},"schema":{"@context":"https:\/\/schema.org","@graph":[{"@type":"WebPage","@id":"https:\/\/wingomarine.com\/product\/pneumatic-rubber-fender\/","url":"https:\/\/wingomarine.com\/product\/pneumatic-rubber-fender\/","name":"Pneumatic Rubber Fenders | Yokohama Fenders Supplier & Manufacturer - Wingo Marine","isPartOf":{"@id":"https:\/\/wingomarine.com\/#website"},"primaryImageOfPage":{"@id":"https:\/\/wingomarine.com\/product\/pneumatic-rubber-fender\/#primaryimage"},"image":{"@id":"https:\/\/wingomarine.com\/product\/pneumatic-rubber-fender\/#primaryimage"},"thumbnailUrl":"https:\/\/wingomarine.com\/wp-content\/uploads\/2022\/03\/Yokohama-pneumatic-rubber-fenders.png","datePublished":"2021-07-01T17:31:32+00:00","dateModified":"2026-03-24T02:42:03+00:00","description":"Wingo Marine is a pneumatic rubber fenders supplier and manufacturer since 1988. This fenders are also called Yokohama fenders. They are wildly used. Custom services are provided for different project. Fell free to contact us to discuss your project.","breadcrumb":{"@id":"https:\/\/wingomarine.com\/product\/pneumatic-rubber-fender\/#breadcrumb"},"inLanguage":"fr-FR","potentialAction":[{"@type":"ReadAction","target":["https:\/\/wingomarine.com\/product\/pneumatic-rubber-fender\/"]}]},{"@type":"ImageObject","inLanguage":"fr-FR","@id":"https:\/\/wingomarine.com\/product\/pneumatic-rubber-fender\/#primaryimage","url":"https:\/\/wingomarine.com\/wp-content\/uploads\/2022\/03\/Yokohama-pneumatic-rubber-fenders.png","contentUrl":"https:\/\/wingomarine.com\/wp-content\/uploads\/2022\/03\/Yokohama-pneumatic-rubber-fenders.png","width":600,"height":600},{"@type":"BreadcrumbList","@id":"https:\/\/wingomarine.com\/product\/pneumatic-rubber-fender\/#breadcrumb","itemListElement":[{"@type":"ListItem","position":1,"name":"Home","item":"https:\/\/wingomarine.com\/"},{"@type":"ListItem","position":2,"name":"Products","item":"https:\/\/wingomarine.com\/products\/"},{"@type":"ListItem","position":3,"name":"Pneumatic Rubber Fender"}]},{"@type":"WebSite","@id":"https:\/\/wingomarine.com\/#website","url":"https:\/\/wingomarine.com\/","name":"Wingo Marine","description":"Chinese top manufacturer for marine fenders, since 1988. | Wingo Marine","publisher":{"@id":"https:\/\/wingomarine.com\/#organization"},"potentialAction":[{"@type":"SearchAction","target":{"@type":"EntryPoint","urlTemplate":"https:\/\/wingomarine.com\/?s={search_term_string}"},"query-input":{"@type":"PropertyValueSpecification","valueRequired":true,"valueName":"search_term_string"}}],"inLanguage":"fr-FR"},{"@type":"Organization","@id":"https:\/\/wingomarine.com\/#organization","name":"Qingdao Wingo Marine Co., Ltd","url":"https:\/\/wingomarine.com\/","logo":{"@type":"ImageObject","inLanguage":"fr-FR","@id":"https:\/\/wingomarine.com\/#\/schema\/logo\/image\/","url":"http:\/\/wingomarine.com\/wp-content\/uploads\/2021\/10\/WINGO-MARINE-floating-yokohama-pneumatic-rubber-fenders-manufacturer.png","contentUrl":"http:\/\/wingomarine.com\/wp-content\/uploads\/2021\/10\/WINGO-MARINE-floating-yokohama-pneumatic-rubber-fenders-manufacturer.png","width":336,"height":118,"caption":"Qingdao Wingo Marine Co., Ltd"},"image":{"@id":"https:\/\/wingomarine.com\/#\/schema\/logo\/image\/"}}]}},"_links":{"self":[{"href":"https:\/\/wingomarine.com\/fr\/wp-json\/wp\/v2\/product\/65"}],"collection":[{"href":"https:\/\/wingomarine.com\/fr\/wp-json\/wp\/v2\/product"}],"about":[{"href":"https:\/\/wingomarine.com\/fr\/wp-json\/wp\/v2\/types\/product"}],"replies":[{"embeddable":true,"href":"https:\/\/wingomarine.com\/fr\/wp-json\/wp\/v2\/comments?post=65"}],"wp:featuredmedia":[{"embeddable":true,"href":"https:\/\/wingomarine.com\/fr\/wp-json\/wp\/v2\/media\/4682"}],"wp:attachment":[{"href":"https:\/\/wingomarine.com\/fr\/wp-json\/wp\/v2\/media?parent=65"}],"wp:term":[{"taxonomy":"product_cat","embeddable":true,"href":"https:\/\/wingomarine.com\/fr\/wp-json\/wp\/v2\/product_cat?post=65"},{"taxonomy":"product_tag","embeddable":true,"href":"https:\/\/wingomarine.com\/fr\/wp-json\/wp\/v2\/product_tag?post=65"}],"curies":[{"name":"wp","href":"https:\/\/api.w.org\/{rel}","templated":true}]}}