{"id":67,"date":"2021-07-02T01:33:32","date_gmt":"2021-07-01T17:33:32","guid":{"rendered":"http:\/\/wingomarine.com\/?post_type=product&#038;p=67"},"modified":"2026-03-24T10:38:53","modified_gmt":"2026-03-24T02:38:53","slug":"portable-foam-fender","status":"publish","type":"product","link":"https:\/\/wingomarine.com\/fr\/produit\/portable-foam-fender\/","title":{"rendered":"D\u00e9fenses en mousse portables"},"content":{"rendered":"<p><strong>Petite d\u00e9fense portable remplie de mousse EVA \u00e9galement connue sous le nom de mini-d\u00e9fenses. Il s'agit d'une sorte d'\u00e9quipement pour les petits navires qui joue le r\u00f4le de tampon d'ancrage et de protection.<\/strong><\/p>\n<p>Ces derni\u00e8res ann\u00e9es, avec le d\u00e9veloppement continu de l'industrie des petits navires et des yachts, ce type de d\u00e9fenses en mousse portables est largement utilis\u00e9 dans les yachts, les vedettes, les quais de yachts et les plates-formes flottantes.<\/p>\n<p>Il s'agit d'une boule solide fabriqu\u00e9e \u00e0 partir d'une mati\u00e8re premi\u00e8re EVA de haute qualit\u00e9 et tr\u00e8s \u00e9lastique, remplie de mousse \u00e9lastique EVA \u00e0 l'int\u00e9rieur. Le produit peut flotter \u00e0 la surface de l'eau et les dommages hydrophobes n'absorbent pas l'eau et ne coulent pas, de sorte qu'il sert de moyen tampon important pour l'accostage des navires et des docks.<\/p>\n<p>Par rapport aux d\u00e9fenses gonflables g\u00e9n\u00e9rales en PVC, les d\u00e9fenses remplies de mousse EVA sont plus durables, ont une longue dur\u00e9e de vie et une r\u00e9sistance \u00e0 l'usure bien sup\u00e9rieure \u00e0 celle des d\u00e9fenses ordinaires en caoutchouc et en PVC.  Les d\u00e9fenses en EVA sont plus r\u00e9sistantes aux intemp\u00e9ries que les d\u00e9fenses en d'autres mat\u00e9riaux. L'effet antisalissure est bon, m\u00eame deux bateaux se frottant l'un contre l'autre ne laisseront aucune trace. La protection environnementale s\u00fbre et exempte de contamination est color\u00e9e, l'aspect lisse, beau et magnifique.<\/p>\n<p><strong>Les sp\u00e9cifications, la forme, le style et les couleurs peuvent \u00eatre personnalis\u00e9s.<\/strong><\/p>\n<figure id=\"attachment_3678\" aria-describedby=\"caption-attachment-3678\" style=\"width: 600px\" class=\"wp-caption aligncenter\"><img fetchpriority=\"high\" decoding=\"async\" class=\"wp-image-3678 size-full\" src=\"http:\/\/wingomarine.com\/wp-content\/uploads\/2021\/07\/Portable-foam-fenders-with-rope-nets-were-ready.jpg\" alt=\"\" width=\"600\" height=\"450\" srcset=\"https:\/\/wingomarine.com\/wp-content\/uploads\/2021\/07\/Portable-foam-fenders-with-rope-nets-were-ready.jpg 600w, https:\/\/wingomarine.com\/wp-content\/uploads\/2021\/07\/Portable-foam-fenders-with-rope-nets-were-ready-300x225.jpg 300w\" sizes=\"(max-width: 600px) 100vw, 600px\" \/><figcaption id=\"caption-attachment-3678\" class=\"wp-caption-text\">Des d\u00e9fenses portables en mousse avec des filets en corde \u00e9taient pr\u00eates<\/figcaption><\/figure>\n<p><strong>\u00c0 propos de la mousse EVA et de la polyur\u00e9e<\/strong><\/p>\n<ul>\n<li>Avantages de la mousse ferm\u00e9e \u00e0 cellules EVA : bon effet tampon, r\u00e9sistance aux tremblements de terre, isolation thermique, r\u00e9sistance \u00e0 l'humidit\u00e9, r\u00e9sistance \u00e0 la corrosion chimique, non toxique, non-absorption de l'eau, solide et durable, faible co\u00fbt d'entretien.<\/li>\n<li>Avantages de la surface en polyur\u00e9e \u00e9lastom\u00e8re pulv\u00e9ris\u00e9 (SPUA) : pr\u00e9vention de la lumi\u00e8re ultraviolette, imperm\u00e9abilit\u00e9 et anticorrosion, r\u00e9sistance \u00e0 l'usure des \u00e9pines et r\u00e9sistance aux organismes marins parasites. La couleur peut \u00eatre personnalis\u00e9e selon la carte des couleurs Pantone.<\/li>\n<\/ul>\n<p>&nbsp;<\/p>\n<p><strong>N'h\u00e9sitez pas \u00e0 nous envoyer un message si vous avez des questions ou des demandes.<\/strong><\/p>","protected":false},"excerpt":{"rendered":"<p>Petite d\u00e9fense portable remplie de mousse EVA \u00e9galement connue sous le nom de mini-d\u00e9fenses. Il s'agit d'une sorte d'\u00e9quipement pour les petits navires qui joue le r\u00f4le de tampon d'ancrage et de protection.<\/p>","protected":false},"featured_media":2339,"comment_status":"open","ping_status":"closed","template":"","meta":[],"product_cat":[18],"product_tag":[],"yoast_head":"<!-- This site is optimized with the Yoast SEO plugin v23.5 - https:\/\/yoast.com\/wordpress\/plugins\/seo\/ -->\n<title>Portable EVA Foam Fender | Small Standard Duty Foam Filled Fenders Supplier &amp; Manufacturer - Wingo Marine<\/title>\n<meta name=\"description\" content=\"Wingo is protable foam fenders supplier &amp; manufacturer since 1988 in China. Instead of PVC balls, now they are widly used for yachts. Colors and sizes can be customized. Fell free to contact us for your needs.\" \/>\n<meta name=\"robots\" content=\"index, follow, max-snippet:-1, max-image-preview:large, max-video-preview:-1\" \/>\n<link rel=\"canonical\" href=\"https:\/\/wingomarine.com\/fr\/produit\/portable-foam-fender\/\" \/>\n<meta property=\"og:locale\" content=\"fr_FR\" \/>\n<meta property=\"og:type\" content=\"article\" \/>\n<meta property=\"og:title\" content=\"Portable EVA Foam Fender | Small Standard Duty Foam Filled Fenders Supplier &amp; Manufacturer - Wingo Marine\" \/>\n<meta property=\"og:description\" content=\"Wingo is protable foam fenders supplier &amp; manufacturer since 1988 in China. Instead of PVC balls, now they are widly used for yachts. Colors and sizes can be customized. Fell free to contact us for your needs.\" \/>\n<meta property=\"og:url\" content=\"https:\/\/wingomarine.com\/fr\/produit\/portable-foam-fender\/\" \/>\n<meta property=\"og:site_name\" content=\"Wingo Marine\" \/>\n<meta property=\"article:modified_time\" content=\"2026-03-24T02:38:53+00:00\" \/>\n<meta property=\"og:image\" content=\"http:\/\/wingomarine.com\/wp-content\/uploads\/2021\/07\/portable-EVA-foam-fender-spua-polyurea-foam-floating-fenders-supplier.png\" \/>\n\t<meta property=\"og:image:width\" content=\"600\" \/>\n\t<meta property=\"og:image:height\" content=\"600\" \/>\n\t<meta property=\"og:image:type\" content=\"image\/png\" \/>\n<meta name=\"twitter:card\" content=\"summary_large_image\" \/>\n<meta name=\"twitter:label1\" content=\"Dur\u00e9e de lecture estim\u00e9e\" \/>\n\t<meta name=\"twitter:data1\" content=\"2 minutes\" \/>\n<script type=\"application\/ld+json\" class=\"yoast-schema-graph\">{\"@context\":\"https:\/\/schema.org\",\"@graph\":[{\"@type\":\"WebPage\",\"@id\":\"https:\/\/wingomarine.com\/product\/portable-foam-fender\/\",\"url\":\"https:\/\/wingomarine.com\/product\/portable-foam-fender\/\",\"name\":\"Portable EVA Foam Fender | Small Standard Duty Foam Filled Fenders Supplier & Manufacturer - Wingo Marine\",\"isPartOf\":{\"@id\":\"https:\/\/wingomarine.com\/#website\"},\"primaryImageOfPage\":{\"@id\":\"https:\/\/wingomarine.com\/product\/portable-foam-fender\/#primaryimage\"},\"image\":{\"@id\":\"https:\/\/wingomarine.com\/product\/portable-foam-fender\/#primaryimage\"},\"thumbnailUrl\":\"https:\/\/wingomarine.com\/wp-content\/uploads\/2021\/07\/portable-EVA-foam-fender-spua-polyurea-foam-floating-fenders-supplier.png\",\"datePublished\":\"2021-07-01T17:33:32+00:00\",\"dateModified\":\"2026-03-24T02:38:53+00:00\",\"description\":\"Wingo is protable foam fenders supplier & manufacturer since 1988 in China. Instead of PVC balls, now they are widly used for yachts. Colors and sizes can be customized. Fell free to contact us for your needs.\",\"breadcrumb\":{\"@id\":\"https:\/\/wingomarine.com\/product\/portable-foam-fender\/#breadcrumb\"},\"inLanguage\":\"fr-FR\",\"potentialAction\":[{\"@type\":\"ReadAction\",\"target\":[\"https:\/\/wingomarine.com\/product\/portable-foam-fender\/\"]}]},{\"@type\":\"ImageObject\",\"inLanguage\":\"fr-FR\",\"@id\":\"https:\/\/wingomarine.com\/product\/portable-foam-fender\/#primaryimage\",\"url\":\"https:\/\/wingomarine.com\/wp-content\/uploads\/2021\/07\/portable-EVA-foam-fender-spua-polyurea-foam-floating-fenders-supplier.png\",\"contentUrl\":\"https:\/\/wingomarine.com\/wp-content\/uploads\/2021\/07\/portable-EVA-foam-fender-spua-polyurea-foam-floating-fenders-supplier.png\",\"width\":600,\"height\":600,\"caption\":\"Protable Foam Fender\"},{\"@type\":\"BreadcrumbList\",\"@id\":\"https:\/\/wingomarine.com\/product\/portable-foam-fender\/#breadcrumb\",\"itemListElement\":[{\"@type\":\"ListItem\",\"position\":1,\"name\":\"Home\",\"item\":\"https:\/\/wingomarine.com\/\"},{\"@type\":\"ListItem\",\"position\":2,\"name\":\"Products\",\"item\":\"https:\/\/wingomarine.com\/products\/\"},{\"@type\":\"ListItem\",\"position\":3,\"name\":\"Portable Foam Fender\"}]},{\"@type\":\"WebSite\",\"@id\":\"https:\/\/wingomarine.com\/#website\",\"url\":\"https:\/\/wingomarine.com\/\",\"name\":\"Wingo Marine\",\"description\":\"Chinese top manufacturer for marine fenders, since 1988. | Wingo Marine\",\"publisher\":{\"@id\":\"https:\/\/wingomarine.com\/#organization\"},\"potentialAction\":[{\"@type\":\"SearchAction\",\"target\":{\"@type\":\"EntryPoint\",\"urlTemplate\":\"https:\/\/wingomarine.com\/?s={search_term_string}\"},\"query-input\":{\"@type\":\"PropertyValueSpecification\",\"valueRequired\":true,\"valueName\":\"search_term_string\"}}],\"inLanguage\":\"fr-FR\"},{\"@type\":\"Organization\",\"@id\":\"https:\/\/wingomarine.com\/#organization\",\"name\":\"Qingdao Wingo Marine Co., Ltd\",\"url\":\"https:\/\/wingomarine.com\/\",\"logo\":{\"@type\":\"ImageObject\",\"inLanguage\":\"fr-FR\",\"@id\":\"https:\/\/wingomarine.com\/#\/schema\/logo\/image\/\",\"url\":\"http:\/\/wingomarine.com\/wp-content\/uploads\/2021\/10\/WINGO-MARINE-floating-yokohama-pneumatic-rubber-fenders-manufacturer.png\",\"contentUrl\":\"http:\/\/wingomarine.com\/wp-content\/uploads\/2021\/10\/WINGO-MARINE-floating-yokohama-pneumatic-rubber-fenders-manufacturer.png\",\"width\":336,\"height\":118,\"caption\":\"Qingdao Wingo Marine Co., Ltd\"},\"image\":{\"@id\":\"https:\/\/wingomarine.com\/#\/schema\/logo\/image\/\"}}]}<\/script>\n<!-- \/ Yoast SEO plugin. -->","yoast_head_json":{"title":"Portable EVA Foam Fender | Small Standard Duty Foam Filled Fenders Supplier & Manufacturer - Wingo Marine","description":"Wingo is protable foam fenders supplier & manufacturer since 1988 in China. Instead of PVC balls, now they are widly used for yachts. Colors and sizes can be customized. Fell free to contact us for your needs.","robots":{"index":"index","follow":"follow","max-snippet":"max-snippet:-1","max-image-preview":"max-image-preview:large","max-video-preview":"max-video-preview:-1"},"canonical":"https:\/\/wingomarine.com\/fr\/produit\/portable-foam-fender\/","og_locale":"fr_FR","og_type":"article","og_title":"Portable EVA Foam Fender | Small Standard Duty Foam Filled Fenders Supplier & Manufacturer - Wingo Marine","og_description":"Wingo is protable foam fenders supplier & manufacturer since 1988 in China. Instead of PVC balls, now they are widly used for yachts. Colors and sizes can be customized. Fell free to contact us for your needs.","og_url":"https:\/\/wingomarine.com\/fr\/produit\/portable-foam-fender\/","og_site_name":"Wingo Marine","article_modified_time":"2026-03-24T02:38:53+00:00","og_image":[{"width":600,"height":600,"url":"http:\/\/wingomarine.com\/wp-content\/uploads\/2021\/07\/portable-EVA-foam-fender-spua-polyurea-foam-floating-fenders-supplier.png","type":"image\/png"}],"twitter_card":"summary_large_image","twitter_misc":{"Dur\u00e9e de lecture estim\u00e9e":"2 minutes"},"schema":{"@context":"https:\/\/schema.org","@graph":[{"@type":"WebPage","@id":"https:\/\/wingomarine.com\/product\/portable-foam-fender\/","url":"https:\/\/wingomarine.com\/product\/portable-foam-fender\/","name":"Portable EVA Foam Fender | Small Standard Duty Foam Filled Fenders Supplier & Manufacturer - Wingo Marine","isPartOf":{"@id":"https:\/\/wingomarine.com\/#website"},"primaryImageOfPage":{"@id":"https:\/\/wingomarine.com\/product\/portable-foam-fender\/#primaryimage"},"image":{"@id":"https:\/\/wingomarine.com\/product\/portable-foam-fender\/#primaryimage"},"thumbnailUrl":"https:\/\/wingomarine.com\/wp-content\/uploads\/2021\/07\/portable-EVA-foam-fender-spua-polyurea-foam-floating-fenders-supplier.png","datePublished":"2021-07-01T17:33:32+00:00","dateModified":"2026-03-24T02:38:53+00:00","description":"Wingo is protable foam fenders supplier & manufacturer since 1988 in China. Instead of PVC balls, now they are widly used for yachts. Colors and sizes can be customized. Fell free to contact us for your needs.","breadcrumb":{"@id":"https:\/\/wingomarine.com\/product\/portable-foam-fender\/#breadcrumb"},"inLanguage":"fr-FR","potentialAction":[{"@type":"ReadAction","target":["https:\/\/wingomarine.com\/product\/portable-foam-fender\/"]}]},{"@type":"ImageObject","inLanguage":"fr-FR","@id":"https:\/\/wingomarine.com\/product\/portable-foam-fender\/#primaryimage","url":"https:\/\/wingomarine.com\/wp-content\/uploads\/2021\/07\/portable-EVA-foam-fender-spua-polyurea-foam-floating-fenders-supplier.png","contentUrl":"https:\/\/wingomarine.com\/wp-content\/uploads\/2021\/07\/portable-EVA-foam-fender-spua-polyurea-foam-floating-fenders-supplier.png","width":600,"height":600,"caption":"Protable Foam Fender"},{"@type":"BreadcrumbList","@id":"https:\/\/wingomarine.com\/product\/portable-foam-fender\/#breadcrumb","itemListElement":[{"@type":"ListItem","position":1,"name":"Home","item":"https:\/\/wingomarine.com\/"},{"@type":"ListItem","position":2,"name":"Products","item":"https:\/\/wingomarine.com\/products\/"},{"@type":"ListItem","position":3,"name":"Portable Foam Fender"}]},{"@type":"WebSite","@id":"https:\/\/wingomarine.com\/#website","url":"https:\/\/wingomarine.com\/","name":"Wingo Marine","description":"Chinese top manufacturer for marine fenders, since 1988. | Wingo Marine","publisher":{"@id":"https:\/\/wingomarine.com\/#organization"},"potentialAction":[{"@type":"SearchAction","target":{"@type":"EntryPoint","urlTemplate":"https:\/\/wingomarine.com\/?s={search_term_string}"},"query-input":{"@type":"PropertyValueSpecification","valueRequired":true,"valueName":"search_term_string"}}],"inLanguage":"fr-FR"},{"@type":"Organization","@id":"https:\/\/wingomarine.com\/#organization","name":"Qingdao Wingo Marine Co., Ltd","url":"https:\/\/wingomarine.com\/","logo":{"@type":"ImageObject","inLanguage":"fr-FR","@id":"https:\/\/wingomarine.com\/#\/schema\/logo\/image\/","url":"http:\/\/wingomarine.com\/wp-content\/uploads\/2021\/10\/WINGO-MARINE-floating-yokohama-pneumatic-rubber-fenders-manufacturer.png","contentUrl":"http:\/\/wingomarine.com\/wp-content\/uploads\/2021\/10\/WINGO-MARINE-floating-yokohama-pneumatic-rubber-fenders-manufacturer.png","width":336,"height":118,"caption":"Qingdao Wingo Marine Co., Ltd"},"image":{"@id":"https:\/\/wingomarine.com\/#\/schema\/logo\/image\/"}}]}},"_links":{"self":[{"href":"https:\/\/wingomarine.com\/fr\/wp-json\/wp\/v2\/product\/67"}],"collection":[{"href":"https:\/\/wingomarine.com\/fr\/wp-json\/wp\/v2\/product"}],"about":[{"href":"https:\/\/wingomarine.com\/fr\/wp-json\/wp\/v2\/types\/product"}],"replies":[{"embeddable":true,"href":"https:\/\/wingomarine.com\/fr\/wp-json\/wp\/v2\/comments?post=67"}],"wp:featuredmedia":[{"embeddable":true,"href":"https:\/\/wingomarine.com\/fr\/wp-json\/wp\/v2\/media\/2339"}],"wp:attachment":[{"href":"https:\/\/wingomarine.com\/fr\/wp-json\/wp\/v2\/media?parent=67"}],"wp:term":[{"taxonomy":"product_cat","embeddable":true,"href":"https:\/\/wingomarine.com\/fr\/wp-json\/wp\/v2\/product_cat?post=67"},{"taxonomy":"product_tag","embeddable":true,"href":"https:\/\/wingomarine.com\/fr\/wp-json\/wp\/v2\/product_tag?post=67"}],"curies":[{"name":"wp","href":"https:\/\/api.w.org\/{rel}","templated":true}]}}