{"id":2681,"date":"2021-10-23T12:55:58","date_gmt":"2021-10-23T04:55:58","guid":{"rendered":"http:\/\/wingomarine.com\/?page_id=2681"},"modified":"2022-06-08T14:07:35","modified_gmt":"2022-06-08T06:07:35","slug":"terms-of-service","status":"publish","type":"page","link":"https:\/\/wingomarine.com\/it\/terms-of-service\/","title":{"rendered":"Termini di servizio"},"content":{"rendered":"<div data-elementor-type=\"wp-page\" data-elementor-id=\"2681\" class=\"elementor elementor-2681\">\n\t\t\t\t\t\t<section class=\"elementor-section elementor-top-section elementor-element elementor-element-5a5f3bd elementor-section-boxed elementor-section-height-default elementor-section-height-default\" data-id=\"5a5f3bd\" data-element_type=\"section\">\n\t\t\t\t\t\t<div class=\"elementor-container elementor-column-gap-default\">\n\t\t\t\t\t<div class=\"elementor-column elementor-col-100 elementor-top-column elementor-element elementor-element-61aea00\" data-id=\"61aea00\" data-element_type=\"column\">\n\t\t\t<div class=\"elementor-widget-wrap elementor-element-populated\">\n\t\t\t\t\t\t<div class=\"elementor-element elementor-element-aa986cc uael-dual-heading-align-left elementor-widget elementor-widget-uael-dual-color-heading\" data-id=\"aa986cc\" data-element_type=\"widget\" data-widget_type=\"uael-dual-color-heading.default\">\n\t\t\t\t<div class=\"elementor-widget-container\">\n\t\t\t\t\t\t\t\t\t<div class=\"uael-module-content uael-dual-color-heading uael-heading-stack-none\">\n\t\t\t<h1>\n\t\t\t\t\t\t\t\t\t\t\t\t\t\t\t\t<span class=\"uael-before-heading\"><span class=\"elementor-inline-editing uael-dual-heading-text uael-first-text\" data-elementor-setting-key=\"before_heading_text\" data-elementor-inline-editing-toolbar=\"basic\">WINGO MARINE <\/span><\/span><span class=\"uael-adv-heading-stack\"><span class=\"elementor-inline-editing uael-dual-heading-text uael-highlight-text\" data-elementor-setting-key=\"second_heading_text\" data-elementor-inline-editing-toolbar=\"basic\">Termini di servizio<\/span><\/span>\t\t\t\t\t\t\t\t\t\t\t\t\t<\/h1>\n\t\t<\/div>\n\t\t\t\t\t\t<\/div>\n\t\t\t\t<\/div>\n\t\t\t\t<div class=\"elementor-element elementor-element-6b72d01 elementor-widget elementor-widget-text-editor\" data-id=\"6b72d01\" data-element_type=\"widget\" data-widget_type=\"text-editor.default\">\n\t\t\t\t<div class=\"elementor-widget-container\">\n\t\t\t\t\t\t\t\t\t<p><b>1. Termini e condizioni<\/b><\/p><p>Accedendo al sito web all'indirizzo\u00a0<a href=\"http:\/\/wingomarine.com\/it\/\">http:\/\/wingomarine.com<\/a>L'utente accetta di essere vincolato da questi termini di servizio, da tutte le leggi e i regolamenti applicabili e accetta di essere responsabile del rispetto di tutte le leggi locali applicabili. Se non siete d'accordo con uno qualsiasi di questi termini, vi \u00e8 vietato utilizzare o accedere a questo sito. I materiali contenuti in questo sito sono protetti dalle leggi vigenti in materia di copyright e marchi di fabbrica.<\/p><p><b>2. Licenza d'uso<\/b><\/p><ol type=\"a\"><li>\u00c8 concessa l'autorizzazione a scaricare temporaneamente una copia dei materiali (informazioni o software) presenti sul sito web di WINGO MARINE solo per uso personale e transitorio non commerciale. Questa \u00e8 la concessione di una licenza, non un trasferimento di propriet\u00e0, e in base a questa licenza, non si pu\u00f2:<br \/><ol type=\"i\"><li>modificare o copiare i materiali;<\/li><li>utilizzare i materiali per qualsiasi scopo commerciale o per qualsiasi esposizione pubblica (commerciale o non commerciale);<\/li><li>tentare di decompilare o decodificare qualsiasi software contenuto nel sito web di WINGO MARINE;<\/li><li>rimuovere qualsiasi nota di copyright o di altri diritti di propriet\u00e0 dai materiali; oppure<\/li><li>trasferire i materiali a un'altra persona o \"rispecchiare\" i materiali su qualsiasi altro server.<\/li><\/ol><\/li><li>Questa licenza termina automaticamente se l'utente viola una qualsiasi di queste restrizioni e pu\u00f2 essere revocata da WINGO MARINE in qualsiasi momento. Al termine della visione di questi materiali o alla cessazione della presente licenza, l'utente dovr\u00e0 distruggere tutti i materiali scaricati in suo possesso, sia in formato elettronico che cartaceo.<\/li><\/ol><div>\u00a0<\/div><p><b style=\"color: var( --e-global-color-5152d9f );\">3. Esclusione di responsabilit\u00e0<\/b><\/p><ol type=\"a\"><li>I materiali presenti sul sito web di WINGO MARINE sono forniti \"cos\u00ec come sono\". WINGO MARINE non fornisce alcuna garanzia, espressa o implicita, e con la presente esclude e nega tutte le altre garanzie, incluse, senza limitazioni, garanzie implicite o condizioni di commerciabilit\u00e0, idoneit\u00e0 per uno scopo particolare, o non violazione della propriet\u00e0 intellettuale o altre violazioni dei diritti.<\/li><li>Inoltre, WINGO MARINE non garantisce n\u00e9 rilascia alcuna dichiarazione in merito all'accuratezza, ai risultati probabili o all'affidabilit\u00e0 dell'uso dei materiali presenti sul proprio sito web o altrimenti relativi a tali materiali o a qualsiasi sito collegato a questo sito.<\/li><\/ol><div>\u00a0<\/div><div><b style=\"color: var( --e-global-color-5152d9f );\">4. Limitazioni<\/b><b><br \/><\/b><br \/><span style=\"color: #404040;\">In nessun caso WINGO MARINE o i suoi fornitori saranno responsabili per eventuali danni (inclusi, senza limitazioni, danni per perdita di dati o profitti, o a causa di interruzione dell'attivit\u00e0) derivanti dall'uso o dall'impossibilit\u00e0 di usare i materiali su\u00a0<\/span><span style=\"color: #404040;\">WINGO MARINE<\/span><span style=\"color: #404040;\">sito web, anche se\u00a0<\/span><span style=\"color: #404040;\">WINGO MARINE<\/span><span style=\"color: #404040;\">\u00a0o un\u00a0<\/span><span style=\"color: #404040;\">WINGO MARINE<\/span><span style=\"color: #404040;\">\u00a0Il rappresentante autorizzato \u00e8 stato informato oralmente o per iscritto della possibilit\u00e0 di tali danni. Poich\u00e9 alcune giurisdizioni non ammettono limitazioni alle garanzie implicite o limitazioni di responsabilit\u00e0 per danni conseguenti o accidentali, tali limitazioni potrebbero non essere applicabili.<\/span><br \/><span style=\"color: #404040;\"><br \/><\/span><\/div><p><b>5. Accuratezza dei materiali<\/b><\/p><p>I materiali presenti sul sito web di WINGO MARINE potrebbero contenere errori tecnici, tipografici o fotografici. WINGOMARINE non garantisce che i materiali presenti sul suo sito web siano accurati, completi o aggiornati. WINGO MARINE pu\u00f2 apportare modifiche ai materiali contenuti nel proprio sito web in qualsiasi momento senza preavviso. Tuttavia WINGO MARINE non si impegna ad aggiornare i materiali.<\/p><p><b>6. Collegamenti<\/b><\/p><p><span style=\"color: var( --e-global-color-5152d9f );\">WINGO MARINE<\/span>\u00a0non ha esaminato tutti i siti collegati al proprio sito web e non \u00e8 responsabile dei contenuti di tali siti collegati. L'inclusione di qualsiasi link non implica l'approvazione del sito da parte di WINGO MARINE. L'utilizzo di tali siti collegati \u00e8 a rischio dell'utente.<\/p><p><b>7. Modifiche<\/b><\/p><p><span style=\"color: var( --e-global-color-5152d9f );\">WINGO MARINE<\/span>\u00a0pu\u00f2 rivedere questi termini di servizio per il suo sito web in qualsiasi momento senza preavviso. Utilizzando questo sito web, l'utente accetta di essere vincolato dalla versione pi\u00f9 recente di questi termini di servizio.<\/p><p><b>8. Legge applicabile<\/b><\/p><p>I presenti termini e condizioni sono disciplinati e interpretati in conformit\u00e0 alle leggi della Cina e l'utente si sottopone irrevocabilmente alla giurisdizione esclusiva dei tribunali di tale Stato o localit\u00e0.<\/p>\t\t\t\t\t\t\t\t<\/div>\n\t\t\t\t<\/div>\n\t\t\t\t\t<\/div>\n\t\t<\/div>\n\t\t\t\t\t<\/div>\n\t\t<\/section>\n\t\t\t\t<\/div>","protected":false},"excerpt":{"rendered":"<p>WINGO MARINE Terms of Service 1. Terms By accessing the website at\u00a0http:\/\/wingomarine.com, you are agreeing to be bound by these terms of service, all applicable laws, and regulations, and agree that you are responsible for compliance with any applicable local laws. If you do not agree with any of these terms, you are prohibited from [&hellip;]<\/p>","protected":false},"author":1,"featured_media":0,"parent":0,"menu_order":0,"comment_status":"closed","ping_status":"closed","template":"","meta":{"footnotes":""},"yoast_head":"<!-- This site is optimized with the Yoast SEO plugin v23.5 - https:\/\/yoast.com\/wordpress\/plugins\/seo\/ -->\n<title>Any Problems Please Send US An Email. - Wingo Marine<\/title>\n<meta name=\"description\" content=\"Any questions or needs for cooperation, please send us an email to qdsales@wingomarine.com directly. We will reply and solve it as soon as possible.\" \/>\n<meta name=\"robots\" content=\"index, follow, max-snippet:-1, max-image-preview:large, max-video-preview:-1\" \/>\n<link rel=\"canonical\" href=\"https:\/\/wingomarine.com\/it\/terms-of-service\/\" \/>\n<meta property=\"og:locale\" content=\"it_IT\" \/>\n<meta property=\"og:type\" content=\"article\" \/>\n<meta property=\"og:title\" content=\"Any Problems Please Send US An Email. - Wingo Marine\" \/>\n<meta property=\"og:description\" content=\"Any questions or needs for cooperation, please send us an email to qdsales@wingomarine.com directly. We will reply and solve it as soon as possible.\" \/>\n<meta property=\"og:url\" content=\"https:\/\/wingomarine.com\/it\/terms-of-service\/\" \/>\n<meta property=\"og:site_name\" content=\"Wingo Marine\" \/>\n<meta property=\"article:modified_time\" content=\"2022-06-08T06:07:35+00:00\" \/>\n<meta name=\"twitter:card\" content=\"summary_large_image\" \/>\n<meta name=\"twitter:label1\" content=\"Tempo di lettura stimato\" \/>\n\t<meta name=\"twitter:data1\" content=\"4 minuti\" \/>\n<script type=\"application\/ld+json\" class=\"yoast-schema-graph\">{\"@context\":\"https:\/\/schema.org\",\"@graph\":[{\"@type\":\"WebPage\",\"@id\":\"https:\/\/wingomarine.com\/terms-of-service\/\",\"url\":\"https:\/\/wingomarine.com\/terms-of-service\/\",\"name\":\"Any Problems Please Send US An Email. - Wingo Marine\",\"isPartOf\":{\"@id\":\"https:\/\/wingomarine.com\/#website\"},\"datePublished\":\"2021-10-23T04:55:58+00:00\",\"dateModified\":\"2022-06-08T06:07:35+00:00\",\"description\":\"Any questions or needs for cooperation, please send us an email to qdsales@wingomarine.com directly. We will reply and solve it as soon as possible.\",\"breadcrumb\":{\"@id\":\"https:\/\/wingomarine.com\/terms-of-service\/#breadcrumb\"},\"inLanguage\":\"it-IT\",\"potentialAction\":[{\"@type\":\"ReadAction\",\"target\":[\"https:\/\/wingomarine.com\/terms-of-service\/\"]}]},{\"@type\":\"BreadcrumbList\",\"@id\":\"https:\/\/wingomarine.com\/terms-of-service\/#breadcrumb\",\"itemListElement\":[{\"@type\":\"ListItem\",\"position\":1,\"name\":\"Home\",\"item\":\"https:\/\/wingomarine.com\/\"},{\"@type\":\"ListItem\",\"position\":2,\"name\":\"Terms of Service\"}]},{\"@type\":\"WebSite\",\"@id\":\"https:\/\/wingomarine.com\/#website\",\"url\":\"https:\/\/wingomarine.com\/\",\"name\":\"Wingo Marine\",\"description\":\"Chinese top manufacturer for marine fenders, since 1988. | Wingo Marine\",\"publisher\":{\"@id\":\"https:\/\/wingomarine.com\/#organization\"},\"potentialAction\":[{\"@type\":\"SearchAction\",\"target\":{\"@type\":\"EntryPoint\",\"urlTemplate\":\"https:\/\/wingomarine.com\/?s={search_term_string}\"},\"query-input\":{\"@type\":\"PropertyValueSpecification\",\"valueRequired\":true,\"valueName\":\"search_term_string\"}}],\"inLanguage\":\"it-IT\"},{\"@type\":\"Organization\",\"@id\":\"https:\/\/wingomarine.com\/#organization\",\"name\":\"Qingdao Wingo Marine Co., Ltd\",\"url\":\"https:\/\/wingomarine.com\/\",\"logo\":{\"@type\":\"ImageObject\",\"inLanguage\":\"it-IT\",\"@id\":\"https:\/\/wingomarine.com\/#\/schema\/logo\/image\/\",\"url\":\"http:\/\/wingomarine.com\/wp-content\/uploads\/2021\/10\/WINGO-MARINE-floating-yokohama-pneumatic-rubber-fenders-manufacturer.png\",\"contentUrl\":\"http:\/\/wingomarine.com\/wp-content\/uploads\/2021\/10\/WINGO-MARINE-floating-yokohama-pneumatic-rubber-fenders-manufacturer.png\",\"width\":336,\"height\":118,\"caption\":\"Qingdao Wingo Marine Co., Ltd\"},\"image\":{\"@id\":\"https:\/\/wingomarine.com\/#\/schema\/logo\/image\/\"}}]}<\/script>\n<!-- \/ Yoast SEO plugin. -->","yoast_head_json":{"title":"Any Problems Please Send US An Email. - Wingo Marine","description":"Any questions or needs for cooperation, please send us an email to qdsales@wingomarine.com directly. We will reply and solve it as soon as possible.","robots":{"index":"index","follow":"follow","max-snippet":"max-snippet:-1","max-image-preview":"max-image-preview:large","max-video-preview":"max-video-preview:-1"},"canonical":"https:\/\/wingomarine.com\/it\/terms-of-service\/","og_locale":"it_IT","og_type":"article","og_title":"Any Problems Please Send US An Email. - Wingo Marine","og_description":"Any questions or needs for cooperation, please send us an email to qdsales@wingomarine.com directly. We will reply and solve it as soon as possible.","og_url":"https:\/\/wingomarine.com\/it\/terms-of-service\/","og_site_name":"Wingo Marine","article_modified_time":"2022-06-08T06:07:35+00:00","twitter_card":"summary_large_image","twitter_misc":{"Tempo di lettura stimato":"4 minuti"},"schema":{"@context":"https:\/\/schema.org","@graph":[{"@type":"WebPage","@id":"https:\/\/wingomarine.com\/terms-of-service\/","url":"https:\/\/wingomarine.com\/terms-of-service\/","name":"Any Problems Please Send US An Email. - Wingo Marine","isPartOf":{"@id":"https:\/\/wingomarine.com\/#website"},"datePublished":"2021-10-23T04:55:58+00:00","dateModified":"2022-06-08T06:07:35+00:00","description":"Any questions or needs for cooperation, please send us an email to qdsales@wingomarine.com directly. We will reply and solve it as soon as possible.","breadcrumb":{"@id":"https:\/\/wingomarine.com\/terms-of-service\/#breadcrumb"},"inLanguage":"it-IT","potentialAction":[{"@type":"ReadAction","target":["https:\/\/wingomarine.com\/terms-of-service\/"]}]},{"@type":"BreadcrumbList","@id":"https:\/\/wingomarine.com\/terms-of-service\/#breadcrumb","itemListElement":[{"@type":"ListItem","position":1,"name":"Home","item":"https:\/\/wingomarine.com\/"},{"@type":"ListItem","position":2,"name":"Terms of Service"}]},{"@type":"WebSite","@id":"https:\/\/wingomarine.com\/#website","url":"https:\/\/wingomarine.com\/","name":"Wingo Marine","description":"Chinese top manufacturer for marine fenders, since 1988. | Wingo Marine","publisher":{"@id":"https:\/\/wingomarine.com\/#organization"},"potentialAction":[{"@type":"SearchAction","target":{"@type":"EntryPoint","urlTemplate":"https:\/\/wingomarine.com\/?s={search_term_string}"},"query-input":{"@type":"PropertyValueSpecification","valueRequired":true,"valueName":"search_term_string"}}],"inLanguage":"it-IT"},{"@type":"Organization","@id":"https:\/\/wingomarine.com\/#organization","name":"Qingdao Wingo Marine Co., Ltd","url":"https:\/\/wingomarine.com\/","logo":{"@type":"ImageObject","inLanguage":"it-IT","@id":"https:\/\/wingomarine.com\/#\/schema\/logo\/image\/","url":"http:\/\/wingomarine.com\/wp-content\/uploads\/2021\/10\/WINGO-MARINE-floating-yokohama-pneumatic-rubber-fenders-manufacturer.png","contentUrl":"http:\/\/wingomarine.com\/wp-content\/uploads\/2021\/10\/WINGO-MARINE-floating-yokohama-pneumatic-rubber-fenders-manufacturer.png","width":336,"height":118,"caption":"Qingdao Wingo Marine Co., Ltd"},"image":{"@id":"https:\/\/wingomarine.com\/#\/schema\/logo\/image\/"}}]}},"_links":{"self":[{"href":"https:\/\/wingomarine.com\/it\/wp-json\/wp\/v2\/pages\/2681"}],"collection":[{"href":"https:\/\/wingomarine.com\/it\/wp-json\/wp\/v2\/pages"}],"about":[{"href":"https:\/\/wingomarine.com\/it\/wp-json\/wp\/v2\/types\/page"}],"author":[{"embeddable":true,"href":"https:\/\/wingomarine.com\/it\/wp-json\/wp\/v2\/users\/1"}],"replies":[{"embeddable":true,"href":"https:\/\/wingomarine.com\/it\/wp-json\/wp\/v2\/comments?post=2681"}],"version-history":[{"count":0,"href":"https:\/\/wingomarine.com\/it\/wp-json\/wp\/v2\/pages\/2681\/revisions"}],"wp:attachment":[{"href":"https:\/\/wingomarine.com\/it\/wp-json\/wp\/v2\/media?parent=2681"}],"curies":[{"name":"wp","href":"https:\/\/api.w.org\/{rel}","templated":true}]}}