{"id":2297,"date":"2021-10-08T14:27:30","date_gmt":"2021-10-08T06:27:30","guid":{"rendered":"http:\/\/wingomarine.com\/?post_type=product&#038;p=2297"},"modified":"2021-12-13T15:55:31","modified_gmt":"2021-12-13T07:55:31","slug":"subsea-buoyancy-modules","status":"publish","type":"product","link":"https:\/\/wingomarine.com\/it\/prodotto\/subsea-buoyancy-modules\/","title":{"rendered":"Moduli di galleggiamento sottomarino"},"content":{"rendered":"<p><span class=\"src\" data-group=\"0-0\">Le perle di vetro del materiale di galleggiamento d'altura sono un tipo di materiale di galleggiamento solido che pu\u00f2 essere lavorato, rispetto ai prodotti ordinari, il materiale pu\u00f2 applicare in profondit\u00e0 tutto il mare (10000 metri), tagliando, macinando, metodi di lavorazione adesiva, come la forma, al fine di soddisfare le varie esigenze dei clienti, <\/span><span class=\"src\" data-group=\"0-1\"> questo materiale pu\u00f2 galleggiare nel mare di profondit\u00e0 ideale, secondo la necessit\u00e0 di galleggiare sensore I prodotti spruzzati con poliurea.<\/span><span class=\"src\" data-group=\"0-2\"> che pu\u00f2 aumentare efficacemente la forte resistenza all'usura, la resistenza alla corrosione dell'acqua di mare e l'adesione biologica del prodotto.<\/span><\/p>\n<p>&nbsp;<\/p>\n<figure id=\"attachment_3652\" aria-describedby=\"caption-attachment-3652\" style=\"width: 350px\" class=\"wp-caption aligncenter\"><img fetchpriority=\"high\" decoding=\"async\" class=\"wp-image-3652 size-full\" src=\"http:\/\/wingomarine.com\/wp-content\/uploads\/2021\/10\/semi-sebmersible-drilling-system.jpg\" alt=\"Semi-Submersible Drilling System\" width=\"350\" height=\"263\" srcset=\"https:\/\/wingomarine.com\/wp-content\/uploads\/2021\/10\/semi-sebmersible-drilling-system.jpg 350w, https:\/\/wingomarine.com\/wp-content\/uploads\/2021\/10\/semi-sebmersible-drilling-system-300x225.jpg 300w\" sizes=\"(max-width: 350px) 100vw, 350px\" \/><figcaption id=\"caption-attachment-3652\" class=\"wp-caption-text\">Sistema di perforazione semisommergibile<\/figcaption><\/figure>\n<figure id=\"attachment_3650\" aria-describedby=\"caption-attachment-3650\" style=\"width: 350px\" class=\"wp-caption aligncenter\"><img decoding=\"async\" class=\"wp-image-3650 size-full\" src=\"http:\/\/wingomarine.com\/wp-content\/uploads\/2021\/10\/Marine-Survey-Monitoring-System.jpg\" alt=\"Marine Survey Monitoring System\" width=\"350\" height=\"250\" srcset=\"https:\/\/wingomarine.com\/wp-content\/uploads\/2021\/10\/Marine-Survey-Monitoring-System.jpg 350w, https:\/\/wingomarine.com\/wp-content\/uploads\/2021\/10\/Marine-Survey-Monitoring-System-300x214.jpg 300w\" sizes=\"(max-width: 350px) 100vw, 350px\" \/><figcaption id=\"caption-attachment-3650\" class=\"wp-caption-text\">Sistema di monitoraggio delle indagini marine<\/figcaption><\/figure>\n<figure id=\"attachment_3651\" aria-describedby=\"caption-attachment-3651\" style=\"width: 350px\" class=\"wp-caption aligncenter\"><img decoding=\"async\" class=\"wp-image-3651 size-full\" src=\"http:\/\/wingomarine.com\/wp-content\/uploads\/2021\/10\/offshore-oil-system.jpg\" alt=\"Offshore Oil System\" width=\"350\" height=\"250\" srcset=\"https:\/\/wingomarine.com\/wp-content\/uploads\/2021\/10\/offshore-oil-system.jpg 350w, https:\/\/wingomarine.com\/wp-content\/uploads\/2021\/10\/offshore-oil-system-300x214.jpg 300w\" sizes=\"(max-width: 350px) 100vw, 350px\" \/><figcaption id=\"caption-attachment-3651\" class=\"wp-caption-text\">Sistema petrolifero offshore<\/figcaption><\/figure>\n<figure id=\"attachment_3649\" aria-describedby=\"caption-attachment-3649\" style=\"width: 500px\" class=\"wp-caption aligncenter\"><img loading=\"lazy\" decoding=\"async\" class=\"wp-image-3649\" src=\"http:\/\/wingomarine.com\/wp-content\/uploads\/2021\/10\/underwater-robots-300x120.jpg\" alt=\"Underwater Robots\" width=\"500\" height=\"200\" srcset=\"https:\/\/wingomarine.com\/wp-content\/uploads\/2021\/10\/underwater-robots-300x120.jpg 300w, https:\/\/wingomarine.com\/wp-content\/uploads\/2021\/10\/underwater-robots-768x308.jpg 768w, https:\/\/wingomarine.com\/wp-content\/uploads\/2021\/10\/underwater-robots-600x240.jpg 600w, https:\/\/wingomarine.com\/wp-content\/uploads\/2021\/10\/underwater-robots.jpg 1019w\" sizes=\"(max-width: 500px) 100vw, 500px\" \/><figcaption id=\"caption-attachment-3649\" class=\"wp-caption-text\">Robot subacquei<\/figcaption><\/figure>\n<p><strong>Vantaggi:<\/strong><\/p>\n<ul>\n<li>\u00c8 costituito da un materiale composito leggero a bassa densit\u00e0 ed elevata resistenza. Ha le caratteristiche di bassa densit\u00e0, eccellenti propriet\u00e0 meccaniche, basso assorbimento d'acqua e stabilit\u00e0, ecc.<\/li>\n<li>Gamma di densit\u00e0 0,35 ~ 0,70 g\/cm\u00b3.<\/li>\n<li>Buona resistenza agli agenti atmosferici e all'acqua di mare.<\/li>\n<\/ul>\n<p>Da quando \u00e8 stato sviluppato, il prodotto \u00e8 stato applicato su <strong>robot subacquei, sommergibili per acque profonde, macchine per l'estrazione subacquea, capsule di salvataggio, sistemi di marcatura per sommergibili oceanici (galleggianti), palloni galleggianti a rilascio sottomarino,<\/strong>\u00a0e cos\u00ec via.<\/p>\n<p>&nbsp;<\/p>\n<h2 id=\"tablepress-8-name\" class=\"tablepress-table-name tablepress-table-name-id-8\">Parametri della boa di profondit\u00e0<\/h2>\n\n<table id=\"tablepress-8\" class=\"tablepress tablepress-id-8\" aria-labelledby=\"tablepress-8-name\">\n<thead>\n<tr class=\"row-1 odd\">\n\t<th class=\"column-1\">Articolo<\/th><th class=\"column-2\">Modello<\/th><th class=\"column-3\">Densit\u00e0 (g\/cm3)<\/th><th class=\"column-4\">Resistenza alla compressione uniassiale (MPa)<\/th><th class=\"column-5\">Assorbimento di acqua (in 24 ore)<\/th><th class=\"column-6\">Profondit\u00e0 (m)<\/th>\n<\/tr>\n<\/thead>\n<tbody class=\"row-hover\">\n<tr class=\"row-2 even\">\n\t<td rowspan=\"5\" class=\"column-1\">Prestazioni standard<\/td><td class=\"column-2\">LHDS-035<\/td><td class=\"column-3\">0.35 \u00b1 0.02<\/td><td class=\"column-4\">\u2265 8<\/td><td class=\"column-5\">\u2264 3%<\/td><td class=\"column-6\">100<\/td>\n<\/tr>\n<tr class=\"row-3 odd\">\n\t<td class=\"column-2\">LHDS-042<\/td><td class=\"column-3\">0.42 \u00b1 0.02<\/td><td class=\"column-4\">\u2265 15<\/td><td class=\"column-5\">\u2264 3%<\/td><td class=\"column-6\">600<\/td>\n<\/tr>\n<tr class=\"row-4 even\">\n\t<td class=\"column-2\">LHDS-045<\/td><td class=\"column-3\">0.45 \u00b1 0.02<\/td><td class=\"column-4\">\u2265 20<\/td><td class=\"column-5\">\u2264 3%<\/td><td class=\"column-6\">1000<\/td>\n<\/tr>\n<tr class=\"row-5 odd\">\n\t<td class=\"column-2\">LHDS-048<\/td><td class=\"column-3\">0.48 \u00b1 0.02<\/td><td class=\"column-4\">\u2265 25<\/td><td class=\"column-5\">\u2264 3%<\/td><td class=\"column-6\">2000<\/td>\n<\/tr>\n<tr class=\"row-6 even\">\n\t<td class=\"column-2\">LHDS-053<\/td><td class=\"column-3\">0.53 \u00b1 0.02<\/td><td class=\"column-4\">\u2265 45<\/td><td class=\"column-5\">\u2264 3%<\/td><td class=\"column-6\">4500<\/td>\n<\/tr>\n<tr class=\"row-7 odd\">\n\t<td rowspan=\"7\" class=\"column-1\">Prestazioni elevate<\/td><td class=\"column-2\">LHDS-H038<\/td><td class=\"column-3\">0.38 \u00b1 0.02<\/td><td class=\"column-4\">\u2265 15<\/td><td class=\"column-5\">\u2264 3%<\/td><td class=\"column-6\">1000<\/td>\n<\/tr>\n<tr class=\"row-8 even\">\n\t<td class=\"column-2\">LHDS-H042<\/td><td class=\"column-3\">0.42 \u00b1 0.02<\/td><td class=\"column-4\">\u2265 20<\/td><td class=\"column-5\">\u2264 3%<\/td><td class=\"column-6\">2000<\/td>\n<\/tr>\n<tr class=\"row-9 odd\">\n\t<td class=\"column-2\">LHDS-H046<\/td><td class=\"column-3\">0.46 \u00b1 0.02<\/td><td class=\"column-4\">\u2265 33<\/td><td class=\"column-5\">\u2264 3%<\/td><td class=\"column-6\">3500<\/td>\n<\/tr>\n<tr class=\"row-10 even\">\n\t<td class=\"column-2\">LHDS-H050<\/td><td class=\"column-3\">0.50 \u00b1 0.02<\/td><td class=\"column-4\">\u2265 45<\/td><td class=\"column-5\">\u2264 3%<\/td><td class=\"column-6\">4500<\/td>\n<\/tr>\n<tr class=\"row-11 odd\">\n\t<td class=\"column-2\">LHDS-H055<\/td><td class=\"column-3\">0.55 \u00b1 0.02<\/td><td class=\"column-4\">\u2265 55<\/td><td class=\"column-5\">\u2264 3%<\/td><td class=\"column-6\">6000<\/td>\n<\/tr>\n<tr class=\"row-12 even\">\n\t<td class=\"column-2\">LHDS-H056<\/td><td class=\"column-3\">0.56 \u00b1 0.02<\/td><td class=\"column-4\">\u2265 65<\/td><td class=\"column-5\">\u2264 3%<\/td><td class=\"column-6\">7000<\/td>\n<\/tr>\n<tr class=\"row-13 odd\">\n\t<td class=\"column-2\">LHDS-H070<\/td><td class=\"column-3\">0.70 \u00b1 0.02<\/td><td class=\"column-4\">\u2265 90<\/td><td class=\"column-5\">\u2264 3%<\/td><td class=\"column-6\">PROFONDIT\u00c0 COMPLETA<\/td>\n<\/tr>\n<\/tbody>\n<\/table>\n<!-- #tablepress-8 from cache -->\n<p><strong>Non esitate a inviarci un messaggio per qualsiasi domanda o richiesta.<\/strong><\/p>","protected":false},"excerpt":{"rendered":"<p>Perle di vetro del materiale di galleggiamento d'altura, \u00e8 una sorta di materiale solido di galleggiamento che pu\u00f2 essere elaborato, rispetto ai prodotti ordinari, il materiale pu\u00f2 applicare in profondit\u00e0 tutto il mare (10000 metri), tagliando, macinando, metodi di lavorazione adesiva, come la forma, al fine di soddisfare le varie esigenze dei clienti, questo materiale pu\u00f2 essere galleggiante nel mare di profondit\u00e0 ideale, secondo la necessit\u00e0 di galleggiare sensore Il prodotto \u00e8 spruzzato con poliurea. che pu\u00f2 effettivamente aumentare la forte resistenza all'usura, la resistenza alla corrosione dell'acqua di mare e l'adesione biologica del prodotto.<\/p>","protected":false},"featured_media":2306,"comment_status":"open","ping_status":"closed","template":"","meta":[],"product_cat":[20],"product_tag":[],"yoast_head":"<!-- This site is optimized with the Yoast SEO plugin v23.5 - https:\/\/yoast.com\/wordpress\/plugins\/seo\/ -->\n<title>Subsea Buoyancy Modules | Deep Sea Buoy Supplier &amp; Manufacturer - Wingo Marine<\/title>\n<meta name=\"description\" content=\"Wingo Marine is a subsea buoyancy modules supplier and manufacturer in China. The modules are widely used in deep-sea scientific investigation, marine equipment manufacturing. Can be customized in a variety of colors and shapes. Fell free to contact us for a quick quote or more information.\" \/>\n<meta name=\"robots\" content=\"index, follow, max-snippet:-1, max-image-preview:large, max-video-preview:-1\" \/>\n<link rel=\"canonical\" href=\"https:\/\/wingomarine.com\/it\/prodotto\/subsea-buoyancy-modules\/\" \/>\n<meta property=\"og:locale\" content=\"it_IT\" \/>\n<meta property=\"og:type\" content=\"article\" \/>\n<meta property=\"og:title\" content=\"Subsea Buoyancy Modules | Deep Sea Buoy Supplier &amp; Manufacturer - Wingo Marine\" \/>\n<meta property=\"og:description\" content=\"Wingo Marine is a subsea buoyancy modules supplier and manufacturer in China. The modules are widely used in deep-sea scientific investigation, marine equipment manufacturing. Can be customized in a variety of colors and shapes. Fell free to contact us for a quick quote or more information.\" \/>\n<meta property=\"og:url\" content=\"https:\/\/wingomarine.com\/it\/prodotto\/subsea-buoyancy-modules\/\" \/>\n<meta property=\"og:site_name\" content=\"Wingo Marine\" \/>\n<meta property=\"article:modified_time\" content=\"2021-12-13T07:55:31+00:00\" \/>\n<meta property=\"og:image\" content=\"https:\/\/wingomarine.com\/wp-content\/uploads\/2021\/10\/Deep-sea-buoy-seep-water-buoy-supplier-1.png\" \/>\n\t<meta property=\"og:image:width\" content=\"600\" \/>\n\t<meta property=\"og:image:height\" content=\"600\" \/>\n\t<meta property=\"og:image:type\" content=\"image\/png\" \/>\n<meta name=\"twitter:card\" content=\"summary_large_image\" \/>\n<meta name=\"twitter:label1\" content=\"Tempo di lettura stimato\" \/>\n\t<meta name=\"twitter:data1\" content=\"2 minuti\" \/>\n<script type=\"application\/ld+json\" class=\"yoast-schema-graph\">{\"@context\":\"https:\/\/schema.org\",\"@graph\":[{\"@type\":\"WebPage\",\"@id\":\"https:\/\/wingomarine.com\/product\/subsea-buoyancy-modules\/\",\"url\":\"https:\/\/wingomarine.com\/product\/subsea-buoyancy-modules\/\",\"name\":\"Subsea Buoyancy Modules | Deep Sea Buoy Supplier & Manufacturer - Wingo Marine\",\"isPartOf\":{\"@id\":\"https:\/\/wingomarine.com\/#website\"},\"primaryImageOfPage\":{\"@id\":\"https:\/\/wingomarine.com\/product\/subsea-buoyancy-modules\/#primaryimage\"},\"image\":{\"@id\":\"https:\/\/wingomarine.com\/product\/subsea-buoyancy-modules\/#primaryimage\"},\"thumbnailUrl\":\"https:\/\/wingomarine.com\/wp-content\/uploads\/2021\/10\/Deep-sea-buoy-seep-water-buoy-supplier-1.png\",\"datePublished\":\"2021-10-08T06:27:30+00:00\",\"dateModified\":\"2021-12-13T07:55:31+00:00\",\"description\":\"Wingo Marine is a subsea buoyancy modules supplier and manufacturer in China. The modules are widely used in deep-sea scientific investigation, marine equipment manufacturing. Can be customized in a variety of colors and shapes. Fell free to contact us for a quick quote or more information.\",\"breadcrumb\":{\"@id\":\"https:\/\/wingomarine.com\/product\/subsea-buoyancy-modules\/#breadcrumb\"},\"inLanguage\":\"it-IT\",\"potentialAction\":[{\"@type\":\"ReadAction\",\"target\":[\"https:\/\/wingomarine.com\/product\/subsea-buoyancy-modules\/\"]}]},{\"@type\":\"ImageObject\",\"inLanguage\":\"it-IT\",\"@id\":\"https:\/\/wingomarine.com\/product\/subsea-buoyancy-modules\/#primaryimage\",\"url\":\"https:\/\/wingomarine.com\/wp-content\/uploads\/2021\/10\/Deep-sea-buoy-seep-water-buoy-supplier-1.png\",\"contentUrl\":\"https:\/\/wingomarine.com\/wp-content\/uploads\/2021\/10\/Deep-sea-buoy-seep-water-buoy-supplier-1.png\",\"width\":600,\"height\":600,\"caption\":\"Deep Sea Buoy\"},{\"@type\":\"BreadcrumbList\",\"@id\":\"https:\/\/wingomarine.com\/product\/subsea-buoyancy-modules\/#breadcrumb\",\"itemListElement\":[{\"@type\":\"ListItem\",\"position\":1,\"name\":\"Home\",\"item\":\"https:\/\/wingomarine.com\/\"},{\"@type\":\"ListItem\",\"position\":2,\"name\":\"Products\",\"item\":\"https:\/\/wingomarine.com\/products\/\"},{\"@type\":\"ListItem\",\"position\":3,\"name\":\"Subsea Buoyancy Modules\"}]},{\"@type\":\"WebSite\",\"@id\":\"https:\/\/wingomarine.com\/#website\",\"url\":\"https:\/\/wingomarine.com\/\",\"name\":\"Wingo Marine\",\"description\":\"Chinese top manufacturer for marine fenders, since 1988. | Wingo Marine\",\"publisher\":{\"@id\":\"https:\/\/wingomarine.com\/#organization\"},\"potentialAction\":[{\"@type\":\"SearchAction\",\"target\":{\"@type\":\"EntryPoint\",\"urlTemplate\":\"https:\/\/wingomarine.com\/?s={search_term_string}\"},\"query-input\":{\"@type\":\"PropertyValueSpecification\",\"valueRequired\":true,\"valueName\":\"search_term_string\"}}],\"inLanguage\":\"it-IT\"},{\"@type\":\"Organization\",\"@id\":\"https:\/\/wingomarine.com\/#organization\",\"name\":\"Qingdao Wingo Marine Co., Ltd\",\"url\":\"https:\/\/wingomarine.com\/\",\"logo\":{\"@type\":\"ImageObject\",\"inLanguage\":\"it-IT\",\"@id\":\"https:\/\/wingomarine.com\/#\/schema\/logo\/image\/\",\"url\":\"http:\/\/wingomarine.com\/wp-content\/uploads\/2021\/10\/WINGO-MARINE-floating-yokohama-pneumatic-rubber-fenders-manufacturer.png\",\"contentUrl\":\"http:\/\/wingomarine.com\/wp-content\/uploads\/2021\/10\/WINGO-MARINE-floating-yokohama-pneumatic-rubber-fenders-manufacturer.png\",\"width\":336,\"height\":118,\"caption\":\"Qingdao Wingo Marine Co., Ltd\"},\"image\":{\"@id\":\"https:\/\/wingomarine.com\/#\/schema\/logo\/image\/\"}}]}<\/script>\n<!-- \/ Yoast SEO plugin. -->","yoast_head_json":{"title":"Subsea Buoyancy Modules | Deep Sea Buoy Supplier & Manufacturer - Wingo Marine","description":"Wingo Marine is a subsea buoyancy modules supplier and manufacturer in China. The modules are widely used in deep-sea scientific investigation, marine equipment manufacturing. Can be customized in a variety of colors and shapes. Fell free to contact us for a quick quote or more information.","robots":{"index":"index","follow":"follow","max-snippet":"max-snippet:-1","max-image-preview":"max-image-preview:large","max-video-preview":"max-video-preview:-1"},"canonical":"https:\/\/wingomarine.com\/it\/prodotto\/subsea-buoyancy-modules\/","og_locale":"it_IT","og_type":"article","og_title":"Subsea Buoyancy Modules | Deep Sea Buoy Supplier & Manufacturer - Wingo Marine","og_description":"Wingo Marine is a subsea buoyancy modules supplier and manufacturer in China. The modules are widely used in deep-sea scientific investigation, marine equipment manufacturing. Can be customized in a variety of colors and shapes. Fell free to contact us for a quick quote or more information.","og_url":"https:\/\/wingomarine.com\/it\/prodotto\/subsea-buoyancy-modules\/","og_site_name":"Wingo Marine","article_modified_time":"2021-12-13T07:55:31+00:00","og_image":[{"width":600,"height":600,"url":"https:\/\/wingomarine.com\/wp-content\/uploads\/2021\/10\/Deep-sea-buoy-seep-water-buoy-supplier-1.png","type":"image\/png"}],"twitter_card":"summary_large_image","twitter_misc":{"Tempo di lettura stimato":"2 minuti"},"schema":{"@context":"https:\/\/schema.org","@graph":[{"@type":"WebPage","@id":"https:\/\/wingomarine.com\/product\/subsea-buoyancy-modules\/","url":"https:\/\/wingomarine.com\/product\/subsea-buoyancy-modules\/","name":"Subsea Buoyancy Modules | Deep Sea Buoy Supplier & Manufacturer - Wingo Marine","isPartOf":{"@id":"https:\/\/wingomarine.com\/#website"},"primaryImageOfPage":{"@id":"https:\/\/wingomarine.com\/product\/subsea-buoyancy-modules\/#primaryimage"},"image":{"@id":"https:\/\/wingomarine.com\/product\/subsea-buoyancy-modules\/#primaryimage"},"thumbnailUrl":"https:\/\/wingomarine.com\/wp-content\/uploads\/2021\/10\/Deep-sea-buoy-seep-water-buoy-supplier-1.png","datePublished":"2021-10-08T06:27:30+00:00","dateModified":"2021-12-13T07:55:31+00:00","description":"Wingo Marine is a subsea buoyancy modules supplier and manufacturer in China. The modules are widely used in deep-sea scientific investigation, marine equipment manufacturing. Can be customized in a variety of colors and shapes. Fell free to contact us for a quick quote or more information.","breadcrumb":{"@id":"https:\/\/wingomarine.com\/product\/subsea-buoyancy-modules\/#breadcrumb"},"inLanguage":"it-IT","potentialAction":[{"@type":"ReadAction","target":["https:\/\/wingomarine.com\/product\/subsea-buoyancy-modules\/"]}]},{"@type":"ImageObject","inLanguage":"it-IT","@id":"https:\/\/wingomarine.com\/product\/subsea-buoyancy-modules\/#primaryimage","url":"https:\/\/wingomarine.com\/wp-content\/uploads\/2021\/10\/Deep-sea-buoy-seep-water-buoy-supplier-1.png","contentUrl":"https:\/\/wingomarine.com\/wp-content\/uploads\/2021\/10\/Deep-sea-buoy-seep-water-buoy-supplier-1.png","width":600,"height":600,"caption":"Deep Sea Buoy"},{"@type":"BreadcrumbList","@id":"https:\/\/wingomarine.com\/product\/subsea-buoyancy-modules\/#breadcrumb","itemListElement":[{"@type":"ListItem","position":1,"name":"Home","item":"https:\/\/wingomarine.com\/"},{"@type":"ListItem","position":2,"name":"Products","item":"https:\/\/wingomarine.com\/products\/"},{"@type":"ListItem","position":3,"name":"Subsea Buoyancy Modules"}]},{"@type":"WebSite","@id":"https:\/\/wingomarine.com\/#website","url":"https:\/\/wingomarine.com\/","name":"Wingo Marine","description":"Chinese top manufacturer for marine fenders, since 1988. | Wingo Marine","publisher":{"@id":"https:\/\/wingomarine.com\/#organization"},"potentialAction":[{"@type":"SearchAction","target":{"@type":"EntryPoint","urlTemplate":"https:\/\/wingomarine.com\/?s={search_term_string}"},"query-input":{"@type":"PropertyValueSpecification","valueRequired":true,"valueName":"search_term_string"}}],"inLanguage":"it-IT"},{"@type":"Organization","@id":"https:\/\/wingomarine.com\/#organization","name":"Qingdao Wingo Marine Co., Ltd","url":"https:\/\/wingomarine.com\/","logo":{"@type":"ImageObject","inLanguage":"it-IT","@id":"https:\/\/wingomarine.com\/#\/schema\/logo\/image\/","url":"http:\/\/wingomarine.com\/wp-content\/uploads\/2021\/10\/WINGO-MARINE-floating-yokohama-pneumatic-rubber-fenders-manufacturer.png","contentUrl":"http:\/\/wingomarine.com\/wp-content\/uploads\/2021\/10\/WINGO-MARINE-floating-yokohama-pneumatic-rubber-fenders-manufacturer.png","width":336,"height":118,"caption":"Qingdao Wingo Marine Co., Ltd"},"image":{"@id":"https:\/\/wingomarine.com\/#\/schema\/logo\/image\/"}}]}},"_links":{"self":[{"href":"https:\/\/wingomarine.com\/it\/wp-json\/wp\/v2\/product\/2297"}],"collection":[{"href":"https:\/\/wingomarine.com\/it\/wp-json\/wp\/v2\/product"}],"about":[{"href":"https:\/\/wingomarine.com\/it\/wp-json\/wp\/v2\/types\/product"}],"replies":[{"embeddable":true,"href":"https:\/\/wingomarine.com\/it\/wp-json\/wp\/v2\/comments?post=2297"}],"wp:featuredmedia":[{"embeddable":true,"href":"https:\/\/wingomarine.com\/it\/wp-json\/wp\/v2\/media\/2306"}],"wp:attachment":[{"href":"https:\/\/wingomarine.com\/it\/wp-json\/wp\/v2\/media?parent=2297"}],"wp:term":[{"taxonomy":"product_cat","embeddable":true,"href":"https:\/\/wingomarine.com\/it\/wp-json\/wp\/v2\/product_cat?post=2297"},{"taxonomy":"product_tag","embeddable":true,"href":"https:\/\/wingomarine.com\/it\/wp-json\/wp\/v2\/product_tag?post=2297"}],"curies":[{"name":"wp","href":"https:\/\/api.w.org\/{rel}","templated":true}]}}