{"id":54,"date":"2021-07-01T11:00:01","date_gmt":"2021-07-01T03:00:01","guid":{"rendered":"http:\/\/wingomarine.com\/?post_type=product&#038;p=54"},"modified":"2026-03-24T10:42:49","modified_gmt":"2026-03-24T02:42:49","slug":"marine-salvage-airbags","status":"publish","type":"product","link":"https:\/\/wingomarine.com\/it\/prodotto\/marine-salvage-airbags\/","title":{"rendered":"Airbag di recupero marino"},"content":{"rendered":"<p>Besides launching ships, another application of marine airbags is for the salvage of sunken ships or shipwrecks, or other objects underwater. It is called a marine or ship salvage airbag. It uses the buoyancy of the airbag after inflation. Rubber salvage airbags are much tougher than PVC lifting airbags. Due to its heavy-duty capacity, it can be used for big sunken vessels.<\/p>\n<p><strong>Costruzione dell'airbag di gomma per il recupero marino<\/strong><\/p>\n<ul>\n<li>Come gli airbag per il lancio di navi in gomma, gli airbag per il salvataggio marino sono costituiti da uno strato di gomma esterno, da strati di corda sintetica per pneumatici per impieghi gravosi e da uno strato di gomma interno vulcanizzato in modo stabile. Ha un corpo cilindrico a palloncino, con due teste coniche o a forma di arco e una bocca terminale. I kit di giunzione e di ingresso dell'aria sono avvitati alla bocca finale.<\/li>\n<\/ul>\n<p><img fetchpriority=\"high\" decoding=\"async\" class=\"aligncenter wp-image-3271 size-full\" src=\"http:\/\/wingomarine.com\/wp-content\/uploads\/2021\/07\/Marine-Salvage-Airbags-Marine-ruber-airbags.jpg\" alt=\"\" width=\"786\" height=\"653\" srcset=\"https:\/\/wingomarine.com\/wp-content\/uploads\/2021\/07\/Marine-Salvage-Airbags-Marine-ruber-airbags.jpg 786w, https:\/\/wingomarine.com\/wp-content\/uploads\/2021\/07\/Marine-Salvage-Airbags-Marine-ruber-airbags-300x249.jpg 300w, https:\/\/wingomarine.com\/wp-content\/uploads\/2021\/07\/Marine-Salvage-Airbags-Marine-ruber-airbags-768x638.jpg 768w, https:\/\/wingomarine.com\/wp-content\/uploads\/2021\/07\/Marine-Salvage-Airbags-Marine-ruber-airbags-600x498.jpg 600w\" sizes=\"(max-width: 786px) 100vw, 786px\" \/><\/p>\n<p><strong>Vantaggi dell'airbag di gomma di recupero<\/strong><\/p>\n<ul>\n<li>Heavy Duty: Rubber Salvage Airbags are made of rubber layers reinforced by synthetic-tire cord. It can have a floating capacity of a hundred tons.<\/li>\n<li>\u00a0Flessibilit\u00e0: Gli airbag possono essere realizzati in varie dimensioni e spessori per adattarsi alle condizioni particolari delle navi affondate.<\/li>\n<li>Practicability: Rubber Salvage Airbags are easy to secure on sunken ships with bandage belts. And the operation of inflation is very simple.<\/li>\n<\/ul>\n<p><strong>Salvage Airbags in different sizes have different buoyancy. Below is the list of buoyancy of the main sizes:<\/strong><\/p>\n\n<table id=\"tablepress-3\" class=\"tablepress tablepress-id-3\">\n<thead>\n<tr class=\"row-1 odd\">\n\t<th class=\"column-1\">Lunghezza effettiva (m)<\/th><th colspan=\"9\" class=\"column-2\">Airbag di salvataggio marino Bupyance massima a pieno gonfiaggio (tonnellate) <\/th>\n<\/tr>\n<\/thead>\n<tbody class=\"row-hover\">\n<tr class=\"row-2 even\">\n\t<td class=\"column-1\"><\/td><td class=\"column-2\">D=1,0 m<\/td><td class=\"column-3\">D=1,2 m<\/td><td class=\"column-4\">D=1,5 m<\/td><td class=\"column-5\">D=1,8 m<\/td><td class=\"column-6\">D=2,0 m<\/td><td class=\"column-7\">D=2,5 m<\/td><td class=\"column-8\">D=3,0 m<\/td><td class=\"column-9\">D=4,0 m<\/td><td class=\"column-10\">D=6,0 m<\/td>\n<\/tr>\n<tr class=\"row-3 odd\">\n\t<td class=\"column-1\">5<\/td><td class=\"column-2\">3.93<\/td><td class=\"column-3\">5.65<\/td><td class=\"column-4\">8.84<\/td><td class=\"column-5\">12.72<\/td><td class=\"column-6\">15.71<\/td><td class=\"column-7\">24.54<\/td><td class=\"column-8\">35.41<\/td><td class=\"column-9\">251.2<\/td><td class=\"column-10\">565.2<\/td>\n<\/tr>\n<tr class=\"row-4 even\">\n\t<td class=\"column-1\">8<\/td><td class=\"column-2\">6.28<\/td><td class=\"column-3\">9.05<\/td><td class=\"column-4\">14.14<\/td><td class=\"column-5\">20.36<\/td><td class=\"column-6\">25.13<\/td><td class=\"column-7\">39.27<\/td><td class=\"column-8\">56.55<\/td><td class=\"column-9\">401.92<\/td><td class=\"column-10\">904.32<\/td>\n<\/tr>\n<tr class=\"row-5 odd\">\n\t<td class=\"column-1\">10<\/td><td class=\"column-2\">7.85<\/td><td class=\"column-3\">11.31<\/td><td class=\"column-4\">17.67<\/td><td class=\"column-5\">25.45<\/td><td class=\"column-6\">31.42<\/td><td class=\"column-7\">49.09<\/td><td class=\"column-8\">70.69<\/td><td class=\"column-9\">502.4<\/td><td class=\"column-10\">1130.4<\/td>\n<\/tr>\n<tr class=\"row-6 even\">\n\t<td class=\"column-1\">12<\/td><td class=\"column-2\">9.42<\/td><td class=\"column-3\">13.57<\/td><td class=\"column-4\">21.21<\/td><td class=\"column-5\">30.54<\/td><td class=\"column-6\">37.7<\/td><td class=\"column-7\">58.9<\/td><td class=\"column-8\">84.82<\/td><td class=\"column-9\">602.88<\/td><td class=\"column-10\">1356.48<\/td>\n<\/tr>\n<tr class=\"row-7 odd\">\n\t<td class=\"column-1\">15<\/td><td class=\"column-2\">11.78<\/td><td class=\"column-3\">19.69<\/td><td class=\"column-4\">26.51<\/td><td class=\"column-5\">38.17<\/td><td class=\"column-6\">47.12<\/td><td class=\"column-7\">73.63<\/td><td class=\"column-8\">106.03<\/td><td class=\"column-9\">753.6<\/td><td class=\"column-10\">1695.6<\/td>\n<\/tr>\n<tr class=\"row-8 even\">\n\t<td class=\"column-1\">18<\/td><td class=\"column-2\">14.14<\/td><td class=\"column-3\">20.36<\/td><td class=\"column-4\">31.81<\/td><td class=\"column-5\">45.8<\/td><td class=\"column-6\">56.55<\/td><td class=\"column-7\">88.36<\/td><td class=\"column-8\">127.23<\/td><td class=\"column-9\">904.32<\/td><td class=\"column-10\">2034.72<\/td>\n<\/tr>\n<tr class=\"row-9 odd\">\n\t<td class=\"column-1\">20<\/td><td class=\"column-2\">15.71<\/td><td class=\"column-3\">22.62<\/td><td class=\"column-4\">35.34<\/td><td class=\"column-5\">50.89<\/td><td class=\"column-6\">62.83<\/td><td class=\"column-7\">98.18<\/td><td class=\"column-8\">141.37<\/td><td class=\"column-9\">1004.8<\/td><td class=\"column-10\">2260.8<\/td>\n<\/tr>\n<tr class=\"row-10 even\">\n\t<td class=\"column-1\">24<\/td><td class=\"column-2\">18.85<\/td><td class=\"column-3\">27.14<\/td><td class=\"column-4\">42.41<\/td><td class=\"column-5\">61.07<\/td><td class=\"column-6\">75.4<\/td><td class=\"column-7\">117.81<\/td><td class=\"column-8\">169.65<\/td><td class=\"column-9\">1205.76<\/td><td class=\"column-10\">2712.96<\/td>\n<\/tr>\n<tr class=\"row-11 odd\">\n\t<td class=\"column-1\">60<\/td><td class=\"column-2\">188.4<\/td><td class=\"column-3\">271.296<\/td><td class=\"column-4\">423.9<\/td><td class=\"column-5\">610.416<\/td><td class=\"column-6\">753.6<\/td><td class=\"column-7\">1177.5<\/td><td class=\"column-8\">1695.6<\/td><td class=\"column-9\">3014.4<\/td><td class=\"column-10\">6782.4<\/td>\n<\/tr>\n<\/tbody>\n<\/table>\n\n<p>&nbsp;<\/p>\n<p><strong>Non esitate a inviarci un messaggio per qualsiasi domanda o richiesta.<\/strong><\/p>","protected":false},"excerpt":{"rendered":"<p>Oltre al varo delle navi, un'altra applicazione degli airbag marini \u00e8 il recupero di navi affondate o di relitti di navi o di altri oggetti sott'acqua. Si tratta di un airbag marino o per il recupero di navi. Sfrutta la galleggiabilit\u00e0 dell'airbag dopo il gonfiaggio. L'airbag di salvataggio in gomma \u00e8 molto pi\u00f9 resistente degli airbag di sollevamento in PVC. Grazie alla sua capacit\u00e0 di resistenza, pu\u00f2 essere utilizzato per grandi imbarcazioni affondate.<\/p>","protected":false},"featured_media":3194,"comment_status":"open","ping_status":"closed","template":"","meta":[],"product_cat":[19],"product_tag":[],"yoast_head":"<!-- This site is optimized with the Yoast SEO plugin v23.5 - https:\/\/yoast.com\/wordpress\/plugins\/seo\/ -->\n<title>Marine Salvage Airbags | Heavy Lift Airbags Supplier &amp; Manufacturer - Wingo Marine<\/title>\n<meta name=\"description\" content=\"Wingo Marine is a marine salvage airbags supplier and manufacturer in China since 1988. This ruber airbags are also used for heavy lifting. Custom services are provided for every project. Fell free to contact us to discuss your project.\" \/>\n<meta name=\"robots\" content=\"index, follow, max-snippet:-1, max-image-preview:large, max-video-preview:-1\" \/>\n<link rel=\"canonical\" href=\"https:\/\/wingomarine.com\/it\/prodotto\/marine-salvage-airbags\/\" \/>\n<meta property=\"og:locale\" content=\"it_IT\" \/>\n<meta property=\"og:type\" content=\"article\" \/>\n<meta property=\"og:title\" content=\"Marine Salvage Airbags | Heavy Lift Airbags Supplier &amp; Manufacturer - Wingo Marine\" \/>\n<meta property=\"og:description\" content=\"Wingo Marine is a marine salvage airbags supplier and manufacturer in China since 1988. This ruber airbags are also used for heavy lifting. Custom services are provided for every project. Fell free to contact us to discuss your project.\" \/>\n<meta property=\"og:url\" content=\"https:\/\/wingomarine.com\/it\/prodotto\/marine-salvage-airbags\/\" \/>\n<meta property=\"og:site_name\" content=\"Wingo Marine\" \/>\n<meta property=\"article:modified_time\" content=\"2026-03-24T02:42:49+00:00\" \/>\n<meta property=\"og:image\" content=\"http:\/\/wingomarine.com\/wp-content\/uploads\/2021\/07\/marine-salvage-rubber-airbags.png\" \/>\n\t<meta property=\"og:image:width\" content=\"600\" \/>\n\t<meta property=\"og:image:height\" content=\"600\" \/>\n\t<meta property=\"og:image:type\" content=\"image\/png\" \/>\n<meta name=\"twitter:card\" content=\"summary_large_image\" \/>\n<meta name=\"twitter:label1\" content=\"Tempo di lettura stimato\" \/>\n\t<meta name=\"twitter:data1\" content=\"2 minuti\" \/>\n<script type=\"application\/ld+json\" class=\"yoast-schema-graph\">{\"@context\":\"https:\/\/schema.org\",\"@graph\":[{\"@type\":\"WebPage\",\"@id\":\"https:\/\/wingomarine.com\/product\/marine-salvage-airbags\/\",\"url\":\"https:\/\/wingomarine.com\/product\/marine-salvage-airbags\/\",\"name\":\"Marine Salvage Airbags | Heavy Lift Airbags Supplier & Manufacturer - Wingo Marine\",\"isPartOf\":{\"@id\":\"https:\/\/wingomarine.com\/#website\"},\"primaryImageOfPage\":{\"@id\":\"https:\/\/wingomarine.com\/product\/marine-salvage-airbags\/#primaryimage\"},\"image\":{\"@id\":\"https:\/\/wingomarine.com\/product\/marine-salvage-airbags\/#primaryimage\"},\"thumbnailUrl\":\"https:\/\/wingomarine.com\/wp-content\/uploads\/2021\/07\/marine-salvage-rubber-airbags.png\",\"datePublished\":\"2021-07-01T03:00:01+00:00\",\"dateModified\":\"2026-03-24T02:42:49+00:00\",\"description\":\"Wingo Marine is a marine salvage airbags supplier and manufacturer in China since 1988. This ruber airbags are also used for heavy lifting. Custom services are provided for every project. Fell free to contact us to discuss your project.\",\"breadcrumb\":{\"@id\":\"https:\/\/wingomarine.com\/product\/marine-salvage-airbags\/#breadcrumb\"},\"inLanguage\":\"it-IT\",\"potentialAction\":[{\"@type\":\"ReadAction\",\"target\":[\"https:\/\/wingomarine.com\/product\/marine-salvage-airbags\/\"]}]},{\"@type\":\"ImageObject\",\"inLanguage\":\"it-IT\",\"@id\":\"https:\/\/wingomarine.com\/product\/marine-salvage-airbags\/#primaryimage\",\"url\":\"https:\/\/wingomarine.com\/wp-content\/uploads\/2021\/07\/marine-salvage-rubber-airbags.png\",\"contentUrl\":\"https:\/\/wingomarine.com\/wp-content\/uploads\/2021\/07\/marine-salvage-rubber-airbags.png\",\"width\":600,\"height\":600,\"caption\":\"marine salvage rubber airbags\"},{\"@type\":\"BreadcrumbList\",\"@id\":\"https:\/\/wingomarine.com\/product\/marine-salvage-airbags\/#breadcrumb\",\"itemListElement\":[{\"@type\":\"ListItem\",\"position\":1,\"name\":\"Home\",\"item\":\"https:\/\/wingomarine.com\/\"},{\"@type\":\"ListItem\",\"position\":2,\"name\":\"Products\",\"item\":\"https:\/\/wingomarine.com\/products\/\"},{\"@type\":\"ListItem\",\"position\":3,\"name\":\"Marine Salvage Airbags\"}]},{\"@type\":\"WebSite\",\"@id\":\"https:\/\/wingomarine.com\/#website\",\"url\":\"https:\/\/wingomarine.com\/\",\"name\":\"Wingo Marine\",\"description\":\"Chinese top manufacturer for marine fenders, since 1988. | Wingo Marine\",\"publisher\":{\"@id\":\"https:\/\/wingomarine.com\/#organization\"},\"potentialAction\":[{\"@type\":\"SearchAction\",\"target\":{\"@type\":\"EntryPoint\",\"urlTemplate\":\"https:\/\/wingomarine.com\/?s={search_term_string}\"},\"query-input\":{\"@type\":\"PropertyValueSpecification\",\"valueRequired\":true,\"valueName\":\"search_term_string\"}}],\"inLanguage\":\"it-IT\"},{\"@type\":\"Organization\",\"@id\":\"https:\/\/wingomarine.com\/#organization\",\"name\":\"Qingdao Wingo Marine Co., Ltd\",\"url\":\"https:\/\/wingomarine.com\/\",\"logo\":{\"@type\":\"ImageObject\",\"inLanguage\":\"it-IT\",\"@id\":\"https:\/\/wingomarine.com\/#\/schema\/logo\/image\/\",\"url\":\"http:\/\/wingomarine.com\/wp-content\/uploads\/2021\/10\/WINGO-MARINE-floating-yokohama-pneumatic-rubber-fenders-manufacturer.png\",\"contentUrl\":\"http:\/\/wingomarine.com\/wp-content\/uploads\/2021\/10\/WINGO-MARINE-floating-yokohama-pneumatic-rubber-fenders-manufacturer.png\",\"width\":336,\"height\":118,\"caption\":\"Qingdao Wingo Marine Co., Ltd\"},\"image\":{\"@id\":\"https:\/\/wingomarine.com\/#\/schema\/logo\/image\/\"}}]}<\/script>\n<!-- \/ Yoast SEO plugin. -->","yoast_head_json":{"title":"Marine Salvage Airbags | Heavy Lift Airbags Supplier & Manufacturer - Wingo Marine","description":"Wingo Marine is a marine salvage airbags supplier and manufacturer in China since 1988. This ruber airbags are also used for heavy lifting. Custom services are provided for every project. Fell free to contact us to discuss your project.","robots":{"index":"index","follow":"follow","max-snippet":"max-snippet:-1","max-image-preview":"max-image-preview:large","max-video-preview":"max-video-preview:-1"},"canonical":"https:\/\/wingomarine.com\/it\/prodotto\/marine-salvage-airbags\/","og_locale":"it_IT","og_type":"article","og_title":"Marine Salvage Airbags | Heavy Lift Airbags Supplier & Manufacturer - Wingo Marine","og_description":"Wingo Marine is a marine salvage airbags supplier and manufacturer in China since 1988. This ruber airbags are also used for heavy lifting. Custom services are provided for every project. Fell free to contact us to discuss your project.","og_url":"https:\/\/wingomarine.com\/it\/prodotto\/marine-salvage-airbags\/","og_site_name":"Wingo Marine","article_modified_time":"2026-03-24T02:42:49+00:00","og_image":[{"width":600,"height":600,"url":"http:\/\/wingomarine.com\/wp-content\/uploads\/2021\/07\/marine-salvage-rubber-airbags.png","type":"image\/png"}],"twitter_card":"summary_large_image","twitter_misc":{"Tempo di lettura stimato":"2 minuti"},"schema":{"@context":"https:\/\/schema.org","@graph":[{"@type":"WebPage","@id":"https:\/\/wingomarine.com\/product\/marine-salvage-airbags\/","url":"https:\/\/wingomarine.com\/product\/marine-salvage-airbags\/","name":"Marine Salvage Airbags | Heavy Lift Airbags Supplier & Manufacturer - Wingo Marine","isPartOf":{"@id":"https:\/\/wingomarine.com\/#website"},"primaryImageOfPage":{"@id":"https:\/\/wingomarine.com\/product\/marine-salvage-airbags\/#primaryimage"},"image":{"@id":"https:\/\/wingomarine.com\/product\/marine-salvage-airbags\/#primaryimage"},"thumbnailUrl":"https:\/\/wingomarine.com\/wp-content\/uploads\/2021\/07\/marine-salvage-rubber-airbags.png","datePublished":"2021-07-01T03:00:01+00:00","dateModified":"2026-03-24T02:42:49+00:00","description":"Wingo Marine is a marine salvage airbags supplier and manufacturer in China since 1988. This ruber airbags are also used for heavy lifting. Custom services are provided for every project. Fell free to contact us to discuss your project.","breadcrumb":{"@id":"https:\/\/wingomarine.com\/product\/marine-salvage-airbags\/#breadcrumb"},"inLanguage":"it-IT","potentialAction":[{"@type":"ReadAction","target":["https:\/\/wingomarine.com\/product\/marine-salvage-airbags\/"]}]},{"@type":"ImageObject","inLanguage":"it-IT","@id":"https:\/\/wingomarine.com\/product\/marine-salvage-airbags\/#primaryimage","url":"https:\/\/wingomarine.com\/wp-content\/uploads\/2021\/07\/marine-salvage-rubber-airbags.png","contentUrl":"https:\/\/wingomarine.com\/wp-content\/uploads\/2021\/07\/marine-salvage-rubber-airbags.png","width":600,"height":600,"caption":"marine salvage rubber airbags"},{"@type":"BreadcrumbList","@id":"https:\/\/wingomarine.com\/product\/marine-salvage-airbags\/#breadcrumb","itemListElement":[{"@type":"ListItem","position":1,"name":"Home","item":"https:\/\/wingomarine.com\/"},{"@type":"ListItem","position":2,"name":"Products","item":"https:\/\/wingomarine.com\/products\/"},{"@type":"ListItem","position":3,"name":"Marine Salvage Airbags"}]},{"@type":"WebSite","@id":"https:\/\/wingomarine.com\/#website","url":"https:\/\/wingomarine.com\/","name":"Wingo Marine","description":"Chinese top manufacturer for marine fenders, since 1988. | Wingo Marine","publisher":{"@id":"https:\/\/wingomarine.com\/#organization"},"potentialAction":[{"@type":"SearchAction","target":{"@type":"EntryPoint","urlTemplate":"https:\/\/wingomarine.com\/?s={search_term_string}"},"query-input":{"@type":"PropertyValueSpecification","valueRequired":true,"valueName":"search_term_string"}}],"inLanguage":"it-IT"},{"@type":"Organization","@id":"https:\/\/wingomarine.com\/#organization","name":"Qingdao Wingo Marine Co., Ltd","url":"https:\/\/wingomarine.com\/","logo":{"@type":"ImageObject","inLanguage":"it-IT","@id":"https:\/\/wingomarine.com\/#\/schema\/logo\/image\/","url":"http:\/\/wingomarine.com\/wp-content\/uploads\/2021\/10\/WINGO-MARINE-floating-yokohama-pneumatic-rubber-fenders-manufacturer.png","contentUrl":"http:\/\/wingomarine.com\/wp-content\/uploads\/2021\/10\/WINGO-MARINE-floating-yokohama-pneumatic-rubber-fenders-manufacturer.png","width":336,"height":118,"caption":"Qingdao Wingo Marine Co., Ltd"},"image":{"@id":"https:\/\/wingomarine.com\/#\/schema\/logo\/image\/"}}]}},"_links":{"self":[{"href":"https:\/\/wingomarine.com\/it\/wp-json\/wp\/v2\/product\/54"}],"collection":[{"href":"https:\/\/wingomarine.com\/it\/wp-json\/wp\/v2\/product"}],"about":[{"href":"https:\/\/wingomarine.com\/it\/wp-json\/wp\/v2\/types\/product"}],"replies":[{"embeddable":true,"href":"https:\/\/wingomarine.com\/it\/wp-json\/wp\/v2\/comments?post=54"}],"wp:featuredmedia":[{"embeddable":true,"href":"https:\/\/wingomarine.com\/it\/wp-json\/wp\/v2\/media\/3194"}],"wp:attachment":[{"href":"https:\/\/wingomarine.com\/it\/wp-json\/wp\/v2\/media?parent=54"}],"wp:term":[{"taxonomy":"product_cat","embeddable":true,"href":"https:\/\/wingomarine.com\/it\/wp-json\/wp\/v2\/product_cat?post=54"},{"taxonomy":"product_tag","embeddable":true,"href":"https:\/\/wingomarine.com\/it\/wp-json\/wp\/v2\/product_tag?post=54"}],"curies":[{"name":"wp","href":"https:\/\/api.w.org\/{rel}","templated":true}]}}