{"id":69,"date":"2021-07-02T01:34:51","date_gmt":"2021-07-01T17:34:51","guid":{"rendered":"http:\/\/wingomarine.com\/?post_type=product&#038;p=69"},"modified":"2026-03-24T10:35:04","modified_gmt":"2026-03-24T02:35:04","slug":"donut-fender","status":"publish","type":"product","link":"https:\/\/wingomarine.com\/it\/prodotto\/donut-fender\/","title":{"rendered":"Parafango a ciambella"},"content":{"rendered":"<p><span class=\"tgt\" data-section=\"0\" data-sentence=\"1\" data-group=\"0-1\">Il parafango a ciambella \u00e8 avvolto con EVA all'esterno del cilindro metallico e lo strato pi\u00f9 esterno \u00e8 spruzzato con poliurea.<\/span><\/p>\n<p><span class=\"tgt highlight\" data-section=\"0\" data-sentence=\"2\" data-group=\"0-2\"><br \/>\nL'intero prodotto \u00e8 di qualit\u00e0 leggera e pu\u00f2 galleggiare su e gi\u00f9 con la superficie dell'acqua;<\/span><span class=\"tgt\" data-section=\"0\" data-sentence=\"3\" data-group=\"0-3\"> Le guide interne riducono l'attrito quando il recipiente entra in contatto con il prodotto;<\/span><span class=\"tgt\" data-section=\"0\" data-sentence=\"4\" data-group=\"0-4\"> Il materiale espanso ad alta elasticit\u00e0 ha le caratteristiche di elevata resilienza, riducendo la collisione e l'attrito della nave.<\/span><\/p>\n<p><strong>Caratteristiche del parafango galleggiante Donut Monopile<\/strong><\/p>\n<ul>\n<li>Alto assorbimento di energia con bassa forza di reazione.<\/li>\n<li>Rotates freely, thus eliminating shear forces.<\/li>\n<li>Galleggia liberamente con il livello dell'acqua, mantenendo una schermatura ottimale.<\/li>\n<li>Consente alle imbarcazioni di rotolare lungo il parabordo.<\/li>\n<li>Design flessibile e conforme allo scafo.<\/li>\n<li>Costruzione resistente allo scoppio.<\/li>\n<li>Inaffondabile - galleggiante.<\/li>\n<li>Facile installazione.<\/li>\n<li>Manutenzione ridotta.<\/li>\n<\/ul>\n<h2 id=\"tablepress-7-name\" class=\"tablepress-table-name tablepress-table-name-id-7\">Assorbimento di energia e reazione alla forza garantiti dai parafanghi a ciambella<\/h2>\n\n<table id=\"tablepress-7\" class=\"tablepress tablepress-id-7\" aria-labelledby=\"tablepress-7-name\">\n<thead>\n<tr class=\"row-1 odd\">\n\t<th class=\"column-1\">Diametro del palo (m)<\/th><th class=\"column-2\">Diametro esterno del parafango (m)<\/th><th class=\"column-3\">Altezza della superficie di contatto verticale (m)<\/th><th class=\"column-4\">Bassa GEA KJ<\/th><th class=\"column-5\">Basso RF KN<\/th><th class=\"column-6\">Alta GEA KJ<\/th><th class=\"column-7\">Alta RF KN<\/th>\n<\/tr>\n<\/thead>\n<tbody class=\"row-hover\">\n<tr class=\"row-2 even\">\n\t<td class=\"column-1\">0.5<\/td><td class=\"column-2\">1<\/td><td class=\"column-3\">3<\/td><td class=\"column-4\">14.7<\/td><td class=\"column-5\">224.6<\/td><td class=\"column-6\">24.5<\/td><td class=\"column-7\">374.7<\/td>\n<\/tr>\n<tr class=\"row-3 odd\">\n\t<td class=\"column-1\">0.6<\/td><td class=\"column-2\">1.2<\/td><td class=\"column-3\">2<\/td><td class=\"column-4\">13.7<\/td><td class=\"column-5\">179.5<\/td><td class=\"column-6\">23.5<\/td><td class=\"column-7\">300.2<\/td>\n<\/tr>\n<tr class=\"row-4 even\">\n\t<td class=\"column-1\">0.6<\/td><td class=\"column-2\">1.2<\/td><td class=\"column-3\">2<\/td><td class=\"column-4\">21.5<\/td><td class=\"column-5\">269.6<\/td><td class=\"column-6\">34.3<\/td><td class=\"column-7\">450.2<\/td>\n<\/tr>\n<tr class=\"row-5 odd\">\n\t<td class=\"column-1\">0.9<\/td><td class=\"column-2\">1.8<\/td><td class=\"column-3\">1<\/td><td class=\"column-4\">15.7<\/td><td class=\"column-5\">135.3<\/td><td class=\"column-6\">26.4<\/td><td class=\"column-7\">224.6<\/td>\n<\/tr>\n<tr class=\"row-6 even\">\n\t<td class=\"column-1\">0.9<\/td><td class=\"column-2\">1.8<\/td><td class=\"column-3\">2<\/td><td class=\"column-4\">32.3<\/td><td class=\"column-5\">269.7<\/td><td class=\"column-6\">51.9<\/td><td class=\"column-7\">450.2<\/td>\n<\/tr>\n<tr class=\"row-7 odd\">\n\t<td class=\"column-1\">0.9<\/td><td class=\"column-2\">1.8<\/td><td class=\"column-3\">3<\/td><td class=\"column-4\">48<\/td><td class=\"column-5\">405.1<\/td><td class=\"column-6\">78.4<\/td><td class=\"column-7\">674.9<\/td>\n<\/tr>\n<tr class=\"row-8 even\">\n\t<td class=\"column-1\">1.25<\/td><td class=\"column-2\">2.5<\/td><td class=\"column-3\">2<\/td><td class=\"column-4\">61.8<\/td><td class=\"column-5\">374.7<\/td><td class=\"column-6\">100.1<\/td><td class=\"column-7\">624.8<\/td>\n<\/tr>\n<tr class=\"row-9 odd\">\n\t<td class=\"column-1\">1.25<\/td><td class=\"column-2\">2.5<\/td><td class=\"column-3\">3<\/td><td class=\"column-4\">92.2<\/td><td class=\"column-5\">562.1<\/td><td class=\"column-6\">151<\/td><td class=\"column-7\">937.8<\/td>\n<\/tr>\n<tr class=\"row-10 even\">\n\t<td class=\"column-1\">1.25<\/td><td class=\"column-2\">2.5<\/td><td class=\"column-3\">4<\/td><td class=\"column-4\">123.6<\/td><td class=\"column-5\">750.4<\/td><td class=\"column-6\">201.1<\/td><td class=\"column-7\">1249.7<\/td>\n<\/tr>\n<tr class=\"row-11 odd\">\n\t<td class=\"column-1\">1.5<\/td><td class=\"column-2\">3<\/td><td class=\"column-3\">2<\/td><td class=\"column-4\">89.2<\/td><td class=\"column-5\">450.2<\/td><td class=\"column-6\">144.2<\/td><td class=\"column-7\">750.4<\/td>\n<\/tr>\n<tr class=\"row-12 even\">\n\t<td class=\"column-1\">1.5<\/td><td class=\"column-2\">3<\/td><td class=\"column-3\">3<\/td><td class=\"column-4\">133.4<\/td><td class=\"column-5\">674.9<\/td><td class=\"column-6\">200.6<\/td><td class=\"column-7\">1125.2<\/td>\n<\/tr>\n<tr class=\"row-13 odd\">\n\t<td class=\"column-1\">1.5<\/td><td class=\"column-2\">3<\/td><td class=\"column-3\">4<\/td><td class=\"column-4\">177.5<\/td><td class=\"column-5\">899.7<\/td><td class=\"column-6\">289.4<\/td><td class=\"column-7\">1509.7<\/td>\n<\/tr>\n<tr class=\"row-14 even\">\n\t<td class=\"column-1\">2<\/td><td class=\"column-2\">4<\/td><td class=\"column-3\">2<\/td><td class=\"column-4\">157.9<\/td><td class=\"column-5\">600.3<\/td><td class=\"column-6\">257<\/td><td class=\"column-7\">999.6<\/td>\n<\/tr>\n<tr class=\"row-15 odd\">\n\t<td class=\"column-1\">2<\/td><td class=\"column-2\">4<\/td><td class=\"column-3\">3<\/td><td class=\"column-4\">236.4<\/td><td class=\"column-5\">899.5<\/td><td class=\"column-6\">385.5<\/td><td class=\"column-7\">1499.9<\/td>\n<\/tr>\n<tr class=\"row-16 even\">\n\t<td class=\"column-1\">2<\/td><td class=\"column-2\">4<\/td><td class=\"column-3\">4<\/td><td class=\"column-4\">315.8<\/td><td class=\"column-5\">1199.7<\/td><td class=\"column-6\">514.1<\/td><td class=\"column-7\">2000.3<\/td>\n<\/tr>\n<\/tbody>\n<\/table>\n<!-- #tablepress-7 from cache -->\n<p>&nbsp;<\/p>\n<p><strong>Installazione del parafango a ciambella galleggiante<\/strong><\/p>\n<p>Installation of our Donut Fenders is very easy. The fenders will be delivered to the site ready for installation on the fender piles. Once lifted over and lowered onto the fender pile, the fender should be ready for use.<\/p>\n<p>Ballasting or trimming is not required as the fender will float at the designed level. Finally, a capping feature can be placed over the top of the fender pile to finish the installation. The maintenance of our donut fenders is very low. The internal bearings are designed to allow the fender to rotate and float up and down with the tide for a period of 25 years.<\/p>\n<p>&nbsp;<\/p>\n<p><strong>Non esitate a inviarci un messaggio per qualsiasi domanda o richiesta.<\/strong><\/p>","protected":false},"excerpt":{"rendered":"<p><span class=\"tgt highlight\" data-section=\"0\" data-sentence=\"0\" data-group=\"0-0\">I parabordi a ciambella sono installati in corrispondenza della pila singola circolare, della parete del molo, dell'ingresso del porto e del punto di rotazione. Le guide sono installate all'interno del prodotto. Quando il parabordo a ciambella tocca la nave, pu\u00f2 seguire e ruotare per guidare la nave in avanti e ormeggiarla.<\/span><\/p>","protected":false},"featured_media":3235,"comment_status":"open","ping_status":"closed","template":"","meta":[],"product_cat":[18],"product_tag":[],"yoast_head":"<!-- This site is optimized with the Yoast SEO plugin v23.5 - https:\/\/yoast.com\/wordpress\/plugins\/seo\/ -->\n<title>Donut Fenders |Foam Fenders Supplier &amp; Manufacturer - Wingo Marine<\/title>\n<meta name=\"description\" content=\"Wingo Marine is an expert donut fender supplier and manufacturer since 1988 in China. Fell free to contact us for your needs.\" \/>\n<meta name=\"robots\" content=\"index, follow, max-snippet:-1, max-image-preview:large, max-video-preview:-1\" \/>\n<link rel=\"canonical\" href=\"https:\/\/wingomarine.com\/it\/prodotto\/donut-fender\/\" \/>\n<meta property=\"og:locale\" content=\"it_IT\" \/>\n<meta property=\"og:type\" content=\"article\" \/>\n<meta property=\"og:title\" content=\"Donut Fenders |Foam Fenders Supplier &amp; Manufacturer - Wingo Marine\" \/>\n<meta property=\"og:description\" content=\"Wingo Marine is an expert donut fender supplier and manufacturer since 1988 in China. Fell free to contact us for your needs.\" \/>\n<meta property=\"og:url\" content=\"https:\/\/wingomarine.com\/it\/prodotto\/donut-fender\/\" \/>\n<meta property=\"og:site_name\" content=\"Wingo Marine\" \/>\n<meta property=\"article:modified_time\" content=\"2026-03-24T02:35:04+00:00\" \/>\n<meta property=\"og:image\" content=\"http:\/\/wingomarine.com\/wp-content\/uploads\/2021\/07\/donut-fender-marine-fenders-eva-foam-fenders.png\" \/>\n\t<meta property=\"og:image:width\" content=\"600\" \/>\n\t<meta property=\"og:image:height\" content=\"600\" \/>\n\t<meta property=\"og:image:type\" content=\"image\/png\" \/>\n<meta name=\"twitter:card\" content=\"summary_large_image\" \/>\n<meta name=\"twitter:label1\" content=\"Tempo di lettura stimato\" \/>\n\t<meta name=\"twitter:data1\" content=\"2 minuti\" \/>\n<script type=\"application\/ld+json\" class=\"yoast-schema-graph\">{\"@context\":\"https:\/\/schema.org\",\"@graph\":[{\"@type\":\"WebPage\",\"@id\":\"https:\/\/wingomarine.com\/product\/donut-fender\/\",\"url\":\"https:\/\/wingomarine.com\/product\/donut-fender\/\",\"name\":\"Donut Fenders |Foam Fenders Supplier & Manufacturer - Wingo Marine\",\"isPartOf\":{\"@id\":\"https:\/\/wingomarine.com\/#website\"},\"primaryImageOfPage\":{\"@id\":\"https:\/\/wingomarine.com\/product\/donut-fender\/#primaryimage\"},\"image\":{\"@id\":\"https:\/\/wingomarine.com\/product\/donut-fender\/#primaryimage\"},\"thumbnailUrl\":\"https:\/\/wingomarine.com\/wp-content\/uploads\/2021\/07\/donut-fender-marine-fenders-eva-foam-fenders.png\",\"datePublished\":\"2021-07-01T17:34:51+00:00\",\"dateModified\":\"2026-03-24T02:35:04+00:00\",\"description\":\"Wingo Marine is an expert donut fender supplier and manufacturer since 1988 in China. Fell free to contact us for your needs.\",\"breadcrumb\":{\"@id\":\"https:\/\/wingomarine.com\/product\/donut-fender\/#breadcrumb\"},\"inLanguage\":\"it-IT\",\"potentialAction\":[{\"@type\":\"ReadAction\",\"target\":[\"https:\/\/wingomarine.com\/product\/donut-fender\/\"]}]},{\"@type\":\"ImageObject\",\"inLanguage\":\"it-IT\",\"@id\":\"https:\/\/wingomarine.com\/product\/donut-fender\/#primaryimage\",\"url\":\"https:\/\/wingomarine.com\/wp-content\/uploads\/2021\/07\/donut-fender-marine-fenders-eva-foam-fenders.png\",\"contentUrl\":\"https:\/\/wingomarine.com\/wp-content\/uploads\/2021\/07\/donut-fender-marine-fenders-eva-foam-fenders.png\",\"width\":600,\"height\":600,\"caption\":\"donut fender marine fenders eva foam fenders\"},{\"@type\":\"BreadcrumbList\",\"@id\":\"https:\/\/wingomarine.com\/product\/donut-fender\/#breadcrumb\",\"itemListElement\":[{\"@type\":\"ListItem\",\"position\":1,\"name\":\"Home\",\"item\":\"https:\/\/wingomarine.com\/\"},{\"@type\":\"ListItem\",\"position\":2,\"name\":\"Products\",\"item\":\"https:\/\/wingomarine.com\/products\/\"},{\"@type\":\"ListItem\",\"position\":3,\"name\":\"Donut Fender\"}]},{\"@type\":\"WebSite\",\"@id\":\"https:\/\/wingomarine.com\/#website\",\"url\":\"https:\/\/wingomarine.com\/\",\"name\":\"Wingo Marine\",\"description\":\"Chinese top manufacturer for marine fenders, since 1988. | Wingo Marine\",\"publisher\":{\"@id\":\"https:\/\/wingomarine.com\/#organization\"},\"potentialAction\":[{\"@type\":\"SearchAction\",\"target\":{\"@type\":\"EntryPoint\",\"urlTemplate\":\"https:\/\/wingomarine.com\/?s={search_term_string}\"},\"query-input\":{\"@type\":\"PropertyValueSpecification\",\"valueRequired\":true,\"valueName\":\"search_term_string\"}}],\"inLanguage\":\"it-IT\"},{\"@type\":\"Organization\",\"@id\":\"https:\/\/wingomarine.com\/#organization\",\"name\":\"Qingdao Wingo Marine Co., Ltd\",\"url\":\"https:\/\/wingomarine.com\/\",\"logo\":{\"@type\":\"ImageObject\",\"inLanguage\":\"it-IT\",\"@id\":\"https:\/\/wingomarine.com\/#\/schema\/logo\/image\/\",\"url\":\"http:\/\/wingomarine.com\/wp-content\/uploads\/2021\/10\/WINGO-MARINE-floating-yokohama-pneumatic-rubber-fenders-manufacturer.png\",\"contentUrl\":\"http:\/\/wingomarine.com\/wp-content\/uploads\/2021\/10\/WINGO-MARINE-floating-yokohama-pneumatic-rubber-fenders-manufacturer.png\",\"width\":336,\"height\":118,\"caption\":\"Qingdao Wingo Marine Co., Ltd\"},\"image\":{\"@id\":\"https:\/\/wingomarine.com\/#\/schema\/logo\/image\/\"}}]}<\/script>\n<!-- \/ Yoast SEO plugin. -->","yoast_head_json":{"title":"Donut Fenders |Foam Fenders Supplier & Manufacturer - Wingo Marine","description":"Wingo Marine is an expert donut fender supplier and manufacturer since 1988 in China. Fell free to contact us for your needs.","robots":{"index":"index","follow":"follow","max-snippet":"max-snippet:-1","max-image-preview":"max-image-preview:large","max-video-preview":"max-video-preview:-1"},"canonical":"https:\/\/wingomarine.com\/it\/prodotto\/donut-fender\/","og_locale":"it_IT","og_type":"article","og_title":"Donut Fenders |Foam Fenders Supplier & Manufacturer - Wingo Marine","og_description":"Wingo Marine is an expert donut fender supplier and manufacturer since 1988 in China. Fell free to contact us for your needs.","og_url":"https:\/\/wingomarine.com\/it\/prodotto\/donut-fender\/","og_site_name":"Wingo Marine","article_modified_time":"2026-03-24T02:35:04+00:00","og_image":[{"width":600,"height":600,"url":"http:\/\/wingomarine.com\/wp-content\/uploads\/2021\/07\/donut-fender-marine-fenders-eva-foam-fenders.png","type":"image\/png"}],"twitter_card":"summary_large_image","twitter_misc":{"Tempo di lettura stimato":"2 minuti"},"schema":{"@context":"https:\/\/schema.org","@graph":[{"@type":"WebPage","@id":"https:\/\/wingomarine.com\/product\/donut-fender\/","url":"https:\/\/wingomarine.com\/product\/donut-fender\/","name":"Donut Fenders |Foam Fenders Supplier & Manufacturer - Wingo Marine","isPartOf":{"@id":"https:\/\/wingomarine.com\/#website"},"primaryImageOfPage":{"@id":"https:\/\/wingomarine.com\/product\/donut-fender\/#primaryimage"},"image":{"@id":"https:\/\/wingomarine.com\/product\/donut-fender\/#primaryimage"},"thumbnailUrl":"https:\/\/wingomarine.com\/wp-content\/uploads\/2021\/07\/donut-fender-marine-fenders-eva-foam-fenders.png","datePublished":"2021-07-01T17:34:51+00:00","dateModified":"2026-03-24T02:35:04+00:00","description":"Wingo Marine is an expert donut fender supplier and manufacturer since 1988 in China. Fell free to contact us for your needs.","breadcrumb":{"@id":"https:\/\/wingomarine.com\/product\/donut-fender\/#breadcrumb"},"inLanguage":"it-IT","potentialAction":[{"@type":"ReadAction","target":["https:\/\/wingomarine.com\/product\/donut-fender\/"]}]},{"@type":"ImageObject","inLanguage":"it-IT","@id":"https:\/\/wingomarine.com\/product\/donut-fender\/#primaryimage","url":"https:\/\/wingomarine.com\/wp-content\/uploads\/2021\/07\/donut-fender-marine-fenders-eva-foam-fenders.png","contentUrl":"https:\/\/wingomarine.com\/wp-content\/uploads\/2021\/07\/donut-fender-marine-fenders-eva-foam-fenders.png","width":600,"height":600,"caption":"donut fender marine fenders eva foam fenders"},{"@type":"BreadcrumbList","@id":"https:\/\/wingomarine.com\/product\/donut-fender\/#breadcrumb","itemListElement":[{"@type":"ListItem","position":1,"name":"Home","item":"https:\/\/wingomarine.com\/"},{"@type":"ListItem","position":2,"name":"Products","item":"https:\/\/wingomarine.com\/products\/"},{"@type":"ListItem","position":3,"name":"Donut Fender"}]},{"@type":"WebSite","@id":"https:\/\/wingomarine.com\/#website","url":"https:\/\/wingomarine.com\/","name":"Wingo Marine","description":"Chinese top manufacturer for marine fenders, since 1988. | Wingo Marine","publisher":{"@id":"https:\/\/wingomarine.com\/#organization"},"potentialAction":[{"@type":"SearchAction","target":{"@type":"EntryPoint","urlTemplate":"https:\/\/wingomarine.com\/?s={search_term_string}"},"query-input":{"@type":"PropertyValueSpecification","valueRequired":true,"valueName":"search_term_string"}}],"inLanguage":"it-IT"},{"@type":"Organization","@id":"https:\/\/wingomarine.com\/#organization","name":"Qingdao Wingo Marine Co., Ltd","url":"https:\/\/wingomarine.com\/","logo":{"@type":"ImageObject","inLanguage":"it-IT","@id":"https:\/\/wingomarine.com\/#\/schema\/logo\/image\/","url":"http:\/\/wingomarine.com\/wp-content\/uploads\/2021\/10\/WINGO-MARINE-floating-yokohama-pneumatic-rubber-fenders-manufacturer.png","contentUrl":"http:\/\/wingomarine.com\/wp-content\/uploads\/2021\/10\/WINGO-MARINE-floating-yokohama-pneumatic-rubber-fenders-manufacturer.png","width":336,"height":118,"caption":"Qingdao Wingo Marine Co., Ltd"},"image":{"@id":"https:\/\/wingomarine.com\/#\/schema\/logo\/image\/"}}]}},"_links":{"self":[{"href":"https:\/\/wingomarine.com\/it\/wp-json\/wp\/v2\/product\/69"}],"collection":[{"href":"https:\/\/wingomarine.com\/it\/wp-json\/wp\/v2\/product"}],"about":[{"href":"https:\/\/wingomarine.com\/it\/wp-json\/wp\/v2\/types\/product"}],"replies":[{"embeddable":true,"href":"https:\/\/wingomarine.com\/it\/wp-json\/wp\/v2\/comments?post=69"}],"wp:featuredmedia":[{"embeddable":true,"href":"https:\/\/wingomarine.com\/it\/wp-json\/wp\/v2\/media\/3235"}],"wp:attachment":[{"href":"https:\/\/wingomarine.com\/it\/wp-json\/wp\/v2\/media?parent=69"}],"wp:term":[{"taxonomy":"product_cat","embeddable":true,"href":"https:\/\/wingomarine.com\/it\/wp-json\/wp\/v2\/product_cat?post=69"},{"taxonomy":"product_tag","embeddable":true,"href":"https:\/\/wingomarine.com\/it\/wp-json\/wp\/v2\/product_tag?post=69"}],"curies":[{"name":"wp","href":"https:\/\/api.w.org\/{rel}","templated":true}]}}