{"id":2673,"date":"2021-10-23T12:28:55","date_gmt":"2021-10-23T04:28:55","guid":{"rendered":"http:\/\/wingomarine.com\/?page_id=2673"},"modified":"2022-06-08T14:09:20","modified_gmt":"2022-06-08T06:09:20","slug":"privacy-notice","status":"publish","type":"page","link":"https:\/\/wingomarine.com\/pt\/privacy-notice\/","title":{"rendered":"Aviso de privacidade"},"content":{"rendered":"<div data-elementor-type=\"wp-page\" data-elementor-id=\"2673\" class=\"elementor elementor-2673\">\n\t\t\t\t\t\t<section class=\"elementor-section elementor-top-section elementor-element elementor-element-5b64c5e0 elementor-section-boxed elementor-section-height-default elementor-section-height-default\" data-id=\"5b64c5e0\" data-element_type=\"section\">\n\t\t\t\t\t\t<div class=\"elementor-container elementor-column-gap-default\">\n\t\t\t\t\t<div class=\"elementor-column elementor-col-100 elementor-top-column elementor-element elementor-element-7f8bdb62\" data-id=\"7f8bdb62\" data-element_type=\"column\">\n\t\t\t<div class=\"elementor-widget-wrap elementor-element-populated\">\n\t\t\t\t\t\t<div class=\"elementor-element elementor-element-41e793f uael-dual-heading-align-left elementor-widget elementor-widget-uael-dual-color-heading\" data-id=\"41e793f\" data-element_type=\"widget\" data-widget_type=\"uael-dual-color-heading.default\">\n\t\t\t\t<div class=\"elementor-widget-container\">\n\t\t\t\t\t\t\t\t\t<div class=\"uael-module-content uael-dual-color-heading uael-heading-stack-none\">\n\t\t\t<h1>\n\t\t\t\t\t\t\t\t\t\t\t\t\t\t\t\t<span class=\"uael-before-heading\"><span class=\"elementor-inline-editing uael-dual-heading-text uael-first-text\" data-elementor-setting-key=\"before_heading_text\" data-elementor-inline-editing-toolbar=\"basic\">WINGO MARINE <\/span><\/span><span class=\"uael-adv-heading-stack\"><span class=\"elementor-inline-editing uael-dual-heading-text uael-highlight-text\" data-elementor-setting-key=\"second_heading_text\" data-elementor-inline-editing-toolbar=\"basic\">Aviso de privacidade<\/span><\/span>\t\t\t\t\t\t\t\t\t\t\t\t\t<\/h1>\n\t\t<\/div>\n\t\t\t\t\t\t<\/div>\n\t\t\t\t<\/div>\n\t\t\t\t<div class=\"elementor-element elementor-element-25c9f1ae elementor-widget elementor-widget-text-editor\" data-id=\"25c9f1ae\" data-element_type=\"widget\" data-widget_type=\"text-editor.default\">\n\t\t\t\t<div class=\"elementor-widget-container\">\n\t\t\t\t\t\t\t\t\t<p>A sua privacidade \u00e9 importante para n\u00f3s. \u00c9 pol\u00edtica da WINGO MARINE respeitar a sua privacidade em rela\u00e7\u00e3o a qualquer informa\u00e7\u00e3o sua que possamos recolher no nosso site, http:\/\/wingomarine.com, e outros sites que possu\u00edmos e operamos.<\/p><p>S\u00f3 pedimos informa\u00e7\u00f5es pessoais quando realmente precisamos delas para lhe prestar um servi\u00e7o. Recolhemo-las por meios justos e legais, com o seu conhecimento e consentimento. Tamb\u00e9m o informamos da raz\u00e3o pela qual estamos a recolh\u00ea-las e da forma como ser\u00e3o utilizadas.<\/p><p>Apenas retemos as informa\u00e7\u00f5es recolhidas durante o tempo necess\u00e1rio para lhe fornecer o servi\u00e7o solicitado. Os dados que armazenamos s\u00e3o protegidos por meios comercialmente aceit\u00e1veis para evitar perdas e roubos, bem como acesso n\u00e3o autorizado, divulga\u00e7\u00e3o, c\u00f3pia, utiliza\u00e7\u00e3o ou modifica\u00e7\u00e3o.<\/p><p>N\u00e3o partilhamos quaisquer informa\u00e7\u00f5es de identifica\u00e7\u00e3o pessoal publicamente ou com terceiros, exceto quando exigido por lei.<br \/>O nosso s\u00edtio Web pode ter liga\u00e7\u00f5es a s\u00edtios externos que n\u00e3o s\u00e3o operados por n\u00f3s. Tenha em aten\u00e7\u00e3o que n\u00e3o temos qualquer controlo sobre o conte\u00fado e as pr\u00e1ticas desses s\u00edtios e n\u00e3o podemos aceitar a responsabilidade pelas respectivas pol\u00edticas de privacidade.<br \/>O utilizador tem a liberdade de recusar o nosso pedido de informa\u00e7\u00f5es pessoais, tendo em conta que poderemos n\u00e3o conseguir fornecer-lhe alguns dos servi\u00e7os que deseja.<\/p><p>A utiliza\u00e7\u00e3o continuada do nosso s\u00edtio Web ser\u00e1 considerada como uma aceita\u00e7\u00e3o das nossas pr\u00e1ticas em mat\u00e9ria de privacidade e informa\u00e7\u00f5es pessoais. Se tiver alguma d\u00favida sobre a forma como tratamos os dados do utilizador e as informa\u00e7\u00f5es pessoais, n\u00e3o hesite em contactar-nos.<\/p><p><span style=\"color: var( --e-global-color-5152d9f );\">Esta pol\u00edtica entra em vigor a partir de 23 de outubro de 2021.<\/span><\/p>\t\t\t\t\t\t\t\t<\/div>\n\t\t\t\t<\/div>\n\t\t\t\t\t<\/div>\n\t\t<\/div>\n\t\t\t\t\t<\/div>\n\t\t<\/section>\n\t\t\t\t<\/div>","protected":false},"excerpt":{"rendered":"<p>WINGO MARINE Privacy Notice Your privacy is important to us. It is WINGO MARINE&#8217;s policy to respect your privacy regarding any information we may collect from you across our website, http:\/\/wingomarine.com, and other sites we own and operate. We only ask for personal information when we truly need it to provide a service to you. [&hellip;]<\/p>","protected":false},"author":1,"featured_media":0,"parent":0,"menu_order":0,"comment_status":"closed","ping_status":"closed","template":"","meta":{"footnotes":""},"yoast_head":"<!-- This site is optimized with the Yoast SEO plugin v23.5 - https:\/\/yoast.com\/wordpress\/plugins\/seo\/ -->\n<title>Any Problems Please Send US An Email - Wingo Marine<\/title>\n<meta name=\"description\" content=\"Any questions or needs for cooperation, please send us an email to qdsales@wingomarine.com directly. We will reply and solve it as soon as possible.\" \/>\n<meta name=\"robots\" content=\"index, follow, max-snippet:-1, max-image-preview:large, max-video-preview:-1\" \/>\n<link rel=\"canonical\" href=\"https:\/\/wingomarine.com\/pt\/privacy-notice\/\" \/>\n<meta property=\"og:locale\" content=\"pt_PT\" \/>\n<meta property=\"og:type\" content=\"article\" \/>\n<meta property=\"og:title\" content=\"Any Problems Please Send US An Email - Wingo Marine\" \/>\n<meta property=\"og:description\" content=\"Any questions or needs for cooperation, please send us an email to qdsales@wingomarine.com directly. We will reply and solve it as soon as possible.\" \/>\n<meta property=\"og:url\" content=\"https:\/\/wingomarine.com\/pt\/privacy-notice\/\" \/>\n<meta property=\"og:site_name\" content=\"Wingo Marine\" \/>\n<meta property=\"article:modified_time\" content=\"2022-06-08T06:09:20+00:00\" \/>\n<meta name=\"twitter:card\" content=\"summary_large_image\" \/>\n<meta name=\"twitter:label1\" content=\"Tempo estimado de leitura\" \/>\n\t<meta name=\"twitter:data1\" content=\"2 minutos\" \/>\n<script type=\"application\/ld+json\" class=\"yoast-schema-graph\">{\"@context\":\"https:\/\/schema.org\",\"@graph\":[{\"@type\":\"WebPage\",\"@id\":\"https:\/\/wingomarine.com\/privacy-notice\/\",\"url\":\"https:\/\/wingomarine.com\/privacy-notice\/\",\"name\":\"Any Problems Please Send US An Email - Wingo Marine\",\"isPartOf\":{\"@id\":\"https:\/\/wingomarine.com\/#website\"},\"datePublished\":\"2021-10-23T04:28:55+00:00\",\"dateModified\":\"2022-06-08T06:09:20+00:00\",\"description\":\"Any questions or needs for cooperation, please send us an email to qdsales@wingomarine.com directly. We will reply and solve it as soon as possible.\",\"breadcrumb\":{\"@id\":\"https:\/\/wingomarine.com\/privacy-notice\/#breadcrumb\"},\"inLanguage\":\"pt-PT\",\"potentialAction\":[{\"@type\":\"ReadAction\",\"target\":[\"https:\/\/wingomarine.com\/privacy-notice\/\"]}]},{\"@type\":\"BreadcrumbList\",\"@id\":\"https:\/\/wingomarine.com\/privacy-notice\/#breadcrumb\",\"itemListElement\":[{\"@type\":\"ListItem\",\"position\":1,\"name\":\"Home\",\"item\":\"https:\/\/wingomarine.com\/\"},{\"@type\":\"ListItem\",\"position\":2,\"name\":\"Privacy Notice\"}]},{\"@type\":\"WebSite\",\"@id\":\"https:\/\/wingomarine.com\/#website\",\"url\":\"https:\/\/wingomarine.com\/\",\"name\":\"Wingo Marine\",\"description\":\"Chinese top manufacturer for marine fenders, since 1988. | Wingo Marine\",\"publisher\":{\"@id\":\"https:\/\/wingomarine.com\/#organization\"},\"potentialAction\":[{\"@type\":\"SearchAction\",\"target\":{\"@type\":\"EntryPoint\",\"urlTemplate\":\"https:\/\/wingomarine.com\/?s={search_term_string}\"},\"query-input\":{\"@type\":\"PropertyValueSpecification\",\"valueRequired\":true,\"valueName\":\"search_term_string\"}}],\"inLanguage\":\"pt-PT\"},{\"@type\":\"Organization\",\"@id\":\"https:\/\/wingomarine.com\/#organization\",\"name\":\"Qingdao Wingo Marine Co., Ltd\",\"url\":\"https:\/\/wingomarine.com\/\",\"logo\":{\"@type\":\"ImageObject\",\"inLanguage\":\"pt-PT\",\"@id\":\"https:\/\/wingomarine.com\/#\/schema\/logo\/image\/\",\"url\":\"http:\/\/wingomarine.com\/wp-content\/uploads\/2021\/10\/WINGO-MARINE-floating-yokohama-pneumatic-rubber-fenders-manufacturer.png\",\"contentUrl\":\"http:\/\/wingomarine.com\/wp-content\/uploads\/2021\/10\/WINGO-MARINE-floating-yokohama-pneumatic-rubber-fenders-manufacturer.png\",\"width\":336,\"height\":118,\"caption\":\"Qingdao Wingo Marine Co., Ltd\"},\"image\":{\"@id\":\"https:\/\/wingomarine.com\/#\/schema\/logo\/image\/\"}}]}<\/script>\n<!-- \/ Yoast SEO plugin. -->","yoast_head_json":{"title":"Any Problems Please Send US An Email - Wingo Marine","description":"Any questions or needs for cooperation, please send us an email to qdsales@wingomarine.com directly. We will reply and solve it as soon as possible.","robots":{"index":"index","follow":"follow","max-snippet":"max-snippet:-1","max-image-preview":"max-image-preview:large","max-video-preview":"max-video-preview:-1"},"canonical":"https:\/\/wingomarine.com\/pt\/privacy-notice\/","og_locale":"pt_PT","og_type":"article","og_title":"Any Problems Please Send US An Email - Wingo Marine","og_description":"Any questions or needs for cooperation, please send us an email to qdsales@wingomarine.com directly. We will reply and solve it as soon as possible.","og_url":"https:\/\/wingomarine.com\/pt\/privacy-notice\/","og_site_name":"Wingo Marine","article_modified_time":"2022-06-08T06:09:20+00:00","twitter_card":"summary_large_image","twitter_misc":{"Tempo estimado de leitura":"2 minutos"},"schema":{"@context":"https:\/\/schema.org","@graph":[{"@type":"WebPage","@id":"https:\/\/wingomarine.com\/privacy-notice\/","url":"https:\/\/wingomarine.com\/privacy-notice\/","name":"Any Problems Please Send US An Email - Wingo Marine","isPartOf":{"@id":"https:\/\/wingomarine.com\/#website"},"datePublished":"2021-10-23T04:28:55+00:00","dateModified":"2022-06-08T06:09:20+00:00","description":"Any questions or needs for cooperation, please send us an email to qdsales@wingomarine.com directly. We will reply and solve it as soon as possible.","breadcrumb":{"@id":"https:\/\/wingomarine.com\/privacy-notice\/#breadcrumb"},"inLanguage":"pt-PT","potentialAction":[{"@type":"ReadAction","target":["https:\/\/wingomarine.com\/privacy-notice\/"]}]},{"@type":"BreadcrumbList","@id":"https:\/\/wingomarine.com\/privacy-notice\/#breadcrumb","itemListElement":[{"@type":"ListItem","position":1,"name":"Home","item":"https:\/\/wingomarine.com\/"},{"@type":"ListItem","position":2,"name":"Privacy Notice"}]},{"@type":"WebSite","@id":"https:\/\/wingomarine.com\/#website","url":"https:\/\/wingomarine.com\/","name":"Wingo Marine","description":"Chinese top manufacturer for marine fenders, since 1988. | Wingo Marine","publisher":{"@id":"https:\/\/wingomarine.com\/#organization"},"potentialAction":[{"@type":"SearchAction","target":{"@type":"EntryPoint","urlTemplate":"https:\/\/wingomarine.com\/?s={search_term_string}"},"query-input":{"@type":"PropertyValueSpecification","valueRequired":true,"valueName":"search_term_string"}}],"inLanguage":"pt-PT"},{"@type":"Organization","@id":"https:\/\/wingomarine.com\/#organization","name":"Qingdao Wingo Marine Co., Ltd","url":"https:\/\/wingomarine.com\/","logo":{"@type":"ImageObject","inLanguage":"pt-PT","@id":"https:\/\/wingomarine.com\/#\/schema\/logo\/image\/","url":"http:\/\/wingomarine.com\/wp-content\/uploads\/2021\/10\/WINGO-MARINE-floating-yokohama-pneumatic-rubber-fenders-manufacturer.png","contentUrl":"http:\/\/wingomarine.com\/wp-content\/uploads\/2021\/10\/WINGO-MARINE-floating-yokohama-pneumatic-rubber-fenders-manufacturer.png","width":336,"height":118,"caption":"Qingdao Wingo Marine Co., Ltd"},"image":{"@id":"https:\/\/wingomarine.com\/#\/schema\/logo\/image\/"}}]}},"_links":{"self":[{"href":"https:\/\/wingomarine.com\/pt\/wp-json\/wp\/v2\/pages\/2673"}],"collection":[{"href":"https:\/\/wingomarine.com\/pt\/wp-json\/wp\/v2\/pages"}],"about":[{"href":"https:\/\/wingomarine.com\/pt\/wp-json\/wp\/v2\/types\/page"}],"author":[{"embeddable":true,"href":"https:\/\/wingomarine.com\/pt\/wp-json\/wp\/v2\/users\/1"}],"replies":[{"embeddable":true,"href":"https:\/\/wingomarine.com\/pt\/wp-json\/wp\/v2\/comments?post=2673"}],"version-history":[{"count":0,"href":"https:\/\/wingomarine.com\/pt\/wp-json\/wp\/v2\/pages\/2673\/revisions"}],"wp:attachment":[{"href":"https:\/\/wingomarine.com\/pt\/wp-json\/wp\/v2\/media?parent=2673"}],"curies":[{"name":"wp","href":"https:\/\/api.w.org\/{rel}","templated":true}]}}