{"id":2681,"date":"2021-10-23T12:55:58","date_gmt":"2021-10-23T04:55:58","guid":{"rendered":"http:\/\/wingomarine.com\/?page_id=2681"},"modified":"2022-06-08T14:07:35","modified_gmt":"2022-06-08T06:07:35","slug":"terms-of-service","status":"publish","type":"page","link":"https:\/\/wingomarine.com\/pt\/terms-of-service\/","title":{"rendered":"Termos do servi\u00e7o"},"content":{"rendered":"<div data-elementor-type=\"wp-page\" data-elementor-id=\"2681\" class=\"elementor elementor-2681\">\n\t\t\t\t\t\t<section class=\"elementor-section elementor-top-section elementor-element elementor-element-5a5f3bd elementor-section-boxed elementor-section-height-default elementor-section-height-default\" data-id=\"5a5f3bd\" data-element_type=\"section\">\n\t\t\t\t\t\t<div class=\"elementor-container elementor-column-gap-default\">\n\t\t\t\t\t<div class=\"elementor-column elementor-col-100 elementor-top-column elementor-element elementor-element-61aea00\" data-id=\"61aea00\" data-element_type=\"column\">\n\t\t\t<div class=\"elementor-widget-wrap elementor-element-populated\">\n\t\t\t\t\t\t<div class=\"elementor-element elementor-element-aa986cc uael-dual-heading-align-left elementor-widget elementor-widget-uael-dual-color-heading\" data-id=\"aa986cc\" data-element_type=\"widget\" data-widget_type=\"uael-dual-color-heading.default\">\n\t\t\t\t<div class=\"elementor-widget-container\">\n\t\t\t\t\t\t\t\t\t<div class=\"uael-module-content uael-dual-color-heading uael-heading-stack-none\">\n\t\t\t<h1>\n\t\t\t\t\t\t\t\t\t\t\t\t\t\t\t\t<span class=\"uael-before-heading\"><span class=\"elementor-inline-editing uael-dual-heading-text uael-first-text\" data-elementor-setting-key=\"before_heading_text\" data-elementor-inline-editing-toolbar=\"basic\">WINGO MARINE <\/span><\/span><span class=\"uael-adv-heading-stack\"><span class=\"elementor-inline-editing uael-dual-heading-text uael-highlight-text\" data-elementor-setting-key=\"second_heading_text\" data-elementor-inline-editing-toolbar=\"basic\">Termos do servi\u00e7o<\/span><\/span>\t\t\t\t\t\t\t\t\t\t\t\t\t<\/h1>\n\t\t<\/div>\n\t\t\t\t\t\t<\/div>\n\t\t\t\t<\/div>\n\t\t\t\t<div class=\"elementor-element elementor-element-6b72d01 elementor-widget elementor-widget-text-editor\" data-id=\"6b72d01\" data-element_type=\"widget\" data-widget_type=\"text-editor.default\">\n\t\t\t\t<div class=\"elementor-widget-container\">\n\t\t\t\t\t\t\t\t\t<p><b>1. Condi\u00e7\u00f5es<\/b><\/p><p>Acedendo ao s\u00edtio Web em\u00a0<a href=\"http:\/\/wingomarine.com\/pt\/\">http:\/\/wingomarine.com<\/a>Ao aceder ao site, o utilizador concorda em ficar vinculado \u00e0s presentes condi\u00e7\u00f5es de servi\u00e7o, a todas as leis e regulamentos aplic\u00e1veis e concorda que \u00e9 respons\u00e1vel pelo cumprimento de quaisquer leis locais aplic\u00e1veis. Se o utilizador n\u00e3o concordar com qualquer um destes termos, est\u00e1 proibido de utilizar ou aceder a este s\u00edtio. Os materiais contidos neste s\u00edtio Web est\u00e3o protegidos pela legisla\u00e7\u00e3o aplic\u00e1vel em mat\u00e9ria de direitos de autor e marcas comerciais.<\/p><p><b>2. Licen\u00e7a de utiliza\u00e7\u00e3o<\/b><\/p><ol type=\"a\"><li>\u00c9 concedida permiss\u00e3o para descarregar temporariamente uma c\u00f3pia dos materiais (informa\u00e7\u00e3o ou software) no s\u00edtio Web da WINGO MARINE apenas para visualiza\u00e7\u00e3o transit\u00f3ria pessoal e n\u00e3o comercial. Esta \u00e9 a concess\u00e3o de uma licen\u00e7a, n\u00e3o uma transfer\u00eancia de t\u00edtulo, e sob esta licen\u00e7a, o utilizador n\u00e3o pode:<br \/><ol type=\"i\"><li>modificar ou copiar os materiais;<\/li><li>utilizar os materiais para qualquer fim comercial ou para qualquer apresenta\u00e7\u00e3o p\u00fablica (comercial ou n\u00e3o comercial);<\/li><li>tentar descompilar ou efetuar engenharia inversa de qualquer software contido no s\u00edtio Web da WINGO MARINE;<\/li><li>remover quaisquer direitos de autor ou outras nota\u00e7\u00f5es de propriedade dos materiais; ou<\/li><li>transferir os materiais para outra pessoa ou \"espelhar\" os materiais em qualquer outro servidor.<\/li><\/ol><\/li><li>Esta licen\u00e7a terminar\u00e1 automaticamente se o utilizador violar qualquer uma destas restri\u00e7\u00f5es e poder\u00e1 ser terminada pela WINGO MARINE em qualquer altura. Ap\u00f3s terminar a visualiza\u00e7\u00e3o destes materiais ou ap\u00f3s a rescis\u00e3o desta licen\u00e7a, o utilizador deve destruir todos os materiais descarregados na sua posse, quer em formato eletr\u00f3nico ou impresso.<\/li><\/ol><div>\u00a0<\/div><p><b style=\"color: var( --e-global-color-5152d9f );\">3. Isen\u00e7\u00e3o de responsabilidade<\/b><\/p><ol type=\"a\"><li>Os materiais no s\u00edtio Web da WINGO MARINE s\u00e3o fornecidos numa base \"tal como est\u00e1\". A WINGO MARINE n\u00e3o oferece garantias, expressas ou impl\u00edcitas, e por este meio renuncia e nega todas as outras garantias, incluindo, sem limita\u00e7\u00e3o, garantias impl\u00edcitas ou condi\u00e7\u00f5es de comercializa\u00e7\u00e3o, adequa\u00e7\u00e3o a um determinado fim, ou n\u00e3o infra\u00e7\u00e3o de propriedade intelectual ou outra viola\u00e7\u00e3o de direitos.<\/li><li>Al\u00e9m disso, a WINGO MARINE n\u00e3o garante ou faz qualquer representa\u00e7\u00e3o relativa \u00e0 exatid\u00e3o, resultados prov\u00e1veis ou fiabilidade da utiliza\u00e7\u00e3o dos materiais no seu s\u00edtio Web ou de outra forma relacionados com esses materiais ou em quaisquer s\u00edtios ligados a este s\u00edtio.<\/li><\/ol><div>\u00a0<\/div><div><b style=\"color: var( --e-global-color-5152d9f );\">4. Limita\u00e7\u00f5es<\/b><b><br \/><\/b><br \/><span style=\"color: #404040;\">Em nenhuma circunst\u00e2ncia a WINGO MARINE ou os seus fornecedores ser\u00e3o respons\u00e1veis por quaisquer danos (incluindo, sem limita\u00e7\u00e3o, danos por perda de dados ou lucros, ou devido a interrup\u00e7\u00e3o de neg\u00f3cios) decorrentes da utiliza\u00e7\u00e3o ou incapacidade de utilizar os materiais em\u00a0<\/span><span style=\"color: #404040;\">WINGO MARINE<\/span><span style=\"color: #404040;\">mesmo que\u00a0<\/span><span style=\"color: #404040;\">WINGO MARINE<\/span><span style=\"color: #404040;\">\u00a0ou um\u00a0<\/span><span style=\"color: #404040;\">WINGO MARINE<\/span><span style=\"color: #404040;\">\u00a0O representante autorizado da Kinross foi notificado oralmente ou por escrito da possibilidade de tais danos. Como algumas jurisdi\u00e7\u00f5es n\u00e3o permitem limita\u00e7\u00f5es de garantias impl\u00edcitas ou limita\u00e7\u00f5es de responsabilidade por danos consequentes ou acidentais, estas limita\u00e7\u00f5es podem n\u00e3o se aplicar ao utilizador.<\/span><br \/><span style=\"color: #404040;\"><br \/><\/span><\/div><p><b>5. Exatid\u00e3o dos materiais<\/b><\/p><p>Os materiais que aparecem no s\u00edtio Web da WINGO MARINE podem incluir erros t\u00e9cnicos, tipogr\u00e1ficos ou fotogr\u00e1ficos. A WINGOMARINE n\u00e3o garante que qualquer material do seu s\u00edtio Web seja exato, completo ou atual. A WINGO MARINE pode efetuar altera\u00e7\u00f5es aos materiais contidos no seu website a qualquer momento sem aviso pr\u00e9vio. No entanto, a WINGO MARINE n\u00e3o se compromete a atualizar os materiais.<\/p><p><b>6. Liga\u00e7\u00f5es<\/b><\/p><p><span style=\"color: var( --e-global-color-5152d9f );\">WINGO MARINE<\/span>\u00a0A WINGO MARINE n\u00e3o analisou todos os s\u00edtios ligados ao seu s\u00edtio Web e n\u00e3o \u00e9 respons\u00e1vel pelo conte\u00fado de nenhum desses s\u00edtios ligados. A inclus\u00e3o de qualquer liga\u00e7\u00e3o n\u00e3o implica a aprova\u00e7\u00e3o do site pela WINGO MARINE. A utiliza\u00e7\u00e3o de qualquer site ligado \u00e9 feita por conta e risco do utilizador.<\/p><p><b>7. Modifica\u00e7\u00f5es<\/b><\/p><p><span style=\"color: var( --e-global-color-5152d9f );\">WINGO MARINE<\/span>\u00a0pode rever estes termos de servi\u00e7o do seu s\u00edtio Web em qualquer altura sem aviso pr\u00e9vio. Ao utilizar este s\u00edtio Web, o utilizador aceita ficar vinculado \u00e0 vers\u00e3o ent\u00e3o em vigor das presentes condi\u00e7\u00f5es de servi\u00e7o.<\/p><p><b>8. Direito aplic\u00e1vel<\/b><\/p><p>Estes termos e condi\u00e7\u00f5es s\u00e3o regidos e interpretados de acordo com as leis da China e o utilizador submete-se irrevogavelmente \u00e0 jurisdi\u00e7\u00e3o exclusiva dos tribunais desse Estado ou localidade.<\/p>\t\t\t\t\t\t\t\t<\/div>\n\t\t\t\t<\/div>\n\t\t\t\t\t<\/div>\n\t\t<\/div>\n\t\t\t\t\t<\/div>\n\t\t<\/section>\n\t\t\t\t<\/div>","protected":false},"excerpt":{"rendered":"<p>WINGO MARINE Terms of Service 1. Terms By accessing the website at\u00a0http:\/\/wingomarine.com, you are agreeing to be bound by these terms of service, all applicable laws, and regulations, and agree that you are responsible for compliance with any applicable local laws. If you do not agree with any of these terms, you are prohibited from [&hellip;]<\/p>","protected":false},"author":1,"featured_media":0,"parent":0,"menu_order":0,"comment_status":"closed","ping_status":"closed","template":"","meta":{"footnotes":""},"yoast_head":"<!-- This site is optimized with the Yoast SEO plugin v23.5 - https:\/\/yoast.com\/wordpress\/plugins\/seo\/ -->\n<title>Any Problems Please Send US An Email. - Wingo Marine<\/title>\n<meta name=\"description\" content=\"Any questions or needs for cooperation, please send us an email to qdsales@wingomarine.com directly. We will reply and solve it as soon as possible.\" \/>\n<meta name=\"robots\" content=\"index, follow, max-snippet:-1, max-image-preview:large, max-video-preview:-1\" \/>\n<link rel=\"canonical\" href=\"https:\/\/wingomarine.com\/pt\/terms-of-service\/\" \/>\n<meta property=\"og:locale\" content=\"pt_PT\" \/>\n<meta property=\"og:type\" content=\"article\" \/>\n<meta property=\"og:title\" content=\"Any Problems Please Send US An Email. - Wingo Marine\" \/>\n<meta property=\"og:description\" content=\"Any questions or needs for cooperation, please send us an email to qdsales@wingomarine.com directly. We will reply and solve it as soon as possible.\" \/>\n<meta property=\"og:url\" content=\"https:\/\/wingomarine.com\/pt\/terms-of-service\/\" \/>\n<meta property=\"og:site_name\" content=\"Wingo Marine\" \/>\n<meta property=\"article:modified_time\" content=\"2022-06-08T06:07:35+00:00\" \/>\n<meta name=\"twitter:card\" content=\"summary_large_image\" \/>\n<meta name=\"twitter:label1\" content=\"Tempo estimado de leitura\" \/>\n\t<meta name=\"twitter:data1\" content=\"4 minutos\" \/>\n<script type=\"application\/ld+json\" class=\"yoast-schema-graph\">{\"@context\":\"https:\/\/schema.org\",\"@graph\":[{\"@type\":\"WebPage\",\"@id\":\"https:\/\/wingomarine.com\/terms-of-service\/\",\"url\":\"https:\/\/wingomarine.com\/terms-of-service\/\",\"name\":\"Any Problems Please Send US An Email. - Wingo Marine\",\"isPartOf\":{\"@id\":\"https:\/\/wingomarine.com\/#website\"},\"datePublished\":\"2021-10-23T04:55:58+00:00\",\"dateModified\":\"2022-06-08T06:07:35+00:00\",\"description\":\"Any questions or needs for cooperation, please send us an email to qdsales@wingomarine.com directly. We will reply and solve it as soon as possible.\",\"breadcrumb\":{\"@id\":\"https:\/\/wingomarine.com\/terms-of-service\/#breadcrumb\"},\"inLanguage\":\"pt-PT\",\"potentialAction\":[{\"@type\":\"ReadAction\",\"target\":[\"https:\/\/wingomarine.com\/terms-of-service\/\"]}]},{\"@type\":\"BreadcrumbList\",\"@id\":\"https:\/\/wingomarine.com\/terms-of-service\/#breadcrumb\",\"itemListElement\":[{\"@type\":\"ListItem\",\"position\":1,\"name\":\"Home\",\"item\":\"https:\/\/wingomarine.com\/\"},{\"@type\":\"ListItem\",\"position\":2,\"name\":\"Terms of Service\"}]},{\"@type\":\"WebSite\",\"@id\":\"https:\/\/wingomarine.com\/#website\",\"url\":\"https:\/\/wingomarine.com\/\",\"name\":\"Wingo Marine\",\"description\":\"Chinese top manufacturer for marine fenders, since 1988. | Wingo Marine\",\"publisher\":{\"@id\":\"https:\/\/wingomarine.com\/#organization\"},\"potentialAction\":[{\"@type\":\"SearchAction\",\"target\":{\"@type\":\"EntryPoint\",\"urlTemplate\":\"https:\/\/wingomarine.com\/?s={search_term_string}\"},\"query-input\":{\"@type\":\"PropertyValueSpecification\",\"valueRequired\":true,\"valueName\":\"search_term_string\"}}],\"inLanguage\":\"pt-PT\"},{\"@type\":\"Organization\",\"@id\":\"https:\/\/wingomarine.com\/#organization\",\"name\":\"Qingdao Wingo Marine Co., Ltd\",\"url\":\"https:\/\/wingomarine.com\/\",\"logo\":{\"@type\":\"ImageObject\",\"inLanguage\":\"pt-PT\",\"@id\":\"https:\/\/wingomarine.com\/#\/schema\/logo\/image\/\",\"url\":\"http:\/\/wingomarine.com\/wp-content\/uploads\/2021\/10\/WINGO-MARINE-floating-yokohama-pneumatic-rubber-fenders-manufacturer.png\",\"contentUrl\":\"http:\/\/wingomarine.com\/wp-content\/uploads\/2021\/10\/WINGO-MARINE-floating-yokohama-pneumatic-rubber-fenders-manufacturer.png\",\"width\":336,\"height\":118,\"caption\":\"Qingdao Wingo Marine Co., Ltd\"},\"image\":{\"@id\":\"https:\/\/wingomarine.com\/#\/schema\/logo\/image\/\"}}]}<\/script>\n<!-- \/ Yoast SEO plugin. -->","yoast_head_json":{"title":"Any Problems Please Send US An Email. - Wingo Marine","description":"Any questions or needs for cooperation, please send us an email to qdsales@wingomarine.com directly. We will reply and solve it as soon as possible.","robots":{"index":"index","follow":"follow","max-snippet":"max-snippet:-1","max-image-preview":"max-image-preview:large","max-video-preview":"max-video-preview:-1"},"canonical":"https:\/\/wingomarine.com\/pt\/terms-of-service\/","og_locale":"pt_PT","og_type":"article","og_title":"Any Problems Please Send US An Email. - Wingo Marine","og_description":"Any questions or needs for cooperation, please send us an email to qdsales@wingomarine.com directly. We will reply and solve it as soon as possible.","og_url":"https:\/\/wingomarine.com\/pt\/terms-of-service\/","og_site_name":"Wingo Marine","article_modified_time":"2022-06-08T06:07:35+00:00","twitter_card":"summary_large_image","twitter_misc":{"Tempo estimado de leitura":"4 minutos"},"schema":{"@context":"https:\/\/schema.org","@graph":[{"@type":"WebPage","@id":"https:\/\/wingomarine.com\/terms-of-service\/","url":"https:\/\/wingomarine.com\/terms-of-service\/","name":"Any Problems Please Send US An Email. - Wingo Marine","isPartOf":{"@id":"https:\/\/wingomarine.com\/#website"},"datePublished":"2021-10-23T04:55:58+00:00","dateModified":"2022-06-08T06:07:35+00:00","description":"Any questions or needs for cooperation, please send us an email to qdsales@wingomarine.com directly. We will reply and solve it as soon as possible.","breadcrumb":{"@id":"https:\/\/wingomarine.com\/terms-of-service\/#breadcrumb"},"inLanguage":"pt-PT","potentialAction":[{"@type":"ReadAction","target":["https:\/\/wingomarine.com\/terms-of-service\/"]}]},{"@type":"BreadcrumbList","@id":"https:\/\/wingomarine.com\/terms-of-service\/#breadcrumb","itemListElement":[{"@type":"ListItem","position":1,"name":"Home","item":"https:\/\/wingomarine.com\/"},{"@type":"ListItem","position":2,"name":"Terms of Service"}]},{"@type":"WebSite","@id":"https:\/\/wingomarine.com\/#website","url":"https:\/\/wingomarine.com\/","name":"Wingo Marine","description":"Chinese top manufacturer for marine fenders, since 1988. | Wingo Marine","publisher":{"@id":"https:\/\/wingomarine.com\/#organization"},"potentialAction":[{"@type":"SearchAction","target":{"@type":"EntryPoint","urlTemplate":"https:\/\/wingomarine.com\/?s={search_term_string}"},"query-input":{"@type":"PropertyValueSpecification","valueRequired":true,"valueName":"search_term_string"}}],"inLanguage":"pt-PT"},{"@type":"Organization","@id":"https:\/\/wingomarine.com\/#organization","name":"Qingdao Wingo Marine Co., Ltd","url":"https:\/\/wingomarine.com\/","logo":{"@type":"ImageObject","inLanguage":"pt-PT","@id":"https:\/\/wingomarine.com\/#\/schema\/logo\/image\/","url":"http:\/\/wingomarine.com\/wp-content\/uploads\/2021\/10\/WINGO-MARINE-floating-yokohama-pneumatic-rubber-fenders-manufacturer.png","contentUrl":"http:\/\/wingomarine.com\/wp-content\/uploads\/2021\/10\/WINGO-MARINE-floating-yokohama-pneumatic-rubber-fenders-manufacturer.png","width":336,"height":118,"caption":"Qingdao Wingo Marine Co., Ltd"},"image":{"@id":"https:\/\/wingomarine.com\/#\/schema\/logo\/image\/"}}]}},"_links":{"self":[{"href":"https:\/\/wingomarine.com\/pt\/wp-json\/wp\/v2\/pages\/2681"}],"collection":[{"href":"https:\/\/wingomarine.com\/pt\/wp-json\/wp\/v2\/pages"}],"about":[{"href":"https:\/\/wingomarine.com\/pt\/wp-json\/wp\/v2\/types\/page"}],"author":[{"embeddable":true,"href":"https:\/\/wingomarine.com\/pt\/wp-json\/wp\/v2\/users\/1"}],"replies":[{"embeddable":true,"href":"https:\/\/wingomarine.com\/pt\/wp-json\/wp\/v2\/comments?post=2681"}],"version-history":[{"count":0,"href":"https:\/\/wingomarine.com\/pt\/wp-json\/wp\/v2\/pages\/2681\/revisions"}],"wp:attachment":[{"href":"https:\/\/wingomarine.com\/pt\/wp-json\/wp\/v2\/media?parent=2681"}],"curies":[{"name":"wp","href":"https:\/\/api.w.org\/{rel}","templated":true}]}}