{"id":2298,"date":"2021-10-08T14:32:13","date_gmt":"2021-10-08T06:32:13","guid":{"rendered":"http:\/\/wingomarine.com\/?post_type=product&#038;p=2298"},"modified":"2026-03-24T10:27:59","modified_gmt":"2026-03-24T02:27:59","slug":"shallow-sea-buoy","status":"publish","type":"product","link":"https:\/\/wingomarine.com\/pt\/produto\/shallow-sea-buoy\/","title":{"rendered":"Boia de mar raso"},"content":{"rendered":"<p>Our Marine Foam Buoys (Floating Barriers) are manufactured from EVA (Ethylene-vinyl acetate) foam core encapsulated within self-colored polyurea outer skin.<\/p>\n<p>Used extensively in\u00a0<span style=\"box-sizing: border-box; margin: 0px; padding: 0px;\">single-point mooring (SPM) systems, the three main types of support buoys are\u00a0<strong>Cylindrical Buoys, Chain-Through Buoys, and <\/strong><\/span><strong>Pick-Up Buoys<\/strong>.<\/p>\n<p>De acordo com os seus utilizadores, pode ser dividida em<strong> B\u00f3ias de aviso, b\u00f3ias de posicionamento e b\u00f3ias de investiga\u00e7\u00e3o cient\u00edfica.<\/strong><\/p>\n<figure id=\"attachment_3653\" aria-describedby=\"caption-attachment-3653\" style=\"width: 500px\" class=\"wp-caption aligncenter\"><img fetchpriority=\"high\" decoding=\"async\" class=\"wp-image-3653\" src=\"http:\/\/wingomarine.com\/wp-content\/uploads\/2021\/10\/marine-buoy.jpg\" alt=\"Offshore Buoys\" width=\"500\" height=\"375\" srcset=\"https:\/\/wingomarine.com\/wp-content\/uploads\/2021\/10\/marine-buoy.jpg 1000w, https:\/\/wingomarine.com\/wp-content\/uploads\/2021\/10\/marine-buoy-300x225.jpg 300w, https:\/\/wingomarine.com\/wp-content\/uploads\/2021\/10\/marine-buoy-768x576.jpg 768w, https:\/\/wingomarine.com\/wp-content\/uploads\/2021\/10\/marine-buoy-600x450.jpg 600w\" sizes=\"(max-width: 500px) 100vw, 500px\" \/><figcaption id=\"caption-attachment-3653\" class=\"wp-caption-text\">B\u00f3ias offshore<\/figcaption><\/figure>\n<p>And our patented defense buoy can be fitted with spikes, counterweights, and rope nets. Used to clear the sea, intercept ships, defend against pirates, Marine life, etc. It&#8217;s already in use with the U.S. Navy to protect naval ports and important military equipment.<\/p>\n<p>&nbsp;<\/p>\n<h2 id=\"tablepress-11-name\" class=\"tablepress-table-name tablepress-table-name-id-11\">Tamanho da boia de defesa da patente<\/h2>\n\n<table id=\"tablepress-11\" class=\"tablepress tablepress-id-11\" aria-labelledby=\"tablepress-11-name\">\n<thead>\n<tr class=\"row-1 odd\">\n\t<th class=\"column-1\">Di\u00e2metro (m)<\/th><th class=\"column-2\">Densidade (kg\/m\u00b3)<\/th><th class=\"column-3\">Superf\u00edcie exterior<\/th><th class=\"column-4\">Material dos espig\u00f5es<\/th><th class=\"column-5\">Tipo de liga\u00e7\u00e3o<\/th><th class=\"column-6\">Utiliza\u00e7\u00e3o<\/th>\n<\/tr>\n<\/thead>\n<tbody>\n<tr class=\"row-2 even\">\n\t<td class=\"column-1\">0.8 \/ 0.9 1 \/ 1.1 \/ 1.2 \/ 1.5<\/td><td class=\"column-2\">35 \/ 50 \/ 80 \/100 \/ 120<\/td><td class=\"column-3\">El\u00e1stico de poliureia em spray (SPUA) <\/td><td class=\"column-4\">A\u00e7o galvanizado a quente \/ A\u00e7o inoxid\u00e1vel<\/td><td class=\"column-5\">Corrente met\u00e1lica \/ cabo de a\u00e7o<\/td><td class=\"column-6\">Interce\u00e7\u00e3o de navios ilegais<\/td>\n<\/tr>\n<tr class=\"row-3 odd\">\n\t<td class=\"column-1\"><\/td><td class=\"column-2\"><\/td><td class=\"column-3\"><\/td><td class=\"column-4\"><\/td><td class=\"column-5\"><\/td><td class=\"column-6\"><\/td>\n<\/tr>\n<\/tbody>\n<tfoot>\n<tr class=\"row-4 even\">\n\t<th colspan=\"6\" class=\"column-1\">A forma \u00e9 esf\u00e9rica. Ligadas de ponta a ponta por grilhetas met\u00e1licas. Ou como uma pulseira como um elo em s\u00e9rie. Resist\u00eancia ao vento e \u00e0s ondas, resist\u00eancia ao impacto. J\u00e1 est\u00e1 a ser utilizado na Marinha dos EUA.<\/th>\n<\/tr>\n<\/tfoot>\n<\/table>\n<!-- #tablepress-11 from cache -->\n<p>&nbsp;<\/p>\n<ul>\n<li><strong>C\u00e9lula EVA fechada Vantagens da espuma:<\/strong> bom amortecimento, resist\u00eancia a terramotos, isolamento t\u00e9rmico, resist\u00eancia \u00e0 humidade, resist\u00eancia \u00e0 corros\u00e3o qu\u00edmica, n\u00e3o t\u00f3xico, n\u00e3o absor\u00e7\u00e3o de \u00e1gua, forte e dur\u00e1vel, baixo custo de manuten\u00e7\u00e3o.<\/li>\n<li><strong>Vantagens da superf\u00edcie de poliureia el\u00e1stica em spray (SPUA):<\/strong> prevents ultraviolet light, waterproof and anticorrosive, wear resistance to thorns, and resist parasitic Marine organisms. Color can be customized according to the Pantone color card.<\/li>\n<\/ul>\n<p><img decoding=\"async\" class=\"aligncenter wp-image-3260\" src=\"http:\/\/wingomarine.com\/wp-content\/uploads\/2021\/10\/defence-buoy-floating-barrier-marine-buoy.jpg\" alt=\"\" width=\"1045\" height=\"307\" srcset=\"https:\/\/wingomarine.com\/wp-content\/uploads\/2021\/10\/defence-buoy-floating-barrier-marine-buoy.jpg 2087w, https:\/\/wingomarine.com\/wp-content\/uploads\/2021\/10\/defence-buoy-floating-barrier-marine-buoy-300x88.jpg 300w, https:\/\/wingomarine.com\/wp-content\/uploads\/2021\/10\/defence-buoy-floating-barrier-marine-buoy-1024x301.jpg 1024w, https:\/\/wingomarine.com\/wp-content\/uploads\/2021\/10\/defence-buoy-floating-barrier-marine-buoy-768x226.jpg 768w, https:\/\/wingomarine.com\/wp-content\/uploads\/2021\/10\/defence-buoy-floating-barrier-marine-buoy-1536x452.jpg 1536w, https:\/\/wingomarine.com\/wp-content\/uploads\/2021\/10\/defence-buoy-floating-barrier-marine-buoy-2048x603.jpg 2048w, https:\/\/wingomarine.com\/wp-content\/uploads\/2021\/10\/defence-buoy-floating-barrier-marine-buoy-600x177.jpg 600w\" sizes=\"(max-width: 1045px) 100vw, 1045px\" \/><\/p>\n<p><strong>N\u00e3o hesite em enviar-nos uma mensagem se tiver alguma quest\u00e3o ou pedido.<\/strong><\/p>","protected":false},"excerpt":{"rendered":"<p>A boia de defesa patenteada pela Wingo Marine (Barreiras Flutuantes) pode ser equipada com espig\u00f5es, contrapesos e redes de corda. Utilizada para desobstruir o mar, intercetar navios, defender contra piratas, vida marinha, etc. J\u00e1 est\u00e1 a ser utilizada pela Marinha dos EUA, para proteger portos navais e equipamento militar importante.<\/p>","protected":false},"featured_media":2265,"comment_status":"open","ping_status":"closed","template":"","meta":[],"product_cat":[20],"product_tag":[],"yoast_head":"<!-- This site is optimized with the Yoast SEO plugin v23.5 - https:\/\/yoast.com\/wordpress\/plugins\/seo\/ -->\n<title>Shallow Sea Buoys | Ocean Buoys Supplier &amp; Manufacturer - Wingo Marine<\/title>\n<meta name=\"description\" content=\"Wingo Marine is a shallow sea buoy supplier and manufacturer since 1988. Our patented products marine floating barriers are used for marine security. Fell free to contact us for a quick quote or more information.\" \/>\n<meta name=\"robots\" content=\"index, follow, max-snippet:-1, max-image-preview:large, max-video-preview:-1\" \/>\n<link rel=\"canonical\" href=\"https:\/\/wingomarine.com\/pt\/produto\/shallow-sea-buoy\/\" \/>\n<meta property=\"og:locale\" content=\"pt_PT\" \/>\n<meta property=\"og:type\" content=\"article\" \/>\n<meta property=\"og:title\" content=\"Shallow Sea Buoys | Ocean Buoys Supplier &amp; Manufacturer - Wingo Marine\" \/>\n<meta property=\"og:description\" content=\"Wingo Marine is a shallow sea buoy supplier and manufacturer since 1988. Our patented products marine floating barriers are used for marine security. Fell free to contact us for a quick quote or more information.\" \/>\n<meta property=\"og:url\" content=\"https:\/\/wingomarine.com\/pt\/produto\/shallow-sea-buoy\/\" \/>\n<meta property=\"og:site_name\" content=\"Wingo Marine\" \/>\n<meta property=\"article:modified_time\" content=\"2026-03-24T02:27:59+00:00\" \/>\n<meta property=\"og:image\" content=\"http:\/\/wingomarine.com\/wp-content\/uploads\/2021\/10\/EVA-foam-filled-Shallow-Sea-Buoy-Defense-buoy-1.png\" \/>\n\t<meta property=\"og:image:width\" content=\"600\" \/>\n\t<meta property=\"og:image:height\" content=\"600\" \/>\n\t<meta property=\"og:image:type\" content=\"image\/png\" \/>\n<meta name=\"twitter:card\" content=\"summary_large_image\" \/>\n<meta name=\"twitter:label1\" content=\"Tempo estimado de leitura\" \/>\n\t<meta name=\"twitter:data1\" content=\"2 minutos\" \/>\n<script type=\"application\/ld+json\" class=\"yoast-schema-graph\">{\"@context\":\"https:\/\/schema.org\",\"@graph\":[{\"@type\":\"WebPage\",\"@id\":\"https:\/\/wingomarine.com\/product\/shallow-sea-buoy\/\",\"url\":\"https:\/\/wingomarine.com\/product\/shallow-sea-buoy\/\",\"name\":\"Shallow Sea Buoys | Ocean Buoys Supplier & Manufacturer - Wingo Marine\",\"isPartOf\":{\"@id\":\"https:\/\/wingomarine.com\/#website\"},\"primaryImageOfPage\":{\"@id\":\"https:\/\/wingomarine.com\/product\/shallow-sea-buoy\/#primaryimage\"},\"image\":{\"@id\":\"https:\/\/wingomarine.com\/product\/shallow-sea-buoy\/#primaryimage\"},\"thumbnailUrl\":\"https:\/\/wingomarine.com\/wp-content\/uploads\/2021\/10\/EVA-foam-filled-Shallow-Sea-Buoy-Defense-buoy-1.png\",\"datePublished\":\"2021-10-08T06:32:13+00:00\",\"dateModified\":\"2026-03-24T02:27:59+00:00\",\"description\":\"Wingo Marine is a shallow sea buoy supplier and manufacturer since 1988. Our patented products marine floating barriers are used for marine security. Fell free to contact us for a quick quote or more information.\",\"breadcrumb\":{\"@id\":\"https:\/\/wingomarine.com\/product\/shallow-sea-buoy\/#breadcrumb\"},\"inLanguage\":\"pt-PT\",\"potentialAction\":[{\"@type\":\"ReadAction\",\"target\":[\"https:\/\/wingomarine.com\/product\/shallow-sea-buoy\/\"]}]},{\"@type\":\"ImageObject\",\"inLanguage\":\"pt-PT\",\"@id\":\"https:\/\/wingomarine.com\/product\/shallow-sea-buoy\/#primaryimage\",\"url\":\"https:\/\/wingomarine.com\/wp-content\/uploads\/2021\/10\/EVA-foam-filled-Shallow-Sea-Buoy-Defense-buoy-1.png\",\"contentUrl\":\"https:\/\/wingomarine.com\/wp-content\/uploads\/2021\/10\/EVA-foam-filled-Shallow-Sea-Buoy-Defense-buoy-1.png\",\"width\":600,\"height\":600,\"caption\":\"Shallow Sea Buoy\"},{\"@type\":\"BreadcrumbList\",\"@id\":\"https:\/\/wingomarine.com\/product\/shallow-sea-buoy\/#breadcrumb\",\"itemListElement\":[{\"@type\":\"ListItem\",\"position\":1,\"name\":\"Home\",\"item\":\"https:\/\/wingomarine.com\/\"},{\"@type\":\"ListItem\",\"position\":2,\"name\":\"Products\",\"item\":\"https:\/\/wingomarine.com\/products\/\"},{\"@type\":\"ListItem\",\"position\":3,\"name\":\"Shallow Sea Buoy\"}]},{\"@type\":\"WebSite\",\"@id\":\"https:\/\/wingomarine.com\/#website\",\"url\":\"https:\/\/wingomarine.com\/\",\"name\":\"Wingo Marine\",\"description\":\"Chinese top manufacturer for marine fenders, since 1988. | Wingo Marine\",\"publisher\":{\"@id\":\"https:\/\/wingomarine.com\/#organization\"},\"potentialAction\":[{\"@type\":\"SearchAction\",\"target\":{\"@type\":\"EntryPoint\",\"urlTemplate\":\"https:\/\/wingomarine.com\/?s={search_term_string}\"},\"query-input\":{\"@type\":\"PropertyValueSpecification\",\"valueRequired\":true,\"valueName\":\"search_term_string\"}}],\"inLanguage\":\"pt-PT\"},{\"@type\":\"Organization\",\"@id\":\"https:\/\/wingomarine.com\/#organization\",\"name\":\"Qingdao Wingo Marine Co., Ltd\",\"url\":\"https:\/\/wingomarine.com\/\",\"logo\":{\"@type\":\"ImageObject\",\"inLanguage\":\"pt-PT\",\"@id\":\"https:\/\/wingomarine.com\/#\/schema\/logo\/image\/\",\"url\":\"http:\/\/wingomarine.com\/wp-content\/uploads\/2021\/10\/WINGO-MARINE-floating-yokohama-pneumatic-rubber-fenders-manufacturer.png\",\"contentUrl\":\"http:\/\/wingomarine.com\/wp-content\/uploads\/2021\/10\/WINGO-MARINE-floating-yokohama-pneumatic-rubber-fenders-manufacturer.png\",\"width\":336,\"height\":118,\"caption\":\"Qingdao Wingo Marine Co., Ltd\"},\"image\":{\"@id\":\"https:\/\/wingomarine.com\/#\/schema\/logo\/image\/\"}}]}<\/script>\n<!-- \/ Yoast SEO plugin. -->","yoast_head_json":{"title":"Shallow Sea Buoys | Ocean Buoys Supplier & Manufacturer - Wingo Marine","description":"Wingo Marine is a shallow sea buoy supplier and manufacturer since 1988. Our patented products marine floating barriers are used for marine security. Fell free to contact us for a quick quote or more information.","robots":{"index":"index","follow":"follow","max-snippet":"max-snippet:-1","max-image-preview":"max-image-preview:large","max-video-preview":"max-video-preview:-1"},"canonical":"https:\/\/wingomarine.com\/pt\/produto\/shallow-sea-buoy\/","og_locale":"pt_PT","og_type":"article","og_title":"Shallow Sea Buoys | Ocean Buoys Supplier & Manufacturer - Wingo Marine","og_description":"Wingo Marine is a shallow sea buoy supplier and manufacturer since 1988. Our patented products marine floating barriers are used for marine security. Fell free to contact us for a quick quote or more information.","og_url":"https:\/\/wingomarine.com\/pt\/produto\/shallow-sea-buoy\/","og_site_name":"Wingo Marine","article_modified_time":"2026-03-24T02:27:59+00:00","og_image":[{"width":600,"height":600,"url":"http:\/\/wingomarine.com\/wp-content\/uploads\/2021\/10\/EVA-foam-filled-Shallow-Sea-Buoy-Defense-buoy-1.png","type":"image\/png"}],"twitter_card":"summary_large_image","twitter_misc":{"Tempo estimado de leitura":"2 minutos"},"schema":{"@context":"https:\/\/schema.org","@graph":[{"@type":"WebPage","@id":"https:\/\/wingomarine.com\/product\/shallow-sea-buoy\/","url":"https:\/\/wingomarine.com\/product\/shallow-sea-buoy\/","name":"Shallow Sea Buoys | Ocean Buoys Supplier & Manufacturer - Wingo Marine","isPartOf":{"@id":"https:\/\/wingomarine.com\/#website"},"primaryImageOfPage":{"@id":"https:\/\/wingomarine.com\/product\/shallow-sea-buoy\/#primaryimage"},"image":{"@id":"https:\/\/wingomarine.com\/product\/shallow-sea-buoy\/#primaryimage"},"thumbnailUrl":"https:\/\/wingomarine.com\/wp-content\/uploads\/2021\/10\/EVA-foam-filled-Shallow-Sea-Buoy-Defense-buoy-1.png","datePublished":"2021-10-08T06:32:13+00:00","dateModified":"2026-03-24T02:27:59+00:00","description":"Wingo Marine is a shallow sea buoy supplier and manufacturer since 1988. Our patented products marine floating barriers are used for marine security. Fell free to contact us for a quick quote or more information.","breadcrumb":{"@id":"https:\/\/wingomarine.com\/product\/shallow-sea-buoy\/#breadcrumb"},"inLanguage":"pt-PT","potentialAction":[{"@type":"ReadAction","target":["https:\/\/wingomarine.com\/product\/shallow-sea-buoy\/"]}]},{"@type":"ImageObject","inLanguage":"pt-PT","@id":"https:\/\/wingomarine.com\/product\/shallow-sea-buoy\/#primaryimage","url":"https:\/\/wingomarine.com\/wp-content\/uploads\/2021\/10\/EVA-foam-filled-Shallow-Sea-Buoy-Defense-buoy-1.png","contentUrl":"https:\/\/wingomarine.com\/wp-content\/uploads\/2021\/10\/EVA-foam-filled-Shallow-Sea-Buoy-Defense-buoy-1.png","width":600,"height":600,"caption":"Shallow Sea Buoy"},{"@type":"BreadcrumbList","@id":"https:\/\/wingomarine.com\/product\/shallow-sea-buoy\/#breadcrumb","itemListElement":[{"@type":"ListItem","position":1,"name":"Home","item":"https:\/\/wingomarine.com\/"},{"@type":"ListItem","position":2,"name":"Products","item":"https:\/\/wingomarine.com\/products\/"},{"@type":"ListItem","position":3,"name":"Shallow Sea Buoy"}]},{"@type":"WebSite","@id":"https:\/\/wingomarine.com\/#website","url":"https:\/\/wingomarine.com\/","name":"Wingo Marine","description":"Chinese top manufacturer for marine fenders, since 1988. | Wingo Marine","publisher":{"@id":"https:\/\/wingomarine.com\/#organization"},"potentialAction":[{"@type":"SearchAction","target":{"@type":"EntryPoint","urlTemplate":"https:\/\/wingomarine.com\/?s={search_term_string}"},"query-input":{"@type":"PropertyValueSpecification","valueRequired":true,"valueName":"search_term_string"}}],"inLanguage":"pt-PT"},{"@type":"Organization","@id":"https:\/\/wingomarine.com\/#organization","name":"Qingdao Wingo Marine Co., Ltd","url":"https:\/\/wingomarine.com\/","logo":{"@type":"ImageObject","inLanguage":"pt-PT","@id":"https:\/\/wingomarine.com\/#\/schema\/logo\/image\/","url":"http:\/\/wingomarine.com\/wp-content\/uploads\/2021\/10\/WINGO-MARINE-floating-yokohama-pneumatic-rubber-fenders-manufacturer.png","contentUrl":"http:\/\/wingomarine.com\/wp-content\/uploads\/2021\/10\/WINGO-MARINE-floating-yokohama-pneumatic-rubber-fenders-manufacturer.png","width":336,"height":118,"caption":"Qingdao Wingo Marine Co., Ltd"},"image":{"@id":"https:\/\/wingomarine.com\/#\/schema\/logo\/image\/"}}]}},"_links":{"self":[{"href":"https:\/\/wingomarine.com\/pt\/wp-json\/wp\/v2\/product\/2298"}],"collection":[{"href":"https:\/\/wingomarine.com\/pt\/wp-json\/wp\/v2\/product"}],"about":[{"href":"https:\/\/wingomarine.com\/pt\/wp-json\/wp\/v2\/types\/product"}],"replies":[{"embeddable":true,"href":"https:\/\/wingomarine.com\/pt\/wp-json\/wp\/v2\/comments?post=2298"}],"wp:featuredmedia":[{"embeddable":true,"href":"https:\/\/wingomarine.com\/pt\/wp-json\/wp\/v2\/media\/2265"}],"wp:attachment":[{"href":"https:\/\/wingomarine.com\/pt\/wp-json\/wp\/v2\/media?parent=2298"}],"wp:term":[{"taxonomy":"product_cat","embeddable":true,"href":"https:\/\/wingomarine.com\/pt\/wp-json\/wp\/v2\/product_cat?post=2298"},{"taxonomy":"product_tag","embeddable":true,"href":"https:\/\/wingomarine.com\/pt\/wp-json\/wp\/v2\/product_tag?post=2298"}],"curies":[{"name":"wp","href":"https:\/\/api.w.org\/{rel}","templated":true}]}}