{"id":67,"date":"2021-07-02T01:33:32","date_gmt":"2021-07-01T17:33:32","guid":{"rendered":"http:\/\/wingomarine.com\/?post_type=product&#038;p=67"},"modified":"2026-03-24T10:38:53","modified_gmt":"2026-03-24T02:38:53","slug":"portable-foam-fender","status":"publish","type":"product","link":"https:\/\/wingomarine.com\/pt\/produto\/portable-foam-fender\/","title":{"rendered":"Para-choques de espuma port\u00e1til"},"content":{"rendered":"<p><strong>Pequena defensa port\u00e1til de espuma EVA, tamb\u00e9m conhecida como Mini Fender. Trata-se de um tipo de equipamento para navios pequenos que desempenha o papel de amortecedor de ancoragem e prote\u00e7\u00e3o.<\/strong><\/p>\n<p>Nos \u00faltimos anos, com o desenvolvimento cont\u00ednuo da ind\u00fastria de pequenas embarca\u00e7\u00f5es e iates, este tipo de para-choques de espuma port\u00e1til \u00e9 amplamente utilizado em iates, lanchas, cais de iates e plataformas flutuantes.<\/p>\n<p>\u00c9 uma bola s\u00f3lida feita de EVA de alta qualidade, mat\u00e9ria-prima altamente el\u00e1stica, preenchida com espuma el\u00e1stica EVA no interior do produto pode flutuar na superf\u00edcie da \u00e1gua, e danos hidrof\u00f3bicos n\u00e3o absorver\u00e3o \u00e1gua para afundar, de modo a servir como um importante meio de amortecimento para o navio e atraca\u00e7\u00e3o de navios e atraca\u00e7\u00e3o de docas.<\/p>\n<p>Comparado com os para-lamas insufl\u00e1veis de PVC em geral, o para-lamas de espuma EVA \u00e9 mais dur\u00e1vel, tem uma longa vida \u00fatil e a resist\u00eancia ao desgaste \u00e9 muitas vezes superior \u00e0 dos para-lamas de borracha e PVC normais.  EVA pequeno para-choque tempo \u00e9 melhor do que outros materiais para-choque. O efeito anti-incrustante \u00e9 bom, mesmo que dois barcos se esfreguem um contra o outro n\u00e3o deixar\u00e3o qualquer vest\u00edgio. A prote\u00e7\u00e3o ambiental segura e livre de contamina\u00e7\u00e3o \u00e9 colorida, de apar\u00eancia suave, bonita e bonita.<\/p>\n<p><strong>As especifica\u00e7\u00f5es, a forma, o estilo e as cores podem ser personalizados.<\/strong><\/p>\n<figure id=\"attachment_3678\" aria-describedby=\"caption-attachment-3678\" style=\"width: 600px\" class=\"wp-caption aligncenter\"><img fetchpriority=\"high\" decoding=\"async\" class=\"wp-image-3678 size-full\" src=\"http:\/\/wingomarine.com\/wp-content\/uploads\/2021\/07\/Portable-foam-fenders-with-rope-nets-were-ready.jpg\" alt=\"\" width=\"600\" height=\"450\" srcset=\"https:\/\/wingomarine.com\/wp-content\/uploads\/2021\/07\/Portable-foam-fenders-with-rope-nets-were-ready.jpg 600w, https:\/\/wingomarine.com\/wp-content\/uploads\/2021\/07\/Portable-foam-fenders-with-rope-nets-were-ready-300x225.jpg 300w\" sizes=\"(max-width: 600px) 100vw, 600px\" \/><figcaption id=\"caption-attachment-3678\" class=\"wp-caption-text\">As defensas de espuma port\u00e1teis com redes de corda estavam prontas<\/figcaption><\/figure>\n<p><strong>Sobre a espuma EVA e a poliureia<\/strong><\/p>\n<ul>\n<li>Vantagens da espuma fechada de c\u00e9lula EVA: bom amortecimento, resist\u00eancia a terramotos, isolamento t\u00e9rmico, resist\u00eancia \u00e0 humidade, resist\u00eancia \u00e0 corros\u00e3o qu\u00edmica, n\u00e3o t\u00f3xico, n\u00e3o absorve \u00e1gua, forte e dur\u00e1vel, baixo custo de manuten\u00e7\u00e3o.<\/li>\n<li>Vantagens da superf\u00edcie de poliureia el\u00e1stica em spray (SPUA): evita a luz ultravioleta, \u00e9 imperme\u00e1vel e anticorrosiva, resiste aos espinhos e aos organismos marinhos parasitas. A cor pode ser personalizada de acordo com a carta de cores Pantone.<\/li>\n<\/ul>\n<p>&nbsp;<\/p>\n<p><strong>N\u00e3o hesite em enviar-nos uma mensagem se tiver alguma quest\u00e3o ou pedido.<\/strong><\/p>","protected":false},"excerpt":{"rendered":"<p>Pequena defensa port\u00e1til de espuma EVA, tamb\u00e9m conhecida como Mini Fender. Trata-se de um tipo de equipamento para navios pequenos que desempenha o papel de amortecedor de ancoragem e prote\u00e7\u00e3o.<\/p>","protected":false},"featured_media":2339,"comment_status":"open","ping_status":"closed","template":"","meta":[],"product_cat":[18],"product_tag":[],"yoast_head":"<!-- This site is optimized with the Yoast SEO plugin v23.5 - https:\/\/yoast.com\/wordpress\/plugins\/seo\/ -->\n<title>Portable EVA Foam Fender | Small Standard Duty Foam Filled Fenders Supplier &amp; Manufacturer - Wingo Marine<\/title>\n<meta name=\"description\" content=\"Wingo is protable foam fenders supplier &amp; manufacturer since 1988 in China. Instead of PVC balls, now they are widly used for yachts. Colors and sizes can be customized. Fell free to contact us for your needs.\" \/>\n<meta name=\"robots\" content=\"index, follow, max-snippet:-1, max-image-preview:large, max-video-preview:-1\" \/>\n<link rel=\"canonical\" href=\"https:\/\/wingomarine.com\/pt\/produto\/portable-foam-fender\/\" \/>\n<meta property=\"og:locale\" content=\"pt_PT\" \/>\n<meta property=\"og:type\" content=\"article\" \/>\n<meta property=\"og:title\" content=\"Portable EVA Foam Fender | Small Standard Duty Foam Filled Fenders Supplier &amp; Manufacturer - Wingo Marine\" \/>\n<meta property=\"og:description\" content=\"Wingo is protable foam fenders supplier &amp; manufacturer since 1988 in China. Instead of PVC balls, now they are widly used for yachts. Colors and sizes can be customized. Fell free to contact us for your needs.\" \/>\n<meta property=\"og:url\" content=\"https:\/\/wingomarine.com\/pt\/produto\/portable-foam-fender\/\" \/>\n<meta property=\"og:site_name\" content=\"Wingo Marine\" \/>\n<meta property=\"article:modified_time\" content=\"2026-03-24T02:38:53+00:00\" \/>\n<meta property=\"og:image\" content=\"http:\/\/wingomarine.com\/wp-content\/uploads\/2021\/07\/portable-EVA-foam-fender-spua-polyurea-foam-floating-fenders-supplier.png\" \/>\n\t<meta property=\"og:image:width\" content=\"600\" \/>\n\t<meta property=\"og:image:height\" content=\"600\" \/>\n\t<meta property=\"og:image:type\" content=\"image\/png\" \/>\n<meta name=\"twitter:card\" content=\"summary_large_image\" \/>\n<meta name=\"twitter:label1\" content=\"Tempo estimado de leitura\" \/>\n\t<meta name=\"twitter:data1\" content=\"2 minutos\" \/>\n<script type=\"application\/ld+json\" class=\"yoast-schema-graph\">{\"@context\":\"https:\/\/schema.org\",\"@graph\":[{\"@type\":\"WebPage\",\"@id\":\"https:\/\/wingomarine.com\/product\/portable-foam-fender\/\",\"url\":\"https:\/\/wingomarine.com\/product\/portable-foam-fender\/\",\"name\":\"Portable EVA Foam Fender | Small Standard Duty Foam Filled Fenders Supplier & Manufacturer - Wingo Marine\",\"isPartOf\":{\"@id\":\"https:\/\/wingomarine.com\/#website\"},\"primaryImageOfPage\":{\"@id\":\"https:\/\/wingomarine.com\/product\/portable-foam-fender\/#primaryimage\"},\"image\":{\"@id\":\"https:\/\/wingomarine.com\/product\/portable-foam-fender\/#primaryimage\"},\"thumbnailUrl\":\"https:\/\/wingomarine.com\/wp-content\/uploads\/2021\/07\/portable-EVA-foam-fender-spua-polyurea-foam-floating-fenders-supplier.png\",\"datePublished\":\"2021-07-01T17:33:32+00:00\",\"dateModified\":\"2026-03-24T02:38:53+00:00\",\"description\":\"Wingo is protable foam fenders supplier & manufacturer since 1988 in China. Instead of PVC balls, now they are widly used for yachts. Colors and sizes can be customized. Fell free to contact us for your needs.\",\"breadcrumb\":{\"@id\":\"https:\/\/wingomarine.com\/product\/portable-foam-fender\/#breadcrumb\"},\"inLanguage\":\"pt-PT\",\"potentialAction\":[{\"@type\":\"ReadAction\",\"target\":[\"https:\/\/wingomarine.com\/product\/portable-foam-fender\/\"]}]},{\"@type\":\"ImageObject\",\"inLanguage\":\"pt-PT\",\"@id\":\"https:\/\/wingomarine.com\/product\/portable-foam-fender\/#primaryimage\",\"url\":\"https:\/\/wingomarine.com\/wp-content\/uploads\/2021\/07\/portable-EVA-foam-fender-spua-polyurea-foam-floating-fenders-supplier.png\",\"contentUrl\":\"https:\/\/wingomarine.com\/wp-content\/uploads\/2021\/07\/portable-EVA-foam-fender-spua-polyurea-foam-floating-fenders-supplier.png\",\"width\":600,\"height\":600,\"caption\":\"Protable Foam Fender\"},{\"@type\":\"BreadcrumbList\",\"@id\":\"https:\/\/wingomarine.com\/product\/portable-foam-fender\/#breadcrumb\",\"itemListElement\":[{\"@type\":\"ListItem\",\"position\":1,\"name\":\"Home\",\"item\":\"https:\/\/wingomarine.com\/\"},{\"@type\":\"ListItem\",\"position\":2,\"name\":\"Products\",\"item\":\"https:\/\/wingomarine.com\/products\/\"},{\"@type\":\"ListItem\",\"position\":3,\"name\":\"Portable Foam Fender\"}]},{\"@type\":\"WebSite\",\"@id\":\"https:\/\/wingomarine.com\/#website\",\"url\":\"https:\/\/wingomarine.com\/\",\"name\":\"Wingo Marine\",\"description\":\"Chinese top manufacturer for marine fenders, since 1988. | Wingo Marine\",\"publisher\":{\"@id\":\"https:\/\/wingomarine.com\/#organization\"},\"potentialAction\":[{\"@type\":\"SearchAction\",\"target\":{\"@type\":\"EntryPoint\",\"urlTemplate\":\"https:\/\/wingomarine.com\/?s={search_term_string}\"},\"query-input\":{\"@type\":\"PropertyValueSpecification\",\"valueRequired\":true,\"valueName\":\"search_term_string\"}}],\"inLanguage\":\"pt-PT\"},{\"@type\":\"Organization\",\"@id\":\"https:\/\/wingomarine.com\/#organization\",\"name\":\"Qingdao Wingo Marine Co., Ltd\",\"url\":\"https:\/\/wingomarine.com\/\",\"logo\":{\"@type\":\"ImageObject\",\"inLanguage\":\"pt-PT\",\"@id\":\"https:\/\/wingomarine.com\/#\/schema\/logo\/image\/\",\"url\":\"http:\/\/wingomarine.com\/wp-content\/uploads\/2021\/10\/WINGO-MARINE-floating-yokohama-pneumatic-rubber-fenders-manufacturer.png\",\"contentUrl\":\"http:\/\/wingomarine.com\/wp-content\/uploads\/2021\/10\/WINGO-MARINE-floating-yokohama-pneumatic-rubber-fenders-manufacturer.png\",\"width\":336,\"height\":118,\"caption\":\"Qingdao Wingo Marine Co., Ltd\"},\"image\":{\"@id\":\"https:\/\/wingomarine.com\/#\/schema\/logo\/image\/\"}}]}<\/script>\n<!-- \/ Yoast SEO plugin. -->","yoast_head_json":{"title":"Portable EVA Foam Fender | Small Standard Duty Foam Filled Fenders Supplier & Manufacturer - Wingo Marine","description":"Wingo is protable foam fenders supplier & manufacturer since 1988 in China. Instead of PVC balls, now they are widly used for yachts. Colors and sizes can be customized. Fell free to contact us for your needs.","robots":{"index":"index","follow":"follow","max-snippet":"max-snippet:-1","max-image-preview":"max-image-preview:large","max-video-preview":"max-video-preview:-1"},"canonical":"https:\/\/wingomarine.com\/pt\/produto\/portable-foam-fender\/","og_locale":"pt_PT","og_type":"article","og_title":"Portable EVA Foam Fender | Small Standard Duty Foam Filled Fenders Supplier & Manufacturer - Wingo Marine","og_description":"Wingo is protable foam fenders supplier & manufacturer since 1988 in China. Instead of PVC balls, now they are widly used for yachts. Colors and sizes can be customized. Fell free to contact us for your needs.","og_url":"https:\/\/wingomarine.com\/pt\/produto\/portable-foam-fender\/","og_site_name":"Wingo Marine","article_modified_time":"2026-03-24T02:38:53+00:00","og_image":[{"width":600,"height":600,"url":"http:\/\/wingomarine.com\/wp-content\/uploads\/2021\/07\/portable-EVA-foam-fender-spua-polyurea-foam-floating-fenders-supplier.png","type":"image\/png"}],"twitter_card":"summary_large_image","twitter_misc":{"Tempo estimado de leitura":"2 minutos"},"schema":{"@context":"https:\/\/schema.org","@graph":[{"@type":"WebPage","@id":"https:\/\/wingomarine.com\/product\/portable-foam-fender\/","url":"https:\/\/wingomarine.com\/product\/portable-foam-fender\/","name":"Portable EVA Foam Fender | Small Standard Duty Foam Filled Fenders Supplier & Manufacturer - Wingo Marine","isPartOf":{"@id":"https:\/\/wingomarine.com\/#website"},"primaryImageOfPage":{"@id":"https:\/\/wingomarine.com\/product\/portable-foam-fender\/#primaryimage"},"image":{"@id":"https:\/\/wingomarine.com\/product\/portable-foam-fender\/#primaryimage"},"thumbnailUrl":"https:\/\/wingomarine.com\/wp-content\/uploads\/2021\/07\/portable-EVA-foam-fender-spua-polyurea-foam-floating-fenders-supplier.png","datePublished":"2021-07-01T17:33:32+00:00","dateModified":"2026-03-24T02:38:53+00:00","description":"Wingo is protable foam fenders supplier & manufacturer since 1988 in China. Instead of PVC balls, now they are widly used for yachts. Colors and sizes can be customized. Fell free to contact us for your needs.","breadcrumb":{"@id":"https:\/\/wingomarine.com\/product\/portable-foam-fender\/#breadcrumb"},"inLanguage":"pt-PT","potentialAction":[{"@type":"ReadAction","target":["https:\/\/wingomarine.com\/product\/portable-foam-fender\/"]}]},{"@type":"ImageObject","inLanguage":"pt-PT","@id":"https:\/\/wingomarine.com\/product\/portable-foam-fender\/#primaryimage","url":"https:\/\/wingomarine.com\/wp-content\/uploads\/2021\/07\/portable-EVA-foam-fender-spua-polyurea-foam-floating-fenders-supplier.png","contentUrl":"https:\/\/wingomarine.com\/wp-content\/uploads\/2021\/07\/portable-EVA-foam-fender-spua-polyurea-foam-floating-fenders-supplier.png","width":600,"height":600,"caption":"Protable Foam Fender"},{"@type":"BreadcrumbList","@id":"https:\/\/wingomarine.com\/product\/portable-foam-fender\/#breadcrumb","itemListElement":[{"@type":"ListItem","position":1,"name":"Home","item":"https:\/\/wingomarine.com\/"},{"@type":"ListItem","position":2,"name":"Products","item":"https:\/\/wingomarine.com\/products\/"},{"@type":"ListItem","position":3,"name":"Portable Foam Fender"}]},{"@type":"WebSite","@id":"https:\/\/wingomarine.com\/#website","url":"https:\/\/wingomarine.com\/","name":"Wingo Marine","description":"Chinese top manufacturer for marine fenders, since 1988. | Wingo Marine","publisher":{"@id":"https:\/\/wingomarine.com\/#organization"},"potentialAction":[{"@type":"SearchAction","target":{"@type":"EntryPoint","urlTemplate":"https:\/\/wingomarine.com\/?s={search_term_string}"},"query-input":{"@type":"PropertyValueSpecification","valueRequired":true,"valueName":"search_term_string"}}],"inLanguage":"pt-PT"},{"@type":"Organization","@id":"https:\/\/wingomarine.com\/#organization","name":"Qingdao Wingo Marine Co., Ltd","url":"https:\/\/wingomarine.com\/","logo":{"@type":"ImageObject","inLanguage":"pt-PT","@id":"https:\/\/wingomarine.com\/#\/schema\/logo\/image\/","url":"http:\/\/wingomarine.com\/wp-content\/uploads\/2021\/10\/WINGO-MARINE-floating-yokohama-pneumatic-rubber-fenders-manufacturer.png","contentUrl":"http:\/\/wingomarine.com\/wp-content\/uploads\/2021\/10\/WINGO-MARINE-floating-yokohama-pneumatic-rubber-fenders-manufacturer.png","width":336,"height":118,"caption":"Qingdao Wingo Marine Co., Ltd"},"image":{"@id":"https:\/\/wingomarine.com\/#\/schema\/logo\/image\/"}}]}},"_links":{"self":[{"href":"https:\/\/wingomarine.com\/pt\/wp-json\/wp\/v2\/product\/67"}],"collection":[{"href":"https:\/\/wingomarine.com\/pt\/wp-json\/wp\/v2\/product"}],"about":[{"href":"https:\/\/wingomarine.com\/pt\/wp-json\/wp\/v2\/types\/product"}],"replies":[{"embeddable":true,"href":"https:\/\/wingomarine.com\/pt\/wp-json\/wp\/v2\/comments?post=67"}],"wp:featuredmedia":[{"embeddable":true,"href":"https:\/\/wingomarine.com\/pt\/wp-json\/wp\/v2\/media\/2339"}],"wp:attachment":[{"href":"https:\/\/wingomarine.com\/pt\/wp-json\/wp\/v2\/media?parent=67"}],"wp:term":[{"taxonomy":"product_cat","embeddable":true,"href":"https:\/\/wingomarine.com\/pt\/wp-json\/wp\/v2\/product_cat?post=67"},{"taxonomy":"product_tag","embeddable":true,"href":"https:\/\/wingomarine.com\/pt\/wp-json\/wp\/v2\/product_tag?post=67"}],"curies":[{"name":"wp","href":"https:\/\/api.w.org\/{rel}","templated":true}]}}